{"id":19086,"date":"2021-02-01T18:53:00","date_gmt":"2021-02-01T20:53:00","guid":{"rendered":"https:\/\/www.ufmg.br\/estacaoecologica-novo2\/?page_id=19086"},"modified":"2025-02-21T10:21:04","modified_gmt":"2025-02-21T13:21:04","slug":"equipe","status":"publish","type":"page","link":"https:\/\/www.ufmg.br\/estacaoecologica\/institucional\/estrutura\/equipe\/","title":{"rendered":"Equipe"},"content":{"rendered":"[vc_row][vc_column]<nav class=\"vcex-breadcrumbs\" style=\"font-size:14px;\"><span><span><a href=\"https:\/\/www.ufmg.br\/estacaoecologica\/\">In\u00edcio<\/a><\/span><\/span><\/nav>[\/vc_column][\/vc_row][vc_row][vc_column]<figure class=\"vcex-image vcex-module wpex-clr figcaption-legenda\"><div class=\"vcex-image-inner wpex-relative wpex-inline-block\"><a href=\"https:\/\/www.ufmg.br\/estacaoecologica\/wp-content\/uploads\/2020\/05\/administracao-estacao.jpg\" class=\"wpex-lightbox\"><img decoding=\"async\" width=\"1280\" height=\"548\" src=\"https:\/\/www.ufmg.br\/estacaoecologica\/wp-content\/uploads\/2020\/05\/administracao-estacao.jpg\" class=\"wpex-align-middle\" alt=\"Vista frontal da administra\u00e7\u00e3o da Esta\u00e7\u00e3o Ecol\u00f3gica da UFMG. (foto acervo)\" loading=\"lazy\" srcset=\"https:\/\/www.ufmg.br\/estacaoecologica\/wp-content\/uploads\/2020\/05\/administracao-estacao.jpg 1280w, https:\/\/www.ufmg.br\/estacaoecologica\/wp-content\/uploads\/2020\/05\/administracao-estacao-300x128.jpg 300w, https:\/\/www.ufmg.br\/estacaoecologica\/wp-content\/uploads\/2020\/05\/administracao-estacao-1024x438.jpg 1024w, https:\/\/www.ufmg.br\/estacaoecologica\/wp-content\/uploads\/2020\/05\/administracao-estacao-768x329.jpg 768w\" sizes=\"auto, (max-width: 1280px) 100vw, 1280px\" \/><\/a><\/div><figcaption class=\"wpex-mt-10\">Vista frontal da administra\u00e7\u00e3o da Esta\u00e7\u00e3o Ecol\u00f3gica da UFMG. (foto acervo)<\/figcaption><\/figure>[\/vc_column][\/vc_row][vc_row][vc_column]<h1 class=\"vcex-heading vcex-module wpex-text-2xl wpex-font-normal wpex-m-auto wpex-max-w-100 vcex-heading-plain wpex-block wpex-italic\" style=\"color:#254151;font-family:Merriweather;font-size:32px;letter-spacing:-1px;font-weight:800;line-height:48px;\"><span class=\"vcex-heading-inner wpex-inline-block wpex-clr\">Equipe Esta\u00e7\u00e3o Ecol\u00f3gica UFMG<\/span><\/h1>[vc_separator][\/vc_column][\/vc_row][vc_row][vc_column][vc_column_text]\n<h3>Diretoria EECO UFMG<\/h3>\n<p><strong>Diretora:<br \/>\n<\/strong>Maria Auxiliadora Drumond<\/p>\n<p>Tel.: (55) (31) <span class=\"fone\">3409-2297<\/span><br \/>\n<span lang=\"EN-US\">E-mail: <\/span><a href=\"mailto:eeco@reitoria.ufmg.br\">eeco@reitoria.ufmg.br<\/a><\/p>\n<p><strong>Vice-diretora:<br \/>\n<\/strong><\/p>\n<p>Lilian Panachuk de S\u00e1<\/p>\n<p>Tel.: (55) (31) <span class=\"fone\">3409-2297<br \/>\n<span lang=\"EN-US\">E-mail: <\/span><a href=\"mailto:eeco@reitoria.ufmg.br\">eeco@reitoria.ufmg.br<\/a><br \/>\n<\/span>[\/vc_column_text][\/vc_column][\/vc_row][vc_row][vc_column][vc_column_text]\n<h3>Se\u00e7\u00e3o de Apoio Administrativo<\/h3>\n<p><strong>Gerente Administrativo:<br \/>\n<\/strong>Vin\u00edcius Matos Batista<\/p>\n<p>Tel.: (31) <span class=\"fone\">3409-2297<br \/>\nE-mail: <a href=\"mailto:eeco@reitoria.ufmg.br\">eeco@reitoria.ufmg.br<\/a><\/span><\/p>\n<p><strong>Assistente Administrativo:<br \/>\n<\/strong><\/p>\n<p>Rosa Lima Ferreira<\/p>\n<p>Tel.: (31) <span class=\"fone\">3409-2297<br \/>\nE-mail: <a href=\"mailto:eeco@reitoria.ufmg.br\">eeco@reitoria.ufmg.br<\/a><\/span><\/p>\n<p><strong>Estagi\u00e1rio FUMP\/ Se\u00e7\u00e3o de Apoio Administrativo<\/strong><\/p>\n<p>Alexandra Aparecida de Oliveira &#8211; Geografia;<\/p>\n<p>Igor Gabriel Porto &#8211; Ci\u00eancias Socioambientais.[\/vc_column_text][\/vc_column][\/vc_row][vc_row][vc_column][vc_column_text]\n<h3>Programa de Extens\u00e3o Esta\u00e7\u00e3o Ecol\u00f3gica (PROECO)<\/h3>\n<p><strong>Coordenadora:<br \/>\n<\/strong>Andrea Siqueira de Carvalho<\/p>\n<p>E-mail: <a href=\"mailto:eeco.pampulha@gmail.com\">eeco.pampulha@gmail.com<\/a><br \/>\nTel.: (31) 3409-2296<\/p>\n<p><strong>Apoios T\u00e9cnicos:<\/strong><\/p>\n<p>Isla de Oliveira Br\u00e1ulio;<\/p>\n<div>\n<p>Luana Margarida Sabino Lobo;<\/p>\n<p>Matheus Lucas Arcanjo.<\/p>\n<p>E-mail: <a href=\"mailto:eeco.pampulha@gmail.com\">eeco.pampulha@gmail.com<\/a> \/ <a href=\"mailto:estacaoecologicatecnica@gmail.com\">estacaoecologicatecnica@gmail.com<\/a><br \/>\nTel.: (31) 3409-2295 \/ 2296<\/p>\n<p><strong>Bolsistas:<\/strong><\/p>\n<p>Alex Ara\u00fajo Filho &#8211; Geografia;<\/p>\n<p>Camila Velasquez Santos Porto &#8211; Terapia Ocupacional;<\/p>\n<p>Giovanna Costa Peluzo de Figueiredo &#8211; Ci\u00eancias Socioambientais;<\/p>\n<p>\u00cdcaro Miguel de Souza Kern Costa &#8211; Ci\u00eancias Biol\u00f3gicas;<\/p>\n<p>Laura Campos Martins de Oliveira &#8211; Conserva\u00e7\u00e3o e Restaura\u00e7\u00e3o de Bens Culturais M\u00f3veis;<\/p>\n<p>Vit\u00f3ria \u00c1quila Miguel Generoso &#8211; Ci\u00eancias Socioambientais.<\/p>\n<p><strong>Bolsistas Projeto Mariana:<\/strong><\/p>\n<p>Iaf Fantine Leal Cruz &#8211; Ci\u00eancias Socioambientais;<\/p>\n<p>Igor Oliveira Duarte &#8211; Geografia;<\/p>\n<p>Jo\u00e3o Victor da Silva Rodrigues &#8211; Geografia;<\/p>\n<p>Yasmin Maria dos Santos Braga Ferreira &#8211; Ci\u00eancias Socioambientais.<\/p>\n<p><strong>Volunt\u00e1rios:<\/strong><\/p>\n<p>Jo\u00e3o Piuzana Rosa &#8211; Antropologia;<\/p>\n<p>Pedro Henrique Mendon\u00e7a Santiago &#8211; Qu\u00edmica.<\/p>\n<p>&nbsp;<\/p>\n<\/div>\n[\/vc_column_text][\/vc_column][\/vc_row]\n","protected":false},"excerpt":{"rendered":"<p>[vc_row][vc_column][\/vc_column][\/vc_row][vc_row][vc_column][\/vc_column][\/vc_row][vc_row][vc_column][vc_separator][\/vc_column][\/vc_row][vc_row][vc_column][vc_column_text] Diretoria EECO UFMG Diretora: Maria Auxiliadora Drumond Tel.: (55) (31) 3409-2297 E-mail: eeco@reitoria.ufmg.br Vice-diretora: Lilian Panachuk de S\u00e1 Tel.: (55) (31) 3409-2297 E-mail: eeco@reitoria.ufmg.br [\/vc_column_text][\/vc_column][\/vc_row][vc_row][vc_column][vc_column_text] Se\u00e7\u00e3o de Apoio Administrativo&hellip;<\/p>\n","protected":false},"author":1,"featured_media":0,"parent":19083,"menu_order":1,"comment_status":"closed","ping_status":"closed","template":"","meta":{"_EventAllDay":false,"_EventTimezone":"","_EventStartDate":"","_EventEndDate":"","_EventStartDateUTC":"","_EventEndDateUTC":"","_EventShowMap":false,"_EventShowMapLink":false,"_EventURL":"","_EventCost":"","_EventCostDescription":"","_EventCurrencySymbol":"","_EventCurrencyCode":"","_EventCurrencyPosition":"","_EventDateTimeSeparator":"","_EventTimeRangeSeparator":"","_EventOrganizerID":[],"_EventVenueID":[],"_OrganizerEmail":"","_OrganizerPhone":"","_OrganizerWebsite":"","_VenueAddress":"","_VenueCity":"","_VenueCountry":"","_VenueProvince":"","_VenueState":"","_VenueZip":"","_VenuePhone":"","_VenueURL":"","_VenueStateProvince":"","_VenueLat":"","_VenueLng":"","_VenueShowMap":false,"_VenueShowMapLink":false,"footnotes":""},"class_list":["post-19086","page","type-page","status-publish","hentry","entry","no-media"],"yoast_head":"<!-- This site is optimized with the Yoast SEO plugin v27.6 - https:\/\/yoast.com\/product\/yoast-seo-wordpress\/ -->\n<title>Equipe - Esta\u00e7\u00e3o Ecol\u00f3gica da UFMG<\/title>\n<meta name=\"robots\" content=\"index, follow, max-snippet:-1, max-image-preview:large, max-video-preview:-1\" \/>\n<link rel=\"canonical\" href=\"https:\/\/www.ufmg.br\/estacaoecologica\/institucional\/estrutura\/equipe\/\" \/>\n<meta property=\"og:locale\" content=\"pt_BR\" \/>\n<meta property=\"og:type\" content=\"article\" \/>\n<meta property=\"og:title\" content=\"Equipe - Esta\u00e7\u00e3o Ecol\u00f3gica da UFMG\" \/>\n<meta property=\"og:description\" content=\"[vc_row][vc_column][\/vc_column][\/vc_row][vc_row][vc_column][\/vc_column][\/vc_row][vc_row][vc_column][vc_separator][\/vc_column][\/vc_row][vc_row][vc_column][vc_column_text] Diretoria EECO UFMG Diretora: Maria Auxiliadora Drumond Tel.: (55) (31) 3409-2297 E-mail: eeco@reitoria.ufmg.br Vice-diretora: Lilian Panachuk de S\u00e1 Tel.: (55) (31) 3409-2297 E-mail: eeco@reitoria.ufmg.br [\/vc_column_text][\/vc_column][\/vc_row][vc_row][vc_column][vc_column_text] Se\u00e7\u00e3o de Apoio Administrativo&hellip;\" \/>\n<meta property=\"og:url\" content=\"https:\/\/www.ufmg.br\/estacaoecologica\/institucional\/estrutura\/equipe\/\" \/>\n<meta property=\"og:site_name\" content=\"Esta\u00e7\u00e3o Ecol\u00f3gica da UFMG\" \/>\n<meta property=\"article:modified_time\" content=\"2025-02-21T13:21:04+00:00\" \/>\n<meta name=\"twitter:card\" content=\"summary_large_image\" \/>\n<meta name=\"twitter:label1\" content=\"Est. tempo de leitura\" \/>\n\t<meta name=\"twitter:data1\" content=\"2 minutos\" \/>\n<script type=\"application\/ld+json\" class=\"yoast-schema-graph\">{\"@context\":\"https:\\\/\\\/schema.org\",\"@graph\":[{\"@type\":\"WebPage\",\"@id\":\"https:\\\/\\\/www.ufmg.br\\\/estacaoecologica\\\/institucional\\\/estrutura\\\/equipe\\\/\",\"url\":\"https:\\\/\\\/www.ufmg.br\\\/estacaoecologica\\\/institucional\\\/estrutura\\\/equipe\\\/\",\"name\":\"Equipe - Esta\u00e7\u00e3o Ecol\u00f3gica da UFMG\",\"isPartOf\":{\"@id\":\"https:\\\/\\\/www.ufmg.br\\\/estacaoecologica\\\/#website\"},\"datePublished\":\"2021-02-01T20:53:00+00:00\",\"dateModified\":\"2025-02-21T13:21:04+00:00\",\"breadcrumb\":{\"@id\":\"https:\\\/\\\/www.ufmg.br\\\/estacaoecologica\\\/institucional\\\/estrutura\\\/equipe\\\/#breadcrumb\"},\"inLanguage\":\"pt-BR\",\"potentialAction\":[{\"@type\":\"ReadAction\",\"target\":[\"https:\\\/\\\/www.ufmg.br\\\/estacaoecologica\\\/institucional\\\/estrutura\\\/equipe\\\/\"]}]},{\"@type\":\"BreadcrumbList\",\"@id\":\"https:\\\/\\\/www.ufmg.br\\\/estacaoecologica\\\/institucional\\\/estrutura\\\/equipe\\\/#breadcrumb\",\"itemListElement\":[{\"@type\":\"ListItem\",\"position\":1,\"name\":\"In\u00edcio\",\"item\":\"https:\\\/\\\/www.ufmg.br\\\/estacaoecologica\\\/\"},{\"@type\":\"ListItem\",\"position\":2,\"name\":\"Institucional\",\"item\":\"https:\\\/\\\/www.ufmg.br\\\/estacaoecologica\\\/institucional\\\/\"},{\"@type\":\"ListItem\",\"position\":3,\"name\":\"Estrutura\",\"item\":\"https:\\\/\\\/www.ufmg.br\\\/estacaoecologica\\\/institucional\\\/estrutura\\\/\"},{\"@type\":\"ListItem\",\"position\":4,\"name\":\"Equipe\"}]},{\"@type\":\"WebSite\",\"@id\":\"https:\\\/\\\/www.ufmg.br\\\/estacaoecologica\\\/#website\",\"url\":\"https:\\\/\\\/www.ufmg.br\\\/estacaoecologica\\\/\",\"name\":\"Esta\u00e7\u00e3o Ecol\u00f3gica da UFMG\",\"description\":\"Natureza, hist\u00f3ria e preserva\u00e7\u00e3o\",\"publisher\":{\"@id\":\"https:\\\/\\\/www.ufmg.br\\\/estacaoecologica\\\/#organization\"},\"potentialAction\":[{\"@type\":\"SearchAction\",\"target\":{\"@type\":\"EntryPoint\",\"urlTemplate\":\"https:\\\/\\\/www.ufmg.br\\\/estacaoecologica\\\/?s={search_term_string}\"},\"query-input\":{\"@type\":\"PropertyValueSpecification\",\"valueRequired\":true,\"valueName\":\"search_term_string\"}}],\"inLanguage\":\"pt-BR\"},{\"@type\":\"Organization\",\"@id\":\"https:\\\/\\\/www.ufmg.br\\\/estacaoecologica\\\/#organization\",\"name\":\"Esta\u00e7\u00e3o Ecol\u00f3gica da UFMG\",\"url\":\"https:\\\/\\\/www.ufmg.br\\\/estacaoecologica\\\/\",\"logo\":{\"@type\":\"ImageObject\",\"inLanguage\":\"pt-BR\",\"@id\":\"https:\\\/\\\/www.ufmg.br\\\/estacaoecologica\\\/#\\\/schema\\\/logo\\\/image\\\/\",\"url\":\"https:\\\/\\\/www.ufmg.br\\\/estacaoecologica\\\/wp-content\\\/uploads\\\/2020\\\/04\\\/logo-proex-v2.png\",\"contentUrl\":\"https:\\\/\\\/www.ufmg.br\\\/estacaoecologica\\\/wp-content\\\/uploads\\\/2020\\\/04\\\/logo-proex-v2.png\",\"width\":500,\"height\":104,\"caption\":\"Esta\u00e7\u00e3o Ecol\u00f3gica da UFMG\"},\"image\":{\"@id\":\"https:\\\/\\\/www.ufmg.br\\\/estacaoecologica\\\/#\\\/schema\\\/logo\\\/image\\\/\"}}]}<\/script>\n<!-- \/ Yoast SEO plugin. -->","yoast_head_json":{"title":"Equipe - Esta\u00e7\u00e3o Ecol\u00f3gica da UFMG","robots":{"index":"index","follow":"follow","max-snippet":"max-snippet:-1","max-image-preview":"max-image-preview:large","max-video-preview":"max-video-preview:-1"},"canonical":"https:\/\/www.ufmg.br\/estacaoecologica\/institucional\/estrutura\/equipe\/","og_locale":"pt_BR","og_type":"article","og_title":"Equipe - Esta\u00e7\u00e3o Ecol\u00f3gica da UFMG","og_description":"[vc_row][vc_column][\/vc_column][\/vc_row][vc_row][vc_column][\/vc_column][\/vc_row][vc_row][vc_column][vc_separator][\/vc_column][\/vc_row][vc_row][vc_column][vc_column_text] Diretoria EECO UFMG Diretora: Maria Auxiliadora Drumond Tel.: (55) (31) 3409-2297 E-mail: eeco@reitoria.ufmg.br Vice-diretora: Lilian Panachuk de S\u00e1 Tel.: (55) (31) 3409-2297 E-mail: eeco@reitoria.ufmg.br [\/vc_column_text][\/vc_column][\/vc_row][vc_row][vc_column][vc_column_text] Se\u00e7\u00e3o de Apoio Administrativo&hellip;","og_url":"https:\/\/www.ufmg.br\/estacaoecologica\/institucional\/estrutura\/equipe\/","og_site_name":"Esta\u00e7\u00e3o Ecol\u00f3gica da UFMG","article_modified_time":"2025-02-21T13:21:04+00:00","twitter_card":"summary_large_image","twitter_misc":{"Est. tempo de leitura":"2 minutos"},"schema":{"@context":"https:\/\/schema.org","@graph":[{"@type":"WebPage","@id":"https:\/\/www.ufmg.br\/estacaoecologica\/institucional\/estrutura\/equipe\/","url":"https:\/\/www.ufmg.br\/estacaoecologica\/institucional\/estrutura\/equipe\/","name":"Equipe - Esta\u00e7\u00e3o Ecol\u00f3gica da UFMG","isPartOf":{"@id":"https:\/\/www.ufmg.br\/estacaoecologica\/#website"},"datePublished":"2021-02-01T20:53:00+00:00","dateModified":"2025-02-21T13:21:04+00:00","breadcrumb":{"@id":"https:\/\/www.ufmg.br\/estacaoecologica\/institucional\/estrutura\/equipe\/#breadcrumb"},"inLanguage":"pt-BR","potentialAction":[{"@type":"ReadAction","target":["https:\/\/www.ufmg.br\/estacaoecologica\/institucional\/estrutura\/equipe\/"]}]},{"@type":"BreadcrumbList","@id":"https:\/\/www.ufmg.br\/estacaoecologica\/institucional\/estrutura\/equipe\/#breadcrumb","itemListElement":[{"@type":"ListItem","position":1,"name":"In\u00edcio","item":"https:\/\/www.ufmg.br\/estacaoecologica\/"},{"@type":"ListItem","position":2,"name":"Institucional","item":"https:\/\/www.ufmg.br\/estacaoecologica\/institucional\/"},{"@type":"ListItem","position":3,"name":"Estrutura","item":"https:\/\/www.ufmg.br\/estacaoecologica\/institucional\/estrutura\/"},{"@type":"ListItem","position":4,"name":"Equipe"}]},{"@type":"WebSite","@id":"https:\/\/www.ufmg.br\/estacaoecologica\/#website","url":"https:\/\/www.ufmg.br\/estacaoecologica\/","name":"Esta\u00e7\u00e3o Ecol\u00f3gica da UFMG","description":"Natureza, hist\u00f3ria e preserva\u00e7\u00e3o","publisher":{"@id":"https:\/\/www.ufmg.br\/estacaoecologica\/#organization"},"potentialAction":[{"@type":"SearchAction","target":{"@type":"EntryPoint","urlTemplate":"https:\/\/www.ufmg.br\/estacaoecologica\/?s={search_term_string}"},"query-input":{"@type":"PropertyValueSpecification","valueRequired":true,"valueName":"search_term_string"}}],"inLanguage":"pt-BR"},{"@type":"Organization","@id":"https:\/\/www.ufmg.br\/estacaoecologica\/#organization","name":"Esta\u00e7\u00e3o Ecol\u00f3gica da UFMG","url":"https:\/\/www.ufmg.br\/estacaoecologica\/","logo":{"@type":"ImageObject","inLanguage":"pt-BR","@id":"https:\/\/www.ufmg.br\/estacaoecologica\/#\/schema\/logo\/image\/","url":"https:\/\/www.ufmg.br\/estacaoecologica\/wp-content\/uploads\/2020\/04\/logo-proex-v2.png","contentUrl":"https:\/\/www.ufmg.br\/estacaoecologica\/wp-content\/uploads\/2020\/04\/logo-proex-v2.png","width":500,"height":104,"caption":"Esta\u00e7\u00e3o Ecol\u00f3gica da UFMG"},"image":{"@id":"https:\/\/www.ufmg.br\/estacaoecologica\/#\/schema\/logo\/image\/"}}]}},"_links":{"self":[{"href":"https:\/\/www.ufmg.br\/estacaoecologica\/wp-json\/wp\/v2\/pages\/19086","targetHints":{"allow":["GET"]}}],"collection":[{"href":"https:\/\/www.ufmg.br\/estacaoecologica\/wp-json\/wp\/v2\/pages"}],"about":[{"href":"https:\/\/www.ufmg.br\/estacaoecologica\/wp-json\/wp\/v2\/types\/page"}],"author":[{"embeddable":true,"href":"https:\/\/www.ufmg.br\/estacaoecologica\/wp-json\/wp\/v2\/users\/1"}],"replies":[{"embeddable":true,"href":"https:\/\/www.ufmg.br\/estacaoecologica\/wp-json\/wp\/v2\/comments?post=19086"}],"version-history":[{"count":32,"href":"https:\/\/www.ufmg.br\/estacaoecologica\/wp-json\/wp\/v2\/pages\/19086\/revisions"}],"predecessor-version":[{"id":19097,"href":"https:\/\/www.ufmg.br\/estacaoecologica\/wp-json\/wp\/v2\/pages\/19086\/revisions\/19097"}],"up":[{"embeddable":true,"href":"https:\/\/www.ufmg.br\/estacaoecologica\/wp-json\/wp\/v2\/pages\/19083"}],"wp:attachment":[{"href":"https:\/\/www.ufmg.br\/estacaoecologica\/wp-json\/wp\/v2\/media?parent=19086"}],"curies":[{"name":"wp","href":"https:\/\/api.w.org\/{rel}","templated":true}]}}