{"id":19736,"date":"2022-08-31T06:24:34","date_gmt":"2022-08-31T09:24:34","guid":{"rendered":"https:\/\/www.ufmg.br\/estacaoecologica\/?page_id=19736"},"modified":"2022-11-01T11:26:13","modified_gmt":"2022-11-01T14:26:13","slug":"1o-encontro-nacional-de-brigadistas-florestais-voluntariosas","status":"publish","type":"page","link":"https:\/\/www.ufmg.br\/estacaoecologica\/1o-encontro-nacional-de-brigadistas-florestais-voluntariosas\/","title":{"rendered":"1\u00ba Encontro Nacional de Brigadistas Florestais Volunt\u00e1rios(as)"},"content":{"rendered":"[vc_row][vc_column]<nav class=\"vcex-breadcrumbs\"><span><span><a href=\"https:\/\/www.ufmg.br\/estacaoecologica\/\">In\u00edcio<\/a><\/span><\/span><\/nav>[\/vc_column][\/vc_row][vc_row][vc_column]<div class=\"vcex-heading vcex-module wpex-text-2xl wpex-font-normal wpex-m-auto wpex-max-w-100 vcex-heading-plain wpex-block wpex-text-center\"><span class=\"vcex-heading-inner wpex-inline-block wpex-clr\">1\u00ba ENCONTRO NACIONAL DE BRIGADISTAS FLORESTAIS VOLUNT\u00c1RIOS(AS)<\/span><\/div>[\/vc_column][\/vc_row][vc_row][vc_column]<h1 class=\"vcex-heading vcex-module wpex-text-2xl wpex-font-normal wpex-m-auto wpex-max-w-100 vcex-heading-plain wpex-block wpex-italic\" style=\"color:#254151;font-family:Merriweather;font-size:32px;letter-spacing:-1px;font-weight:800;line-height:48px;\"><span class=\"vcex-heading-inner wpex-inline-block wpex-clr\">Apresenta\u00e7\u00e3o<\/span><\/h1>[vc_separator][\/vc_column][\/vc_row][vc_row][vc_column][vc_column_text]A Pr\u00f3-reitoria de Extens\u00e3o da UFMG, por meio da Esta\u00e7\u00e3o Ecol\u00f3gica da UFMG, realizar\u00e1 o <strong><em>\u201c1\u00ba. Encontro Nacional de Brigadistas Florestais Volunt\u00e1rios(as)\u201d<\/em><\/strong> que discutir\u00e1 a import\u00e2ncia dos trabalhos desenvolvidos pelos brigadistas volunt\u00e1rios e os desafios por eles enfrentados na preven\u00e7\u00e3o e combate aos inc\u00eandios florestais no Brasil, com o objetivo de fortalecer a atua\u00e7\u00e3o e o apoio \u00e0 categoria.<\/p>\n<p>O evento ocorrer\u00e1 em parceria com a Rede Nacional de Brigadas Volunt\u00e1rias (RNBV) com os apoios do Instituto Chico Mendes de Conserva\u00e7\u00e3o da Biodiversidade (ICMBio), Instituto Estadual de Florestas de Minas Gerais (IEF\/MG), Brigada 1 e Funda\u00e7\u00e3o de Parques Municipais e Zoobot\u00e2nica de Belo Horizonte (Prefeitura de Belo Horizonte).<\/p>\n<p>A a\u00e7\u00e3o faz parte das comemora\u00e7\u00f5es dos 30 anos da Esta\u00e7\u00e3o Ecol\u00f3gica da UFMG (EEco-UFMG) que \u00e9 um espa\u00e7o localizado no Campus Pampulha da universidade que engloba 114 hectares de \u00e1rea de conserva\u00e7\u00e3o natural, hist\u00f3ria e educa\u00e7\u00e3o socioambiental na cidade de Belo Horizonte. Na EEco-UFMG realizam-se atividades de pesquisa, extens\u00e3o e ensino com ampla atua\u00e7\u00e3o em atividades de educa\u00e7\u00e3o socioambiental cr\u00edtica. No ano de 2022 comemoram-se tamb\u00e9m os 95 anos da UFMG.<\/p>\n<p>O evento ocorrer\u00e1 de forma presencial na UFMG, nos dias 03, 04 e 05 de novembro de 2022, com transmiss\u00e3o ao vivo pelo canal da Pr\u00f3-Reitoria de Extens\u00e3o no Youtube (<a href=\"https:\/\/www.youtube.com\/c\/Extens%C3%A3oUFMGcanal\">https:\/\/www.youtube.com\/c\/Extens%C3%A3oUFMGcanal<\/a>).<\/p>\n<p>O Encontro ser\u00e1 estruturado em mesas tem\u00e1ticas com a participa\u00e7\u00e3o de especialistas no assunto, que discutir\u00e3o temas espec\u00edficos. O trabalho ser\u00e1 conduzido por um(a) moderador(a) . Para cada mesa haver\u00e1 a presen\u00e7a de um(a) relator(a) para registrar os principais pontos discutidos e encaminhamentos propostos para composi\u00e7\u00e3o do documento final a ser apresentado ao final do evento com objetivo de encaminh\u00e1-lo aos \u00f3rg\u00e3os legislativos.[\/vc_column_text]<div class=\"vcex-spacing wpex-w-100 wpex-clear\" style=\"height:50px;\"><\/div><h1 class=\"vcex-heading vcex-module wpex-text-2xl wpex-font-normal wpex-m-auto wpex-max-w-100 vcex-heading-plain wpex-block wpex-italic\" style=\"color:#254151;font-family:Merriweather;font-size:24px;letter-spacing:-1px;font-weight:600;line-height:34px;\"><span class=\"vcex-heading-inner wpex-inline-block wpex-clr\">Programa\u00e7\u00e3o<\/span><\/h1>[vc_separator]<div class=\"vcex-spacing wpex-w-100 wpex-clear\" style=\"height:30px;\"><\/div>[vc_column_text]<em><strong>PROGRAMA\u00c7\u00c3O EXTRA<\/strong> (Cultura\/lazer\/entretenimento)<\/em>[\/vc_column_text]<div class=\"vcex-spacing wpex-w-100 wpex-clear\" style=\"height:15px;\"><\/div><div class=\"vcex-multi-buttons wpex-flex wpex-flex-wrap wpex-items-center wpex-gap-10 wpex-justify-center\" style=\"border-radius:45px;\"><a href=\"https:\/\/www.ufmg.br\/estacaoecologica\/wp-content\/uploads\/2022\/10\/ENBV-programacao-extra-final.pdf\" class=\"theme-button flat vcex-count-1\" target=\"_blank\" rel=\"noopener noreferrer\" style=\"padding-top:8 px;padding-right:24 px;padding-bottom:8 px;padding-left:24 px; background:#fcca3d;\" data-wpex-hover=\"{&quot;background&quot;:&quot;#013f51&quot;}\">Programa\u00e7\u00e3o Extra<\/a><\/div>[vc_column_text]\n<hr \/>\n<p><em><strong>PROGRAMA\u00c7\u00c3O PRINCIPAL<\/strong> (Debates\/apresenta\u00e7\u00e3o de trabalhos\/conhecimento)<\/em><\/p>\n<hr \/>\n<p><strong>Dia 03\/11\/2022 Quinta-feira (Manh\u00e3)<\/strong><\/p>\n<p>09:00h a 11:00h &#8211; Credenciamento<\/p>\n<hr \/>\n<p><strong>Dia 03\/11\/2022 Quinta-feira (Tarde)<\/strong><\/p>\n<p><em>13:30h<\/em> &#8211; Abertura<\/p>\n<ul>\n<li>Alessandro Fernandes Moreira &#8211; Vice-Reitor da UFMG<\/li>\n<li>Claudia Mayorga &#8211; Pr\u00f3-Reitora de Extens\u00e3o da UFMG<\/li>\n<li>Maria Auxiliadora Drumond &#8211; Diretora da Esta\u00e7\u00e3o Ecol\u00f3gica da UFMG<\/li>\n<li>Rafael Gava &#8211; Diretor Presidente da RNBV<\/li>\n<\/ul>\n<p><em><br \/>\n14:00h &#8211; MESA 1:<\/em> A inser\u00e7\u00e3o do brigadista volunt\u00e1rio nas estruturas governamentais de preven\u00e7\u00e3o e combate a inc\u00eandios florestais.<\/p>\n<p>Composi\u00e7\u00e3o:<\/p>\n<ul>\n<li>Frederico Drumond Martins \u2013 Analista Ambiental do Instituto Chico Mendes de Conserva\u00e7\u00e3o da Biodiversidade (ICMBio).<\/li>\n<li>Fl\u00e1via Saltini Leite \u2013 Coordenadora-geral do PREVFOGO do Instituto Brasileiro de Meio Ambiente e Recursos Naturais (IBAMA).<\/li>\n<li>Rodrigo Bueno Belo \u2013 Gerente do PREVINC\u00caNDIO do Instituto Estadual de Florestas de Minas Gerais (IEF\/MG).<\/li>\n<li>Leonan Soares Pereira \u2013 Corpo de Bombeiro Militar de Minas Gerais (CBMMG).<\/li>\n<\/ul>\n<p>Moderadores: Maria Auxiliadora Drumond (EEco-UFMG) e Vin\u00edcius Matos Batista (EEco-UFMG)<\/p>\n<hr \/>\n<p><strong>Dia 04\/11\/2022 Sexta-feira (Manh\u00e3 e tarde)<\/strong><\/p>\n<p><em>09:00h &#8211; MESA 2:<\/em> Apresenta\u00e7\u00e3o dos trabalhos desenvolvidos e principais desafios enfrentados pelas Brigadas Volunt\u00e1rias<\/p>\n<p>Composi\u00e7\u00e3o:<\/p>\n<ul>\n<li>Manno Fran\u00e7a &#8211; Brigada Matutu (Minas Gerais)<\/li>\n<li>Amilton S\u00e1 &#8211; Rede Contra o Fogo da Chapada dos Veadeiros (Goi\u00e1s)<\/li>\n<li>St\u00e9phanie Ossart e Claudiney Luiz da Silva &#8211; Brigada Cip\u00f3 (Minas Gerais)<\/li>\n<li>Jo\u00e3o Victor Romano e Gabriel Chaskelmann &#8211; Brigada de Inc\u00eandio Florestal de Alter do Ch\u00e3o (Par\u00e1)<\/li>\n<\/ul>\n<p>Moderador 1: Rafael Gava &#8211; Rede Nacional de Brigadas Volunt\u00e1rias (RNBV)<br \/>\nModerador 2: Daniel Almeida Rocha &#8211; Funda\u00e7\u00e3o de Parques Municipais e Zoobot\u00e2nica de Belo Horizonte (FPMZB-BH)<\/p>\n<p><em><br \/>\n12:00<\/em> &#8211; Almo\u00e7o<\/p>\n<p><em><br \/>\n14:00h &#8211; MESA 2 (continua\u00e7\u00e3o):<\/em> Apresenta\u00e7\u00e3o dos trabalhos desenvolvidos e principais desafios enfrentados pelas Brigadas Volunt\u00e1rias.<\/p>\n<p>Composi\u00e7\u00e3o:<\/p>\n<ul>\n<li>Leonardo Debossan de Oliveira &#8211; Brigada 1 (Minas Gerais)<\/li>\n<li>Pedro Paulo Xerente &#8211; Brigada Ind\u00edgena Xerente (Tocantins)<\/li>\n<li>Ma\u00edz d&#8217;assump\u00e7\u00e3o &#8211; Rede de Mulheres da RNBV<\/li>\n<li>Homero Vieira dos Santos &#8211; Brigada CIFA (Combatentes de Inc\u00eandios Florestais de Andara\u00ed \/ Chapada Diamantina &#8211; BA)<\/li>\n<\/ul>\n<p>Moderador 1: Daniel Almeida Rocha &#8211; Funda\u00e7\u00e3o de Parques Municipais e Zoobot\u00e2nica de Belo Horizonte (FPMZB-BH)<br \/>\nModerador 2: Rafael Gava &#8211; Rede Nacional de Brigadas Volunt\u00e1rias (RNBV)<\/p>\n<p><em><br \/>\n<\/em><em>19:00h \u2013 Atra\u00e7\u00e3o cultural: <\/em>Show com Chico Lobo, violeiro, compositor e cantador.<\/p>\n<hr \/>\n<p><strong>Dia 05\/11\/2022 &#8211; S\u00e1bado (Manh\u00e3)<\/strong><\/p>\n<p><em>09:00h &#8211; MESA 3:<\/em> Manejo integrado do fogo<\/p>\n<ul>\n<li>Jo\u00e3o Paulo Morita &#8211; ICMBio<\/li>\n<\/ul>\n<p>Moderadora: Claudia Mayorga (UFMG)<\/p>\n<p><em><br \/>\n10:00h &#8211; MESA 4:<\/em> Movimentos em apoio \u00e0s Brigadas Volunt\u00e1rias<\/p>\n<ul>\n<li>Andr\u00e9 Vilela D&#8217;Elia &#8211; Projeto Cinzas da Floresta<\/li>\n<li>Exibi\u00e7\u00e3o do document\u00e1rio \u201cCinzas da Floresta\u201d.<\/li>\n<\/ul>\n<p>Moderadora: Claudia Mayorga (UFMG)[\/vc_column_text]<div class=\"vcex-spacing wpex-w-100 wpex-clear\" style=\"height:50px;\"><\/div><h1 class=\"vcex-heading vcex-module wpex-text-2xl wpex-font-normal wpex-m-auto wpex-max-w-100 vcex-heading-plain wpex-block wpex-italic\" style=\"color:#254151;font-family:Merriweather;font-size:24px;letter-spacing:-1px;font-weight:600;line-height:34px;\"><span class=\"vcex-heading-inner wpex-inline-block wpex-clr\">Encerramento<\/span><\/h1>[vc_separator]<div class=\"vcex-spacing wpex-w-100 wpex-clear\" style=\"height:30px;\"><\/div>[vc_column_text]11:30h &#8211; Encerramento<\/p>\n<p>12:00h &#8211; Atividade cultural e de confraterniza\u00e7\u00e3o na Esta\u00e7\u00e3o Ecol\u00f3gica da UFMG.[\/vc_column_text]<div class=\"vcex-spacing wpex-w-100 wpex-clear\" style=\"height:50px;\"><\/div><h1 class=\"vcex-heading vcex-module wpex-text-2xl wpex-font-normal wpex-m-auto wpex-max-w-100 vcex-heading-plain wpex-block wpex-italic\" style=\"color:#254151;font-family:Merriweather;font-size:24px;letter-spacing:-1px;font-weight:600;line-height:34px;\"><span class=\"vcex-heading-inner wpex-inline-block wpex-clr\">Inscri\u00e7\u00f5es<\/span><\/h1>[vc_separator]<div class=\"vcex-spacing wpex-w-100 wpex-clear\" style=\"height:30px;\"><\/div>[vc_column_text]As inscri\u00e7\u00f5es dever\u00e3o ser realizadas por meio o preenchimento de um formul\u00e1rio dispon\u00edvel no site da Esta\u00e7\u00e3o Ecol\u00f3gica da UFMG, pelo link:<\/p>\n<p><a href=\"https:\/\/questionarios.ufmg.br\/index.php\/531957?lang=pt-BR\">https:\/\/questionarios.ufmg.br\/index.php\/531957?lang=pt-BR<\/a>[\/vc_column_text]<div class=\"vcex-spacing wpex-w-100 wpex-clear\" style=\"height:50px;\"><\/div><h1 class=\"vcex-heading vcex-module wpex-text-2xl wpex-font-normal wpex-m-auto wpex-max-w-100 vcex-heading-plain wpex-block wpex-italic\" style=\"color:#254151;font-family:Merriweather;font-size:24px;letter-spacing:-1px;font-weight:600;line-height:34px;\"><span class=\"vcex-heading-inner wpex-inline-block wpex-clr\">P\u00fablico<\/span><\/h1>[vc_separator]<div class=\"vcex-spacing wpex-w-100 wpex-clear\" style=\"height:30px;\"><\/div>[vc_column_text]Aberto a todos os interessados no tema: brigadistas, professores, estudantes, t\u00e9cnicos, funcion\u00e1rios de institui\u00e7\u00f5es p\u00fablicas ou privadas e sociedade em geral.[\/vc_column_text]<div class=\"vcex-spacing wpex-w-100 wpex-clear\" style=\"height:50px;\"><\/div><h1 class=\"vcex-heading vcex-module wpex-text-2xl wpex-font-normal wpex-m-auto wpex-max-w-100 vcex-heading-plain wpex-block wpex-italic\" style=\"color:#254151;font-family:Merriweather;font-size:24px;letter-spacing:-1px;font-weight:600;line-height:34px;\"><span class=\"vcex-heading-inner wpex-inline-block wpex-clr\">Outras informa\u00e7\u00f5es<\/span><\/h1>[vc_separator]<div class=\"vcex-spacing wpex-w-100 wpex-clear\" style=\"height:30px;\"><\/div>[vc_column_text]O evento ser\u00e1 gratuito com emiss\u00e3o de certificado.<\/p>\n<p>ALIMENTA\u00c7\u00c3O: Informa\u00e7\u00f5es sobre locais de alimenta\u00e7\u00e3o na UFMG poder\u00e3o ser acessadas por meio do link a seguir:<\/p>\n<p><a href=\"https:\/\/www.ufmg.br\/estacaoecologica\/wp-content\/uploads\/2022\/09\/Restaurantes-da-UFMG.pdf\" target=\"_blank\" rel=\"noopener\">https:\/\/www.ufmg.br\/estacaoecologica\/wp-content\/uploads\/2022\/09\/Restaurantes-da-UFMG.pdf<\/a><\/p>\n<p>HOSPEDAGEM: Informa\u00e7\u00f5es sobres locais de hospedagem pr\u00f3ximos \u00e0 UFMG poder\u00e3o ser acessadas por meio do link a seguir:<\/p>\n<p><a href=\"https:\/\/www.ufmg.br\/estacaoecologica\/wp-content\/uploads\/2022\/09\/Locais-de-hospedagem-proximo-a-UFMG-Regiao-da-Pampulha-1.pdf\" target=\"_blank\" rel=\"noopener\">https:\/\/www.ufmg.br\/estacaoecologica\/wp-content\/uploads\/2022\/09\/Locais-de-hospedagem-proximo-a-UFMG-Regiao-da-Pampulha-1.pdf<\/a>[\/vc_column_text]<div class=\"vcex-spacing wpex-w-100 wpex-clear\" style=\"height:50px;\"><\/div><figure class=\"vcex-image vcex-module wpex-clr\"><div class=\"vcex-image-inner wpex-relative wpex-inline-block\"><img decoding=\"async\" width=\"600\" height=\"850\" src=\"https:\/\/www.ufmg.br\/estacaoecologica\/wp-content\/uploads\/2022\/11\/cartaz-enbfv-qrc-v2.png\" class=\"wpex-align-middle\" alt=\"\" loading=\"lazy\" srcset=\"https:\/\/www.ufmg.br\/estacaoecologica\/wp-content\/uploads\/2022\/11\/cartaz-enbfv-qrc-v2.png 600w, https:\/\/www.ufmg.br\/estacaoecologica\/wp-content\/uploads\/2022\/11\/cartaz-enbfv-qrc-v2-212x300.png 212w\" sizes=\"auto, (max-width: 600px) 100vw, 600px\" \/><\/div><\/figure>[\/vc_column][\/vc_row]\n","protected":false},"excerpt":{"rendered":"<p>[vc_row][vc_column][\/vc_column][\/vc_row][vc_row][vc_column][\/vc_column][\/vc_row][vc_row][vc_column][vc_separator][\/vc_column][\/vc_row][vc_row][vc_column][vc_column_text]A Pr\u00f3-reitoria de Extens\u00e3o da UFMG, por meio da Esta\u00e7\u00e3o Ecol\u00f3gica da UFMG, realizar\u00e1 o \u201c1\u00ba. Encontro Nacional de Brigadistas Florestais Volunt\u00e1rios(as)\u201d que discutir\u00e1 a import\u00e2ncia dos trabalhos desenvolvidos pelos&hellip;<\/p>\n","protected":false},"author":1,"featured_media":0,"parent":0,"menu_order":0,"comment_status":"closed","ping_status":"closed","template":"","meta":{"_EventAllDay":false,"_EventTimezone":"","_EventStartDate":"","_EventEndDate":"","_EventStartDateUTC":"","_EventEndDateUTC":"","_EventShowMap":false,"_EventShowMapLink":false,"_EventURL":"","_EventCost":"","_EventCostDescription":"","_EventCurrencySymbol":"","_EventCurrencyCode":"","_EventCurrencyPosition":"","_EventDateTimeSeparator":"","_EventTimeRangeSeparator":"","_EventOrganizerID":[],"_EventVenueID":[],"_OrganizerEmail":"","_OrganizerPhone":"","_OrganizerWebsite":"","_VenueAddress":"","_VenueCity":"","_VenueCountry":"","_VenueProvince":"","_VenueState":"","_VenueZip":"","_VenuePhone":"","_VenueURL":"","_VenueStateProvince":"","_VenueLat":"","_VenueLng":"","_VenueShowMap":false,"_VenueShowMapLink":false,"footnotes":""},"class_list":["post-19736","page","type-page","status-publish","hentry","entry","no-media"],"yoast_head":"<!-- This site is optimized with the Yoast SEO plugin v27.5 - https:\/\/yoast.com\/product\/yoast-seo-wordpress\/ -->\n<title>1\u00ba Encontro Nacional de Brigadistas Florestais Volunt\u00e1rios(as) - Esta\u00e7\u00e3o Ecol\u00f3gica da UFMG<\/title>\n<meta name=\"robots\" content=\"index, follow, max-snippet:-1, max-image-preview:large, max-video-preview:-1\" \/>\n<link rel=\"canonical\" href=\"https:\/\/www.ufmg.br\/estacaoecologica\/1o-encontro-nacional-de-brigadistas-florestais-voluntariosas\/\" \/>\n<meta property=\"og:locale\" content=\"pt_BR\" \/>\n<meta property=\"og:type\" content=\"article\" \/>\n<meta property=\"og:title\" content=\"1\u00ba Encontro Nacional de Brigadistas Florestais Volunt\u00e1rios(as) - Esta\u00e7\u00e3o Ecol\u00f3gica da UFMG\" \/>\n<meta property=\"og:description\" content=\"[vc_row][vc_column][\/vc_column][\/vc_row][vc_row][vc_column][\/vc_column][\/vc_row][vc_row][vc_column][vc_separator][\/vc_column][\/vc_row][vc_row][vc_column][vc_column_text]A Pr\u00f3-reitoria de Extens\u00e3o da UFMG, por meio da Esta\u00e7\u00e3o Ecol\u00f3gica da UFMG, realizar\u00e1 o \u201c1\u00ba. Encontro Nacional de Brigadistas Florestais Volunt\u00e1rios(as)\u201d que discutir\u00e1 a import\u00e2ncia dos trabalhos desenvolvidos pelos&hellip;\" \/>\n<meta property=\"og:url\" content=\"https:\/\/www.ufmg.br\/estacaoecologica\/1o-encontro-nacional-de-brigadistas-florestais-voluntariosas\/\" \/>\n<meta property=\"og:site_name\" content=\"Esta\u00e7\u00e3o Ecol\u00f3gica da UFMG\" \/>\n<meta property=\"article:modified_time\" content=\"2022-11-01T14:26:13+00:00\" \/>\n<meta name=\"twitter:card\" content=\"summary_large_image\" \/>\n<meta name=\"twitter:label1\" content=\"Est. tempo de leitura\" \/>\n\t<meta name=\"twitter:data1\" content=\"5 minutos\" \/>\n<script type=\"application\/ld+json\" class=\"yoast-schema-graph\">{\"@context\":\"https:\\\/\\\/schema.org\",\"@graph\":[{\"@type\":\"WebPage\",\"@id\":\"https:\\\/\\\/www.ufmg.br\\\/estacaoecologica\\\/1o-encontro-nacional-de-brigadistas-florestais-voluntariosas\\\/\",\"url\":\"https:\\\/\\\/www.ufmg.br\\\/estacaoecologica\\\/1o-encontro-nacional-de-brigadistas-florestais-voluntariosas\\\/\",\"name\":\"1\u00ba Encontro Nacional de Brigadistas Florestais Volunt\u00e1rios(as) - Esta\u00e7\u00e3o Ecol\u00f3gica da UFMG\",\"isPartOf\":{\"@id\":\"https:\\\/\\\/www.ufmg.br\\\/estacaoecologica\\\/#website\"},\"datePublished\":\"2022-08-31T09:24:34+00:00\",\"dateModified\":\"2022-11-01T14:26:13+00:00\",\"breadcrumb\":{\"@id\":\"https:\\\/\\\/www.ufmg.br\\\/estacaoecologica\\\/1o-encontro-nacional-de-brigadistas-florestais-voluntariosas\\\/#breadcrumb\"},\"inLanguage\":\"pt-BR\",\"potentialAction\":[{\"@type\":\"ReadAction\",\"target\":[\"https:\\\/\\\/www.ufmg.br\\\/estacaoecologica\\\/1o-encontro-nacional-de-brigadistas-florestais-voluntariosas\\\/\"]}]},{\"@type\":\"BreadcrumbList\",\"@id\":\"https:\\\/\\\/www.ufmg.br\\\/estacaoecologica\\\/1o-encontro-nacional-de-brigadistas-florestais-voluntariosas\\\/#breadcrumb\",\"itemListElement\":[{\"@type\":\"ListItem\",\"position\":1,\"name\":\"In\u00edcio\",\"item\":\"https:\\\/\\\/www.ufmg.br\\\/estacaoecologica\\\/\"},{\"@type\":\"ListItem\",\"position\":2,\"name\":\"1\u00ba Encontro Nacional de Brigadistas Florestais Volunt\u00e1rios(as)\"}]},{\"@type\":\"WebSite\",\"@id\":\"https:\\\/\\\/www.ufmg.br\\\/estacaoecologica\\\/#website\",\"url\":\"https:\\\/\\\/www.ufmg.br\\\/estacaoecologica\\\/\",\"name\":\"Esta\u00e7\u00e3o Ecol\u00f3gica da UFMG\",\"description\":\"Natureza, hist\u00f3ria e preserva\u00e7\u00e3o\",\"publisher\":{\"@id\":\"https:\\\/\\\/www.ufmg.br\\\/estacaoecologica\\\/#organization\"},\"potentialAction\":[{\"@type\":\"SearchAction\",\"target\":{\"@type\":\"EntryPoint\",\"urlTemplate\":\"https:\\\/\\\/www.ufmg.br\\\/estacaoecologica\\\/?s={search_term_string}\"},\"query-input\":{\"@type\":\"PropertyValueSpecification\",\"valueRequired\":true,\"valueName\":\"search_term_string\"}}],\"inLanguage\":\"pt-BR\"},{\"@type\":\"Organization\",\"@id\":\"https:\\\/\\\/www.ufmg.br\\\/estacaoecologica\\\/#organization\",\"name\":\"Esta\u00e7\u00e3o Ecol\u00f3gica da UFMG\",\"url\":\"https:\\\/\\\/www.ufmg.br\\\/estacaoecologica\\\/\",\"logo\":{\"@type\":\"ImageObject\",\"inLanguage\":\"pt-BR\",\"@id\":\"https:\\\/\\\/www.ufmg.br\\\/estacaoecologica\\\/#\\\/schema\\\/logo\\\/image\\\/\",\"url\":\"https:\\\/\\\/www.ufmg.br\\\/estacaoecologica\\\/wp-content\\\/uploads\\\/2020\\\/04\\\/logo-proex-v2.png\",\"contentUrl\":\"https:\\\/\\\/www.ufmg.br\\\/estacaoecologica\\\/wp-content\\\/uploads\\\/2020\\\/04\\\/logo-proex-v2.png\",\"width\":500,\"height\":104,\"caption\":\"Esta\u00e7\u00e3o Ecol\u00f3gica da UFMG\"},\"image\":{\"@id\":\"https:\\\/\\\/www.ufmg.br\\\/estacaoecologica\\\/#\\\/schema\\\/logo\\\/image\\\/\"}}]}<\/script>\n<!-- \/ Yoast SEO plugin. -->","yoast_head_json":{"title":"1\u00ba Encontro Nacional de Brigadistas Florestais Volunt\u00e1rios(as) - Esta\u00e7\u00e3o Ecol\u00f3gica da UFMG","robots":{"index":"index","follow":"follow","max-snippet":"max-snippet:-1","max-image-preview":"max-image-preview:large","max-video-preview":"max-video-preview:-1"},"canonical":"https:\/\/www.ufmg.br\/estacaoecologica\/1o-encontro-nacional-de-brigadistas-florestais-voluntariosas\/","og_locale":"pt_BR","og_type":"article","og_title":"1\u00ba Encontro Nacional de Brigadistas Florestais Volunt\u00e1rios(as) - Esta\u00e7\u00e3o Ecol\u00f3gica da UFMG","og_description":"[vc_row][vc_column][\/vc_column][\/vc_row][vc_row][vc_column][\/vc_column][\/vc_row][vc_row][vc_column][vc_separator][\/vc_column][\/vc_row][vc_row][vc_column][vc_column_text]A Pr\u00f3-reitoria de Extens\u00e3o da UFMG, por meio da Esta\u00e7\u00e3o Ecol\u00f3gica da UFMG, realizar\u00e1 o \u201c1\u00ba. Encontro Nacional de Brigadistas Florestais Volunt\u00e1rios(as)\u201d que discutir\u00e1 a import\u00e2ncia dos trabalhos desenvolvidos pelos&hellip;","og_url":"https:\/\/www.ufmg.br\/estacaoecologica\/1o-encontro-nacional-de-brigadistas-florestais-voluntariosas\/","og_site_name":"Esta\u00e7\u00e3o Ecol\u00f3gica da UFMG","article_modified_time":"2022-11-01T14:26:13+00:00","twitter_card":"summary_large_image","twitter_misc":{"Est. tempo de leitura":"5 minutos"},"schema":{"@context":"https:\/\/schema.org","@graph":[{"@type":"WebPage","@id":"https:\/\/www.ufmg.br\/estacaoecologica\/1o-encontro-nacional-de-brigadistas-florestais-voluntariosas\/","url":"https:\/\/www.ufmg.br\/estacaoecologica\/1o-encontro-nacional-de-brigadistas-florestais-voluntariosas\/","name":"1\u00ba Encontro Nacional de Brigadistas Florestais Volunt\u00e1rios(as) - Esta\u00e7\u00e3o Ecol\u00f3gica da UFMG","isPartOf":{"@id":"https:\/\/www.ufmg.br\/estacaoecologica\/#website"},"datePublished":"2022-08-31T09:24:34+00:00","dateModified":"2022-11-01T14:26:13+00:00","breadcrumb":{"@id":"https:\/\/www.ufmg.br\/estacaoecologica\/1o-encontro-nacional-de-brigadistas-florestais-voluntariosas\/#breadcrumb"},"inLanguage":"pt-BR","potentialAction":[{"@type":"ReadAction","target":["https:\/\/www.ufmg.br\/estacaoecologica\/1o-encontro-nacional-de-brigadistas-florestais-voluntariosas\/"]}]},{"@type":"BreadcrumbList","@id":"https:\/\/www.ufmg.br\/estacaoecologica\/1o-encontro-nacional-de-brigadistas-florestais-voluntariosas\/#breadcrumb","itemListElement":[{"@type":"ListItem","position":1,"name":"In\u00edcio","item":"https:\/\/www.ufmg.br\/estacaoecologica\/"},{"@type":"ListItem","position":2,"name":"1\u00ba Encontro Nacional de Brigadistas Florestais Volunt\u00e1rios(as)"}]},{"@type":"WebSite","@id":"https:\/\/www.ufmg.br\/estacaoecologica\/#website","url":"https:\/\/www.ufmg.br\/estacaoecologica\/","name":"Esta\u00e7\u00e3o Ecol\u00f3gica da UFMG","description":"Natureza, hist\u00f3ria e preserva\u00e7\u00e3o","publisher":{"@id":"https:\/\/www.ufmg.br\/estacaoecologica\/#organization"},"potentialAction":[{"@type":"SearchAction","target":{"@type":"EntryPoint","urlTemplate":"https:\/\/www.ufmg.br\/estacaoecologica\/?s={search_term_string}"},"query-input":{"@type":"PropertyValueSpecification","valueRequired":true,"valueName":"search_term_string"}}],"inLanguage":"pt-BR"},{"@type":"Organization","@id":"https:\/\/www.ufmg.br\/estacaoecologica\/#organization","name":"Esta\u00e7\u00e3o Ecol\u00f3gica da UFMG","url":"https:\/\/www.ufmg.br\/estacaoecologica\/","logo":{"@type":"ImageObject","inLanguage":"pt-BR","@id":"https:\/\/www.ufmg.br\/estacaoecologica\/#\/schema\/logo\/image\/","url":"https:\/\/www.ufmg.br\/estacaoecologica\/wp-content\/uploads\/2020\/04\/logo-proex-v2.png","contentUrl":"https:\/\/www.ufmg.br\/estacaoecologica\/wp-content\/uploads\/2020\/04\/logo-proex-v2.png","width":500,"height":104,"caption":"Esta\u00e7\u00e3o Ecol\u00f3gica da UFMG"},"image":{"@id":"https:\/\/www.ufmg.br\/estacaoecologica\/#\/schema\/logo\/image\/"}}]}},"_links":{"self":[{"href":"https:\/\/www.ufmg.br\/estacaoecologica\/wp-json\/wp\/v2\/pages\/19736","targetHints":{"allow":["GET"]}}],"collection":[{"href":"https:\/\/www.ufmg.br\/estacaoecologica\/wp-json\/wp\/v2\/pages"}],"about":[{"href":"https:\/\/www.ufmg.br\/estacaoecologica\/wp-json\/wp\/v2\/types\/page"}],"author":[{"embeddable":true,"href":"https:\/\/www.ufmg.br\/estacaoecologica\/wp-json\/wp\/v2\/users\/1"}],"replies":[{"embeddable":true,"href":"https:\/\/www.ufmg.br\/estacaoecologica\/wp-json\/wp\/v2\/comments?post=19736"}],"version-history":[{"count":59,"href":"https:\/\/www.ufmg.br\/estacaoecologica\/wp-json\/wp\/v2\/pages\/19736\/revisions"}],"predecessor-version":[{"id":19833,"href":"https:\/\/www.ufmg.br\/estacaoecologica\/wp-json\/wp\/v2\/pages\/19736\/revisions\/19833"}],"wp:attachment":[{"href":"https:\/\/www.ufmg.br\/estacaoecologica\/wp-json\/wp\/v2\/media?parent=19736"}],"curies":[{"name":"wp","href":"https:\/\/api.w.org\/{rel}","templated":true}]}}