{"id":20087,"date":"2024-08-27T21:57:06","date_gmt":"2024-08-28T00:57:06","guid":{"rendered":"https:\/\/www.ufmg.br\/estacaoecologica\/?page_id=20087"},"modified":"2025-01-06T00:41:24","modified_gmt":"2025-01-06T03:41:24","slug":"trilhas-interpretativas-autoguiadas","status":"publish","type":"page","link":"https:\/\/www.ufmg.br\/estacaoecologica\/extensao\/proeco\/trilhas-interpretativas-autoguiadas\/","title":{"rendered":"Trilhas Interpretativas Autoguiadas"},"content":{"rendered":"[vc_row][vc_column]<nav class=\"vcex-breadcrumbs\" style=\"font-size:14px;\"><span><span><a href=\"https:\/\/www.ufmg.br\/estacaoecologica\/\">In\u00edcio<\/a><\/span><\/span><\/nav>[\/vc_column][\/vc_row][vc_row][vc_column]<figure class=\"vcex-image vcex-module wpex-clr figcaption-legenda\"><div class=\"vcex-image-inner wpex-relative wpex-inline-block\"><img decoding=\"async\" width=\"1280\" height=\"549\" src=\"https:\/\/www.ufmg.br\/estacaoecologica\/wp-content\/uploads\/2020\/05\/passeio-trilha-escola.jpg\" class=\"wpex-align-middle\" alt=\"\" loading=\"lazy\" srcset=\"https:\/\/www.ufmg.br\/estacaoecologica\/wp-content\/uploads\/2020\/05\/passeio-trilha-escola.jpg 1280w, https:\/\/www.ufmg.br\/estacaoecologica\/wp-content\/uploads\/2020\/05\/passeio-trilha-escola-300x129.jpg 300w, https:\/\/www.ufmg.br\/estacaoecologica\/wp-content\/uploads\/2020\/05\/passeio-trilha-escola-1024x439.jpg 1024w, https:\/\/www.ufmg.br\/estacaoecologica\/wp-content\/uploads\/2020\/05\/passeio-trilha-escola-768x329.jpg 768w\" sizes=\"auto, (max-width: 1280px) 100vw, 1280px\" \/><\/div><figcaption class=\"wpex-mt-10\">Monitores junto com alunos da rede p\u00fablica em trilha ecol\u00f3gica. (foto acervo)<\/figcaption><\/figure>[\/vc_column][\/vc_row][vc_row][vc_column]<h1 class=\"vcex-heading vcex-module wpex-text-2xl wpex-font-normal wpex-m-auto wpex-max-w-100 vcex-heading-plain wpex-block wpex-italic\" style=\"color:#254151;font-family:Merriweather;font-size:32px;letter-spacing:-1px;font-weight:900;line-height:48px;\"><span class=\"vcex-heading-inner wpex-inline-block wpex-clr\">Trilhas Interpretativas Autoguiadas<\/span><\/h1>[vc_separator]<div class=\"vcex-spacing wpex-w-100 wpex-clear\" style=\"height:20px;\"><\/div>[\/vc_column][\/vc_row][vc_row][vc_column][vc_column_text]Trilhas interpretativas autoguiadas s\u00e3o percursos planejados que conectam os visitantes ao ambiente natural ou cultural de forma educativa e imersiva. As trilhas interpretativas oferecem informa\u00e7\u00f5es sobre fauna, flora, hist\u00f3ria e cultura por meio de placas interpretativas. Ao fazer uma trilha interpretativa autoguiada, \u00e9 poss\u00edvel que o visitante explore o local de forma independente de acordo com as orienta\u00e7\u00f5es e sinaliza\u00e7\u00f5es presentes na trilha, visando o aprendizado, contempla\u00e7\u00e3o e valoriza\u00e7\u00e3o do ambiente.<\/p>\n<p>Abaixo, est\u00e3o as trilhas interpretativas autoguiadas presentes na Esta\u00e7\u00e3o Ecol\u00f3gica da UFMG.[\/vc_column_text][\/vc_column][\/vc_row][vc_row css=&#8221;.vc_custom_1724807647582{border-top-width: 0px !important;border-right-width: 0px !important;border-bottom-width: 0px !important;border-left-width: 3px !important;padding-right: 20px !important;padding-left: 20px !important;border-left-color: #179e83 !important;border-right-color: #179e83 !important;border-top-color: #179e83 !important;border-bottom-color: #179e83 !important;}&#8221;][vc_column]<div class=\"vcex-spacing wpex-w-100 wpex-clear\" style=\"height:30px;\"><\/div><div class=\"theme-button-wrap textcenter wpex-clr\"><a href=\"https:\/\/www.ufmg.br\/estacaoecologica\/extensao\/proeco\/trilhas-interpretativas-autoguiadas\/trilha-do-bambuzal\/\" title=\"Trilha do Bambuzal\" class=\"vcex-button theme-button align-center inline\" target=\"_blank\" style=\"background:#fcca3d;padding-top:8px;padding-right:24px;padding-bottom:8px;padding-left:24px;font-size:16px;font-weight:600;border-radius:45px;\" rel=\"noopener noreferrer\" data-wpex-hover='{&quot;background&quot;:&quot;#013f51&quot;}'><span class=\"theme-button-inner\">Trilha do Bambuzal<\/span><\/a><\/div> <div class=\"vcex-spacing wpex-w-100 wpex-clear\" style=\"height:10px;\"><\/div><div class=\"theme-button-wrap textcenter wpex-clr\"><a href=\"https:\/\/www.ufmg.br\/estacaoecologica\/extensao\/proeco\/trilhas-interpretativas-autoguiadas\/trilha-da-cutieira\/\" title=\"Trilha da Cutieira\" class=\"vcex-button theme-button align-center inline\" target=\"_blank\" style=\"background:#fcca3d;padding-top:8px;padding-right:24px;padding-bottom:8px;padding-left:24px;font-size:16px;font-weight:600;border-radius:45px;\" rel=\"noopener noreferrer\" data-wpex-hover='{&quot;background&quot;:&quot;#013f51&quot;}'><span class=\"theme-button-inner\">Trilha da Cutieira<\/span><\/a><\/div> <div class=\"vcex-spacing wpex-w-100 wpex-clear\" style=\"height:10px;\"><\/div><div class=\"theme-button-wrap textcenter wpex-clr\"><a href=\"https:\/\/www.ufmg.br\/estacaoecologica\/extensao\/proeco\/trilhas-interpretativas-autoguiadas\/trilha-dos-cacos\/\" title=\"Trilha dos Cacos\" class=\"vcex-button theme-button align-center inline\" target=\"_blank\" style=\"background:#fcca3d;padding-top:8px;padding-right:24px;padding-bottom:8px;padding-left:24px;font-size:16px;font-weight:600;border-radius:45px;\" rel=\"noopener noreferrer\" data-wpex-hover='{&quot;background&quot;:&quot;#013f51&quot;}'><span class=\"theme-button-inner\">Trilha dos Cacos<\/span><\/a><\/div> <div class=\"vcex-spacing wpex-w-100 wpex-clear\" style=\"height:10px;\"><\/div><div class=\"theme-button-wrap textcenter wpex-clr\"><a href=\"https:\/\/www.ufmg.br\/estacaoecologica\/extensao\/proeco\/trilhas-interpretativas-autoguiadas\/trilha-da-estacao-meteorologica\/\" title=\"Trilha da Esta\u00e7\u00e3o Meteorol\u00f3gica\" class=\"vcex-button theme-button align-center inline\" target=\"_blank\" style=\"background:#fcca3d;padding-top:8px;padding-right:24px;padding-bottom:8px;padding-left:24px;font-size:16px;font-weight:600;border-radius:45px;\" rel=\"noopener noreferrer\" data-wpex-hover='{&quot;background&quot;:&quot;#013f51&quot;}'><span class=\"theme-button-inner\">Trilha da Esta\u00e7\u00e3o Meteorol\u00f3gica<\/span><\/a><\/div> <div class=\"vcex-spacing wpex-w-100 wpex-clear\" style=\"height:10px;\"><\/div><div class=\"theme-button-wrap textcenter wpex-clr\"><a href=\"https:\/\/www.ufmg.br\/estacaoecologica\/extensao\/proeco\/trilhas-interpretativas-autoguiadas\/trilha-dos-liquens\/\" title=\"Trilha dos L\u00edquens\" class=\"vcex-button theme-button align-center inline\" target=\"_blank\" style=\"background:#fcca3d;padding-top:8px;padding-right:24px;padding-bottom:8px;padding-left:24px;font-size:16px;font-weight:600;border-radius:45px;\" rel=\"noopener noreferrer\" data-wpex-hover='{&quot;background&quot;:&quot;#013f51&quot;}'><span class=\"theme-button-inner\">Trilha dos L\u00edquens<\/span><\/a><\/div> <div class=\"vcex-spacing wpex-w-100 wpex-clear\" style=\"height:10px;\"><\/div><div class=\"theme-button-wrap textcenter wpex-clr\"><a href=\"https:\/\/www.ufmg.br\/estacaoecologica\/extensao\/proeco\/trilhas-interpretativas-autoguiadas\/trilha-do-cedro\/\" title=\"Trilha do Cedro\" class=\"vcex-button theme-button align-center inline\" target=\"_blank\" style=\"background:#fcca3d;padding-top:8px;padding-right:24px;padding-bottom:8px;padding-left:24px;font-size:16px;font-weight:600;border-radius:45px;\" rel=\"noopener noreferrer\" data-wpex-hover='{&quot;background&quot;:&quot;#013f51&quot;}'><span class=\"theme-button-inner\">Trilha do Cedro<\/span><\/a><\/div> <div class=\"vcex-spacing wpex-w-100 wpex-clear\" style=\"height:10px;\"><\/div><div class=\"theme-button-wrap textcenter wpex-clr\"><a href=\"https:\/\/www.ufmg.br\/estacaoecologica\/extensao\/proeco\/trilhas-interpretativas-autoguiadas\/percurso-historico\/\" title=\"Percurso Hist\u00f3rico\" class=\"vcex-button theme-button align-center inline\" target=\"_blank\" style=\"background:#fcca3d;padding-top:8px;padding-right:24px;padding-bottom:8px;padding-left:24px;font-size:16px;font-weight:600;border-radius:45px;\" rel=\"noopener noreferrer\" data-wpex-hover='{&quot;background&quot;:&quot;#013f51&quot;}'><span class=\"theme-button-inner\">Percurso Hist\u00f3rico<\/span><\/a><\/div> <div class=\"vcex-spacing wpex-w-100 wpex-clear\" style=\"height:30px;\"><\/div>[vc_column_text]<em>Orienta\u00e7\u00f5es para as trilhas<\/em><\/p>\n<ul>\n<li><span class=\"OYPEnA font-feature-liga-off font-feature-clig-off font-feature-calt-off text-decoration-none text-strikethrough-none\">Use cal\u00e7ados confort\u00e1veis e adequados para caminhada.<\/span><\/li>\n<li><span class=\"OYPEnA font-feature-liga-off font-feature-clig-off font-feature-calt-off text-decoration-none text-strikethrough-none\">Leve \u00e1gua e protetor solar.<\/span><\/li>\n<li><span class=\"OYPEnA font-feature-liga-off font-feature-clig-off font-feature-calt-off text-decoration-none text-strikethrough-none\">Siga o caminho indicado.<\/span><\/li>\n<li><span class=\"OYPEnA font-feature-liga-off font-feature-clig-off font-feature-calt-off text-decoration-none text-strikethrough-none\">Respeite a natureza.<\/span><\/li>\n<li><span class=\"OYPEnA font-feature-liga-off font-feature-clig-off font-feature-calt-off text-decoration-none text-strikethrough-none\">Mantenha o local limpo.<\/span><\/li>\n<\/ul>\n[\/vc_column_text][\/vc_column][\/vc_row]\n","protected":false},"excerpt":{"rendered":"<p>[vc_row][vc_column][\/vc_column][\/vc_row][vc_row][vc_column][\/vc_column][\/vc_row][vc_row][vc_column][vc_separator][\/vc_column][\/vc_row][vc_row][vc_column][vc_column_text]Trilhas interpretativas autoguiadas s\u00e3o percursos planejados que conectam os visitantes ao ambiente natural ou cultural de forma educativa e imersiva. As trilhas interpretativas oferecem informa\u00e7\u00f5es sobre fauna, flora, hist\u00f3ria e&hellip;<\/p>\n","protected":false},"author":1,"featured_media":0,"parent":17238,"menu_order":0,"comment_status":"closed","ping_status":"closed","template":"","meta":{"_EventAllDay":false,"_EventTimezone":"","_EventStartDate":"","_EventEndDate":"","_EventStartDateUTC":"","_EventEndDateUTC":"","_EventShowMap":false,"_EventShowMapLink":false,"_EventURL":"","_EventCost":"","_EventCostDescription":"","_EventCurrencySymbol":"","_EventCurrencyCode":"","_EventCurrencyPosition":"","_EventDateTimeSeparator":"","_EventTimeRangeSeparator":"","_EventOrganizerID":[],"_EventVenueID":[],"_OrganizerEmail":"","_OrganizerPhone":"","_OrganizerWebsite":"","_VenueAddress":"","_VenueCity":"","_VenueCountry":"","_VenueProvince":"","_VenueState":"","_VenueZip":"","_VenuePhone":"","_VenueURL":"","_VenueStateProvince":"","_VenueLat":"","_VenueLng":"","_VenueShowMap":false,"_VenueShowMapLink":false,"footnotes":""},"class_list":["post-20087","page","type-page","status-publish","hentry","entry","no-media"],"yoast_head":"<!-- This site is optimized with the Yoast SEO plugin v27.6 - https:\/\/yoast.com\/product\/yoast-seo-wordpress\/ -->\n<title>Trilhas Interpretativas Autoguiadas - Esta\u00e7\u00e3o Ecol\u00f3gica da UFMG<\/title>\n<meta name=\"robots\" content=\"index, follow, max-snippet:-1, max-image-preview:large, max-video-preview:-1\" \/>\n<link rel=\"canonical\" href=\"https:\/\/www.ufmg.br\/estacaoecologica\/extensao\/proeco\/trilhas-interpretativas-autoguiadas\/\" \/>\n<meta property=\"og:locale\" content=\"pt_BR\" \/>\n<meta property=\"og:type\" content=\"article\" \/>\n<meta property=\"og:title\" content=\"Trilhas Interpretativas Autoguiadas - Esta\u00e7\u00e3o Ecol\u00f3gica da UFMG\" \/>\n<meta property=\"og:description\" content=\"[vc_row][vc_column][\/vc_column][\/vc_row][vc_row][vc_column][\/vc_column][\/vc_row][vc_row][vc_column][vc_separator][\/vc_column][\/vc_row][vc_row][vc_column][vc_column_text]Trilhas interpretativas autoguiadas s\u00e3o percursos planejados que conectam os visitantes ao ambiente natural ou cultural de forma educativa e imersiva. As trilhas interpretativas oferecem informa\u00e7\u00f5es sobre fauna, flora, hist\u00f3ria e&hellip;\" \/>\n<meta property=\"og:url\" content=\"https:\/\/www.ufmg.br\/estacaoecologica\/extensao\/proeco\/trilhas-interpretativas-autoguiadas\/\" \/>\n<meta property=\"og:site_name\" content=\"Esta\u00e7\u00e3o Ecol\u00f3gica da UFMG\" \/>\n<meta property=\"article:modified_time\" content=\"2025-01-06T03:41:24+00:00\" \/>\n<meta name=\"twitter:card\" content=\"summary_large_image\" \/>\n<meta name=\"twitter:label1\" content=\"Est. tempo de leitura\" \/>\n\t<meta name=\"twitter:data1\" content=\"2 minutos\" \/>\n<script type=\"application\/ld+json\" class=\"yoast-schema-graph\">{\"@context\":\"https:\\\/\\\/schema.org\",\"@graph\":[{\"@type\":\"WebPage\",\"@id\":\"https:\\\/\\\/www.ufmg.br\\\/estacaoecologica\\\/extensao\\\/proeco\\\/trilhas-interpretativas-autoguiadas\\\/\",\"url\":\"https:\\\/\\\/www.ufmg.br\\\/estacaoecologica\\\/extensao\\\/proeco\\\/trilhas-interpretativas-autoguiadas\\\/\",\"name\":\"Trilhas Interpretativas Autoguiadas - Esta\u00e7\u00e3o Ecol\u00f3gica da UFMG\",\"isPartOf\":{\"@id\":\"https:\\\/\\\/www.ufmg.br\\\/estacaoecologica\\\/#website\"},\"datePublished\":\"2024-08-28T00:57:06+00:00\",\"dateModified\":\"2025-01-06T03:41:24+00:00\",\"breadcrumb\":{\"@id\":\"https:\\\/\\\/www.ufmg.br\\\/estacaoecologica\\\/extensao\\\/proeco\\\/trilhas-interpretativas-autoguiadas\\\/#breadcrumb\"},\"inLanguage\":\"pt-BR\",\"potentialAction\":[{\"@type\":\"ReadAction\",\"target\":[\"https:\\\/\\\/www.ufmg.br\\\/estacaoecologica\\\/extensao\\\/proeco\\\/trilhas-interpretativas-autoguiadas\\\/\"]}]},{\"@type\":\"BreadcrumbList\",\"@id\":\"https:\\\/\\\/www.ufmg.br\\\/estacaoecologica\\\/extensao\\\/proeco\\\/trilhas-interpretativas-autoguiadas\\\/#breadcrumb\",\"itemListElement\":[{\"@type\":\"ListItem\",\"position\":1,\"name\":\"In\u00edcio\",\"item\":\"https:\\\/\\\/www.ufmg.br\\\/estacaoecologica\\\/\"},{\"@type\":\"ListItem\",\"position\":2,\"name\":\"Extens\u00e3o\",\"item\":\"https:\\\/\\\/www.ufmg.br\\\/estacaoecologica\\\/extensao\\\/\"},{\"@type\":\"ListItem\",\"position\":3,\"name\":\"PROECO\",\"item\":\"https:\\\/\\\/www.ufmg.br\\\/estacaoecologica\\\/extensao\\\/proeco\\\/\"},{\"@type\":\"ListItem\",\"position\":4,\"name\":\"Trilhas Interpretativas Autoguiadas\"}]},{\"@type\":\"WebSite\",\"@id\":\"https:\\\/\\\/www.ufmg.br\\\/estacaoecologica\\\/#website\",\"url\":\"https:\\\/\\\/www.ufmg.br\\\/estacaoecologica\\\/\",\"name\":\"Esta\u00e7\u00e3o Ecol\u00f3gica da UFMG\",\"description\":\"Natureza, hist\u00f3ria e preserva\u00e7\u00e3o\",\"publisher\":{\"@id\":\"https:\\\/\\\/www.ufmg.br\\\/estacaoecologica\\\/#organization\"},\"potentialAction\":[{\"@type\":\"SearchAction\",\"target\":{\"@type\":\"EntryPoint\",\"urlTemplate\":\"https:\\\/\\\/www.ufmg.br\\\/estacaoecologica\\\/?s={search_term_string}\"},\"query-input\":{\"@type\":\"PropertyValueSpecification\",\"valueRequired\":true,\"valueName\":\"search_term_string\"}}],\"inLanguage\":\"pt-BR\"},{\"@type\":\"Organization\",\"@id\":\"https:\\\/\\\/www.ufmg.br\\\/estacaoecologica\\\/#organization\",\"name\":\"Esta\u00e7\u00e3o Ecol\u00f3gica da UFMG\",\"url\":\"https:\\\/\\\/www.ufmg.br\\\/estacaoecologica\\\/\",\"logo\":{\"@type\":\"ImageObject\",\"inLanguage\":\"pt-BR\",\"@id\":\"https:\\\/\\\/www.ufmg.br\\\/estacaoecologica\\\/#\\\/schema\\\/logo\\\/image\\\/\",\"url\":\"https:\\\/\\\/www.ufmg.br\\\/estacaoecologica\\\/wp-content\\\/uploads\\\/2020\\\/04\\\/logo-proex-v2.png\",\"contentUrl\":\"https:\\\/\\\/www.ufmg.br\\\/estacaoecologica\\\/wp-content\\\/uploads\\\/2020\\\/04\\\/logo-proex-v2.png\",\"width\":500,\"height\":104,\"caption\":\"Esta\u00e7\u00e3o Ecol\u00f3gica da UFMG\"},\"image\":{\"@id\":\"https:\\\/\\\/www.ufmg.br\\\/estacaoecologica\\\/#\\\/schema\\\/logo\\\/image\\\/\"}}]}<\/script>\n<!-- \/ Yoast SEO plugin. -->","yoast_head_json":{"title":"Trilhas Interpretativas Autoguiadas - Esta\u00e7\u00e3o Ecol\u00f3gica da UFMG","robots":{"index":"index","follow":"follow","max-snippet":"max-snippet:-1","max-image-preview":"max-image-preview:large","max-video-preview":"max-video-preview:-1"},"canonical":"https:\/\/www.ufmg.br\/estacaoecologica\/extensao\/proeco\/trilhas-interpretativas-autoguiadas\/","og_locale":"pt_BR","og_type":"article","og_title":"Trilhas Interpretativas Autoguiadas - Esta\u00e7\u00e3o Ecol\u00f3gica da UFMG","og_description":"[vc_row][vc_column][\/vc_column][\/vc_row][vc_row][vc_column][\/vc_column][\/vc_row][vc_row][vc_column][vc_separator][\/vc_column][\/vc_row][vc_row][vc_column][vc_column_text]Trilhas interpretativas autoguiadas s\u00e3o percursos planejados que conectam os visitantes ao ambiente natural ou cultural de forma educativa e imersiva. As trilhas interpretativas oferecem informa\u00e7\u00f5es sobre fauna, flora, hist\u00f3ria e&hellip;","og_url":"https:\/\/www.ufmg.br\/estacaoecologica\/extensao\/proeco\/trilhas-interpretativas-autoguiadas\/","og_site_name":"Esta\u00e7\u00e3o Ecol\u00f3gica da UFMG","article_modified_time":"2025-01-06T03:41:24+00:00","twitter_card":"summary_large_image","twitter_misc":{"Est. tempo de leitura":"2 minutos"},"schema":{"@context":"https:\/\/schema.org","@graph":[{"@type":"WebPage","@id":"https:\/\/www.ufmg.br\/estacaoecologica\/extensao\/proeco\/trilhas-interpretativas-autoguiadas\/","url":"https:\/\/www.ufmg.br\/estacaoecologica\/extensao\/proeco\/trilhas-interpretativas-autoguiadas\/","name":"Trilhas Interpretativas Autoguiadas - Esta\u00e7\u00e3o Ecol\u00f3gica da UFMG","isPartOf":{"@id":"https:\/\/www.ufmg.br\/estacaoecologica\/#website"},"datePublished":"2024-08-28T00:57:06+00:00","dateModified":"2025-01-06T03:41:24+00:00","breadcrumb":{"@id":"https:\/\/www.ufmg.br\/estacaoecologica\/extensao\/proeco\/trilhas-interpretativas-autoguiadas\/#breadcrumb"},"inLanguage":"pt-BR","potentialAction":[{"@type":"ReadAction","target":["https:\/\/www.ufmg.br\/estacaoecologica\/extensao\/proeco\/trilhas-interpretativas-autoguiadas\/"]}]},{"@type":"BreadcrumbList","@id":"https:\/\/www.ufmg.br\/estacaoecologica\/extensao\/proeco\/trilhas-interpretativas-autoguiadas\/#breadcrumb","itemListElement":[{"@type":"ListItem","position":1,"name":"In\u00edcio","item":"https:\/\/www.ufmg.br\/estacaoecologica\/"},{"@type":"ListItem","position":2,"name":"Extens\u00e3o","item":"https:\/\/www.ufmg.br\/estacaoecologica\/extensao\/"},{"@type":"ListItem","position":3,"name":"PROECO","item":"https:\/\/www.ufmg.br\/estacaoecologica\/extensao\/proeco\/"},{"@type":"ListItem","position":4,"name":"Trilhas Interpretativas Autoguiadas"}]},{"@type":"WebSite","@id":"https:\/\/www.ufmg.br\/estacaoecologica\/#website","url":"https:\/\/www.ufmg.br\/estacaoecologica\/","name":"Esta\u00e7\u00e3o Ecol\u00f3gica da UFMG","description":"Natureza, hist\u00f3ria e preserva\u00e7\u00e3o","publisher":{"@id":"https:\/\/www.ufmg.br\/estacaoecologica\/#organization"},"potentialAction":[{"@type":"SearchAction","target":{"@type":"EntryPoint","urlTemplate":"https:\/\/www.ufmg.br\/estacaoecologica\/?s={search_term_string}"},"query-input":{"@type":"PropertyValueSpecification","valueRequired":true,"valueName":"search_term_string"}}],"inLanguage":"pt-BR"},{"@type":"Organization","@id":"https:\/\/www.ufmg.br\/estacaoecologica\/#organization","name":"Esta\u00e7\u00e3o Ecol\u00f3gica da UFMG","url":"https:\/\/www.ufmg.br\/estacaoecologica\/","logo":{"@type":"ImageObject","inLanguage":"pt-BR","@id":"https:\/\/www.ufmg.br\/estacaoecologica\/#\/schema\/logo\/image\/","url":"https:\/\/www.ufmg.br\/estacaoecologica\/wp-content\/uploads\/2020\/04\/logo-proex-v2.png","contentUrl":"https:\/\/www.ufmg.br\/estacaoecologica\/wp-content\/uploads\/2020\/04\/logo-proex-v2.png","width":500,"height":104,"caption":"Esta\u00e7\u00e3o Ecol\u00f3gica da UFMG"},"image":{"@id":"https:\/\/www.ufmg.br\/estacaoecologica\/#\/schema\/logo\/image\/"}}]}},"_links":{"self":[{"href":"https:\/\/www.ufmg.br\/estacaoecologica\/wp-json\/wp\/v2\/pages\/20087","targetHints":{"allow":["GET"]}}],"collection":[{"href":"https:\/\/www.ufmg.br\/estacaoecologica\/wp-json\/wp\/v2\/pages"}],"about":[{"href":"https:\/\/www.ufmg.br\/estacaoecologica\/wp-json\/wp\/v2\/types\/page"}],"author":[{"embeddable":true,"href":"https:\/\/www.ufmg.br\/estacaoecologica\/wp-json\/wp\/v2\/users\/1"}],"replies":[{"embeddable":true,"href":"https:\/\/www.ufmg.br\/estacaoecologica\/wp-json\/wp\/v2\/comments?post=20087"}],"version-history":[{"count":18,"href":"https:\/\/www.ufmg.br\/estacaoecologica\/wp-json\/wp\/v2\/pages\/20087\/revisions"}],"predecessor-version":[{"id":20147,"href":"https:\/\/www.ufmg.br\/estacaoecologica\/wp-json\/wp\/v2\/pages\/20087\/revisions\/20147"}],"up":[{"embeddable":true,"href":"https:\/\/www.ufmg.br\/estacaoecologica\/wp-json\/wp\/v2\/pages\/17238"}],"wp:attachment":[{"href":"https:\/\/www.ufmg.br\/estacaoecologica\/wp-json\/wp\/v2\/media?parent=20087"}],"curies":[{"name":"wp","href":"https:\/\/api.w.org\/{rel}","templated":true}]}}