{"id":20118,"date":"2024-09-13T15:16:35","date_gmt":"2024-09-13T18:16:35","guid":{"rendered":"https:\/\/www.ufmg.br\/estacaoecologica\/?page_id=20118"},"modified":"2024-09-13T15:16:35","modified_gmt":"2024-09-13T18:16:35","slug":"trilha-da-estacao-meteorologica","status":"publish","type":"page","link":"https:\/\/www.ufmg.br\/estacaoecologica\/extensao\/proeco\/trilhas-interpretativas-autoguiadas\/trilha-da-estacao-meteorologica\/","title":{"rendered":"Trilha da Esta\u00e7\u00e3o Meteorol\u00f3gica"},"content":{"rendered":"[vc_row][vc_column]<nav class=\"vcex-breadcrumbs\" style=\"font-size:14px;\"><span><span><a href=\"https:\/\/www.ufmg.br\/estacaoecologica\/\">In\u00edcio<\/a><\/span><\/span><\/nav>[\/vc_column][\/vc_row][vc_row][vc_column]<figure class=\"vcex-image vcex-module wpex-clr figcaption-legenda\"><div class=\"vcex-image-inner wpex-relative wpex-inline-block\"><img decoding=\"async\" width=\"1280\" height=\"549\" src=\"https:\/\/www.ufmg.br\/estacaoecologica\/wp-content\/uploads\/2020\/05\/passeio-trilha-escola.jpg\" class=\"wpex-align-middle\" alt=\"\" loading=\"lazy\" srcset=\"https:\/\/www.ufmg.br\/estacaoecologica\/wp-content\/uploads\/2020\/05\/passeio-trilha-escola.jpg 1280w, https:\/\/www.ufmg.br\/estacaoecologica\/wp-content\/uploads\/2020\/05\/passeio-trilha-escola-300x129.jpg 300w, https:\/\/www.ufmg.br\/estacaoecologica\/wp-content\/uploads\/2020\/05\/passeio-trilha-escola-1024x439.jpg 1024w, https:\/\/www.ufmg.br\/estacaoecologica\/wp-content\/uploads\/2020\/05\/passeio-trilha-escola-768x329.jpg 768w\" sizes=\"auto, (max-width: 1280px) 100vw, 1280px\" \/><\/div><figcaption class=\"wpex-mt-10\">Monitores junto com alunos da rede p\u00fablica em trilha ecol\u00f3gica. (foto acervo)<\/figcaption><\/figure>[\/vc_column][\/vc_row][vc_row][vc_column]<h1 class=\"vcex-heading vcex-module wpex-text-2xl wpex-font-normal wpex-m-auto wpex-max-w-100 vcex-heading-plain wpex-block wpex-italic\" style=\"color:#254151;font-family:Merriweather;font-size:32px;letter-spacing:-1px;font-weight:900;line-height:48px;\"><span class=\"vcex-heading-inner wpex-inline-block wpex-clr\">Trilha da Esta\u00e7\u00e3o Meteorol\u00f3gica<\/span><\/h1>[vc_separator]<div class=\"vcex-spacing wpex-w-100 wpex-clear\" style=\"height:20px;\"><\/div>[\/vc_column][\/vc_row][vc_row][vc_column][vc_column_text]Eu sou um bloco de texto. E aqui vamos colocar o texto falando da trilha.[\/vc_column_text][\/vc_column][\/vc_row][vc_row css=&#8221;.vc_custom_1724809390726{border-top-width: 0px !important;border-right-width: 0px !important;border-bottom-width: 0px !important;border-left-width: 3px !important;padding-top: 20px !important;padding-right: 20px !important;padding-bottom: 20px !important;padding-left: 20px !important;background-color: #f6f6f6 !important;border-left-color: #179e83 !important;border-right-color: #179e83 !important;border-top-color: #179e83 !important;border-bottom-color: #179e83 !important;}&#8221;][vc_column][vc_column_text]<em><strong>Bibliografia<\/strong><\/em>.<\/p>\n<ul>\n<li>Eu sou um bloco de texto. Clique no bot\u00e3o Editar (L\u00e1pis) para alterar as refer\u00eancias bibliograficas.<\/li>\n<li><a href=\"http:\/\/www.uol.com.br\">bla <\/a><\/li>\n<li>bla<\/li>\n<li>bla<\/li>\n<\/ul>\n[\/vc_column_text][\/vc_column][\/vc_row]\n","protected":false},"excerpt":{"rendered":"<p>[vc_row][vc_column][\/vc_column][\/vc_row][vc_row][vc_column][\/vc_column][\/vc_row][vc_row][vc_column][vc_separator][\/vc_column][\/vc_row][vc_row][vc_column][vc_column_text]Eu sou um bloco de texto. E aqui vamos colocar o texto falando da trilha.[\/vc_column_text][\/vc_column][\/vc_row][vc_row css=&#8221;.vc_custom_1724809390726{border-top-width: 0px !important;border-right-width: 0px !important;border-bottom-width: 0px !important;border-left-width: 3px !important;padding-top: 20px !important;padding-right: 20px !important;padding-bottom: 20px !important;padding-left:&hellip;<\/p>\n","protected":false},"author":14,"featured_media":0,"parent":20087,"menu_order":0,"comment_status":"closed","ping_status":"closed","template":"","meta":{"_EventAllDay":false,"_EventTimezone":"","_EventStartDate":"","_EventEndDate":"","_EventStartDateUTC":"","_EventEndDateUTC":"","_EventShowMap":false,"_EventShowMapLink":false,"_EventURL":"","_EventCost":"","_EventCostDescription":"","_EventCurrencySymbol":"","_EventCurrencyCode":"","_EventCurrencyPosition":"","_EventDateTimeSeparator":"","_EventTimeRangeSeparator":"","_EventOrganizerID":[],"_EventVenueID":[],"_OrganizerEmail":"","_OrganizerPhone":"","_OrganizerWebsite":"","_VenueAddress":"","_VenueCity":"","_VenueCountry":"","_VenueProvince":"","_VenueState":"","_VenueZip":"","_VenuePhone":"","_VenueURL":"","_VenueStateProvince":"","_VenueLat":"","_VenueLng":"","_VenueShowMap":false,"_VenueShowMapLink":false,"footnotes":""},"class_list":["post-20118","page","type-page","status-publish","hentry","entry","no-media"],"yoast_head":"<!-- This site is optimized with the Yoast SEO plugin v27.4 - https:\/\/yoast.com\/product\/yoast-seo-wordpress\/ -->\n<title>Trilha da Esta\u00e7\u00e3o Meteorol\u00f3gica - Esta\u00e7\u00e3o Ecol\u00f3gica da UFMG<\/title>\n<meta name=\"robots\" content=\"index, follow, max-snippet:-1, max-image-preview:large, max-video-preview:-1\" \/>\n<link rel=\"canonical\" href=\"https:\/\/www.ufmg.br\/estacaoecologica\/extensao\/proeco\/trilhas-interpretativas-autoguiadas\/trilha-da-estacao-meteorologica\/\" \/>\n<meta property=\"og:locale\" content=\"pt_BR\" \/>\n<meta property=\"og:type\" content=\"article\" \/>\n<meta property=\"og:title\" content=\"Trilha da Esta\u00e7\u00e3o Meteorol\u00f3gica - Esta\u00e7\u00e3o Ecol\u00f3gica da UFMG\" \/>\n<meta property=\"og:description\" content=\"[vc_row][vc_column][\/vc_column][\/vc_row][vc_row][vc_column][\/vc_column][\/vc_row][vc_row][vc_column][vc_separator][\/vc_column][\/vc_row][vc_row][vc_column][vc_column_text]Eu sou um bloco de texto. E aqui vamos colocar o texto falando da trilha.[\/vc_column_text][\/vc_column][\/vc_row][vc_row css=&#8221;.vc_custom_1724809390726{border-top-width: 0px !important;border-right-width: 0px !important;border-bottom-width: 0px !important;border-left-width: 3px !important;padding-top: 20px !important;padding-right: 20px !important;padding-bottom: 20px !important;padding-left:&hellip;\" \/>\n<meta property=\"og:url\" content=\"https:\/\/www.ufmg.br\/estacaoecologica\/extensao\/proeco\/trilhas-interpretativas-autoguiadas\/trilha-da-estacao-meteorologica\/\" \/>\n<meta property=\"og:site_name\" content=\"Esta\u00e7\u00e3o Ecol\u00f3gica da UFMG\" \/>\n<meta name=\"twitter:card\" content=\"summary_large_image\" \/>\n<meta name=\"twitter:label1\" content=\"Est. tempo de leitura\" \/>\n\t<meta name=\"twitter:data1\" content=\"1 minuto\" \/>\n<script type=\"application\/ld+json\" class=\"yoast-schema-graph\">{\"@context\":\"https:\\\/\\\/schema.org\",\"@graph\":[{\"@type\":\"WebPage\",\"@id\":\"https:\\\/\\\/www.ufmg.br\\\/estacaoecologica\\\/extensao\\\/proeco\\\/trilhas-interpretativas-autoguiadas\\\/trilha-da-estacao-meteorologica\\\/\",\"url\":\"https:\\\/\\\/www.ufmg.br\\\/estacaoecologica\\\/extensao\\\/proeco\\\/trilhas-interpretativas-autoguiadas\\\/trilha-da-estacao-meteorologica\\\/\",\"name\":\"Trilha da Esta\u00e7\u00e3o Meteorol\u00f3gica - Esta\u00e7\u00e3o Ecol\u00f3gica da UFMG\",\"isPartOf\":{\"@id\":\"https:\\\/\\\/www.ufmg.br\\\/estacaoecologica\\\/#website\"},\"datePublished\":\"2024-09-13T18:16:35+00:00\",\"breadcrumb\":{\"@id\":\"https:\\\/\\\/www.ufmg.br\\\/estacaoecologica\\\/extensao\\\/proeco\\\/trilhas-interpretativas-autoguiadas\\\/trilha-da-estacao-meteorologica\\\/#breadcrumb\"},\"inLanguage\":\"pt-BR\",\"potentialAction\":[{\"@type\":\"ReadAction\",\"target\":[\"https:\\\/\\\/www.ufmg.br\\\/estacaoecologica\\\/extensao\\\/proeco\\\/trilhas-interpretativas-autoguiadas\\\/trilha-da-estacao-meteorologica\\\/\"]}]},{\"@type\":\"BreadcrumbList\",\"@id\":\"https:\\\/\\\/www.ufmg.br\\\/estacaoecologica\\\/extensao\\\/proeco\\\/trilhas-interpretativas-autoguiadas\\\/trilha-da-estacao-meteorologica\\\/#breadcrumb\",\"itemListElement\":[{\"@type\":\"ListItem\",\"position\":1,\"name\":\"In\u00edcio\",\"item\":\"https:\\\/\\\/www.ufmg.br\\\/estacaoecologica\\\/\"},{\"@type\":\"ListItem\",\"position\":2,\"name\":\"Extens\u00e3o\",\"item\":\"https:\\\/\\\/www.ufmg.br\\\/estacaoecologica\\\/extensao\\\/\"},{\"@type\":\"ListItem\",\"position\":3,\"name\":\"PROECO\",\"item\":\"https:\\\/\\\/www.ufmg.br\\\/estacaoecologica\\\/extensao\\\/proeco\\\/\"},{\"@type\":\"ListItem\",\"position\":4,\"name\":\"Trilhas Interpretativas Autoguiadas\",\"item\":\"https:\\\/\\\/www.ufmg.br\\\/estacaoecologica\\\/extensao\\\/proeco\\\/trilhas-interpretativas-autoguiadas\\\/\"},{\"@type\":\"ListItem\",\"position\":5,\"name\":\"Trilha da Esta\u00e7\u00e3o Meteorol\u00f3gica\"}]},{\"@type\":\"WebSite\",\"@id\":\"https:\\\/\\\/www.ufmg.br\\\/estacaoecologica\\\/#website\",\"url\":\"https:\\\/\\\/www.ufmg.br\\\/estacaoecologica\\\/\",\"name\":\"Esta\u00e7\u00e3o Ecol\u00f3gica da UFMG\",\"description\":\"Natureza, hist\u00f3ria e preserva\u00e7\u00e3o\",\"publisher\":{\"@id\":\"https:\\\/\\\/www.ufmg.br\\\/estacaoecologica\\\/#organization\"},\"potentialAction\":[{\"@type\":\"SearchAction\",\"target\":{\"@type\":\"EntryPoint\",\"urlTemplate\":\"https:\\\/\\\/www.ufmg.br\\\/estacaoecologica\\\/?s={search_term_string}\"},\"query-input\":{\"@type\":\"PropertyValueSpecification\",\"valueRequired\":true,\"valueName\":\"search_term_string\"}}],\"inLanguage\":\"pt-BR\"},{\"@type\":\"Organization\",\"@id\":\"https:\\\/\\\/www.ufmg.br\\\/estacaoecologica\\\/#organization\",\"name\":\"Esta\u00e7\u00e3o Ecol\u00f3gica da UFMG\",\"url\":\"https:\\\/\\\/www.ufmg.br\\\/estacaoecologica\\\/\",\"logo\":{\"@type\":\"ImageObject\",\"inLanguage\":\"pt-BR\",\"@id\":\"https:\\\/\\\/www.ufmg.br\\\/estacaoecologica\\\/#\\\/schema\\\/logo\\\/image\\\/\",\"url\":\"https:\\\/\\\/www.ufmg.br\\\/estacaoecologica\\\/wp-content\\\/uploads\\\/2020\\\/04\\\/logo-proex-v2.png\",\"contentUrl\":\"https:\\\/\\\/www.ufmg.br\\\/estacaoecologica\\\/wp-content\\\/uploads\\\/2020\\\/04\\\/logo-proex-v2.png\",\"width\":500,\"height\":104,\"caption\":\"Esta\u00e7\u00e3o Ecol\u00f3gica da UFMG\"},\"image\":{\"@id\":\"https:\\\/\\\/www.ufmg.br\\\/estacaoecologica\\\/#\\\/schema\\\/logo\\\/image\\\/\"}}]}<\/script>\n<!-- \/ Yoast SEO plugin. -->","yoast_head_json":{"title":"Trilha da Esta\u00e7\u00e3o Meteorol\u00f3gica - Esta\u00e7\u00e3o Ecol\u00f3gica da UFMG","robots":{"index":"index","follow":"follow","max-snippet":"max-snippet:-1","max-image-preview":"max-image-preview:large","max-video-preview":"max-video-preview:-1"},"canonical":"https:\/\/www.ufmg.br\/estacaoecologica\/extensao\/proeco\/trilhas-interpretativas-autoguiadas\/trilha-da-estacao-meteorologica\/","og_locale":"pt_BR","og_type":"article","og_title":"Trilha da Esta\u00e7\u00e3o Meteorol\u00f3gica - Esta\u00e7\u00e3o Ecol\u00f3gica da UFMG","og_description":"[vc_row][vc_column][\/vc_column][\/vc_row][vc_row][vc_column][\/vc_column][\/vc_row][vc_row][vc_column][vc_separator][\/vc_column][\/vc_row][vc_row][vc_column][vc_column_text]Eu sou um bloco de texto. E aqui vamos colocar o texto falando da trilha.[\/vc_column_text][\/vc_column][\/vc_row][vc_row css=&#8221;.vc_custom_1724809390726{border-top-width: 0px !important;border-right-width: 0px !important;border-bottom-width: 0px !important;border-left-width: 3px !important;padding-top: 20px !important;padding-right: 20px !important;padding-bottom: 20px !important;padding-left:&hellip;","og_url":"https:\/\/www.ufmg.br\/estacaoecologica\/extensao\/proeco\/trilhas-interpretativas-autoguiadas\/trilha-da-estacao-meteorologica\/","og_site_name":"Esta\u00e7\u00e3o Ecol\u00f3gica da UFMG","twitter_card":"summary_large_image","twitter_misc":{"Est. tempo de leitura":"1 minuto"},"schema":{"@context":"https:\/\/schema.org","@graph":[{"@type":"WebPage","@id":"https:\/\/www.ufmg.br\/estacaoecologica\/extensao\/proeco\/trilhas-interpretativas-autoguiadas\/trilha-da-estacao-meteorologica\/","url":"https:\/\/www.ufmg.br\/estacaoecologica\/extensao\/proeco\/trilhas-interpretativas-autoguiadas\/trilha-da-estacao-meteorologica\/","name":"Trilha da Esta\u00e7\u00e3o Meteorol\u00f3gica - Esta\u00e7\u00e3o Ecol\u00f3gica da UFMG","isPartOf":{"@id":"https:\/\/www.ufmg.br\/estacaoecologica\/#website"},"datePublished":"2024-09-13T18:16:35+00:00","breadcrumb":{"@id":"https:\/\/www.ufmg.br\/estacaoecologica\/extensao\/proeco\/trilhas-interpretativas-autoguiadas\/trilha-da-estacao-meteorologica\/#breadcrumb"},"inLanguage":"pt-BR","potentialAction":[{"@type":"ReadAction","target":["https:\/\/www.ufmg.br\/estacaoecologica\/extensao\/proeco\/trilhas-interpretativas-autoguiadas\/trilha-da-estacao-meteorologica\/"]}]},{"@type":"BreadcrumbList","@id":"https:\/\/www.ufmg.br\/estacaoecologica\/extensao\/proeco\/trilhas-interpretativas-autoguiadas\/trilha-da-estacao-meteorologica\/#breadcrumb","itemListElement":[{"@type":"ListItem","position":1,"name":"In\u00edcio","item":"https:\/\/www.ufmg.br\/estacaoecologica\/"},{"@type":"ListItem","position":2,"name":"Extens\u00e3o","item":"https:\/\/www.ufmg.br\/estacaoecologica\/extensao\/"},{"@type":"ListItem","position":3,"name":"PROECO","item":"https:\/\/www.ufmg.br\/estacaoecologica\/extensao\/proeco\/"},{"@type":"ListItem","position":4,"name":"Trilhas Interpretativas Autoguiadas","item":"https:\/\/www.ufmg.br\/estacaoecologica\/extensao\/proeco\/trilhas-interpretativas-autoguiadas\/"},{"@type":"ListItem","position":5,"name":"Trilha da Esta\u00e7\u00e3o Meteorol\u00f3gica"}]},{"@type":"WebSite","@id":"https:\/\/www.ufmg.br\/estacaoecologica\/#website","url":"https:\/\/www.ufmg.br\/estacaoecologica\/","name":"Esta\u00e7\u00e3o Ecol\u00f3gica da UFMG","description":"Natureza, hist\u00f3ria e preserva\u00e7\u00e3o","publisher":{"@id":"https:\/\/www.ufmg.br\/estacaoecologica\/#organization"},"potentialAction":[{"@type":"SearchAction","target":{"@type":"EntryPoint","urlTemplate":"https:\/\/www.ufmg.br\/estacaoecologica\/?s={search_term_string}"},"query-input":{"@type":"PropertyValueSpecification","valueRequired":true,"valueName":"search_term_string"}}],"inLanguage":"pt-BR"},{"@type":"Organization","@id":"https:\/\/www.ufmg.br\/estacaoecologica\/#organization","name":"Esta\u00e7\u00e3o Ecol\u00f3gica da UFMG","url":"https:\/\/www.ufmg.br\/estacaoecologica\/","logo":{"@type":"ImageObject","inLanguage":"pt-BR","@id":"https:\/\/www.ufmg.br\/estacaoecologica\/#\/schema\/logo\/image\/","url":"https:\/\/www.ufmg.br\/estacaoecologica\/wp-content\/uploads\/2020\/04\/logo-proex-v2.png","contentUrl":"https:\/\/www.ufmg.br\/estacaoecologica\/wp-content\/uploads\/2020\/04\/logo-proex-v2.png","width":500,"height":104,"caption":"Esta\u00e7\u00e3o Ecol\u00f3gica da UFMG"},"image":{"@id":"https:\/\/www.ufmg.br\/estacaoecologica\/#\/schema\/logo\/image\/"}}]}},"_links":{"self":[{"href":"https:\/\/www.ufmg.br\/estacaoecologica\/wp-json\/wp\/v2\/pages\/20118","targetHints":{"allow":["GET"]}}],"collection":[{"href":"https:\/\/www.ufmg.br\/estacaoecologica\/wp-json\/wp\/v2\/pages"}],"about":[{"href":"https:\/\/www.ufmg.br\/estacaoecologica\/wp-json\/wp\/v2\/types\/page"}],"author":[{"embeddable":true,"href":"https:\/\/www.ufmg.br\/estacaoecologica\/wp-json\/wp\/v2\/users\/14"}],"replies":[{"embeddable":true,"href":"https:\/\/www.ufmg.br\/estacaoecologica\/wp-json\/wp\/v2\/comments?post=20118"}],"version-history":[{"count":1,"href":"https:\/\/www.ufmg.br\/estacaoecologica\/wp-json\/wp\/v2\/pages\/20118\/revisions"}],"predecessor-version":[{"id":20119,"href":"https:\/\/www.ufmg.br\/estacaoecologica\/wp-json\/wp\/v2\/pages\/20118\/revisions\/20119"}],"up":[{"embeddable":true,"href":"https:\/\/www.ufmg.br\/estacaoecologica\/wp-json\/wp\/v2\/pages\/20087"}],"wp:attachment":[{"href":"https:\/\/www.ufmg.br\/estacaoecologica\/wp-json\/wp\/v2\/media?parent=20118"}],"curies":[{"name":"wp","href":"https:\/\/api.w.org\/{rel}","templated":true}]}}