{"id":153,"date":"2024-08-02T15:16:52","date_gmt":"2024-08-02T18:16:52","guid":{"rendered":"https:\/\/www.ufmg.br\/template\/?page_id=153"},"modified":"2025-06-26T15:13:08","modified_gmt":"2025-06-26T18:13:08","slug":"apresentacao","status":"publish","type":"page","link":"https:\/\/www.ufmg.br\/festivaldeinverno\/apresentacao\/","title":{"rendered":"Culturas e Universidade"},"content":{"rendered":"\n<p>As universidades federais brasileiras t\u00eam sido protagonistas de um importante movimento nacional de fortalecimento das pol\u00edticas culturais e das inst\u00e2ncias de gest\u00e3o e produ\u00e7\u00e3o cultural nas universidades p\u00fablicas, reconhecendo o seu importante papel na constru\u00e7\u00e3o de uma agenda transversal de pol\u00edticas p\u00fablicas.<\/p>\n\n\n\n<p><br>Em artigo conjunto escrito por UFRJ, UFJF e UFMG para o 3\u00ba. Congresso Latino-americano de Gest\u00e3o Cultural, os dirigentes de cultura apontam que, de forma articulada, as universidades refletem sobre como as pol\u00edticas culturais institucionais podem ser respostas aos desafios que afetam o Brasil e a Am\u00e9rica Latina a partir das transforma\u00e7\u00f5es aceleradas de nossas sociedades contempor\u00e2neas no campo cultural. Na era da converg\u00eancia digital e da economia cultural-cognitiva e atencional, o campo cultural ocupa lugar estrat\u00e9gico nos projetos de sociedade em disputa. Nossas institui\u00e7\u00f5es p\u00fablicas de ensino superior v\u00eam paulatinamente reconhecendo o papel reservado a elas nesse contexto e v\u00eam estruturando uma nova governan\u00e7a para a \u00e1rea da cultura que reflete sua necess\u00e1ria centralidade e transversalidade nos projetos acad\u00eamicos.<\/p>\n\n\n\n<p><br>O processo em curso ancora-se nos princ\u00edpios da cultura como direito constitucional e no reconhecimento da universidade como uma institui\u00e7\u00e3o de ensino, pesquisa, extens\u00e3o e cultura, que opera com uma nova compreens\u00e3o do lugar da cultura na universidade e do lugar da universidade no campo cultural. As mudan\u00e7as configuram-se atrav\u00e9s do fortalecimento da institucionalidade dos setores culturais das universidades, que se inserem na estrutura organizacional como Pr\u00f3-reitorias de Cultura ou Pr\u00f3-Reitorias de Extens\u00e3o e Cultura (aproximadamente 60% das universidades federais brasileiras) e instituem pol\u00edticas e planos plurianuais institucionais de cultura.<\/p>\n\n\n\n<p><br>Em comum, nossas universidades s\u00e3o respons\u00e1veis pela gest\u00e3o de importantes espa\u00e7os culturais e museus, apresentam pol\u00edticas estruturadas de amplo alcance acad\u00eamico, desenvolvem relevantes programas, projetos e a\u00e7\u00f5es de grande alcance para o p\u00fablico de suas comunidades internas e externas, respondendo \u00e0 import\u00e2ncia estrat\u00e9gica do campo cultural na contemporaneidade e em seu papel central nos projetos acad\u00eamicos das universidades contempor\u00e2neas.<\/p>\n\n\n\n<p><br>Entre as premissas compartilhadas est\u00e3o a afirma\u00e7\u00e3o da cultura como direito do cidad\u00e3o, a compreens\u00e3o da universidade como espa\u00e7o de cultura, o reconhecimento da dimens\u00e3o acad\u00eamica do campo cultural, a perspectiva da transversalidade da cultura, a necessidade da institucionaliza\u00e7\u00e3o da cultura no organograma das universidades atrav\u00e9s de estruturas de gest\u00e3o, pol\u00edticas e planos de cultura e o fortalecimento dos departamentos de artes e culturas j\u00e1 existentes nas institui\u00e7\u00f5es.<\/p>\n\n\n\n<p><br>Nesta 57\u00aa. edi\u00e7\u00e3o do Festival de Inverno da UFMG, olhamos em perspectiva os avan\u00e7os do campo cultural nas nossas universidades, colocando em foco a UFMG e os 3 anos da cria\u00e7\u00e3o de sua Pr\u00f3-reitoria de Cultura, a partir de resolu\u00e7\u00e3o de 2 de junho de 2022. Essa longa hist\u00f3ria atravessa os 100 anos da Escola de M\u00fasica da UFMG, os 99 anos do Conservat\u00f3rio, os 57 anos do Festival de Inverno, os 36 anos do Centro Cultural, os 15 anos do Espa\u00e7o do Conhecimento, entre tantos espa\u00e7os culturais, museus, programas e projetos. Nossas redes de cultura nas universidades s\u00e3o celebradas tamb\u00e9m pela parceria com os Festivais da UFOP e UFSJ, com o F\u00f3rum de Gest\u00e3o Cultural das Institui\u00e7\u00f5es P\u00fablicas de Ensino Superior (Forcult), com os projetos de alcance nacional e internacional, com o MINC e seus Comit\u00eas de Cultura e com os agentes culturais dos Pontos de Cultura. Nos somamos aos congressos nacionais de dan\u00e7a, hist\u00f3ria e psicologia, em uma partilha art\u00edstica-cultural. Exposi\u00e7\u00f5es re\u00fanem em diversos espa\u00e7os a mem\u00f3ria da UFMG (Centen\u00e1ria), os saberes ind\u00edgenas em curadoria do Espa\u00e7o do Conhecimento (Mundos Ind\u00edgenas) e apresentam um Museu Casa Padre Toledo renovado (Tiradentes Passado Presente), em sua miss\u00e3o de ser um Museu da cidade de Tiradentes.<\/p>\n\n\n\n<p><br>Transversal no tempo, no territ\u00f3rio, nas a\u00e7\u00f5es; estabelecendo redes de partilha, cria\u00e7\u00e3o e projetos; o Festival de Inverno da UFMG confirma sua voca\u00e7\u00e3o de tomar a hist\u00f3ria como plataforma para tecer o presente e projetar o futuro.<\/p>\n","protected":false},"excerpt":{"rendered":"<p>As universidades federais brasileiras t\u00eam sido protagonistas de um importante movimento nacional de fortalecimento das pol\u00edticas culturais e das inst\u00e2ncias de gest\u00e3o e produ\u00e7\u00e3o cultural nas universidades p\u00fablicas, reconhecendo o seu importante papel na constru\u00e7\u00e3o de uma agenda transversal de pol\u00edticas p\u00fablicas. Em artigo conjunto escrito por UFRJ, UFJF e UFMG para o 3\u00ba. Congresso [&hellip;]<\/p>\n","protected":false},"author":1,"featured_media":0,"parent":0,"menu_order":0,"comment_status":"closed","ping_status":"closed","template":"","meta":{"_acf_changed":false,"footnotes":""},"class_list":["post-153","page","type-page","status-publish","hentry"],"acf":[],"_links":{"self":[{"href":"https:\/\/www.ufmg.br\/festivaldeinverno\/wp-json\/wp\/v2\/pages\/153"}],"collection":[{"href":"https:\/\/www.ufmg.br\/festivaldeinverno\/wp-json\/wp\/v2\/pages"}],"about":[{"href":"https:\/\/www.ufmg.br\/festivaldeinverno\/wp-json\/wp\/v2\/types\/page"}],"author":[{"embeddable":true,"href":"https:\/\/www.ufmg.br\/festivaldeinverno\/wp-json\/wp\/v2\/users\/1"}],"replies":[{"embeddable":true,"href":"https:\/\/www.ufmg.br\/festivaldeinverno\/wp-json\/wp\/v2\/comments?post=153"}],"version-history":[{"count":3,"href":"https:\/\/www.ufmg.br\/festivaldeinverno\/wp-json\/wp\/v2\/pages\/153\/revisions"}],"predecessor-version":[{"id":184,"href":"https:\/\/www.ufmg.br\/festivaldeinverno\/wp-json\/wp\/v2\/pages\/153\/revisions\/184"}],"wp:attachment":[{"href":"https:\/\/www.ufmg.br\/festivaldeinverno\/wp-json\/wp\/v2\/media?parent=153"}],"curies":[{"name":"wp","href":"https:\/\/api.w.org\/{rel}","templated":true}]}}