{"id":354,"date":"2025-07-02T08:52:49","date_gmt":"2025-07-02T11:52:49","guid":{"rendered":"https:\/\/www.ufmg.br\/festivaldeinverno\/?page_id=354"},"modified":"2025-07-11T09:35:15","modified_gmt":"2025-07-11T12:35:15","slug":"exposicoes","status":"publish","type":"page","link":"https:\/\/www.ufmg.br\/festivaldeinverno\/exposicoes\/","title":{"rendered":"Exposi\u00e7\u00f5es"},"content":{"rendered":"\n<figure class=\"wp-block-image size-full\"><a href=\"https:\/\/www.ufmg.br\/festivaldeinverno\/pompea-britto-vida-em-arte\/\" target=\"_blank\" rel=\"noreferrer noopener\"><img loading=\"lazy\" decoding=\"async\" width=\"786\" height=\"288\" src=\"https:\/\/www.ufmg.br\/festivaldeinverno\/wp-content\/uploads\/2025\/07\/foto_exposicao-Pompeia-Brito-1.png\" alt=\"\" class=\"wp-image-355\" srcset=\"https:\/\/www.ufmg.br\/festivaldeinverno\/wp-content\/uploads\/2025\/07\/foto_exposicao-Pompeia-Brito-1.png 786w, https:\/\/www.ufmg.br\/festivaldeinverno\/wp-content\/uploads\/2025\/07\/foto_exposicao-Pompeia-Brito-1-300x110.png 300w, https:\/\/www.ufmg.br\/festivaldeinverno\/wp-content\/uploads\/2025\/07\/foto_exposicao-Pompeia-Brito-1-768x281.png 768w\" sizes=\"(max-width: 786px) 100vw, 786px\" \/><\/a><\/figure>\n\n\n\n<p><\/p>\n\n\n\n<p class=\"has-vivid-red-color has-text-color has-link-color wp-elements-217181bff7314403efdc4c1c4dee6973\"><strong><a href=\"https:\/\/www.ufmg.br\/festivaldeinverno\/pompea-britto-vida-em-arte\/\">Pomp\u00e9a Britto: vida em arte<\/a><\/strong><\/p>\n\n\n\n<p class=\"has-small-font-size\"><strong>Curadoria: <\/strong>Lucia Gouv\u00eaa Pimentel e Fabricio Fernandino<strong><br>Abertura: <\/strong>11 de julho, \u00e0s 19h<br><strong>Local: <\/strong>Grande Galeria do <a href=\"https:\/\/www.ufmg.br\/festivaldeinverno\/local\/centrocultural\/\" target=\"_blank\" rel=\"noreferrer noopener\">Centro Cultural UFMG<\/a><br><strong>Visita\u00e7\u00e3o: <\/strong>at\u00e9 17 de agosto de 2025<br><strong>Hor\u00e1rio:<\/strong> ter\u00e7as a sextas das 9h \u00e0s 20h; s\u00e1bados, domingos e feriados das 9h \u00e0s 17h<\/p>\n\n\n\n<figure class=\"wp-block-image size-full\"><a href=\"https:\/\/www.ufmg.br\/festivaldeinverno\/centenario-grassmann-homenagem-de-rubens-matuck-ao-mestre-e-amigo-grassmannianas\/\" target=\"_blank\" rel=\"noreferrer noopener\"><img loading=\"lazy\" decoding=\"async\" width=\"786\" height=\"288\" src=\"https:\/\/www.ufmg.br\/festivaldeinverno\/wp-content\/uploads\/2025\/07\/foto_exposicao-centenario-Marcelo-Grassman-1-1.png\" alt=\"\" class=\"wp-image-357\" srcset=\"https:\/\/www.ufmg.br\/festivaldeinverno\/wp-content\/uploads\/2025\/07\/foto_exposicao-centenario-Marcelo-Grassman-1-1.png 786w, https:\/\/www.ufmg.br\/festivaldeinverno\/wp-content\/uploads\/2025\/07\/foto_exposicao-centenario-Marcelo-Grassman-1-1-300x110.png 300w, https:\/\/www.ufmg.br\/festivaldeinverno\/wp-content\/uploads\/2025\/07\/foto_exposicao-centenario-Marcelo-Grassman-1-1-768x281.png 768w\" sizes=\"(max-width: 786px) 100vw, 786px\" \/><\/a><\/figure>\n\n\n\n<p><\/p>\n\n\n\n<p class=\"has-vivid-red-color has-text-color has-link-color wp-elements-905311cf207ea7c571cc064eb92a77f9\"><strong><a href=\"https:\/\/www.ufmg.br\/festivaldeinverno\/centenario-grassmann-homenagem-de-rubens-matuck-ao-mestre-e-amigo-grassmannianas\/\" target=\"_blank\" rel=\"noreferrer noopener\">Centen\u00e1rio Grassmann | Homenagem de Rubens Matuck ao mestre e amigo | Grassmannianas<\/a><\/strong><\/p>\n\n\n\n<p class=\"has-small-font-size\"><strong>Curadoria: <\/strong>George Rembrandt Gutlich<br><strong>Cocuradoria: <\/strong>Fernando Costaa<br><strong>Design Expositivo:<\/strong> Patricia Brandstatter<br><strong>Abertura: <\/strong>11 de julho, \u00e0s 19h<br><strong>Locais:<\/strong> Sala Celso Renato de Lima e Espa\u00e7o Experimenta\u00e7\u00e3o da Imagem do Centro Cultural UFMG<br><strong>Visita\u00e7\u00e3o:<\/strong> at\u00e9 17 de agosto de 2025<br><strong>Hor\u00e1rio:<\/strong> ter\u00e7as a sextas das 9h \u00e0s 20h; s\u00e1bados, domingos e feriados das 9h \u00e0s 17h<\/p>\n\n\n\n<p class=\"has-small-font-size\"><\/p>\n\n\n\n<figure class=\"wp-block-image size-full is-resized\"><a href=\"https:\/\/www.ufmg.br\/festivaldeinverno\/centro-cultural-ufmg-2018-2025\/\" target=\"_blank\" rel=\"noreferrer noopener\"><img loading=\"lazy\" decoding=\"async\" width=\"786\" height=\"288\" src=\"https:\/\/www.ufmg.br\/festivaldeinverno\/wp-content\/uploads\/2025\/07\/foto_exposicao-Grafias-do-Tempo.png\" alt=\"\" class=\"wp-image-457\" style=\"width:840px;height:auto\" srcset=\"https:\/\/www.ufmg.br\/festivaldeinverno\/wp-content\/uploads\/2025\/07\/foto_exposicao-Grafias-do-Tempo.png 786w, https:\/\/www.ufmg.br\/festivaldeinverno\/wp-content\/uploads\/2025\/07\/foto_exposicao-Grafias-do-Tempo-300x110.png 300w, https:\/\/www.ufmg.br\/festivaldeinverno\/wp-content\/uploads\/2025\/07\/foto_exposicao-Grafias-do-Tempo-768x281.png 768w\" sizes=\"(max-width: 786px) 100vw, 786px\" \/><\/a><\/figure>\n\n\n\n<p><\/p>\n\n\n\n<p class=\"has-vivid-red-color has-text-color has-link-color wp-elements-5a366129c6add40805b14ddbf5508637\"><strong><a href=\"https:\/\/www.ufmg.br\/festivaldeinverno\/centro-cultural-ufmg-2018-2025\/\" target=\"_blank\" rel=\"noreferrer noopener\">Centro Cultural UFMG: 2018-2025<\/a><\/strong><\/p>\n\n\n\n<p class=\"has-small-font-size\"><strong>Curadoria:<\/strong> Fabr\u00edcio Fernandino<br><strong>Abertura:<\/strong> 11 de julho, \u00e0s 19h<br><strong>Local:<\/strong> Sala Ana Horta do <a href=\"https:\/\/www.ufmg.br\/festivaldeinverno\/local\/centrocultural\/\" target=\"_blank\" rel=\"noreferrer noopener\">Centro Cultural UFMG<\/a><br><strong>Visita\u00e7\u00e3o: <\/strong>at\u00e9 17 de agosto de 2025<br><strong>Hor\u00e1rio: <\/strong>ter\u00e7as a sextas das 9h \u00e0s 20h; s\u00e1bados, domingos e feriados das 9h \u00e0s 17h<\/p>\n\n\n\n<figure class=\"wp-block-image size-full is-resized\"><a href=\"https:\/\/www.ufmg.br\/festivaldeinverno\/mundos-indigenas\/\" target=\"_blank\" rel=\"noreferrer noopener\"><img loading=\"lazy\" decoding=\"async\" width=\"786\" height=\"288\" src=\"https:\/\/www.ufmg.br\/festivaldeinverno\/wp-content\/uploads\/2025\/07\/foto_mundos-indigenas-2.png\" alt=\"\" class=\"wp-image-385\" style=\"width:840px;height:auto\" srcset=\"https:\/\/www.ufmg.br\/festivaldeinverno\/wp-content\/uploads\/2025\/07\/foto_mundos-indigenas-2.png 786w, https:\/\/www.ufmg.br\/festivaldeinverno\/wp-content\/uploads\/2025\/07\/foto_mundos-indigenas-2-300x110.png 300w, https:\/\/www.ufmg.br\/festivaldeinverno\/wp-content\/uploads\/2025\/07\/foto_mundos-indigenas-2-768x281.png 768w\" sizes=\"(max-width: 786px) 100vw, 786px\" \/><\/a><\/figure>\n\n\n\n<p><\/p>\n\n\n\n<p class=\"has-vivid-red-color has-text-color has-link-color wp-elements-7c4a0ea237e2e5d6a9b0f13b11412f2f\"><strong><a href=\"https:\/\/www.ufmg.br\/festivaldeinverno\/mundos-indigenas\/\" target=\"_blank\" rel=\"noreferrer noopener\">Mundos Ind\u00edgenas<\/a><\/strong><\/p>\n\n\n\n<p class=\"has-small-font-size\"><strong>Curadoria:<\/strong> Davi Kopenawa e Joseca Yanomami, J\u00falio Magalh\u00e3es Ye\u2019kwana e Viviane Rocha Ye\u2019kwana, Vicente Xakriab\u00e1 (in memoriam), Edvaldo Xakriab\u00e1 e C\u00e9lia Xakriab\u00e1, Isael Maxakali e Sueli Maxakali, Kanatyo Pataxoop e Li\u00e7a Pataxoop<br><strong>Local: <\/strong>Mezanino da <a href=\"https:\/\/www.ufmg.br\/festivaldeinverno\/local\/reitoria-da-ufmg\/\" target=\"_blank\" rel=\"noreferrer noopener\">Reitoria da UFMG<\/a><br><strong>Visita\u00e7\u00e3o:<\/strong> at\u00e9 15 de dezembro de 2025<br><strong>Hor\u00e1rio: <\/strong>segunda a sexta das 8h \u00e0s 18h<\/p>\n\n\n\n<figure class=\"wp-block-image size-full\"><a href=\"https:\/\/www.ufmg.br\/festivaldeinverno\/corte-seco-paulo-nazareth\/\" target=\"_blank\" rel=\"noreferrer noopener\"><img loading=\"lazy\" decoding=\"async\" width=\"786\" height=\"288\" src=\"https:\/\/www.ufmg.br\/festivaldeinverno\/wp-content\/uploads\/2025\/07\/foto_Zequinha-Barreto.png\" alt=\"\" class=\"wp-image-388\" srcset=\"https:\/\/www.ufmg.br\/festivaldeinverno\/wp-content\/uploads\/2025\/07\/foto_Zequinha-Barreto.png 786w, https:\/\/www.ufmg.br\/festivaldeinverno\/wp-content\/uploads\/2025\/07\/foto_Zequinha-Barreto-300x110.png 300w, https:\/\/www.ufmg.br\/festivaldeinverno\/wp-content\/uploads\/2025\/07\/foto_Zequinha-Barreto-768x281.png 768w\" sizes=\"(max-width: 786px) 100vw, 786px\" \/><\/a><\/figure>\n\n\n\n<p><\/p>\n\n\n\n<p class=\"has-vivid-red-color has-text-color has-link-color wp-elements-e37c6bb67b41d1a4574b189621e42525\"><strong><a href=\"https:\/\/www.ufmg.br\/festivaldeinverno\/corte-seco-paulo-nazareth\/\" target=\"_blank\" rel=\"noreferrer noopener\">Corte Seco &#8211; Paulo Nazareth<\/a><\/strong><\/p>\n\n\n\n<p class=\"has-small-font-size\"><strong>Curadoria:<\/strong> Daniele de S\u00e1 Alves<br><strong>Local: <\/strong><a href=\"https:\/\/www.ufmg.br\/festivaldeinverno\/local\/campus-pampulha\/\" target=\"_blank\" rel=\"noreferrer noopener\">Campus Pampulha da UFMG<\/a><br><strong>Visita\u00e7\u00e3o:<\/strong> tempo indeterminado<\/p>\n\n\n\n<p><\/p>\n\n\n\n<figure class=\"wp-block-image size-full\"><img loading=\"lazy\" decoding=\"async\" width=\"786\" height=\"288\" src=\"https:\/\/www.ufmg.br\/festivaldeinverno\/wp-content\/uploads\/2025\/06\/foto_exposicao-museu-casa-Padre-Toledo.png\" alt=\"\" class=\"wp-image-410\" srcset=\"https:\/\/www.ufmg.br\/festivaldeinverno\/wp-content\/uploads\/2025\/06\/foto_exposicao-museu-casa-Padre-Toledo.png 786w, https:\/\/www.ufmg.br\/festivaldeinverno\/wp-content\/uploads\/2025\/06\/foto_exposicao-museu-casa-Padre-Toledo-300x110.png 300w, https:\/\/www.ufmg.br\/festivaldeinverno\/wp-content\/uploads\/2025\/06\/foto_exposicao-museu-casa-Padre-Toledo-768x281.png 768w\" sizes=\"(max-width: 786px) 100vw, 786px\" \/><\/figure>\n\n\n\n<p><\/p>\n\n\n\n<p class=\"has-vivid-red-color has-text-color has-link-color wp-elements-ab910266f2c3a72bbf3d18784716f191\"><strong><a href=\"https:\/\/www.ufmg.br\/festivaldeinverno\/programacao\/reabertura-do-museu-casa-padre-toledo\/\" target=\"_blank\" rel=\"noreferrer noopener\">Tiradentes Passado Presente<\/a><\/strong><\/p>\n\n\n\n<p class=\"has-small-font-size\"><strong>Curadoria:<\/strong> Fabricio Fernandino, Din\u00e1 Marques, Patricia Franca-Huchet, Fernando Mencarelli e Lorena Mello<br><strong>Local: <\/strong><a href=\"https:\/\/www.ufmg.br\/festivaldeinverno\/local\/museu-casa-padre-toledo\/\" target=\"_blank\" rel=\"noreferrer noopener\">Museu Casa Padre Toledo<\/a><br><strong>Visita\u00e7\u00e3o:<\/strong> tempo indeterminado<\/p>\n\n\n\n<figure class=\"wp-block-image size-full\"><a href=\"https:\/\/www.ufmg.br\/festivaldeinverno\/abrigo\/\" target=\"_blank\" rel=\"noreferrer noopener\"><img loading=\"lazy\" decoding=\"async\" width=\"786\" height=\"288\" src=\"https:\/\/www.ufmg.br\/festivaldeinverno\/wp-content\/uploads\/2025\/07\/abrigo.jpg\" alt=\"\" class=\"wp-image-499\" srcset=\"https:\/\/www.ufmg.br\/festivaldeinverno\/wp-content\/uploads\/2025\/07\/abrigo.jpg 786w, https:\/\/www.ufmg.br\/festivaldeinverno\/wp-content\/uploads\/2025\/07\/abrigo-300x110.jpg 300w, https:\/\/www.ufmg.br\/festivaldeinverno\/wp-content\/uploads\/2025\/07\/abrigo-768x281.jpg 768w\" sizes=\"(max-width: 786px) 100vw, 786px\" \/><\/a><\/figure>\n\n\n\n<p><\/p>\n\n\n\n<p class=\"has-vivid-red-color has-text-color has-link-color wp-elements-dc63f5c03bc04bff8b58fbc156138024\"><strong><a href=\"https:\/\/www.ufmg.br\/festivaldeinverno\/abrigo\/\" target=\"_blank\" rel=\"noreferrer noopener\">Abrigo<\/a><\/strong><\/p>\n\n\n\n<p class=\"has-small-font-size\"><strong>Curadoria:<\/strong> Fabr\u00edcio Fernandino<br><strong>Artista:<\/strong> Laura Dias<br><strong>Abertura: <\/strong>11 de julho, \u00e0s 19h<br><strong>Local:<\/strong> Hall de entrada do <a href=\"https:\/\/www.ufmg.br\/festivaldeinverno\/local\/centrocultural\/\" target=\"_blank\" rel=\"noreferrer noopener\">Centro Cultural UFMG<\/a><br><strong>Visita\u00e7\u00e3o:<\/strong> at\u00e9 17 de agosto de 2025<br><strong>Hor\u00e1rio: <\/strong>ter\u00e7as a sextas das 9h \u00e0s 20h; s\u00e1bados, domingos e feriados das 9h \u00e0s 17h<\/p>\n\n\n\n<p class=\"has-small-font-size\"><\/p>\n\n\n\n<p><\/p>\n","protected":false},"excerpt":{"rendered":"<p>Pomp\u00e9a Britto: vida em arte Curadoria: Lucia Gouv\u00eaa Pimentel e Fabricio FernandinoAbertura: 11 de julho, \u00e0s 19hLocal: Grande Galeria do Centro Cultural UFMGVisita\u00e7\u00e3o: at\u00e9 17 de agosto de 2025Hor\u00e1rio: ter\u00e7as a sextas das 9h \u00e0s 20h; s\u00e1bados, domingos e feriados das 9h \u00e0s 17h Centen\u00e1rio Grassmann | Homenagem de Rubens Matuck ao mestre e amigo [&hellip;]<\/p>\n","protected":false},"author":1,"featured_media":0,"parent":0,"menu_order":0,"comment_status":"closed","ping_status":"closed","template":"","meta":{"_acf_changed":false,"footnotes":""},"class_list":["post-354","page","type-page","status-publish","hentry"],"acf":[],"_links":{"self":[{"href":"https:\/\/www.ufmg.br\/festivaldeinverno\/wp-json\/wp\/v2\/pages\/354"}],"collection":[{"href":"https:\/\/www.ufmg.br\/festivaldeinverno\/wp-json\/wp\/v2\/pages"}],"about":[{"href":"https:\/\/www.ufmg.br\/festivaldeinverno\/wp-json\/wp\/v2\/types\/page"}],"author":[{"embeddable":true,"href":"https:\/\/www.ufmg.br\/festivaldeinverno\/wp-json\/wp\/v2\/users\/1"}],"replies":[{"embeddable":true,"href":"https:\/\/www.ufmg.br\/festivaldeinverno\/wp-json\/wp\/v2\/comments?post=354"}],"version-history":[{"count":42,"href":"https:\/\/www.ufmg.br\/festivaldeinverno\/wp-json\/wp\/v2\/pages\/354\/revisions"}],"predecessor-version":[{"id":501,"href":"https:\/\/www.ufmg.br\/festivaldeinverno\/wp-json\/wp\/v2\/pages\/354\/revisions\/501"}],"wp:attachment":[{"href":"https:\/\/www.ufmg.br\/festivaldeinverno\/wp-json\/wp\/v2\/media?parent=354"}],"curies":[{"name":"wp","href":"https:\/\/api.w.org\/{rel}","templated":true}]}}