{"id":398,"date":"2025-07-02T09:54:43","date_gmt":"2025-07-02T12:54:43","guid":{"rendered":"https:\/\/www.ufmg.br\/festivaldeinverno\/?page_id=398"},"modified":"2025-07-03T15:59:44","modified_gmt":"2025-07-03T18:59:44","slug":"centro-cultural-ufmg-2018-2025","status":"publish","type":"page","link":"https:\/\/www.ufmg.br\/festivaldeinverno\/centro-cultural-ufmg-2018-2025\/","title":{"rendered":"Centro Cultural UFMG: 2018-2025"},"content":{"rendered":"\n<figure class=\"wp-block-image size-large is-resized\"><img loading=\"lazy\" decoding=\"async\" width=\"1024\" height=\"576\" src=\"https:\/\/www.ufmg.br\/festivaldeinverno\/wp-content\/uploads\/2025\/07\/Exposicao-Grafias-do-Tempo-Vania-Barbosa-Dezembro-2023-1-1024x576.jpg\" alt=\"\" class=\"wp-image-462\" style=\"width:457px;height:auto\" srcset=\"https:\/\/www.ufmg.br\/festivaldeinverno\/wp-content\/uploads\/2025\/07\/Exposicao-Grafias-do-Tempo-Vania-Barbosa-Dezembro-2023-1-1024x576.jpg 1024w, https:\/\/www.ufmg.br\/festivaldeinverno\/wp-content\/uploads\/2025\/07\/Exposicao-Grafias-do-Tempo-Vania-Barbosa-Dezembro-2023-1-300x169.jpg 300w, https:\/\/www.ufmg.br\/festivaldeinverno\/wp-content\/uploads\/2025\/07\/Exposicao-Grafias-do-Tempo-Vania-Barbosa-Dezembro-2023-1-768x432.jpg 768w, https:\/\/www.ufmg.br\/festivaldeinverno\/wp-content\/uploads\/2025\/07\/Exposicao-Grafias-do-Tempo-Vania-Barbosa-Dezembro-2023-1-1536x864.jpg 1536w, https:\/\/www.ufmg.br\/festivaldeinverno\/wp-content\/uploads\/2025\/07\/Exposicao-Grafias-do-Tempo-Vania-Barbosa-Dezembro-2023-1-2048x1152.jpg 2048w\" sizes=\"(max-width: 1024px) 100vw, 1024px\" \/><\/figure>\n\n\n\n<p><\/p>\n\n\n\n<p>A mostra apresenta uma sele\u00e7\u00e3o das principais produ\u00e7\u00f5es realizadas no Centro Cultural UFMG entre 2018 e 2025, reunindo fotografias, folders, flyers, edi\u00e7\u00f5es da revista <em>Guaicurus <\/em>e reprodu\u00e7\u00e3o dos mais significativos conte\u00fados realizados de forma virtual pelos projetos <em>Quem ser\u00e1 o Artista?<\/em>, <em>Aulas Abertas<\/em>, <em>Di\u00e1logos: artista e curador<\/em>, <em>Arte Revista<\/em> e <em>podcasts<\/em>.<\/p>\n\n\n\n<p><strong>Curadoria:<\/strong><\/p>\n\n\n\n<p><em><strong>Fabr\u00edcio Fernandino<\/strong> <\/em>&#8211; diretor do Centro Cultural UFMG (2018-2022\/2022-2026). Escultor. Professor da Escola de Belas Artes da UFMG. Primeiro Diretor de A\u00e7\u00e3o Cultural da UFMG (2002-2006). Diretor do Museu de Hist\u00f3ria Natural e Jardim Bot\u00e2nico da UFMG (2006-2013).<\/p>\n\n\n\n<p><strong>Abertura:<\/strong> 11 de julho, \u00e0s 19h<br><strong>Local: <\/strong>Sala Ana Horta do <a href=\"https:\/\/www.ufmg.br\/festivaldeinverno\/local\/centrocultural\/\" target=\"_blank\" rel=\"noreferrer noopener\">Centro Cultural UFMG<\/a><br><strong>Visita\u00e7\u00e3o: <\/strong>at\u00e9 17 de agosto de 2025<br><strong>Hor\u00e1rio:<\/strong> ter\u00e7as a sextas das 9h \u00e0s 20h; s\u00e1bados, domingos e feriados das 9h \u00e0s 17h<\/p>\n","protected":false},"excerpt":{"rendered":"<p>A mostra apresenta uma sele\u00e7\u00e3o das principais produ\u00e7\u00f5es realizadas no Centro Cultural UFMG entre 2018 e 2025, reunindo fotografias, folders, flyers, edi\u00e7\u00f5es da revista Guaicurus e reprodu\u00e7\u00e3o dos mais significativos conte\u00fados realizados de forma virtual pelos projetos Quem ser\u00e1 o Artista?, Aulas Abertas, Di\u00e1logos: artista e curador, Arte Revista e podcasts. Curadoria: Fabr\u00edcio Fernandino &#8211; [&hellip;]<\/p>\n","protected":false},"author":1,"featured_media":0,"parent":0,"menu_order":0,"comment_status":"closed","ping_status":"closed","template":"","meta":{"_acf_changed":false,"footnotes":""},"class_list":["post-398","page","type-page","status-publish","hentry"],"acf":[],"_links":{"self":[{"href":"https:\/\/www.ufmg.br\/festivaldeinverno\/wp-json\/wp\/v2\/pages\/398"}],"collection":[{"href":"https:\/\/www.ufmg.br\/festivaldeinverno\/wp-json\/wp\/v2\/pages"}],"about":[{"href":"https:\/\/www.ufmg.br\/festivaldeinverno\/wp-json\/wp\/v2\/types\/page"}],"author":[{"embeddable":true,"href":"https:\/\/www.ufmg.br\/festivaldeinverno\/wp-json\/wp\/v2\/users\/1"}],"replies":[{"embeddable":true,"href":"https:\/\/www.ufmg.br\/festivaldeinverno\/wp-json\/wp\/v2\/comments?post=398"}],"version-history":[{"count":4,"href":"https:\/\/www.ufmg.br\/festivaldeinverno\/wp-json\/wp\/v2\/pages\/398\/revisions"}],"predecessor-version":[{"id":463,"href":"https:\/\/www.ufmg.br\/festivaldeinverno\/wp-json\/wp\/v2\/pages\/398\/revisions\/463"}],"wp:attachment":[{"href":"https:\/\/www.ufmg.br\/festivaldeinverno\/wp-json\/wp\/v2\/media?parent=398"}],"curies":[{"name":"wp","href":"https:\/\/api.w.org\/{rel}","templated":true}]}}