{"id":407,"date":"2025-07-02T09:57:37","date_gmt":"2025-07-02T12:57:37","guid":{"rendered":"https:\/\/www.ufmg.br\/festivaldeinverno\/?page_id=407"},"modified":"2025-07-02T10:19:09","modified_gmt":"2025-07-02T13:19:09","slug":"corte-seco-paulo-nazareth","status":"publish","type":"page","link":"https:\/\/www.ufmg.br\/festivaldeinverno\/corte-seco-paulo-nazareth\/","title":{"rendered":"Corte Seco &#8211; Paulo Nazareth"},"content":{"rendered":"\n<figure class=\"wp-block-image size-full is-resized\"><img loading=\"lazy\" decoding=\"async\" width=\"512\" height=\"342\" src=\"https:\/\/www.ufmg.br\/festivaldeinverno\/wp-content\/uploads\/2025\/07\/corte.jpg\" alt=\"\" class=\"wp-image-422\" style=\"width:445px;height:auto\" srcset=\"https:\/\/www.ufmg.br\/festivaldeinverno\/wp-content\/uploads\/2025\/07\/corte.jpg 512w, https:\/\/www.ufmg.br\/festivaldeinverno\/wp-content\/uploads\/2025\/07\/corte-300x200.jpg 300w\" sizes=\"(max-width: 512px) 100vw, 512px\" \/><\/figure>\n\n\n\n<p><\/p>\n\n\n\n<p>Seis \u201cmonumentos\u201d, obras\u00a0de grandes dimens\u00f5es que homenageiam personagens com atua\u00e7\u00e3o hist\u00f3rica relacionada \u00e0 resist\u00eancia e \u00e0 luta por direitos, est\u00e3o instalados em diferentes pontos do campus Pampulha. A proposta da exposi\u00e7\u00e3o \u00e9 um\u00a0desdobramento do projeto &#8220;PEDAGOGIA &#8211; Ocupa\u00e7\u00e3o Art\u00edstica Paulo Nazareth\u201d,\u00a0realizado na Faculdade de Educa\u00e7\u00e3o da UFMG entre novembro de 2023 e julho de 2024, contando com a coordena\u00e7\u00e3o da professora Daniele de S\u00e1 Alves. Os \u2018monumentos\u2019 s\u00e3o um extrato da s\u00e9rie\u00a0<em>Corte-seco<\/em>, do artista visual Paulo Nazareth, composta de 127\u00a0desenhos desses personagens que, em algum momento, foram apagados dos c\u00e2nones hist\u00f3ricos. <\/p>\n\n\n\n<p><strong>Curadoria:<\/strong> Daniele de S\u00e1 Alves<br><strong>Local: <\/strong><a href=\"https:\/\/www.ufmg.br\/festivaldeinverno\/local\/campus-pampulha\/\" target=\"_blank\" rel=\"noreferrer noopener\">Campus Pampulha da UFMG<\/a><br><strong>Visita\u00e7\u00e3o:<\/strong> tempo indeterminado<\/p>\n","protected":false},"excerpt":{"rendered":"<p>Seis \u201cmonumentos\u201d, obras\u00a0de grandes dimens\u00f5es que homenageiam personagens com atua\u00e7\u00e3o hist\u00f3rica relacionada \u00e0 resist\u00eancia e \u00e0 luta por direitos, est\u00e3o instalados em diferentes pontos do campus Pampulha. A proposta da exposi\u00e7\u00e3o \u00e9 um\u00a0desdobramento do projeto &#8220;PEDAGOGIA &#8211; Ocupa\u00e7\u00e3o Art\u00edstica Paulo Nazareth\u201d,\u00a0realizado na Faculdade de Educa\u00e7\u00e3o da UFMG entre novembro de 2023 e julho de 2024, [&hellip;]<\/p>\n","protected":false},"author":1,"featured_media":0,"parent":0,"menu_order":0,"comment_status":"closed","ping_status":"closed","template":"","meta":{"_acf_changed":false,"footnotes":""},"class_list":["post-407","page","type-page","status-publish","hentry"],"acf":[],"_links":{"self":[{"href":"https:\/\/www.ufmg.br\/festivaldeinverno\/wp-json\/wp\/v2\/pages\/407"}],"collection":[{"href":"https:\/\/www.ufmg.br\/festivaldeinverno\/wp-json\/wp\/v2\/pages"}],"about":[{"href":"https:\/\/www.ufmg.br\/festivaldeinverno\/wp-json\/wp\/v2\/types\/page"}],"author":[{"embeddable":true,"href":"https:\/\/www.ufmg.br\/festivaldeinverno\/wp-json\/wp\/v2\/users\/1"}],"replies":[{"embeddable":true,"href":"https:\/\/www.ufmg.br\/festivaldeinverno\/wp-json\/wp\/v2\/comments?post=407"}],"version-history":[{"count":7,"href":"https:\/\/www.ufmg.br\/festivaldeinverno\/wp-json\/wp\/v2\/pages\/407\/revisions"}],"predecessor-version":[{"id":428,"href":"https:\/\/www.ufmg.br\/festivaldeinverno\/wp-json\/wp\/v2\/pages\/407\/revisions\/428"}],"wp:attachment":[{"href":"https:\/\/www.ufmg.br\/festivaldeinverno\/wp-json\/wp\/v2\/media?parent=407"}],"curies":[{"name":"wp","href":"https:\/\/api.w.org\/{rel}","templated":true}]}}