{"id":493,"date":"2025-07-10T16:56:14","date_gmt":"2025-07-10T19:56:14","guid":{"rendered":"https:\/\/www.ufmg.br\/festivaldeinverno\/?page_id=493"},"modified":"2025-07-11T09:36:07","modified_gmt":"2025-07-11T12:36:07","slug":"abrigo","status":"publish","type":"page","link":"https:\/\/www.ufmg.br\/festivaldeinverno\/abrigo\/","title":{"rendered":"Abrigo"},"content":{"rendered":"\n<figure class=\"wp-block-image size-large is-resized\"><img loading=\"lazy\" decoding=\"async\" width=\"1024\" height=\"576\" src=\"https:\/\/www.ufmg.br\/festivaldeinverno\/wp-content\/uploads\/2025\/07\/IMG_20250618_150702814-1024x576.jpg\" alt=\"\" class=\"wp-image-502\" style=\"width:457px;height:auto\" srcset=\"https:\/\/www.ufmg.br\/festivaldeinverno\/wp-content\/uploads\/2025\/07\/IMG_20250618_150702814-1024x576.jpg 1024w, https:\/\/www.ufmg.br\/festivaldeinverno\/wp-content\/uploads\/2025\/07\/IMG_20250618_150702814-300x169.jpg 300w, https:\/\/www.ufmg.br\/festivaldeinverno\/wp-content\/uploads\/2025\/07\/IMG_20250618_150702814-768x432.jpg 768w, https:\/\/www.ufmg.br\/festivaldeinverno\/wp-content\/uploads\/2025\/07\/IMG_20250618_150702814-1536x864.jpg 1536w, https:\/\/www.ufmg.br\/festivaldeinverno\/wp-content\/uploads\/2025\/07\/IMG_20250618_150702814-2048x1152.jpg 2048w\" sizes=\"(max-width: 1024px) 100vw, 1024px\" \/><\/figure>\n\n\n\n<p><\/p>\n\n\n\n<p>Escultura inspirada em bot\u00f5es de flores fechados que, com extremidades pontiagudas e r\u00edgidas barras de ferro ao redor, cria uma dualidade entre proteger-se ou aprisionar-se dentro dela.<\/p>\n\n\n\n<p><strong>Artista:<\/strong><\/p>\n\n\n\n<p><strong><em>Laura Dias <\/em><\/strong>&#8211; graduanda em Artes Visuais na UFMG, atuando como artista, pesquisadora, curadora e produtora cultural. Sua produ\u00e7\u00e3o explora elementos org\u00e2nicos que transitam entre o inc\u00f4modo e o adocicado em diversas linguagens.<\/p>\n\n\n\n<p><strong>Curadoria:<\/strong><\/p>\n\n\n\n<p><strong><em>Fabr\u00edcio Fernandino<\/em><\/strong> &#8211; diretor do Centro Cultural UFMG (2018-2022\/2022-2026). Escultor. Pro-fessor da Escola de Belas Artes da UFMG. Primeiro Diretor de A\u00e7\u00e3o Cultural da UFMG (2002-2006). Diretor do Museu de Hist\u00f3ria Natural e Jardim Bot\u00e2nico da UFMG (2006-2013).<\/p>\n\n\n\n<p><br><strong>Abertura: <\/strong>11 de julho, \u00e0s 19h<br><strong>Local:<\/strong> Hall de entrada do <a href=\"https:\/\/www.ufmg.br\/festivaldeinverno\/local\/centrocultural\/\" target=\"_blank\" rel=\"noreferrer noopener\">Centro Cultural UFMG<\/a><br><strong>Visita\u00e7\u00e3o:<\/strong> at\u00e9 17 de agosto de 2025<br><strong>Hor\u00e1rio: <\/strong>ter\u00e7as a sextas das 9h \u00e0s 20h; s\u00e1bados, domingos e feriados das 9h \u00e0s 17h<\/p>\n\n\n\n<p><\/p>\n","protected":false},"excerpt":{"rendered":"<p>Escultura inspirada em bot\u00f5es de flores fechados que, com extremidades pontiagudas e r\u00edgidas barras de ferro ao redor, cria uma dualidade entre proteger-se ou aprisionar-se dentro dela. Artista: Laura Dias &#8211; graduanda em Artes Visuais na UFMG, atuando como artista, pesquisadora, curadora e produtora cultural. Sua produ\u00e7\u00e3o explora elementos org\u00e2nicos que transitam entre o inc\u00f4modo [&hellip;]<\/p>\n","protected":false},"author":1,"featured_media":0,"parent":0,"menu_order":0,"comment_status":"closed","ping_status":"closed","template":"","meta":{"_acf_changed":false,"footnotes":""},"class_list":["post-493","page","type-page","status-publish","hentry"],"acf":[],"_links":{"self":[{"href":"https:\/\/www.ufmg.br\/festivaldeinverno\/wp-json\/wp\/v2\/pages\/493"}],"collection":[{"href":"https:\/\/www.ufmg.br\/festivaldeinverno\/wp-json\/wp\/v2\/pages"}],"about":[{"href":"https:\/\/www.ufmg.br\/festivaldeinverno\/wp-json\/wp\/v2\/types\/page"}],"author":[{"embeddable":true,"href":"https:\/\/www.ufmg.br\/festivaldeinverno\/wp-json\/wp\/v2\/users\/1"}],"replies":[{"embeddable":true,"href":"https:\/\/www.ufmg.br\/festivaldeinverno\/wp-json\/wp\/v2\/comments?post=493"}],"version-history":[{"count":5,"href":"https:\/\/www.ufmg.br\/festivaldeinverno\/wp-json\/wp\/v2\/pages\/493\/revisions"}],"predecessor-version":[{"id":505,"href":"https:\/\/www.ufmg.br\/festivaldeinverno\/wp-json\/wp\/v2\/pages\/493\/revisions\/505"}],"wp:attachment":[{"href":"https:\/\/www.ufmg.br\/festivaldeinverno\/wp-json\/wp\/v2\/media?parent=493"}],"curies":[{"name":"wp","href":"https:\/\/api.w.org\/{rel}","templated":true}]}}