{"id":111,"date":"2024-08-02T12:26:15","date_gmt":"2024-08-02T15:26:15","guid":{"rendered":"https:\/\/www.ufmg.br\/template\/?page_id=111"},"modified":"2026-02-24T14:52:14","modified_gmt":"2026-02-24T17:52:14","slug":"contato","status":"publish","type":"page","link":"https:\/\/www.ufmg.br\/festivaldeverao\/contato\/","title":{"rendered":"Contato"},"content":{"rendered":"\n<p>D\u00favidas, elogios, sugest\u00f5es ou outras quest\u00f5es podem ser encaminhadas para o endere\u00e7o de e-mail <a href=\"mailto:info@procult.ufmg.br\">info@procult.ufmg.br<\/a>.<\/p>\n","protected":false},"excerpt":{"rendered":"<p>D\u00favidas, elogios, sugest\u00f5es ou outras quest\u00f5es podem ser encaminhadas para o endere\u00e7o de e-mail info@procult.ufmg.br.<\/p>\n","protected":false},"author":1,"featured_media":0,"parent":0,"menu_order":0,"comment_status":"closed","ping_status":"closed","template":"","meta":{"_acf_changed":false,"footnotes":""},"class_list":["post-111","page","type-page","status-publish","hentry"],"acf":[],"_links":{"self":[{"href":"https:\/\/www.ufmg.br\/festivaldeverao\/wp-json\/wp\/v2\/pages\/111"}],"collection":[{"href":"https:\/\/www.ufmg.br\/festivaldeverao\/wp-json\/wp\/v2\/pages"}],"about":[{"href":"https:\/\/www.ufmg.br\/festivaldeverao\/wp-json\/wp\/v2\/types\/page"}],"author":[{"embeddable":true,"href":"https:\/\/www.ufmg.br\/festivaldeverao\/wp-json\/wp\/v2\/users\/1"}],"replies":[{"embeddable":true,"href":"https:\/\/www.ufmg.br\/festivaldeverao\/wp-json\/wp\/v2\/comments?post=111"}],"version-history":[{"count":3,"href":"https:\/\/www.ufmg.br\/festivaldeverao\/wp-json\/wp\/v2\/pages\/111\/revisions"}],"predecessor-version":[{"id":263,"href":"https:\/\/www.ufmg.br\/festivaldeverao\/wp-json\/wp\/v2\/pages\/111\/revisions\/263"}],"wp:attachment":[{"href":"https:\/\/www.ufmg.br\/festivaldeverao\/wp-json\/wp\/v2\/media?parent=111"}],"curies":[{"name":"wp","href":"https:\/\/api.w.org\/{rel}","templated":true}]}}