{"id":153,"date":"2024-08-02T15:16:52","date_gmt":"2024-08-02T18:16:52","guid":{"rendered":"https:\/\/www.ufmg.br\/template\/?page_id=153"},"modified":"2026-03-09T14:38:51","modified_gmt":"2026-03-09T17:38:51","slug":"apresentacao","status":"publish","type":"page","link":"https:\/\/www.ufmg.br\/festivaldeverao\/apresentacao\/","title":{"rendered":"Tem\u00e1tica"},"content":{"rendered":"\n<p>O Festival de Ver\u00e3o UFMG parte do reconhecimento de que a cultura nas universidades p\u00fablicas se constr\u00f3i na conviv\u00eancia entre diferen\u00e7as, saberes e modos de existir. A no\u00e7\u00e3o de pluriversidade orienta esta edi\u00e7\u00e3o ao afirmar a coexist\u00eancia entre artes, culturas e ci\u00eancias, como territ\u00f3rios do sens\u00edvel imprescind\u00edveis para a forma\u00e7\u00e3o na universidade.<\/p>\n\n\n\n<p>Pluriversidade \u00e9 uma no\u00e7\u00e3o cunhada pelo fil\u00f3sofo sul-africano Mogobe Bernard Ramose, que nos indica a urg\u00eancia de praticar e reconhecer a multiplicidade de modos de ser e de produ\u00e7\u00e3o de conhecimento. Nesse sentido, o Festival afirma a pluralidade como fundamento da experi\u00eancia cultural.<\/p>\n\n\n\n<p>Em sua 20\u00b0 edi\u00e7\u00e3o, o Festival de Ver\u00e3o UFMG reitera sua natureza transversal por meio de exerc\u00edcios de aproxima\u00e7\u00e3o e conviv\u00eancia entre diferentes campos de conhecimento e saberes. De imagens audiovisuais em 360\u00b0 \u2014 fulldome \u2014 ao exerc\u00edcio pr\u00e1tico do bordado, a programa\u00e7\u00e3o reconhece a import\u00e2ncia do tr\u00e2nsito dos sujeitos pelos campos das artes, culturas e ci\u00eancias, incentivando deslocamentos, encontros e contamina\u00e7\u00f5es.<\/p>\n\n\n\n<p>Fotografia, desenho, dan\u00e7a, m\u00fasica, di\u00e1logos entre artistas doutores por not\u00f3rio saber, al\u00e9m de sess\u00f5es no planet\u00e1rio, configuram territ\u00f3rios de inven\u00e7\u00e3o convocados para viabilizar experi\u00eancias culturais.<\/p>\n\n\n\n<p>A Pr\u00f3-reitoria de Cultura da UFMG, ao mobilizar saberes e conhecimentos plurais, pratica e fortalece a Pol\u00edtica de Cultura da institui\u00e7\u00e3o, favorecendo o tr\u00e2nsito que articula, conecta, entrela\u00e7a e configura novos modos de pensar, imaginar, criar e habitar mundos.<\/p>\n\n\n\n<p>Fernando Mencarelli e M\u00f4nica Medeiros Ribeiro<br>Coordena\u00e7\u00e3o Geral do 20\u00b0 Festival de Ver\u00e3o da UFMG<\/p>\n","protected":false},"excerpt":{"rendered":"<p>O Festival de Ver\u00e3o UFMG parte do reconhecimento de que a cultura nas universidades p\u00fablicas se constr\u00f3i na conviv\u00eancia entre diferen\u00e7as, saberes e modos de existir. A no\u00e7\u00e3o de pluriversidade orienta esta edi\u00e7\u00e3o ao afirmar a coexist\u00eancia entre artes, culturas e ci\u00eancias, como territ\u00f3rios do sens\u00edvel imprescind\u00edveis para a forma\u00e7\u00e3o na universidade. Pluriversidade \u00e9 uma [&hellip;]<\/p>\n","protected":false},"author":1,"featured_media":0,"parent":0,"menu_order":0,"comment_status":"closed","ping_status":"closed","template":"","meta":{"_acf_changed":false,"footnotes":""},"class_list":["post-153","page","type-page","status-publish","hentry"],"acf":[],"_links":{"self":[{"href":"https:\/\/www.ufmg.br\/festivaldeverao\/wp-json\/wp\/v2\/pages\/153"}],"collection":[{"href":"https:\/\/www.ufmg.br\/festivaldeverao\/wp-json\/wp\/v2\/pages"}],"about":[{"href":"https:\/\/www.ufmg.br\/festivaldeverao\/wp-json\/wp\/v2\/types\/page"}],"author":[{"embeddable":true,"href":"https:\/\/www.ufmg.br\/festivaldeverao\/wp-json\/wp\/v2\/users\/1"}],"replies":[{"embeddable":true,"href":"https:\/\/www.ufmg.br\/festivaldeverao\/wp-json\/wp\/v2\/comments?post=153"}],"version-history":[{"count":5,"href":"https:\/\/www.ufmg.br\/festivaldeverao\/wp-json\/wp\/v2\/pages\/153\/revisions"}],"predecessor-version":[{"id":378,"href":"https:\/\/www.ufmg.br\/festivaldeverao\/wp-json\/wp\/v2\/pages\/153\/revisions\/378"}],"wp:attachment":[{"href":"https:\/\/www.ufmg.br\/festivaldeverao\/wp-json\/wp\/v2\/media?parent=153"}],"curies":[{"name":"wp","href":"https:\/\/api.w.org\/{rel}","templated":true}]}}