{"id":193,"date":"2026-02-19T14:35:26","date_gmt":"2026-02-19T17:35:26","guid":{"rendered":"https:\/\/www.ufmg.br\/festivaldeverao\/?page_id=193"},"modified":"2026-02-25T12:19:03","modified_gmt":"2026-02-25T15:19:03","slug":"equipe","status":"publish","type":"page","link":"https:\/\/www.ufmg.br\/festivaldeverao\/equipe\/","title":{"rendered":"Equipe"},"content":{"rendered":"\n<p><strong>Promo\u00e7\u00e3o:<\/strong> Universidade Federal de Minas Gerais<br><strong>Realiza\u00e7\u00e3o:<\/strong> Pr\u00f3-reitoria de Cultura<br><strong>Parceria:<\/strong> Editora UFMG<br><strong>Reitora:<\/strong> Sandra Regina Goulart Almeida<br><strong>Vice-Reitor:<\/strong> Alessandro Moreira<br><strong>Pr\u00f3-Reitor de Cultura:<\/strong> Fernando Mencarelli<br><strong>Pr\u00f3-Reitora Adjunta de Cultura:<\/strong> M\u00f4nica Medeiros Ribeiro<\/p>\n\n\n\n<p><strong>Coordena\u00e7\u00e3o geral do 20\u00b0 Festival de Ver\u00e3o da UFMG:<\/strong> Fernando Mencarelli e M\u00f4nica Medeiros Ribeiro<br><strong>Curadores:<\/strong> Fernando Mencarelli, M\u00f4nica Medeiros Ribeiro, Fabr\u00edcio Fernandino, Fernando Rocha, Carla Coscarelli, Sibelle Diniz, Patr\u00edcia Franca<br><strong>Coordenadora geral de produ\u00e7\u00e3o: <\/strong>Cristhine Lucena<br><strong>Equipe de produ\u00e7\u00e3o cultural: <\/strong>Bruna Ac\u00e1cio, Cristhine Lucena, Danielle da Gama, Francielle de Souza, Ludmila Soares, S\u00e9rgio Diniz.<br><strong>Contratos: <\/strong>Andr\u00e9 Rezende<br><strong>Produ\u00e7\u00e3o executiva:<\/strong> Ros\u00e2ngela Santos<br><strong>Comunica\u00e7\u00e3o:<\/strong> B\u00e1rbara Profeta, Filipe Sartoreto<br><strong>Infraestrutura:<\/strong> Bruno Lanna<br><strong>Secretaria: <\/strong>Anderson Faleiro e Leocimar dos Santos<br><strong>Apoio t\u00e9cnico: <\/strong>Lucas Magrini Pinto<br><strong>Financeiro:<\/strong> Mar\u00edlia Fonseca e Vera L\u00facia Magalh\u00e3es Silva<br><strong>Compras:<\/strong> Lucas Melo de Siqueira<br><strong>Bolsista de redes sociais:<\/strong> Flor Sette<br><strong>Bolsista de design:<\/strong> Let\u00edcia de Almeida Alvarenga<br><strong>Bolsista de produ\u00e7\u00e3o executiva: <\/strong>Higor Henrique Felix Santos<\/p>\n\n\n\n<p><strong><em>CENTRO CULTURAL UFMG<\/em><\/strong><\/p>\n\n\n\n<p><strong>Diretor<\/strong>: Fabr\u00edcio Fernandino<br><strong>Diretor adjunto: <\/strong>Marcos Domingos de Oliveira Ara\u00fajo<br><strong>Secretaria<\/strong>: Melissandra Bastida<br><strong>Comunica\u00e7\u00e3o<\/strong>: Camilla Borges<br><strong>Educativo<\/strong>: I\u00eada Rodrigues<br><strong>Expografia<\/strong>: Eliana Quaresma<br><strong>Produ\u00e7\u00e3o<\/strong>: Marcus de Queiroz e Ronan Lopes<br><strong>Programa\u00e7\u00e3o<\/strong>: Adriana Machado<br><strong>Bolsistas: <\/strong>Ana Luiza Maia dos Santos, Caio Eduardo Ramos Novaes, Laura Gon\u00e7alves dos Santos, Let\u00edcia Barbosa Sousa e Syl Linhares Triginelli Veloso<\/p>\n\n\n\n<p><strong><em>CAMPUS CULTURAL UFMG EM TIRADENTES<\/em><\/strong><\/p>\n\n\n\n<p><strong>Diretora:<\/strong> Patricia Franca-Huchet<br><strong>Coordenador administrativa<\/strong>: Elizur Rodrigues Pereira J\u00fanior<br><strong>Equipe<\/strong>: Alberto Machado dos Santos, Danielle Marcia H. de L. da Gama, Jackson Jardel dos Santos, Juliana de C\u00e1ssia dos Santos Magalh\u00e3es, Lorena Mello Martins e Magda Aparecida Medeiros<br><strong>Estagi\u00e1rios<\/strong>: Giovanna Monteiro Lopes, Joana Mayer Delgado, J\u00falia Diniz Nunes, Leonardo Guilherme Silva, Lu\u00edsa Ferreira Wamser, Marcela de Paula Silva, Mariah Clara Terrabuio, Martha de Paula Mascarenhas e Figueiredo, Paulo Cezar de Souza Fernandes, Priscila Paz Lima<br><strong>Equipe de apoio<\/strong>: Alex Vieira Pinheiro, Eliane Santos Zanitti, Eust\u00e1quio Garcia Santos, Fernando Marcelo Oliveira Magalh\u00e3es, Jefferson Vitor Dias, Josiane de C\u00e1ssia Chitarra Cabral, Leandro Vieira, Luciana do Ros\u00e1rio Paix\u00e3o, Maria da Cruz do Pilar, Matheus do Esp\u00edrito Santo Vieira e Rita de C\u00e1ssia Veloso do Carmo<\/p>\n\n\n\n<p><strong><em>CONSERVAT\u00d3RIO UFMG<\/em><\/strong><\/p>\n\n\n\n<p><strong>Diretor<\/strong>: Fernando de Oliveira Rocha<br><strong>Secretaria e<\/strong> <strong>servi\u00e7os gerais<\/strong>: Junio C\u00e9sar de Paula<br><strong>Produ\u00e7\u00e3o<\/strong>: Bruna Ac\u00e1cio e bolsistas de extens\u00e3o Gui Orzil e Guilherme Santos<br><strong>Comunica\u00e7\u00e3o<\/strong>: Patr\u00edcia Ferreira da Silva e bolsista de extens\u00e3o Carolina Carvalho De Paula<\/p>\n\n\n\n<p><strong>Comunica\u00e7\u00e3o e mem\u00f3ria<\/strong>: F\u00e1bio Henrique Nunes Barbosa<br><strong>Patrim\u00f4nio<\/strong>: Viviane Santos<br><strong>T\u00e9cnico de som<\/strong>: Ivo L\u00facio dos Santos<br><strong>Carregador<\/strong>: Rildo Magno Siqueira<\/p>\n\n\n\n<p><strong><em>ESPA\u00c7O DO CONHECIMENTO UFMG<\/em><\/strong><\/p>\n\n\n\n<p><strong>Diretora:<\/strong> Sibelle Diniz\u00a0<br><strong>Diretora adjunta:<\/strong> Camila Mantovani\u00a0<br><strong>Assistente de secretaria: <\/strong>Elisa Silveira\u00a0<br><strong>Assistente de projetos: <\/strong>Nina Fraiha<\/p>\n\n\n\n<p>APOIO ADMINISTRATIVO\u00a0<br><strong>Assessora:<\/strong> Josilaine Aran\u00e3\u00a0<br><strong>Assistente:<\/strong> Marcus de Oliveira<\/p>\n\n\n\n<p>PRODU\u00c7\u00c3O\u00a0<br><strong>Assessora:<\/strong> Fabiane Silva\u00a0<br><strong>Assistente: <\/strong>L\u00edvia Lisboa\u00a0<br><strong>Produtora cultural:<\/strong> Francielle de Souza<\/p>\n\n\n\n<p>AUDIOVISUAL<br><strong>Coordenador:<\/strong> Maur\u00edcio Gino\u00a0<br><strong>Assessora:<\/strong> J\u00falia Lobato\u00a0<br><strong>Assistente:<\/strong> Ana Valvassori\u00a0<\/p>\n\n\n\n<p>ASTRONOMIA\u00a0<br><strong>Coordenador:<\/strong> Carlos Villani\u00a0<br><strong>Assessora:<\/strong> Nathalia Fonseca\u00a0<br><strong>Assistente:<\/strong> Filipe Ferreira<\/p>\n\n\n\n<p>A\u00c7\u00d5ES EDUCATIVAS E ACESSIBILIDADE\u00a0<br><strong>Coordenadora:<\/strong> Daniele de S\u00e1 Alves\u00a0<br><strong>Assessor: <\/strong>Wellington Silva\u00a0<br><strong>Assistente: <\/strong>Jonathan Barboza\u00a0<br><strong>Assistente:<\/strong> Priscila Martins\u00a0<\/p>\n\n\n\n<p>COMUNICA\u00c7\u00c3O E DESIGN\u00a0<br><strong>Coordenadora:<\/strong> Camila Mantovani\u00a0<br><strong>Assessor de comunica\u00e7\u00e3o:<\/strong> Fernando Silva\u00a0<br><strong>Assistente de comunica\u00e7\u00e3o:<\/strong> Ana Carolyna Gon\u00e7alves\u00a0<br><strong>Assessora de design:<\/strong> Olganelise M\u00f6ller\u00a0<br><strong>Assistente de design:<\/strong> Ale Rosa\u00a0<\/p>\n\n\n\n<p>EXPOGRAFIA\u00a0<br><strong>Coordenadora:<\/strong> Gabriela Pires Machado\u00a0<br><strong>Assessora:<\/strong> D\u00e2nia Lima<br><strong>Assistente:<\/strong> Marina Aravani<\/p>\n\n\n\n<p><\/p>\n","protected":false},"excerpt":{"rendered":"<p>Promo\u00e7\u00e3o: Universidade Federal de Minas GeraisRealiza\u00e7\u00e3o: Pr\u00f3-reitoria de CulturaParceria: Editora UFMGReitora: Sandra Regina Goulart AlmeidaVice-Reitor: Alessandro MoreiraPr\u00f3-Reitor de Cultura: Fernando MencarelliPr\u00f3-Reitora Adjunta de Cultura: M\u00f4nica Medeiros Ribeiro Coordena\u00e7\u00e3o geral do 20\u00b0 Festival de Ver\u00e3o da UFMG: Fernando Mencarelli e M\u00f4nica Medeiros RibeiroCuradores: Fernando Mencarelli, M\u00f4nica Medeiros Ribeiro, Fabr\u00edcio Fernandino, Fernando Rocha, Carla Coscarelli, Sibelle Diniz, [&hellip;]<\/p>\n","protected":false},"author":3,"featured_media":0,"parent":0,"menu_order":0,"comment_status":"closed","ping_status":"closed","template":"","meta":{"_acf_changed":false,"footnotes":""},"class_list":["post-193","page","type-page","status-publish","hentry"],"acf":[],"_links":{"self":[{"href":"https:\/\/www.ufmg.br\/festivaldeverao\/wp-json\/wp\/v2\/pages\/193"}],"collection":[{"href":"https:\/\/www.ufmg.br\/festivaldeverao\/wp-json\/wp\/v2\/pages"}],"about":[{"href":"https:\/\/www.ufmg.br\/festivaldeverao\/wp-json\/wp\/v2\/types\/page"}],"author":[{"embeddable":true,"href":"https:\/\/www.ufmg.br\/festivaldeverao\/wp-json\/wp\/v2\/users\/3"}],"replies":[{"embeddable":true,"href":"https:\/\/www.ufmg.br\/festivaldeverao\/wp-json\/wp\/v2\/comments?post=193"}],"version-history":[{"count":5,"href":"https:\/\/www.ufmg.br\/festivaldeverao\/wp-json\/wp\/v2\/pages\/193\/revisions"}],"predecessor-version":[{"id":298,"href":"https:\/\/www.ufmg.br\/festivaldeverao\/wp-json\/wp\/v2\/pages\/193\/revisions\/298"}],"wp:attachment":[{"href":"https:\/\/www.ufmg.br\/festivaldeverao\/wp-json\/wp\/v2\/media?parent=193"}],"curies":[{"name":"wp","href":"https:\/\/api.w.org\/{rel}","templated":true}]}}