{"id":111,"date":"2024-08-02T12:26:15","date_gmt":"2024-08-02T15:26:15","guid":{"rendered":"https:\/\/www.ufmg.br\/forproex2025\/?page_id=111"},"modified":"2025-10-23T17:58:08","modified_gmt":"2025-10-23T20:58:08","slug":"contato","status":"publish","type":"page","link":"https:\/\/www.ufmg.br\/forproex2025\/contato\/","title":{"rendered":"Contato"},"content":{"rendered":"\n<p>Pr\u00f3-reitoria de Extens\u00e3o (Proex)<br>Universidade Federal de Minas Gerais (UFMG)<br>Av. Ant\u00f4nio Carlos, 6627, Campus Pampulha &#8211; Belo Horizonte (MG)<br>Reitoria &#8211; 6\u00b0 Andar<br><strong>Telefone<\/strong>: (31) 3409-3215<br><strong>E-mail: <\/strong><a href=\"mailto:eventos@proex.ufmg.br\">eventos@proex.ufmg.br<\/a><\/p>\n\n\n\n<p><\/p>\n","protected":false},"excerpt":{"rendered":"<p>Pr\u00f3-reitoria de Extens\u00e3o (Proex)Universidade Federal de Minas Gerais (UFMG)Av. Ant\u00f4nio Carlos, 6627, Campus Pampulha &#8211; Belo Horizonte (MG)Reitoria &#8211; 6\u00b0 AndarTelefone: (31) 3409-3215E-mail: eventos@proex.ufmg.br<\/p>\n","protected":false},"author":1,"featured_media":0,"parent":0,"menu_order":0,"comment_status":"closed","ping_status":"closed","template":"","meta":{"_acf_changed":false,"footnotes":""},"class_list":["post-111","page","type-page","status-publish","hentry"],"acf":[],"_links":{"self":[{"href":"https:\/\/www.ufmg.br\/forproex2025\/wp-json\/wp\/v2\/pages\/111"}],"collection":[{"href":"https:\/\/www.ufmg.br\/forproex2025\/wp-json\/wp\/v2\/pages"}],"about":[{"href":"https:\/\/www.ufmg.br\/forproex2025\/wp-json\/wp\/v2\/types\/page"}],"author":[{"embeddable":true,"href":"https:\/\/www.ufmg.br\/forproex2025\/wp-json\/wp\/v2\/users\/1"}],"replies":[{"embeddable":true,"href":"https:\/\/www.ufmg.br\/forproex2025\/wp-json\/wp\/v2\/comments?post=111"}],"version-history":[{"count":3,"href":"https:\/\/www.ufmg.br\/forproex2025\/wp-json\/wp\/v2\/pages\/111\/revisions"}],"predecessor-version":[{"id":257,"href":"https:\/\/www.ufmg.br\/forproex2025\/wp-json\/wp\/v2\/pages\/111\/revisions\/257"}],"wp:attachment":[{"href":"https:\/\/www.ufmg.br\/forproex2025\/wp-json\/wp\/v2\/media?parent=111"}],"curies":[{"name":"wp","href":"https:\/\/api.w.org\/{rel}","templated":true}]}}