{"id":178,"date":"2025-10-14T17:38:06","date_gmt":"2025-10-14T20:38:06","guid":{"rendered":"https:\/\/www.ufmg.br\/forproex2025\/?page_id=178"},"modified":"2025-10-23T17:27:42","modified_gmt":"2025-10-23T20:27:42","slug":"guia-da-cidade","status":"publish","type":"page","link":"https:\/\/www.ufmg.br\/forproex2025\/guia-da-cidade\/","title":{"rendered":"Guia da cidade"},"content":{"rendered":"\n<p><strong>Hospedagem pr\u00f3xima \u00e0 UFMG<\/strong><\/p>\n\n\n\n<p>Para facilitar o deslocamento at\u00e9 o evento, recomendamos algumas op\u00e7\u00f5es de hospedagem na regi\u00e3o da Pampulha e arredores:<\/p>\n\n\n\n<p><strong>Hot\u00e9is<\/strong><\/p>\n\n\n\n<p><a href=\"https:\/\/www.ourominas.com.br\/\" target=\"_blank\" rel=\"noreferrer noopener\"><strong>Ouro Minas Palace Hotel<\/strong><\/a>\u00a0\u2013 Um dos hot\u00e9is mais tradicionais da cidade, com f\u00e1cil acesso \u00e0 UFMG.<br><br><a href=\"https:\/\/sandiegohoteis.com.br\/san-diego-pampulha\/\" target=\"_blank\" rel=\"noreferrer noopener\"><strong>San Diego Su\u00edtes Pampulha\u00a0<\/strong><\/a>\u2013 Localizado pr\u00f3ximo ao Mineir\u00e3o.<br><br><a href=\"https:\/\/www.nobilehoteis.com.br\/sudeste\/minas-gerais\/belo-horizonte\/nobile-inn-pampulha\/\" target=\"_blank\" rel=\"noreferrer noopener\"><strong>Nobile Inn Pampulha\u00a0<\/strong><\/a>\u2013 Op\u00e7\u00e3o pr\u00f3xima ao Conjunto Arquitet\u00f4nico da Pampulha.\u00a0Desconto de 35% oferecido ao se cadastrar no site do hotel\u00a0<a href=\"https:\/\/www.nobilehoteis.com.br\/sudeste\/minas-gerais\/belo-horizonte\/nobile-inn-pampulha\/?gad_source=1&amp;gad_campaignid=21328244052&amp;gbraid=0AAAAAoNFcWfI5PrGgqAJSACauaTyMSQed&amp;gclid=CjwKCAjw_fnFBhB0EiwAH_MfZsbXEcwT15t7qFrEivhFHHpGPq77fceSkpPKOPOxM_VGEDpNMhSqORoCd8UQAvD_BwE\" target=\"_blank\" rel=\"noreferrer noopener\">Nobile Inn Pampulha \u2013 Nobile Hot\u00e9is<\/a><br><br><a href=\"https:\/\/www.alliagrangroup.com.br\/\" target=\"_blank\" rel=\"noreferrer noopener\"><strong>Allia Gran Hotel Pampulha<\/strong><\/a>\u00a0\u2013 Hotel pr\u00f3ximo \u00e0 UFMG.\u00a0Informar que \u00e9 para UFMG e para o 8\u00ba Congresso da AUGM no ato da reserva para acessar pre\u00e7o promocional.<br><br><a href=\"https:\/\/www.letsatlantica.com.br\/hotel\/quality-hotel-pampulha-convention-center\" target=\"_blank\" rel=\"noreferrer noopener\"><strong>Quality Hotel Pampulha<\/strong><\/a>\u00a0\u2013 Hotel pr\u00f3ximo \u00e0 UFMG. O desconto de 25% ser\u00e1 dado fazendo a reserva pelo seguinte Link:\u00a0<a href=\"https:\/\/atlantica.letsbook.com.br\/reserva\/link-publico?r=ae8f45901bad4e72b58cc811be3f4369&amp;p=25\" target=\"_blank\" rel=\"noreferrer noopener\">https:\/\/atlantica.letsbook.com.br\/reserva\/link-publico?r=ae8f45901bad4e72b58cc811be3f4369&amp;p=25<\/a><br><br><strong>Da Orla Pampulha Hostel<\/strong>: Pr\u00f3ximo \u00e0 UFMG, orla da Lagoa da Pampulha. Informar que \u00e9 para UFMG no ato da reserva. Valores 90 a 250. Quartos coletivos e individuais. Reservas para grupos.\u00a0 Link tree e contato whatsapp:\u00a0<a href=\"https:\/\/taplink.cc\/daorlahostel?fbclid=PAZXh0bgNhZW0CMTEAAafeZgAVs9ODy8Wj3BohQpTZwYfhoI5NV-1jCa_jre3emv4huCgT-WZX5WRJyQ_aem_rJjb8lITeHztjrDOMXb4pQ\" target=\"_blank\" rel=\"noreferrer noopener\">https:\/\/taplink.cc\/daorlahostel?fbclid=PAZXh0bgNhZW0CMTEAAafeZgAVs9ODy8Wj3BohQpTZwYfhoI5NV-1jCa_jre3emv4huCgT-WZX5WRJyQ_aem_rJjb8lITeHztjrDOMXb4pQ<\/a><br><br><strong>Hotel Stop Inn Plus Pampulha \u2013 By MHB<\/strong>: 1) Entrar no website\u00a0<a href=\"https:\/\/www.mhbhotelaria.com.br\/\" target=\"_blank\" rel=\"noreferrer noopener\">https:\/\/www.mhbhotelaria.com.br\/<\/a>\u00a0; 2)Escolher o Hotel, a data e n\u00famero de pessoas, inserir o c\u00f3digo promocional\u00a0<strong>AUGM25<\/strong>\u00a0(mai\u00fasculo) e em seguida clicar em \u201cRESERVAR\u201d; 3)A tarifa com nome de \u201cC\u00f3digos Promocionais\u201d ficar\u00e1 vis\u00edvel.<br><br><strong>OYO Hotel L\u2019Espace<\/strong>: Desconto ao registrar no site e ao fazer o login ap\u00f3s a busca \u2013 Registre-se para obter at\u00e9 15% de desconto adicional \u2013 Fa\u00e7a Login e ganhe mais 10% Off. Site para reservas:\u00a0\u00a0<a href=\"https:\/\/www.oyorooms.com\/br\/84583\/?locale=pt\" target=\"_blank\" rel=\"noreferrer noopener\">https:\/\/www.oyorooms.com\/br\/84583\/?locale=pt<\/a><\/p>\n\n\n\n<hr class=\"wp-block-separator has-alpha-channel-opacity\"\/>\n\n\n\n<h3 class=\"wp-block-heading\"><strong>Onde comer perto da UFMG<\/strong><\/h3>\n\n\n\n<p>A gastronomia mineira \u00e9 um dos pontos fortes de Belo Horizonte, e a regi\u00e3o da Pampulha oferece uma variedade de op\u00e7\u00f5es, desde pratos tradicionais at\u00e9 refei\u00e7\u00f5es r\u00e1pidas.<\/p>\n\n\n\n<p><strong>Xapuri<br><\/strong>Um dos restaurantes mais famosos de Belo Horizonte, especializado em culin\u00e1ria mineira, como feij\u00e3o tropeiro e leit\u00e3o \u00e0 pururuca.<br><strong>Endere\u00e7o:<\/strong>&nbsp;Rua Mandacar\u00fa, 260 \u2013 Trevo<br><a href=\"https:\/\/www.xapuri.com.br\/\" target=\"_blank\" rel=\"noreferrer noopener\">Site oficial<\/a><\/p>\n\n\n\n<p><strong>Maria das Tran\u00e7as<\/strong><strong><br><\/strong>Famoso pelo frango ao molho pardo, um dos pratos mais tradicionais de Minas Gerais.<br><strong>Endere\u00e7o:<\/strong>&nbsp;Rua Estoril, 938 \u2013 Bairro S\u00e3o Francisco<br><a href=\"https:\/\/www.mariadastrancas.com.br\/\" target=\"_blank\" rel=\"noreferrer noopener\">Site oficial<\/a><\/p>\n\n\n\n<p><strong>Paladino<br><\/strong>Restaurante fazenda com ambiente agrad\u00e1vel e pratos regionais preparados com ingredientes frescos.<br><strong>Endere\u00e7o:<\/strong>&nbsp;Av. Gildo Macedo Lacerda, 300 \u2013 Pampulha<br><a href=\"https:\/\/www.paladino.com.br\/\" target=\"_blank\" rel=\"noreferrer noopener\">Site oficial<\/a><\/p>\n\n\n\n<p><strong>Restaurante Jardim de Minas<\/strong><strong><br><\/strong>Endere\u00e7o: Rua Noraldino de Lima, 581 \u2013 Bairro Aeroporto<br><strong>Hor\u00e1rio de funcionamento:<\/strong>&nbsp;11h \u00e0s 24h<\/p>\n\n\n\n<p><strong>Restaurante Cantinho da T\u00ea<\/strong><strong><br><\/strong>Especializado em comida mineira.<br>Endere\u00e7o: Rua Boaventura, 943 \u2013 Bairro Jaragu\u00e1<br><strong>Hor\u00e1rio de funcionamento:<\/strong>&nbsp;11h \u00e0s 16h<\/p>\n\n\n\n<p><strong>Rancho do Manoel<\/strong><strong><br><\/strong>Oferece culin\u00e1ria brasileira e churrasco.<br><strong>Endere\u00e7o:<\/strong>&nbsp;Rua Izabel Bueno, 1100 \u2013 Jaragu\u00e1<br><strong>Hor\u00e1rio de funcionamento:<\/strong>&nbsp;17h \u00e0s 00h<\/p>\n\n\n\n<p><strong>Vivace!!!<\/strong><strong><br><\/strong>Oferece culin\u00e1ria italiana.<br><strong>Endere\u00e7o:&nbsp;<\/strong>Rua Frei Manoel da Cruz \u2013 Jaragu\u00e1<br><strong>Hor\u00e1rio de funcionamento:<\/strong>&nbsp;11h \u00e0s 23h&nbsp;<\/p>\n\n\n\n<hr class=\"wp-block-separator has-alpha-channel-opacity\"\/>\n\n\n\n<h3 class=\"wp-block-heading\"><strong>Circuitos culturais e atra\u00e7\u00f5es em BH \u2013&nbsp;<\/strong><\/h3>\n\n\n\n<p>Belo Horizonte abriga uma s\u00e9rie de atra\u00e7\u00f5es culturais e espa\u00e7os de lazer. A seguir, algumas das principais op\u00e7\u00f5es para conhecer a cidade:<\/p>\n\n\n\n<h4 class=\"wp-block-heading\"><strong>Circuito Liberdade<\/strong><\/h4>\n\n\n\n<p>O&nbsp;<strong><a href=\"https:\/\/circuitoliberdade.com.br\/integrantes\" target=\"_blank\" rel=\"noreferrer noopener\">Circuito Liberdade<\/a><\/strong>&nbsp;re\u00fane diversos museus e centros culturais. Entre eles, destacamos alguns daqueles localizados na Pra\u00e7a da Liberdade e em seu entorno:<\/p>\n\n\n\n<ul class=\"wp-block-list\">\n<li><strong><a href=\"https:\/\/www.ufmg.br\/espacodoconhecimento\/\" target=\"_blank\" rel=\"noreferrer noopener\">Espa\u00e7o do Conhecimento UFMG<\/a><\/strong>&nbsp;\u2013 O Espa\u00e7o do Conhecimento UFMG \u00e9 um espa\u00e7o cultural diferenciado, que conjuga cultura, ci\u00eancia e arte. Sua miss\u00e3o n\u00e3o se limita \u00e0 difus\u00e3o do conhecimento cient\u00edfico, mas tamb\u00e9m \u00e0 produ\u00e7\u00e3o de diversos saberes, trabalhando no sentido de propor linguagens que combinam, inovam e fruem conte\u00fados. Integra a&nbsp;<strong><a href=\"https:\/\/www.ufmg.br\/rededemuseus\" target=\"_blank\" rel=\"noreferrer noopener\">Rede de Museus e Espa\u00e7os de Ci\u00eancias e Cultura da UFMG<\/a><\/strong>.<\/li>\n\n\n\n<li><strong><a href=\"https:\/\/ccbb.com.br\/belo-horizonte\/\" target=\"_blank\" rel=\"noreferrer noopener\">CCBB BH<\/a><\/strong>&nbsp;\u2013 Um dos centros culturais mais visitados do pa\u00eds, com exposi\u00e7\u00f5es, teatro e cinema.<\/li>\n\n\n\n<li><a href=\"https:\/\/www.mmgerdau.org.br\/\" target=\"_blank\" rel=\"noreferrer noopener\"><strong>Museu das Minas e do Metal<\/strong><\/a>&nbsp;\u2013 Exposi\u00e7\u00f5es interativas sobre minera\u00e7\u00e3o e metalurgia.<\/li>\n\n\n\n<li><strong><a href=\"https:\/\/www.mg.gov.br\/servico\/visitar-o-museu-mineiro\" target=\"_blank\" rel=\"noreferrer noopener\">Museu Mineiro<\/a><\/strong>&nbsp;\u2013 Acervo com obras que retratam a cultura e o patrim\u00f4nio mineiro.<\/li>\n\n\n\n<li><strong><a href=\"https:\/\/casafiatdecultura.com.br\/\" target=\"_blank\" rel=\"noreferrer noopener\">Casa Fiat de Cultura&nbsp;<\/a><\/strong>\u2013 A institui\u00e7\u00e3o incentiva a melhor arte produzida no mundo, por meio de relevantes e prestigiadas exposi\u00e7\u00f5es, reconhecidas pelo alto valor hist\u00f3rico, art\u00edstico e educativo.<\/li>\n<\/ul>\n\n\n\n<hr class=\"wp-block-separator has-alpha-channel-opacity\"\/>\n\n\n\n<h4 class=\"wp-block-heading\"><strong>Conjunto Arquitet\u00f4nico da Pampulha<\/strong><\/h4>\n\n\n\n<p>Tombado como Patrim\u00f4nio Cultural da Humanidade pela UNESCO, o&nbsp;<strong>Conjunto Moderno da Pampulha<\/strong>&nbsp;inclui:<\/p>\n\n\n\n<ul class=\"wp-block-list\">\n<li><strong><a href=\"https:\/\/prefeitura.pbh.gov.br\/fundacao-municipal-de-cultura\/museus\/map\" target=\"_blank\" rel=\"noreferrer noopener\">Museu de Arte da Pampulha (MAP<\/a>)<\/strong>&nbsp;\u2013 Antigo cassino projetado por Niemeyer, hoje um espa\u00e7o dedicado \u00e0s artes visuais.<\/li>\n\n\n\n<li><strong><a href=\"https:\/\/santuariosaofranciscodeassis.arquidiocesebh.org.br\/\" target=\"_blank\" rel=\"noreferrer noopener\">Igreja S\u00e3o Francisco de Assis<\/a><\/strong>&nbsp;\u2013 Uma das principais obras modernistas de Niemeyer, famosa pelos pain\u00e9is de C\u00e2ndido Portinari.<\/li>\n\n\n\n<li><strong><a href=\"https:\/\/www.lagoadapampulha.com.br\/\" target=\"_blank\" rel=\"noreferrer noopener\">Lagoa da Pampulha<\/a><\/strong>&nbsp;\u2013 \u00c1rea ideal para caminhadas e passeios ao ar livre.<\/li>\n<\/ul>\n\n\n\n<hr class=\"wp-block-separator has-alpha-channel-opacity\"\/>\n\n\n\n<h4 class=\"wp-block-heading\"><strong>Inhotim<\/strong><\/h4>\n\n\n\n<p>A cerca de 60 km de BH, o<a href=\"https:\/\/www.inhotim.org.br\/\" target=\"_blank\" rel=\"noreferrer noopener\">&nbsp;<strong>Instituto Inhotim<\/strong><\/a>&nbsp;\u00e9 o maior museu a c\u00e9u aberto da Am\u00e9rica Latina, combinando arte contempor\u00e2nea e paisagismo.<\/p>\n\n\n\n<hr class=\"wp-block-separator has-alpha-channel-opacity\"\/>\n\n\n\n<h4 class=\"wp-block-heading\"><strong>Outras atra\u00e7\u00f5es<\/strong><\/h4>\n\n\n\n<ul class=\"wp-block-list\">\n<li><a href=\"https:\/\/mercadocentral.com.br\/\" target=\"_blank\" rel=\"noreferrer noopener\"><strong>Mercado Central<\/strong><\/a>&nbsp;\u2013 Tradicional mercado de Belo Horizonte, ideal para comprar queijos, doces e artesanato.<\/li>\n\n\n\n<li><strong><a href=\"https:\/\/prefeitura.pbh.gov.br\/fundacao-de-parques-e-zoobotanica\/informacoes\/parques\/parque-municipal-americo-renne-giannetti\" target=\"_blank\" rel=\"noreferrer noopener\">Parque Municipal Am\u00e9rico Renn\u00e9 Giannetti<\/a><\/strong>&nbsp;\u2013 Espa\u00e7o verde no cora\u00e7\u00e3o da cidade.<\/li>\n<\/ul>\n\n\n\n<p><\/p>\n","protected":false},"excerpt":{"rendered":"<p>Hospedagem pr\u00f3xima \u00e0 UFMG Para facilitar o deslocamento at\u00e9 o evento, recomendamos algumas op\u00e7\u00f5es de hospedagem na regi\u00e3o da Pampulha e arredores: Hot\u00e9is Ouro Minas Palace Hotel\u00a0\u2013 Um dos hot\u00e9is mais tradicionais da cidade, com f\u00e1cil acesso \u00e0 UFMG. San Diego Su\u00edtes Pampulha\u00a0\u2013 Localizado pr\u00f3ximo ao Mineir\u00e3o. Nobile Inn Pampulha\u00a0\u2013 Op\u00e7\u00e3o pr\u00f3xima ao Conjunto Arquitet\u00f4nico [&hellip;]<\/p>\n","protected":false},"author":2,"featured_media":0,"parent":0,"menu_order":0,"comment_status":"closed","ping_status":"closed","template":"","meta":{"_acf_changed":false,"footnotes":""},"class_list":["post-178","page","type-page","status-publish","hentry"],"acf":[],"_links":{"self":[{"href":"https:\/\/www.ufmg.br\/forproex2025\/wp-json\/wp\/v2\/pages\/178"}],"collection":[{"href":"https:\/\/www.ufmg.br\/forproex2025\/wp-json\/wp\/v2\/pages"}],"about":[{"href":"https:\/\/www.ufmg.br\/forproex2025\/wp-json\/wp\/v2\/types\/page"}],"author":[{"embeddable":true,"href":"https:\/\/www.ufmg.br\/forproex2025\/wp-json\/wp\/v2\/users\/2"}],"replies":[{"embeddable":true,"href":"https:\/\/www.ufmg.br\/forproex2025\/wp-json\/wp\/v2\/comments?post=178"}],"version-history":[{"count":3,"href":"https:\/\/www.ufmg.br\/forproex2025\/wp-json\/wp\/v2\/pages\/178\/revisions"}],"predecessor-version":[{"id":244,"href":"https:\/\/www.ufmg.br\/forproex2025\/wp-json\/wp\/v2\/pages\/178\/revisions\/244"}],"wp:attachment":[{"href":"https:\/\/www.ufmg.br\/forproex2025\/wp-json\/wp\/v2\/media?parent=178"}],"curies":[{"name":"wp","href":"https:\/\/api.w.org\/{rel}","templated":true}]}}