{"id":1112,"date":"2024-07-09T13:58:30","date_gmt":"2024-07-09T16:58:30","guid":{"rendered":"https:\/\/www.ufmg.br\/giz\/?page_id=1112"},"modified":"2025-02-05T11:11:34","modified_gmt":"2025-02-05T14:11:34","slug":"edital-005-2024","status":"publish","type":"page","link":"https:\/\/www.ufmg.br\/giz\/edital-005-2024\/","title":{"rendered":"Edital 005\/2024"},"content":{"rendered":"\n<p>A Diretoria de Inova\u00e7\u00e3o e Metodologias de Ensino \u2013 GIZ, da Pr\u00f3-Reitoria de Gradua\u00e7\u00e3o da Universidade Federal de Minas Gerais \u2013 PROGRAD\/UFMG torna p\u00fablica a divulga\u00e7\u00e3o do resultado final do exame de sele\u00e7\u00e3o destinado ao preenchimento de vaga e \u00e0 forma\u00e7\u00e3o de cadastro reserva para o Programa de Bolsas de Inova\u00e7\u00e3o e Metodologia de Ensino (PIME \u2013 Gradua\u00e7\u00e3o) na modalidade ampla concorr\u00eancia e atividade volunt\u00e1ria \u2013 Perfil M\u00eddias\/Educa\u00e7\u00e3o, campus Montes Claros da UFMG.&nbsp;&nbsp;<br><\/p>\n\n\n\n<p><a href=\"https:\/\/www.ufmg.br\/giz\/wp-content\/uploads\/2024\/08\/Edital-005-2024-PIME-Midias-Educacao-Resultado-Final-1.pdf\" data-type=\"URL\" data-id=\"https:\/\/www.ufmg.br\/giz\/wp-content\/uploads\/2024\/08\/Edital-005-2024-PIME-Midias-Educacao-Resultado-Final-1.pdf\">Resultado final Edital 005\/2024 PIME M\u00eddias Educa\u00e7\u00e3o<\/a><br><br><a href=\"https:\/\/www.ufmg.br\/giz\/wp-content\/uploads\/2024\/07\/Edital-005-2024-ICA-1.pdf\">Edital 005\/2024<\/a><br><br><a href=\"https:\/\/www.ufmg.br\/giz\/wp-content\/uploads\/2024\/07\/Edital-005-2024-PIME-Midias-Educacao-Resultado-Primeira-Fase.pdf\" data-type=\"URL\" data-id=\"https:\/\/www.ufmg.br\/giz\/wp-content\/uploads\/2024\/07\/Edital-005-2024-PIME-Midias-Educacao-Resultado-Primeira-Fase.pdf\">Resultado primeira fase Edital 005\/2024 PIME M\u00eddias Educa\u00e7\u00e3o<\/a><\/p>\n","protected":false},"excerpt":{"rendered":"<p>A Diretoria de Inova\u00e7\u00e3o e Metodologias de Ensino \u2013 GIZ, [&hellip;]<\/p>\n","protected":false},"author":8,"featured_media":0,"parent":0,"menu_order":0,"comment_status":"closed","ping_status":"closed","template":"","meta":[],"acf":[],"_links":{"self":[{"href":"https:\/\/www.ufmg.br\/giz\/wp-json\/wp\/v2\/pages\/1112"}],"collection":[{"href":"https:\/\/www.ufmg.br\/giz\/wp-json\/wp\/v2\/pages"}],"about":[{"href":"https:\/\/www.ufmg.br\/giz\/wp-json\/wp\/v2\/types\/page"}],"author":[{"embeddable":true,"href":"https:\/\/www.ufmg.br\/giz\/wp-json\/wp\/v2\/users\/8"}],"replies":[{"embeddable":true,"href":"https:\/\/www.ufmg.br\/giz\/wp-json\/wp\/v2\/comments?post=1112"}],"version-history":[{"count":2,"href":"https:\/\/www.ufmg.br\/giz\/wp-json\/wp\/v2\/pages\/1112\/revisions"}],"predecessor-version":[{"id":1350,"href":"https:\/\/www.ufmg.br\/giz\/wp-json\/wp\/v2\/pages\/1112\/revisions\/1350"}],"wp:attachment":[{"href":"https:\/\/www.ufmg.br\/giz\/wp-json\/wp\/v2\/media?parent=1112"}],"curies":[{"name":"wp","href":"https:\/\/api.w.org\/{rel}","templated":true}]}}