{"id":1659,"date":"2025-08-22T18:59:25","date_gmt":"2025-08-22T21:59:25","guid":{"rendered":"https:\/\/www.ufmg.br\/giz\/?page_id=1659"},"modified":"2025-08-26T14:11:51","modified_gmt":"2025-08-26T17:11:51","slug":"docencia-acessibilidade-e-inclusao-na-ufmg","status":"publish","type":"page","link":"https:\/\/www.ufmg.br\/giz\/docencia-acessibilidade-e-inclusao-na-ufmg\/","title":{"rendered":"Doc\u00eancia, Acessibilidade e Inclus\u00e3o na UFMG"},"content":{"rendered":"\n<p>Reunimos aqui v\u00eddeos, documentos e outros materiais voltados para a<strong> forma\u00e7\u00e3o docente em acessibilidade e inclus\u00e3o no ensino superior<\/strong>, fruto da parceria entre o <strong>N\u00facleo de Acessibilidade e Inclus\u00e3o (NAI\/UFMG), Diretoria de Educa\u00e7\u00e3o a Dist\u00e2ncia<\/strong> e <strong>Educa\u00e7\u00e3o Digital (DEED)<\/strong> e <strong>Diretoria de Inova\u00e7\u00e3o e Metodologias de Ensino (GIZ)<\/strong>. O objetivo \u00e9 oferecer subs\u00eddios te\u00f3ricos e pr\u00e1ticos que inspirem reflex\u00f5es e apoiem a constru\u00e7\u00e3o de uma universidade mais democr\u00e1tica e inclusiva. Aqui, docentes, gestores e toda a comunidade acad\u00eamica encontrar\u00e3o conte\u00fados que abordam desde os fundamentos hist\u00f3ricos e conceituais da defici\u00eancia, passando pelas pol\u00edticas p\u00fablicas de educa\u00e7\u00e3o inclusiva, at\u00e9 estrat\u00e9gias concretas para promover a acessibilidade em sala de aula, na pesquisa, na extens\u00e3o e na gest\u00e3o universit\u00e1ria. A proposta \u00e9 que esses materiais sirvam como convite \u00e0 reflex\u00e3o e ao engajamento coletivo, fortalecendo o compromisso com a perman\u00eancia e o sucesso acad\u00eamico de estudantes com defici\u00eancia. <\/p>\n\n\n\n<p><strong>Coordena\u00e7\u00e3o <\/strong><\/p>\n\n\n\n<p>Profa. Terezinha Rocha (FaE | UFMG)<\/p>\n\n\n\n<p>Profa. Daniela Vaz (EEFFTO | UFMG)<\/p>\n\n\n\n<p><\/p>\n\n\n\n<div id=\"sp-ea-1660\" class=\"sp-ea-one sp-easy-accordion\" data-ex-icon=\"fa-minus\" data-col-icon=\"fa-plus\"  data-ea-active=\"ea-click\"  data-ea-mode=\"vertical\" data-preloader=\"\"><div class=\"ea-card  sp-ea-single\"><h3 class=\"ea-header\"><a class=\"collapsed\" data-sptoggle=\"spcollapse\" data-sptarget=#collapse16600 href=\"javascript:void(0)\" aria-expanded=\"false\"><i class=\"ea-expand-icon fa fa-plus\"><\/i> Curso: Acessibilidade e Inclus\u00e3o no Ensino Superior<\/a><\/h3><div class=\"sp-collapse spcollapse spcollapse\" id=\"collapse16600\" data-parent=#sp-ea-1660><div class=\"ea-body\"><p style=\"font-weight: 400;\">Este curso foi pensado para oferecer um passo inicial para termos bases te\u00f3rico-conceituais, reflex\u00f5es e planejarmos interven\u00e7\u00f5es pr\u00e1ticas para construirmos conjuntamente uma universidade mais inclusiva. Com esse intuito, o nosso convite \u00e9 para explorarmos os fundamentos te\u00f3ricos e pr\u00e1ticos desse campo, para que a acessibilidade e a inclus\u00e3o dos estudantes com defici\u00eancia seja algo presente em nossas a\u00e7\u00f5es na universidade, seja no ensino, na pesquisa, na extens\u00e3o ou na gest\u00e3o.<\/p>\n<p style=\"font-weight: 400;\">Partiremos da seguinte pergunta: como podemos tornar nossas a\u00e7\u00f5es institucionais mais democr\u00e1ticas e acess\u00edveis para todos os estudantes, independentemente de suas especificidades?<\/p>\n<p style=\"font-weight: 400;\">Com base nessa quest\u00e3o inicial, este curso foi organizado em quatro eixos. S\u00e3o eles:<\/p>\n<ol>\n<li style=\"font-weight: 400;\"><strong> Fundamentos sobre defici\u00eancia: <\/strong>no qual s\u00e3o apresentadas perspectivas hist\u00f3ricas, aspectos conceituais e formas de acesso \u00e0 educa\u00e7\u00e3o por parte das pessoas com defici\u00eancia.<\/li>\n<li style=\"font-weight: 400;\"><strong> Pol\u00edticas p\u00fablicas de educa\u00e7\u00e3o inclusiva: <\/strong>no qual s\u00e3o abordados os direitos e as pol\u00edticas p\u00fablicas de educa\u00e7\u00e3o para estudantes com defici\u00eancia e, tamb\u00e9m, as pol\u00edticas afirmativas voltadas para esse grupo de estudantes.<\/li>\n<li style=\"font-weight: 400;\"><strong> Acessibilidade no ensino superior: <\/strong>no qual s\u00e3o apresentados os principais tipos de barreiras enfrentadas pelas pessoas com defici\u00eancia e como nossas a\u00e7\u00f5es est\u00e3o implicadas na inclus\u00e3o em diferentes cen\u00e1rios.<\/li>\n<li style=\"font-weight: 400;\"><strong> Recursos e pr\u00e1ticas para a acessibilidade: <\/strong>no qual apresentamos aspectos que envolvem o uso de tecnologias assistivas, desenho universal de aprendizagem (DUA) e adequa\u00e7\u00f5es curriculares para a promo\u00e7\u00e3o da acessibilidade e inclus\u00e3o no ensino superior.<\/li>\n<\/ol>\n<p>&nbsp;<\/p>\n<p>Aula 01 - Introdu\u00e7\u00e3o<\/p>\n<p><iframe title=\"Videoaula 1 - Acessibilidade e Inclus\u00e3o no Ensino Superior:Apresenta\u00e7\u00e3o da Disciplina\" width=\"500\" height=\"281\" src=\"https:\/\/www.youtube.com\/embed\/WVW-hhP2mLE?feature=oembed\" frameborder=\"0\" allow=\"accelerometer; autoplay; clipboard-write; encrypted-media; gyroscope; picture-in-picture; web-share\" referrerpolicy=\"strict-origin-when-cross-origin\" allowfullscreen><\/iframe><\/p>\n<p>Texto: <a href=\"https:\/\/www.ufmg.br\/giz\/wp-content\/uploads\/2025\/08\/Apresentacao-da-Disciplina-Acessilidade-e-Inclusao-no-Ensino-Superior.pdf\">Apresentacao da Disciplina<\/a><\/p>\n<p>&nbsp;<\/p>\n<p>Aula 02 - As percep\u00e7\u00f5es e representa\u00e7\u00f5es sobre a defici\u00eancia<\/p>\n<p><iframe title=\"Videoaula 2 - Modelos de defici\u00eancia: diferentes faces de um fen\u00f4meno complexo\" width=\"500\" height=\"281\" src=\"https:\/\/www.youtube.com\/embed\/NWUcBzbR1Zc?feature=oembed\" frameborder=\"0\" allow=\"accelerometer; autoplay; clipboard-write; encrypted-media; gyroscope; picture-in-picture; web-share\" referrerpolicy=\"strict-origin-when-cross-origin\" allowfullscreen><\/iframe><\/p>\n<p>Texto: <a href=\"https:\/\/www.ufmg.br\/giz\/wp-content\/uploads\/2025\/08\/O-que-e-deficiencia-Diniz-2007.pdf\">O que \u00e9 defici\u00eancia - Diniz 2007<\/a><\/p>\n<p>&nbsp;<\/p>\n<p>Aula 03 - Abordagens hist\u00f3ricas de ensino para pessoas com defici\u00eancia<\/p>\n<p><iframe title=\"V\u00eddeo Aula 3 -  Exclus\u00e3o. segrega\u00e7\u00e3o. integra\u00e7\u00e3o e inclus\u00e3o\" width=\"500\" height=\"281\" src=\"https:\/\/www.youtube.com\/embed\/zqT4y7RxhyU?feature=oembed\" frameborder=\"0\" allow=\"accelerometer; autoplay; clipboard-write; encrypted-media; gyroscope; picture-in-picture; web-share\" referrerpolicy=\"strict-origin-when-cross-origin\" allowfullscreen><\/iframe><\/p>\n<p>Texto: <a href=\"https:\/\/www.ufmg.br\/giz\/wp-content\/uploads\/2025\/08\/Breve-Historico-da-Educac\u0327a\u0303o-Especial-Mendes-2010.pdf\">Breve Historico da Educac\u0327a\u0303o Especial - Mendes 2010<\/a><\/p>\n<p>&nbsp;<\/p>\n<p>Aula 04 - Os diferentes tipos de defici\u00eancia, barreiras e formas de acessibilidade<\/p>\n<p><iframe title=\"Videoaula 4 - Os diferentes tipos de defici\u00eancia, barreiras e formas de acessibilidade\" width=\"500\" height=\"281\" src=\"https:\/\/www.youtube.com\/embed\/PZZV5APTTkw?feature=oembed\" frameborder=\"0\" allow=\"accelerometer; autoplay; clipboard-write; encrypted-media; gyroscope; picture-in-picture; web-share\" referrerpolicy=\"strict-origin-when-cross-origin\" allowfullscreen><\/iframe><\/p>\n<p>Texto: <a href=\"https:\/\/www.ufmg.br\/giz\/wp-content\/uploads\/2025\/08\/Deficiencia.-direitos-humanos-e-justica-Diniz-et-al-2009.pdf\">Deficiencia. direitos humanos e justi\u00e7a - Diniz et al 2009<\/a><\/p>\n<p>&nbsp;<\/p>\n<p>Aula 05 - Pol\u00edticas p\u00fablicas de educa\u00e7\u00e3o inclusiva e pol\u00edticas de acessibilidade e inclus\u00e3o no ensino superior<\/p>\n<p><iframe title=\"Videoaula 5 - Acesso e perman\u00eancia no Ensino Superior\" width=\"500\" height=\"281\" src=\"https:\/\/www.youtube.com\/embed\/Y0OLZo5_fww?feature=oembed\" frameborder=\"0\" allow=\"accelerometer; autoplay; clipboard-write; encrypted-media; gyroscope; picture-in-picture; web-share\" referrerpolicy=\"strict-origin-when-cross-origin\" allowfullscreen><\/iframe><\/p>\n<p>Texto: <a href=\"https:\/\/www.ufmg.br\/giz\/wp-content\/uploads\/2025\/08\/Politica-de-Cotas-na-UFMG-Petten-et-al-2018.pdf\">Pol\u00edtica de Cotas na UFMG - Petten et al 2018<\/a><\/p>\n<p>&nbsp;<\/p>\n<p>Aula 06 - O papel da comunidade universit\u00e1ria nos processos de inclus\u00e3o<\/p>\n<p><iframe title=\"Videoaula 6a - O cart\u00e3o de acessibilidade\" width=\"500\" height=\"281\" src=\"https:\/\/www.youtube.com\/embed\/f6opqp0U4bc?feature=oembed\" frameborder=\"0\" allow=\"accelerometer; autoplay; clipboard-write; encrypted-media; gyroscope; picture-in-picture; web-share\" referrerpolicy=\"strict-origin-when-cross-origin\" allowfullscreen><\/iframe><\/p>\n<p><iframe title=\"Videoaula 6b - O papel da comunidade universit\u00e1ria nos processos de inclus\u00e3o\" width=\"500\" height=\"281\" src=\"https:\/\/www.youtube.com\/embed\/Z3b1_xYpXl0?feature=oembed\" frameborder=\"0\" allow=\"accelerometer; autoplay; clipboard-write; encrypted-media; gyroscope; picture-in-picture; web-share\" referrerpolicy=\"strict-origin-when-cross-origin\" allowfullscreen><\/iframe><\/p>\n<p>&nbsp;<\/p>\n<p>Aula 07 - Recursos, pr\u00e1ticas e interven\u00e7\u00f5es para a promo\u00e7\u00e3o da acessibilidade no Ensino Superior<\/p>\n<p><iframe title=\"Videoaula 7 - Estrat\u00e9gias did\u00e1ticas, tecnologia assistiva e adequa\u00e7\u00f5es curriculares\" width=\"500\" height=\"281\" src=\"https:\/\/www.youtube.com\/embed\/l3id8Oo3ne8?feature=oembed\" frameborder=\"0\" allow=\"accelerometer; autoplay; clipboard-write; encrypted-media; gyroscope; picture-in-picture; web-share\" referrerpolicy=\"strict-origin-when-cross-origin\" allowfullscreen><\/iframe><\/p>\n<p>Texto: <a href=\"https:\/\/www.ufmg.br\/giz\/wp-content\/uploads\/2025\/08\/Acessibilidade-Tecnologica-Filho-2009.pdf\">Acessibilidade Tecnologica - Filho 2009<\/a><\/p>\n<p>&nbsp;<\/p>\n<p>Aula 08 - Planejamento pr\u00e1tico do atendimento e do apoio aos estudantes com defici\u00eancia<\/p>\n<p><iframe title=\"Videoaula 8 - Planejamento do atendimento aos estudantes com defici\u00eancia\" width=\"500\" height=\"281\" src=\"https:\/\/www.youtube.com\/embed\/9CkbnnOa54s?feature=oembed\" frameborder=\"0\" allow=\"accelerometer; autoplay; clipboard-write; encrypted-media; gyroscope; picture-in-picture; web-share\" referrerpolicy=\"strict-origin-when-cross-origin\" allowfullscreen><\/iframe><\/p>\n<p>Texto: <a href=\"https:\/\/www.ufmg.br\/giz\/wp-content\/uploads\/2025\/08\/Acessibilidade-e-Desenho-Universal-na-Aprendizagem-Pletsch-2021-.pdf\">Acessibilidade e Desenho Universal na Aprendizagem - Pletsch 2021<\/a><\/p>\n<\/div><\/div><\/div><\/div>\n","protected":false},"excerpt":{"rendered":"<p>Reunimos aqui v\u00eddeos, documentos e outros materiais voltados para a [&hellip;]<\/p>\n","protected":false},"author":17,"featured_media":0,"parent":0,"menu_order":0,"comment_status":"closed","ping_status":"closed","template":"","meta":[],"acf":[],"_links":{"self":[{"href":"https:\/\/www.ufmg.br\/giz\/wp-json\/wp\/v2\/pages\/1659"}],"collection":[{"href":"https:\/\/www.ufmg.br\/giz\/wp-json\/wp\/v2\/pages"}],"about":[{"href":"https:\/\/www.ufmg.br\/giz\/wp-json\/wp\/v2\/types\/page"}],"author":[{"embeddable":true,"href":"https:\/\/www.ufmg.br\/giz\/wp-json\/wp\/v2\/users\/17"}],"replies":[{"embeddable":true,"href":"https:\/\/www.ufmg.br\/giz\/wp-json\/wp\/v2\/comments?post=1659"}],"version-history":[{"count":2,"href":"https:\/\/www.ufmg.br\/giz\/wp-json\/wp\/v2\/pages\/1659\/revisions"}],"predecessor-version":[{"id":1674,"href":"https:\/\/www.ufmg.br\/giz\/wp-json\/wp\/v2\/pages\/1659\/revisions\/1674"}],"wp:attachment":[{"href":"https:\/\/www.ufmg.br\/giz\/wp-json\/wp\/v2\/media?parent=1659"}],"curies":[{"name":"wp","href":"https:\/\/api.w.org\/{rel}","templated":true}]}}