{"id":171,"date":"2022-09-23T13:53:02","date_gmt":"2022-09-23T16:53:02","guid":{"rendered":"https:\/\/www.ufmg.br\/giz?page_id=171"},"modified":"2025-02-27T15:06:27","modified_gmt":"2025-02-27T18:06:27","slug":"congresso-de-inovacao-e-metodologias","status":"publish","type":"page","link":"https:\/\/www.ufmg.br\/giz\/congresso-de-inovacao-e-metodologias\/","title":{"rendered":"Congresso de Inova\u00e7\u00e3o e Metodologias"},"content":{"rendered":"<p><img loading=\"lazy\" class=\"alignnone wp-image-503 size-full\" src=\"https:\/\/www.ufmg.br\/giz\/wp-content\/uploads\/2023\/06\/Artboard-24.png\" alt=\"\" width=\"320\" height=\"237\" srcset=\"https:\/\/www.ufmg.br\/giz\/wp-content\/uploads\/2023\/06\/Artboard-24.png 320w, https:\/\/www.ufmg.br\/giz\/wp-content\/uploads\/2023\/06\/Artboard-24-300x222.png 300w\" sizes=\"(max-width: 320px) 100vw, 320px\" \/><\/p>\n<p>O Congresso de Inova\u00e7\u00e3o e Metodologias (CIM) no Ensino Superior \u00e9 um evento acad\u00eamico voltado para a produ\u00e7\u00e3o e socializa\u00e7\u00e3o de conhecimentos derivados das experi\u00eancias e pesquisas sobre ensino superior. Ele \u00e9 organizado em torno de apresenta\u00e7\u00e3o de trabalhos no formato de grupos de colabora\u00e7\u00e3o, confer\u00eancias, debates, oficinas e minicursos. De 2015 a 2019, tratou-se de um evento local, mas a partir de 2020, devido a capacidade de articula\u00e7\u00e3o da UFMG se tornou um evento regional, interinstitucional e bianual congregando diversas universidades e institutos mineiros. O evento visa envolver a comunidade acad\u00eamica nas reflex\u00f5es sobre o ensino de gradua\u00e7\u00e3o, al\u00e9m de proporcionar a socializa\u00e7\u00e3o de pr\u00e1ticas pedag\u00f3gicas inovadoras no ensino de gradua\u00e7\u00e3o e discuss\u00f5es em torno da flexibiliza\u00e7\u00e3o curricular dos cursos de gradua\u00e7\u00e3o. Com isso, promover discuss\u00f5es sobre a forma\u00e7\u00e3o em doc\u00eancia no ensino superior e propiciar questionamentos sobre os diferentes pap\u00e9is dos sujeitos envolvidos no processo de ensino-aprendizagem, fomentando o protagonismo dos estudantes e assim, contribuindo para a integra\u00e7\u00e3o entre ensino, pesquisa e extens\u00e3o.<\/p>\n<p>Edi\u00e7\u00f5es anteriores:<\/p>\n<p>2015, tema: Quais mudan\u00e7as queremos no ensino de gradua\u00e7\u00e3o da UFMG, sede UFMG;<br \/>\n2016, tema: O estudante como agente de mudan\u00e7as em comunidade, sede UFMG;<br \/>\n2017, tema: i9 com 5c, sede UFMG;<br \/>\n2019, tema: Ensino-aprendizagem em tempos digitais, sede UFMG;<br \/>\n2020, tema: Inclus\u00e3o, perman\u00eancia e sucesso: como inovar para alcan\u00e7ar cada estudante?, sede Universidade Federal de Lavras (UFLA);<br \/>\n2022, tema: O que a pandemia nos ensinou? Dos desafios do ensino remoto \u00e0 problematiza\u00e7\u00e3o do ensinar-aprender na Educa\u00e7\u00e3o Superior e Tecnol\u00f3gica, sede Universidade Federal dos Vales do Jequitinhonha e Mucuri (UFVJM);<br \/>\n2024, tema: e<i>nsinar e aprender em transforma\u00e7\u00e3o: novos sujeitos, novos paradigmas na Educa\u00e7\u00e3o Superior Brasileira, sede Universidade Federal de Ouro Preto (UFOP)<\/i><\/p>\n<p>No ano de 2026, o VIII Congresso ocorrer\u00e1 na Universidade Federal de Minas Gerais. Este congresso tem abrangido em cada edi\u00e7\u00e3o cerca de 300 participantes, com mais de 100 artigos aprovados e apresentados nos v\u00e1rios Grupos de Colabora\u00e7\u00e3o (GC), e ainda diversas oficinas e minicursos.<\/p>\n<div id=\"sp-ea-327\" class=\"sp-ea-one sp-easy-accordion\" data-ex-icon=\"fa-minus\" data-col-icon=\"fa-plus\"  data-ea-active=\"ea-click\"  data-ea-mode=\"vertical\" data-preloader=\"\"><div class=\"ea-card  sp-ea-single\"><h3 class=\"ea-header\"><a class=\"collapsed\" data-sptoggle=\"spcollapse\" data-sptarget=#collapse3270 href=\"javascript:void(0)\" aria-expanded=\"false\"><i class=\"ea-expand-icon fa fa-plus\"><\/i> OBJETIVOS<\/a><\/h3><div class=\"sp-collapse spcollapse spcollapse\" id=\"collapse3270\" data-parent=#sp-ea-327><div class=\"ea-body\"><p align=\"justify\">O Congresso visa envolver\u00a0a comunidade acad\u00eamica nas reflex\u00f5es sobre o ensino de gradua\u00e7\u00e3o, al\u00e9m de proporcionar a socializa\u00e7\u00e3o de pr\u00e1ticas pedag\u00f3gicas inovadoras no ensino de gradua\u00e7\u00e3o e discuss\u00f5es em torno da flexibiliza\u00e7\u00e3o curricular dos cursos de gradua\u00e7\u00e3o. Com isso, promover\u00a0discuss\u00f5es\u00a0sobre a forma\u00e7\u00e3o\u00a0em doc\u00eancia no ensino superior e propiciar\u00a0questionamentos\u00a0sobre os diferentes pap\u00e9is dos sujeitos envolvidos no processo de ensino-aprendizagem, fomentando o protagonismo dos estudantes e assim, contribuindo para a integra\u00e7\u00e3o entre ensino, pesquisa e extens\u00e3o.<\/p>\n<\/div><\/div><\/div><div class=\"ea-card  sp-ea-single\"><h3 class=\"ea-header\"><a class=\"collapsed\" data-sptoggle=\"spcollapse\" data-sptarget=#collapse3271 href=\"javascript:void(0)\" aria-expanded=\"false\"><i class=\"ea-expand-icon fa fa-plus\"><\/i> P\u00daBLICO-ALVO<\/a><\/h3><div class=\"sp-collapse spcollapse spcollapse\" id=\"collapse3271\" data-parent=#sp-ea-327><div class=\"ea-body\"><p>Docentes\u00a0do ensino superior, estudantes de p\u00f3s-gradua\u00e7\u00e3o e gradua\u00e7\u00e3o, t\u00e9cnicos administrativos em educa\u00e7\u00e3o e demais interessados.<\/p>\n<\/div><\/div><\/div><div class=\"ea-card  sp-ea-single\"><h3 class=\"ea-header\"><a class=\"collapsed\" data-sptoggle=\"spcollapse\" data-sptarget=#collapse3272 href=\"javascript:void(0)\" aria-expanded=\"false\"><i class=\"ea-expand-icon fa fa-plus\"><\/i> COMO PARTICIPAR E CONTATOS<\/a><\/h3><div class=\"sp-collapse spcollapse spcollapse\" id=\"collapse3272\" data-parent=#sp-ea-327><div class=\"ea-body\"><p align=\"justify\">As ofertas do Congresso\u00a0s\u00e3o organizadas em tr\u00eas fases, que consistem em: pr\u00e9-congresso, que contempla as a\u00e7\u00f5es de divulga\u00e7\u00e3o e sensibiliza\u00e7\u00e3o para o evento; congresso, composto pelos encontros presenciais e o p\u00f3s-Congresso, que constitui na reflex\u00e3o e avalia\u00e7\u00e3o cont\u00ednua para o aprimoramento.<\/p>\n<p align=\"justify\">As informa\u00e7\u00f5es s\u00e3o divulgadas no site e redes sociais do GIZ.<\/p>\n<p>Email: giz@prograd.ufmg.br<\/p>\n<\/div><\/div><\/div><div class=\"ea-card  sp-ea-single\"><h3 class=\"ea-header\"><a class=\"collapsed\" data-sptoggle=\"spcollapse\" data-sptarget=#collapse3273 href=\"javascript:void(0)\" aria-expanded=\"false\"><i class=\"ea-expand-icon fa fa-plus\"><\/i> GALERIA<\/a><\/h3><div class=\"sp-collapse spcollapse spcollapse\" id=\"collapse3273\" data-parent=#sp-ea-327><div class=\"ea-body\">No Content<\/div><\/div><\/div><\/div>\n","protected":false},"excerpt":{"rendered":"<p>O Congresso de Inova\u00e7\u00e3o e Metodologias (CIM) no Ensino Superior [&hellip;]<\/p>\n","protected":false},"author":7,"featured_media":0,"parent":0,"menu_order":0,"comment_status":"closed","ping_status":"closed","template":"","meta":[],"acf":[],"_links":{"self":[{"href":"https:\/\/www.ufmg.br\/giz\/wp-json\/wp\/v2\/pages\/171"}],"collection":[{"href":"https:\/\/www.ufmg.br\/giz\/wp-json\/wp\/v2\/pages"}],"about":[{"href":"https:\/\/www.ufmg.br\/giz\/wp-json\/wp\/v2\/types\/page"}],"author":[{"embeddable":true,"href":"https:\/\/www.ufmg.br\/giz\/wp-json\/wp\/v2\/users\/7"}],"replies":[{"embeddable":true,"href":"https:\/\/www.ufmg.br\/giz\/wp-json\/wp\/v2\/comments?post=171"}],"version-history":[{"count":10,"href":"https:\/\/www.ufmg.br\/giz\/wp-json\/wp\/v2\/pages\/171\/revisions"}],"predecessor-version":[{"id":1415,"href":"https:\/\/www.ufmg.br\/giz\/wp-json\/wp\/v2\/pages\/171\/revisions\/1415"}],"wp:attachment":[{"href":"https:\/\/www.ufmg.br\/giz\/wp-json\/wp\/v2\/media?parent=171"}],"curies":[{"name":"wp","href":"https:\/\/api.w.org\/{rel}","templated":true}]}}