{"id":181,"date":"2022-09-23T14:02:16","date_gmt":"2022-09-23T17:02:16","guid":{"rendered":"https:\/\/www.ufmg.br\/giz?page_id=181"},"modified":"2023-07-11T14:56:44","modified_gmt":"2023-07-11T17:56:44","slug":"repositorio-de-recursos-educacionais","status":"publish","type":"page","link":"https:\/\/www.ufmg.br\/giz\/repositorio-de-recursos-educacionais\/","title":{"rendered":"Reposit\u00f3rio de Recursos Educacionais"},"content":{"rendered":"<p><img loading=\"lazy\" class=\"alignnone wp-image-705\" src=\"https:\/\/www.ufmg.br\/giz\/wp-content\/uploads\/2023\/07\/base.png\" alt=\"\" width=\"684\" height=\"278\" srcset=\"https:\/\/www.ufmg.br\/giz\/wp-content\/uploads\/2023\/07\/base.png 1058w, https:\/\/www.ufmg.br\/giz\/wp-content\/uploads\/2023\/07\/base-300x122.png 300w, https:\/\/www.ufmg.br\/giz\/wp-content\/uploads\/2023\/07\/base-1024x416.png 1024w, https:\/\/www.ufmg.br\/giz\/wp-content\/uploads\/2023\/07\/base-768x312.png 768w\" sizes=\"(max-width: 684px) 100vw, 684px\" \/><br \/>\nDurante os anos de 2020 a 2022 servidoras do GIZ atuaram ativamente como representantes titular e suplente da PROGRAD no Comit\u00ea Gestor do Reposit\u00f3rio Institucional da UFMG (COGERI). A participa\u00e7\u00e3o das servidoras do GIZ foi de fundamental import\u00e2ncia para a Consolida\u00e7\u00e3o do documento da pol\u00edtica interna da Comunidade de Recursos Educacionais, assim como para a avalia\u00e7\u00e3o e aprova\u00e7\u00e3o pelo COGERI da pol\u00edtica interna da Comunidade de Recursos Educacionais. Para o mandato de 2022 a 2024 a Prograd tem, na supl\u00eancia, uma servidora do GIZ.<\/p>\n<p>O Reposit\u00f3rio Institucional da UFMG armazena objetos informacionais em formato digital e seus respectivos metadados padronizados. Este espa\u00e7o tem o prop\u00f3sito de reunir, preservar, disseminar e promover o acesso aos recursos digitais criados pela comunidade da UFMG, a fim de proporcionar o interc\u00e2mbio intelectual, a criatividade, o conhecimento e a inova\u00e7\u00e3o. O Reposit\u00f3rio Institucional da UFMG \u00e9 constitu\u00eddo das seguintes comunidades: Publica\u00e7\u00f5es Cient\u00edficas e Culturais, Recursos Educacionais e Trabalhos Acad\u00eamicos.<\/p>\n<p>A Comunidade de Recursos Educacionais do Reposit\u00f3rio Institucional tem como prop\u00f3sito reunir, organizar, armazenar, disseminar e preservar, em acesso aberto, os recursos educacionais produzidos por alunos, docentes e t\u00e9cnico-administrativos em educa\u00e7\u00e3o \u2013 que mant\u00eam v\u00ednculo com a UFMG \u2013 para promover a colabora\u00e7\u00e3o, o compartilhamento e o reuso em diferentes contextos de aprendizagem. A Comunidade tem a miss\u00e3o social de democratiza\u00e7\u00e3o do conhecimento e oferta de acesso livre \u00e0 produ\u00e7\u00e3o t\u00e9cnica, cient\u00edfica, extensionista e pedag\u00f3gica.<\/p>\n<p><strong>Coordena\u00e7\u00e3o:<\/strong><\/p>\n<p>Biblioteca Universit\u00e1ria (BU)<\/p>\n<p>Comit\u00ea Gestor do Reposit\u00f3rio Institucional (COGERI)<\/p>\n<p><strong>Telefone:<\/strong><\/p>\n<p><strong>\u00a0<\/strong>3409-4627<\/p>\n<p><strong>Site:<\/strong><\/p>\n<p><a href=\"https:\/\/repositorio.ufmg.br\/\" data-saferedirecturl=\"https:\/\/www.google.com\/url?q=https:\/\/repositorio.ufmg.br\/&amp;source=gmail&amp;ust=1682535395390000&amp;usg=AOvVaw1JShRwpQWY_HOdKLvmKthY\">https:\/\/repositorio.ufmg.br\/<\/a><\/p>\n","protected":false},"excerpt":{"rendered":"<p>Durante os anos de 2020 a 2022 servidoras do GIZ [&hellip;]<\/p>\n","protected":false},"author":7,"featured_media":0,"parent":0,"menu_order":0,"comment_status":"closed","ping_status":"closed","template":"","meta":[],"acf":[],"_links":{"self":[{"href":"https:\/\/www.ufmg.br\/giz\/wp-json\/wp\/v2\/pages\/181"}],"collection":[{"href":"https:\/\/www.ufmg.br\/giz\/wp-json\/wp\/v2\/pages"}],"about":[{"href":"https:\/\/www.ufmg.br\/giz\/wp-json\/wp\/v2\/types\/page"}],"author":[{"embeddable":true,"href":"https:\/\/www.ufmg.br\/giz\/wp-json\/wp\/v2\/users\/7"}],"replies":[{"embeddable":true,"href":"https:\/\/www.ufmg.br\/giz\/wp-json\/wp\/v2\/comments?post=181"}],"version-history":[{"count":10,"href":"https:\/\/www.ufmg.br\/giz\/wp-json\/wp\/v2\/pages\/181\/revisions"}],"predecessor-version":[{"id":719,"href":"https:\/\/www.ufmg.br\/giz\/wp-json\/wp\/v2\/pages\/181\/revisions\/719"}],"wp:attachment":[{"href":"https:\/\/www.ufmg.br\/giz\/wp-json\/wp\/v2\/media?parent=181"}],"curies":[{"name":"wp","href":"https:\/\/api.w.org\/{rel}","templated":true}]}}