{"id":1847,"date":"2025-11-11T16:59:59","date_gmt":"2025-11-11T19:59:59","guid":{"rendered":"https:\/\/www.ufmg.br\/giz\/?page_id=1847"},"modified":"2025-11-11T17:00:55","modified_gmt":"2025-11-11T20:00:55","slug":"edital-giz-prograd-no-003-2025-2","status":"publish","type":"page","link":"https:\/\/www.ufmg.br\/giz\/edital-giz-prograd-no-003-2025-2\/","title":{"rendered":"Edital GIZ\/PROGRAD N\u00ba 003\/2025"},"content":{"rendered":"\n<p><strong>SELE\u00c7\u00c3O DO PROGRAMA DE INOVA\u00c7\u00c3O E METODOLOGIA DE ENSINO \u2013 PIME GRADUA\u00c7\u00c3O BOLSAS E ATIVIDADE VOLUNT\u00c1RIA \u2013 PERFIL M\u00cdDIAS\/EDUCA\u00c7\u00c3O\u00a0 MODALIDADES AMPLA CONCORR\u00caNCIA E A\u00c7\u00d5ES AFIRMATIVAS<\/strong>\u00a0<br>A Diretora da Diretoria de Inova\u00e7\u00e3o e Metodologias de Ensino \u2013 GIZ, da Pr\u00f3-Reitoria de Gradua\u00e7\u00e3o da Universidade Federal de Minas Gerais \u2013 PROGRAD\/UFMG, Professora Br\u00e9scia Fran\u00e7a Nonato, faz saber que, no per\u00edodo de 27\/02\/2025 at\u00e9 as 23h59min do dia 16\/03\/2025, esta Diretoria receber\u00e1 inscri\u00e7\u00f5es de candidatos(as) para o exame de sele\u00e7\u00e3o destinado ao preenchimento de vagas e \u00e0 forma\u00e7\u00e3o de cadastro reserva para o Programa de Bolsas da Gradua\u00e7\u00e3o da PROGRAD, nas modalidades ampla concorr\u00eancia, a\u00e7\u00f5es afirmativas e atividade volunt\u00e1ria, para atuar em a\u00e7\u00f5es desenvolvidas pelo GIZ\/PROGRAD\/UFMG, conforme\u00a0<a href=\"https:\/\/www.ufmg.br\/giz\/wp-content\/uploads\/2025\/02\/Edital-003-PIME-2025-MIDIAS-EDUCACAO-BOLSA-GRADUACAO-E-ATIVIDADE-VOLUNTARIA-ACOES-AFIRMATIVAS.docx.pdf\">Edital 003\/2025.<\/a><\/p>\n\n\n\n<p>Para se inscrever, \u00e9 necess\u00e1rio preencher o&nbsp;<a href=\"https:\/\/docs.google.com\/forms\/d\/e\/1FAIpQLSfklgUKguVXrp3oplL6yBqizAkLPhC6p0Fitvv4AcoDu8d6yw\/closedform\" target=\"_blank\" rel=\"noreferrer noopener\">Formul\u00e1rio de inscri\u00e7\u00e3o<\/a><\/p>\n\n\n\n<p>Resultado da primeira fase dispon\u00edvel,&nbsp;<a href=\"https:\/\/www.ufmg.br\/giz\/wp-content\/uploads\/2025\/03\/Edital-003-2025-PIME-ATUALIZADO-Midias-Educacao-Resultado-Primeira-Fase.docx-1.pdf\">clique aqui.<\/a><\/p>\n\n\n\n<p>Resultado final dispon\u00edvel,&nbsp;<a href=\"https:\/\/www.ufmg.br\/giz\/wp-content\/uploads\/2025\/03\/Edital-003-2025-PIME-Midias-Educacao-Resultado-Final.pdf\">clique aqui.<\/a><\/p>\n","protected":false},"excerpt":{"rendered":"<p>SELE\u00c7\u00c3O DO PROGRAMA DE INOVA\u00c7\u00c3O E METODOLOGIA DE ENSINO \u2013 [&hellip;]<\/p>\n","protected":false},"author":17,"featured_media":0,"parent":0,"menu_order":0,"comment_status":"closed","ping_status":"closed","template":"","meta":[],"acf":[],"_links":{"self":[{"href":"https:\/\/www.ufmg.br\/giz\/wp-json\/wp\/v2\/pages\/1847"}],"collection":[{"href":"https:\/\/www.ufmg.br\/giz\/wp-json\/wp\/v2\/pages"}],"about":[{"href":"https:\/\/www.ufmg.br\/giz\/wp-json\/wp\/v2\/types\/page"}],"author":[{"embeddable":true,"href":"https:\/\/www.ufmg.br\/giz\/wp-json\/wp\/v2\/users\/17"}],"replies":[{"embeddable":true,"href":"https:\/\/www.ufmg.br\/giz\/wp-json\/wp\/v2\/comments?post=1847"}],"version-history":[{"count":2,"href":"https:\/\/www.ufmg.br\/giz\/wp-json\/wp\/v2\/pages\/1847\/revisions"}],"predecessor-version":[{"id":1856,"href":"https:\/\/www.ufmg.br\/giz\/wp-json\/wp\/v2\/pages\/1847\/revisions\/1856"}],"wp:attachment":[{"href":"https:\/\/www.ufmg.br\/giz\/wp-json\/wp\/v2\/media?parent=1847"}],"curies":[{"name":"wp","href":"https:\/\/api.w.org\/{rel}","templated":true}]}}