{"id":1865,"date":"2025-11-11T17:14:18","date_gmt":"2025-11-11T20:14:18","guid":{"rendered":"https:\/\/www.ufmg.br\/giz\/?page_id=1865"},"modified":"2025-11-11T17:14:58","modified_gmt":"2025-11-11T20:14:58","slug":"edital-giz-prograd-no-001-2025-2","status":"publish","type":"page","link":"https:\/\/www.ufmg.br\/giz\/edital-giz-prograd-no-001-2025-2\/","title":{"rendered":"<strong>Edital GIZ\/PROGRAD N\u00ba 001\/2025<\/strong>"},"content":{"rendered":"\n<h4><strong>SELE\u00c7\u00c3O DO PROGRAMA DE INOVA\u00c7\u00c3O E METODOLOGIA DE ENSINO \u2013 PIME P\u00d3S-GRADUA\u00c7\u00c3O \u2013 BOLSAS E ATIVIDADE VOLUNT\u00c1RIA<\/strong><\/h4>\n\n\n\n<p>A diretora da Diretoria de Inova\u00e7\u00e3o e Metodologias de Ensino \u2013 GIZ, da Pr\u00f3-Reitoria de Gradua\u00e7\u00e3o da Universidade Federal de Minas Gerais \u2013 PROGRAD\/UFMG, professora Br\u00e9scia Fran\u00e7a Nonato, faz saber que, no per\u00edodo de 27\/02\/2025 at\u00e9 \u00e0s 23h59min do dia 16\/03\/2025, esta Diretoria receber\u00e1 inscri\u00e7\u00f5es de candidatos(as) para o exame de sele\u00e7\u00e3o destinado ao preenchimento de vagas e \u00e0 forma\u00e7\u00e3o de cadastro reserva para o Programa de Inova\u00e7\u00e3o e Metodologia de Ensino (PIME \u2013 P\u00f3s-gradua\u00e7\u00e3o) e atividade volunt\u00e1ria \u2013 para atuar em a\u00e7\u00f5es desenvolvidas pelo GIZ\/PROGRAD\/UFMG conforme&nbsp;<a href=\"https:\/\/www.ufmg.br\/giz\/wp-content\/uploads\/2025\/02\/Edital-001-2025-PIME-POS-GRADUACAO.pdf\">Edital 001\/2025<\/a><\/p>\n\n\n\n<p>Para se candidatar, \u00e9 necess\u00e1rio preencher o&nbsp;<a href=\"https:\/\/docs.google.com\/forms\/d\/e\/1FAIpQLSdI5Qg0bmkVubtF63MsYFoJ204s5iwe_tN2W6oKywu-3AheWA\/closedform\" target=\"_blank\" rel=\"noreferrer noopener\">Formul\u00e1rio de inscri\u00e7\u00e3o<\/a>.<\/p>\n\n\n\n<p>Resultado da primeira fase dispon\u00edvel,&nbsp;<a href=\"https:\/\/www.ufmg.br\/giz\/wp-content\/uploads\/2025\/03\/Edital-001-2025-PIME-Pos-Graduacao-Resultado-Primeira-Fase.docx.pdf\">clique aqui.<\/a><\/p>\n\n\n\n<p>Resultado final dispon\u00edvel,&nbsp;<a href=\"https:\/\/www.ufmg.br\/giz\/wp-content\/uploads\/2025\/05\/Edital-001-2025-PIME-POS-GRADUACAO-Resultado-Final-08maio2025.pdf\">clique aqui.<\/a><\/p>\n","protected":false},"excerpt":{"rendered":"<p>SELE\u00c7\u00c3O DO PROGRAMA DE INOVA\u00c7\u00c3O E METODOLOGIA DE ENSINO \u2013 [&hellip;]<\/p>\n","protected":false},"author":17,"featured_media":0,"parent":0,"menu_order":0,"comment_status":"closed","ping_status":"closed","template":"","meta":[],"acf":[],"_links":{"self":[{"href":"https:\/\/www.ufmg.br\/giz\/wp-json\/wp\/v2\/pages\/1865"}],"collection":[{"href":"https:\/\/www.ufmg.br\/giz\/wp-json\/wp\/v2\/pages"}],"about":[{"href":"https:\/\/www.ufmg.br\/giz\/wp-json\/wp\/v2\/types\/page"}],"author":[{"embeddable":true,"href":"https:\/\/www.ufmg.br\/giz\/wp-json\/wp\/v2\/users\/17"}],"replies":[{"embeddable":true,"href":"https:\/\/www.ufmg.br\/giz\/wp-json\/wp\/v2\/comments?post=1865"}],"version-history":[{"count":1,"href":"https:\/\/www.ufmg.br\/giz\/wp-json\/wp\/v2\/pages\/1865\/revisions"}],"predecessor-version":[{"id":1868,"href":"https:\/\/www.ufmg.br\/giz\/wp-json\/wp\/v2\/pages\/1865\/revisions\/1868"}],"wp:attachment":[{"href":"https:\/\/www.ufmg.br\/giz\/wp-json\/wp\/v2\/media?parent=1865"}],"curies":[{"name":"wp","href":"https:\/\/api.w.org\/{rel}","templated":true}]}}