{"id":1944,"date":"2025-11-18T17:13:56","date_gmt":"2025-11-18T20:13:56","guid":{"rendered":"https:\/\/www.ufmg.br\/giz\/?page_id=1944"},"modified":"2025-11-18T17:13:56","modified_gmt":"2025-11-18T20:13:56","slug":"galeria-do-pre-congresso-des-encontros-com-a-inteligencia-artificial-ensinar-e-aprender-por-que-para-que-para-quem-e-como-tarde","status":"publish","type":"page","link":"https:\/\/www.ufmg.br\/giz\/galeria-do-pre-congresso-des-encontros-com-a-inteligencia-artificial-ensinar-e-aprender-por-que-para-que-para-quem-e-como-tarde\/","title":{"rendered":"Galeria do pr\u00e9-congresso: (Des) Encontros com a Intelig\u00eancia Artificial: ensinar e aprender por qu\u00ea, para qu\u00ea, para quem e como?  (Tarde)"},"content":{"rendered":"\n<p>Galeria do evento ministrado pela equipe da Diretoria de Inova\u00e7\u00e3o e Metodologias de Ensino (Giz) no dia 30\/10\/2025 em prepara\u00e7\u00e3o para a oitava edi\u00e7\u00e3o do Congresso de Inova\u00e7\u00e3o e Metodologias no Ensino Superior e Tecnol\u00f3gico.<\/p>\n","protected":false},"excerpt":{"rendered":"<p>Galeria do evento ministrado pela equipe da Diretoria de Inova\u00e7\u00e3o [&hellip;]<\/p>\n","protected":false},"author":17,"featured_media":0,"parent":0,"menu_order":0,"comment_status":"closed","ping_status":"closed","template":"","meta":[],"acf":[],"_links":{"self":[{"href":"https:\/\/www.ufmg.br\/giz\/wp-json\/wp\/v2\/pages\/1944"}],"collection":[{"href":"https:\/\/www.ufmg.br\/giz\/wp-json\/wp\/v2\/pages"}],"about":[{"href":"https:\/\/www.ufmg.br\/giz\/wp-json\/wp\/v2\/types\/page"}],"author":[{"embeddable":true,"href":"https:\/\/www.ufmg.br\/giz\/wp-json\/wp\/v2\/users\/17"}],"replies":[{"embeddable":true,"href":"https:\/\/www.ufmg.br\/giz\/wp-json\/wp\/v2\/comments?post=1944"}],"version-history":[{"count":1,"href":"https:\/\/www.ufmg.br\/giz\/wp-json\/wp\/v2\/pages\/1944\/revisions"}],"predecessor-version":[{"id":1945,"href":"https:\/\/www.ufmg.br\/giz\/wp-json\/wp\/v2\/pages\/1944\/revisions\/1945"}],"wp:attachment":[{"href":"https:\/\/www.ufmg.br\/giz\/wp-json\/wp\/v2\/media?parent=1944"}],"curies":[{"name":"wp","href":"https:\/\/api.w.org\/{rel}","templated":true}]}}