{"id":195,"date":"2022-09-23T14:29:02","date_gmt":"2022-09-23T17:29:02","guid":{"rendered":"https:\/\/www.ufmg.br\/giz?page_id=195"},"modified":"2026-04-07T13:33:30","modified_gmt":"2026-04-07T16:33:30","slug":"bolsa-de-graduacao","status":"publish","type":"page","link":"https:\/\/www.ufmg.br\/giz\/bolsa-de-graduacao\/","title":{"rendered":"PIME \u2013 Gradua\u00e7\u00e3o"},"content":{"rendered":"\n<p>EDITAL GIZ\/PROGRAD N\u00ba 002\/2026\u00a0<\/p>\n\n\n\n<p><p>A Diretora da Diretoria de Inova\u00e7\u00e3o e Metodologias de Ensino \u2013 GIZ, da Pr\u00f3-Reitoria de Gradua\u00e7\u00e3o da Universidade Federal de Minas Gerais \u2013 PROGRAD\/UFMG, Professora Br\u00e9scia Fran\u00e7a Nonato, faz saber que, no per\u00edodo de 10\/04\/2026 at\u00e9 \u00e0s 23h59min do dia 22\/04\/2026, esta Diretoria receber\u00e1 inscri\u00e7\u00f5es de candidatos(as) para o exame de sele\u00e7\u00e3o destinado ao preenchimento de vagas e \u00e0 forma\u00e7\u00e3o de cadastro de reserva para o Programa de Bolsas da Gradua\u00e7\u00e3o da PROGRAD e atividade volunt\u00e1ria para atuar em a\u00e7\u00f5es desenvolvidas pelo GIZ\/PROGRAD\/UFMG, conforme <a href=\"https:\/\/www.ufmg.br\/giz\/wp-content\/uploads\/2026\/04\/Edital-002-PIME-2026-ORGANIZACAO-E-TRATAMENTO-DA-INFORMACAO.pdf\">Edital 002\/2026<\/a><\/p><span style=\"font-size: revert; color: initial;\">Para se candidatar, \u00e9 necess\u00e1rio preencher o <\/span><a style=\"font-size: revert;\" href=\"https:\/\/docs.google.com\/forms\/d\/e\/1FAIpQLSe6LpfO_13jlAFR7F_xfHUo5r3DWXVoOhwD-9K9OKWsXegk9A\/viewform?usp=header\">Formul\u00e1rio de Inscri\u00e7\u00e3o<\/a>   <p>Em caso de d\u00favidas, envie um e-mail para giz-contato@progra.ufmg.br<\/p>    <br><strong>EDITAL GIZ\/PROGRAD N\u00ba 008\/2025<\/strong><br><strong>SELE\u00c7\u00c3O DO PROGRAMA DE INOVA\u00c7\u00c3O E METODOLOGIA DE ENSINO \u2013 PIME<\/strong><br><strong>GRADUA\u00c7\u00c3O \u2013 BOLSAS E ATIVIDADE VOLUNT\u00c1RIA \u2013 PERFIL REVIS\u00c3O<\/strong><\/p>\n\n\n\n<p>A Diretoria de Inova\u00e7\u00e3o e Metodologias de Ensino \u2013 GIZ, da Pr\u00f3-Reitoria de Gradua\u00e7\u00e3o da Universidade Federal de Minas Gerais \u2013 PROGRAD\/UFMG torna p\u00fablica a divulga\u00e7\u00e3o do resultado da primeira fase exame de sele\u00e7\u00e3o destinado \u00e0 forma\u00e7\u00e3o de cadastro reserva para o Programa de Bolsas da Gradua\u00e7\u00e3o da PROGRAD e atividade volunt\u00e1ria, perfil revis\u00e3o, para atuar em a\u00e7\u00f5es desenvolvidas pelo GIZ\/PROGRAD\/UFMG, Edital 008\/2025<\/p>\n\n\n\n<p><a href=\"https:\/\/www.ufmg.br\/giz\/wp-content\/uploads\/2025\/10\/Edital-008-2025-PIME-Revisao-Resultado-Primeira-Fase.pdf\">Resultado da primeira fase<\/a><br><a href=\"https:\/\/www.ufmg.br\/giz\/wp-content\/uploads\/2025\/11\/Edital-008-2025-PIME-Revisao-Resultado-Final.pdf\">Resultado final<\/a><\/p>\n\n\n\n<p>A Diretora da Diretoria de Inova\u00e7\u00e3o e Metodologias de Ensino \u2013 GIZ, da Pr\u00f3-Reitoria de Gradua\u00e7\u00e3o da Universidade Federal de Minas Gerais \u2013 PROGRAD\/UFMG, Professora Br\u00e9scia Fran\u00e7a Nonato, faz saber que, no per\u00edodo de 08\/10\/2025 at\u00e9 \u00e0s 23h59min do dia 19\/10\/2025, esta Diretoria receber\u00e1 inscri\u00e7\u00f5es de candidatos(as) para o exame de sele\u00e7\u00e3o destinado \u00e0 forma\u00e7\u00e3o de cadastro de reserva para o Programa de Bolsas da Gradua\u00e7\u00e3o da PROGRAD e atividade volunt\u00e1ria, perfil revis\u00e3o, para atuar em a\u00e7\u00f5es desenvolvidas pelo GIZ\/PROGRAD\/UFMG, conforme&nbsp;<a href=\"https:\/\/www.ufmg.br\/giz\/wp-content\/uploads\/2025\/10\/Edital-008-PIME-2025-REVISAO-BOLSAS-DE-GRADUACAO-E-ATIVIDADE-VOLUNTARIA.docx.pdf\">Edital N\u00ba 008\/2025<\/a>.<\/p>\n\n\n\n<p>Para se candidatar, \u00e9 necess\u00e1rio preencher o&nbsp;<a href=\"https:\/\/docs.google.com\/forms\/d\/e\/1FAIpQLSc61ByiDaDnjjAyW2X3vIp6vZOmQBPCzbG2smozs6vIqecYSA\/viewform?usp=header\" target=\"_blank\" rel=\"noreferrer noopener\">Formul\u00e1rio de inscri\u00e7\u00e3o<\/a><\/p>\n\n\n\n<p><strong>EDITAL GIZ\/PROGRAD N\u00ba 007\/2025<\/strong><br><strong>SELE\u00c7\u00c3O DO PROGRAMA DE INOVA\u00c7\u00c3O E METODOLOGIA DE ENSINO \u2013 PIME<\/strong><br><strong>GRADUA\u00c7\u00c3O \u2013 BOLSAS E ATIVIDADE VOLUNT\u00c1RIA \u2013&nbsp;PERFIL M\u00cdDIAS\/EDUCA\u00c7\u00c3O MODALIDADES AMPLA CONCORR\u00caNCIA E A\u00c7\u00d5ES AFIRMATIVAS<\/strong><\/p>\n\n\n\n<p>A Diretoria de Inova\u00e7\u00e3o e Metodologias de Ensino \u2013 GIZ, da Pr\u00f3-Reitoria de Gradua\u00e7\u00e3o da Universidade Federal de Minas Gerais \u2013 PROGRAD\/UFMG torna p\u00fablica a divulga\u00e7\u00e3o do resultado da primeira fase exame de sele\u00e7\u00e3o destinado \u00e0 forma\u00e7\u00e3o de cadastro reserva para o Programa de Bolsas da Gradua\u00e7\u00e3o da PROGRAD e atividade volunt\u00e1ria, perfil revis\u00e3o, para atuar em a\u00e7\u00f5es desenvolvidas pelo GIZ\/PROGRAD\/UFMG, Edital 007\/2025<\/p>\n\n\n\n<p><a href=\"https:\/\/www.ufmg.br\/giz\/wp-content\/uploads\/2025\/10\/Edital-007-PIME-2025-Midias-Educacao-Resultado-Primeira-Fase.pdf\">Resultado primeira fase<\/a><\/p>\n\n\n\n<p><a href=\"https:\/\/www.ufmg.br\/giz\/wp-content\/uploads\/2025\/11\/Edital-007-2025-PIME-Midias-Educacao-Resultado-Final.pdf\">Resultado Final<\/a><\/p>\n\n\n\n<p>A Diretora da Diretoria de Inova\u00e7\u00e3o e Metodologias de Ensino \u2013 GIZ, da Pr\u00f3-Reitoria de Gradua\u00e7\u00e3o da Universidade Federal de Minas Gerais \u2013 PROGRAD\/UFMG, Professora Br\u00e9scia Fran\u00e7a Nonato, faz saber que, no per\u00edodo de 08\/10\/2025 at\u00e9 as 23h59min do dia 19\/10\/2025, esta Diretoria receber\u00e1 inscri\u00e7\u00f5es de candidatos(as) para o exame de sele\u00e7\u00e3o destinado \u00e0 forma\u00e7\u00e3o de cadastro reserva para o Programa de Bolsas da Gradua\u00e7\u00e3o da PROGRAD, nas modalidades ampla concorr\u00eancia, a\u00e7\u00f5es afirmativas e atividade volunt\u00e1ria, para atuar em a\u00e7\u00f5es desenvolvidas pelo GIZ\/PROGRAD\/UFMG, conforme&nbsp;<a href=\"https:\/\/www.ufmg.br\/giz\/wp-content\/uploads\/2025\/10\/Edital-007-PIME-2025-MIDIAS-EDUCACAO-BOLSA-GRADUACAO-E-ATIVIDADE-VOLUNTARIA-ACOES-AFIRMATIVAS.pdf\">Edital 007\/2025<\/a>.<\/p>\n\n\n\n<p>Para se candidatar, \u00e9 necess\u00e1rio preencher o&nbsp;<a href=\"https:\/\/forms.gle\/MgcQ6hHjXMaK68DPA\" target=\"_blank\" rel=\"noreferrer noopener\">Formul\u00e1rio de inscri\u00e7\u00e3o<\/a><\/p>\n\n\n\n<h4>Edital GIZ\/PROGRAD N\u00ba 005\/2025<\/h4>\n\n\n\n<p><strong>SELE\u00c7\u00c3O DO PROGRAMA DE INOVA\u00c7\u00c3O E METODOLOGIA DE ENSINO \u2013 PIME GRADUA\u00c7\u00c3O BOLSAS E ATIVIDADE VOLUNT\u00c1RIA \u2013 PERFIL M\u00cdDIAS\/EDUCA\u00c7\u00c3O<\/strong>&nbsp;<strong>MODALIDADES AMPLA CONCORR\u00caNCIA E A\u00c7\u00d5ES AFIRMATIVAS<\/strong><\/p>\n\n\n\n<h4><\/h4>\n\n\n\n<p>A Diretoria de Inova\u00e7\u00e3o e Metodologias de Ensino \u2013 GIZ, da Pr\u00f3-Reitoria de Gradua\u00e7\u00e3o da Universidade Federal de Minas Gerais \u2013 PROGRAD\/UFMG torna p\u00fablica a divulga\u00e7\u00e3o do resultado da primeira fase exame de sele\u00e7\u00e3o destinado ao preenchimento de vagas e \u00e0 forma\u00e7\u00e3o de cadastro reserva para o Programa de Bolsas da Gradua\u00e7\u00e3o da PROGRAD, nas modalidades ampla concorr\u00eancia, a\u00e7\u00f5es afirmativas e atividade volunt\u00e1ria, para atuar em a\u00e7\u00f5es desenvolvidas pelo GIZ\/PROGRAD\/UFMG conforme Edital&nbsp;<a href=\"https:\/\/www.ufmg.br\/giz\/wp-content\/uploads\/2025\/06\/Edital-005-PIME-2025-MIDIAS-EDUCACAO-BOLSA-GRADUACAO-E-ATIVIDADE-VOLUNTARIA-ACOES-AFIRMATIVAS.pdf\">005\/2025<\/a><\/p>\n\n\n\n<p><a href=\"https:\/\/www.ufmg.br\/giz\/wp-content\/uploads\/2025\/07\/EDITAL-GIZ-05-2025-etapa-1.pdf\">Resultado da primeira fase.<\/a><\/p>\n\n\n\n<p><a href=\"https:\/\/www.ufmg.br\/giz\/wp-content\/uploads\/2025\/07\/Edital-005-2025-PIME-Midias-Educacao-Resultado-Final.pdf\">Resultado Final&nbsp;<\/a><br><br>Em caso de d\u00favidas, envie um e-mail para&nbsp;<a rel=\"noreferrer noopener\" href=\"mailto:giz-contato@prograd.ufmg.br\" target=\"_blank\">giz-contato@prograd.ufmg.br<\/a><\/p>\n\n\n<div id=\"sp-ea-207\" class=\"sp-ea-one sp-easy-accordion\" data-ex-icon=\"fa-minus\" data-col-icon=\"fa-plus\"  data-ea-active=\"ea-click\"  data-ea-mode=\"vertical\" data-preloader=\"\"><div class=\"ea-card  sp-ea-single\"><h3 class=\"ea-header\"><a class=\"collapsed\" data-sptoggle=\"spcollapse\" data-sptarget=#collapse2070 href=\"javascript:void(0)\" aria-expanded=\"false\"><i class=\"ea-expand-icon fa fa-plus\"><\/i> EDITAIS ANTERIORES<\/a><\/h3><div class=\"sp-collapse spcollapse spcollapse\" id=\"collapse2070\" data-parent=#sp-ea-207><div class=\"ea-body\"><p><a href=\"https:\/\/www.ufmg.br\/giz\/editais-anteriores\/\">Editais Anteriores (PIME \u2013 Gradua\u00e7\u00e3o)<\/a><\/p>\n<\/div><\/div><\/div><\/div>\n","protected":false},"excerpt":{"rendered":"<p>EDITAL GIZ\/PROGRAD N\u00ba 002\/2026\u00a0 A Diretora da Diretoria de Inova\u00e7\u00e3o [&hellip;]<\/p>\n","protected":false},"author":7,"featured_media":0,"parent":0,"menu_order":0,"comment_status":"closed","ping_status":"closed","template":"","meta":[],"acf":[],"_links":{"self":[{"href":"https:\/\/www.ufmg.br\/giz\/wp-json\/wp\/v2\/pages\/195"}],"collection":[{"href":"https:\/\/www.ufmg.br\/giz\/wp-json\/wp\/v2\/pages"}],"about":[{"href":"https:\/\/www.ufmg.br\/giz\/wp-json\/wp\/v2\/types\/page"}],"author":[{"embeddable":true,"href":"https:\/\/www.ufmg.br\/giz\/wp-json\/wp\/v2\/users\/7"}],"replies":[{"embeddable":true,"href":"https:\/\/www.ufmg.br\/giz\/wp-json\/wp\/v2\/comments?post=195"}],"version-history":[{"count":129,"href":"https:\/\/www.ufmg.br\/giz\/wp-json\/wp\/v2\/pages\/195\/revisions"}],"predecessor-version":[{"id":2000,"href":"https:\/\/www.ufmg.br\/giz\/wp-json\/wp\/v2\/pages\/195\/revisions\/2000"}],"wp:attachment":[{"href":"https:\/\/www.ufmg.br\/giz\/wp-json\/wp\/v2\/media?parent=195"}],"curies":[{"name":"wp","href":"https:\/\/api.w.org\/{rel}","templated":true}]}}