{"id":201,"date":"2022-09-23T14:30:10","date_gmt":"2022-09-23T17:30:10","guid":{"rendered":"https:\/\/www.ufmg.br\/giz?page_id=201"},"modified":"2026-03-26T16:49:56","modified_gmt":"2026-03-26T19:49:56","slug":"bolsa-pos-graduacao","status":"publish","type":"page","link":"https:\/\/www.ufmg.br\/giz\/bolsa-pos-graduacao\/","title":{"rendered":"PIME &#8211; P\u00f3s-gradua\u00e7\u00e3o"},"content":{"rendered":"\n<p><\/p>\n\n\n<article id=\"post-5700\" class=\"post-5700 post type-post status-publish format-standard hentry category-editais category-edital-bolsa-pmg category-noticias\">\n<div data-url=\"https:\/\/www.ufmg.br\/giz\/edital-0022022-pime-revisao-e-atividade-voluntaria\/\" data-title=\"Edital 002\/2022 \u2013 PIME Revis\u00e3o e Atividade Volunt\u00e1ria\">\n<article id=\"post-5700\" class=\"post-5700 post type-post status-publish format-standard hentry category-editais category-edital-bolsa-pmg category-noticias\">\n<div data-url=\"https:\/\/www.ufmg.br\/giz\/edital-0022022-pime-revisao-e-atividade-voluntaria\/\" data-title=\"Edital 002\/2022 \u2013 PIME Revis\u00e3o e Atividade Volunt\u00e1ria\">\n<h1 data-url=\"https:\/\/www.ufmg.br\/giz\/edital-0022022-pime-revisao-e-atividade-voluntaria\/\" data-title=\"Edital 002\/2022 \u2013 PIME Revis\u00e3o e Atividade Volunt\u00e1ria\">\u00a0<\/h1>\n<h1 data-url=\"https:\/\/www.ufmg.br\/giz\/edital-0022022-pime-revisao-e-atividade-voluntaria\/\" data-title=\"Edital 002\/2022 \u2013 PIME Revis\u00e3o e Atividade Volunt\u00e1ria\"><strong>EDITAL GIZ\/PROGRAD N\u00ba 001\/2026 <\/strong><\/h1>\n<p><strong>SELE\u00c7\u00c3O DO PROGRAMA DE INOVA\u00c7\u00c3O E METODOLOGIA DE ENSINO &#8211; PIME P\u00d3S-GRADUA\u00c7\u00c3O &#8211; BOLSAS E ATIVIDADE VOLUNT\u00c1RIA<\/strong><\/p>\n<p>A diretora da Diretoria de Inova\u00e7\u00e3o e Metodologias de Ensino \u2013 GIZ, da Pr\u00f3-Reitoria de Gradua\u00e7\u00e3o da<br \/>Universidade Federal de Minas Gerais \u2013 PROGRAD\/UFMG, professora Br\u00e9scia Fran\u00e7a Nonato, faz saber que, no per\u00edodo de 09\/03\/2026 at\u00e9 \u00e0s 23h59min do dia 20\/03\/2026, esta Diretoria receber\u00e1 inscri\u00e7\u00f5es de candidatos(as) para o exame de sele\u00e7\u00e3o destinado \u00e0 forma\u00e7\u00e3o de cadastro reserva para o Programa de Inova\u00e7\u00e3o e Metodologia de Ensino (PIME &#8211; P\u00f3s-gradua\u00e7\u00e3o) e atividade volunt\u00e1ria \u2013 para atuar em a\u00e7\u00f5es desenvolvidas pelo GIZ\/PROGRAD\/UFMG conforme <a href=\"https:\/\/www.ufmg.br\/giz\/wp-content\/uploads\/2026\/03\/Edital-001-2026-PIME-POS-GRADUACAO-.pdf\">Edital 001\/2026.<\/a><\/p>\n<h1 data-url=\"https:\/\/www.ufmg.br\/giz\/edital-0022022-pime-revisao-e-atividade-voluntaria\/\" data-title=\"Edital 002\/2022 \u2013 PIME Revis\u00e3o e Atividade Volunt\u00e1ria\"><!-- \/wp:paragraph --><!-- wp:paragraph --><\/h1>\n<p>Para se candidatar, \u00e9 necess\u00e1rio preencher o <a href=\"https:\/\/docs.google.com\/forms\/d\/e\/1FAIpQLSfhq51MHGSySeUZAKuOKNfTtTk_-Aq3kCIVrynR0MIEsbEFPg\/viewform?usp=header\">Formul\u00e1rio de inscri\u00e7\u00e3o<\/a><\/p>\n<p>Resultado da primeira fase dispon\u00edvel,\u00a0<a href=\"https:\/\/www.ufmg.br\/giz\/wp-content\/uploads\/2026\/03\/Edital-001-2026-PIME-Pos-Graduacao-Resultado-Primeira-Fase.pdf\" target=\"_blank\" rel=\"noopener\">clique aqui<\/a>.<\/p>\n<p><!-- \/wp:paragraph --><!-- wp:paragraph --><\/p>\n<p>Resultado final dispon\u00edvel,\u00a0<a href=\"https:\/\/www.ufmg.br\/giz\/wp-content\/uploads\/2026\/03\/Edital-001-2026-PIME-POS-GRADUACAO-Resultado-Final.pdf\" target=\"_blank\" rel=\"noopener\">clique aqui<\/a>.<\/p>\n<h1 data-url=\"https:\/\/www.ufmg.br\/giz\/edital-0022022-pime-revisao-e-atividade-voluntaria\/\" data-title=\"Edital 002\/2022 \u2013 PIME Revis\u00e3o e Atividade Volunt\u00e1ria\"><!-- \/wp:paragraph --><!-- wp:paragraph --><\/h1>\n<p>Em caso de d\u00favidas, envie um e-mail para giz-contato@prograd.ufmg.br<\/p>\n<\/div>\n<\/article>\n<p>\u00a0<\/p>\n<\/div>\n<\/article>\n<p><strong style=\"color: revert; font-size: revert;\">Edital GIZ\/PROGRAD N\u00ba 006\/2025<\/strong><\/p>\n<article id=\"post-5700\" class=\"post-5700 post type-post status-publish format-standard hentry category-editais category-edital-bolsa-pmg category-noticias\">\n<div data-url=\"https:\/\/www.ufmg.br\/giz\/edital-0022022-pime-revisao-e-atividade-voluntaria\/\" data-title=\"Edital 002\/2022 \u2013 PIME Revis\u00e3o e Atividade Volunt\u00e1ria\">\n<h4 data-url=\"https:\/\/www.ufmg.br\/giz\/edital-0022022-pime-revisao-e-atividade-voluntaria\/\" data-title=\"Edital 002\/2022 \u2013 PIME Revis\u00e3o e Atividade Volunt\u00e1ria\"><strong>SELE\u00c7\u00c3O DO PROGRAMA DE INOVA\u00c7\u00c3O E METODOLOGIA DE ENSINO \u2013 PIME P\u00d3S-GRADUA\u00c7\u00c3O \u2013 BOLSAS E ATIVIDADE VOLUNT\u00c1RIA<\/strong><\/h4>\n<h1>A Diretoria de Inova\u00e7\u00e3o e Metodologias de Ensino \u2013 GIZ, da Pr\u00f3-Reitoria de Gradua\u00e7\u00e3o da Universidade Federal de Minas Gerais \u2013 PROGRAD\/UFMG torna p\u00fablica a divulga\u00e7\u00e3o do resultado da primeira fase exame de sele\u00e7\u00e3o destinado \u00e0 forma\u00e7\u00e3o de cadastro reserva para o Programa de Bolsas da P\u00f3s-gradua\u00e7\u00e3o da, para atuar em a\u00e7\u00f5es desenvolvidas pelo GIZ\/PROGRAD\/UFMG, <a href=\"https:\/\/www.ufmg.br\/giz\/wp-content\/uploads\/2025\/10\/Edital-006-2025-PIME-Pos-Graduacao-Resultado-Primeira-Fase.pdf\">Edital 006\/2025<\/a><\/h1>\n<h1>Resultado da primeira fase dispon\u00edvel, <a href=\"https:\/\/www.ufmg.br\/giz\/wp-content\/uploads\/2025\/10\/Edital-006-2025-PIME-Pos-Graduacao-Resultado-Primeira-Fase.pdf\">clique aqui<\/a><\/h1>\n<p data-url=\"https:\/\/www.ufmg.br\/giz\/edital-0022022-pime-revisao-e-atividade-voluntaria\/\" data-title=\"Edital 002\/2022 \u2013 PIME Revis\u00e3o e Atividade Volunt\u00e1ria\"><a href=\"https:\/\/www.ufmg.br\/giz\/wp-content\/uploads\/2025\/11\/Edital-006-2025-PIME-POS-GRADUACAO-Resultado-Final.pdf\">Resultado Final <\/a><\/p>\n<p data-url=\"https:\/\/www.ufmg.br\/giz\/edital-0022022-pime-revisao-e-atividade-voluntaria\/\" data-title=\"Edital 002\/2022 \u2013 PIME Revis\u00e3o e Atividade Volunt\u00e1ria\"><span style=\"font-size: revert; color: initial;\">Em caso de d\u00favidas, envie um e-mail para <\/span><a style=\"font-size: revert;\" href=\"mailto:giz-contato@prograd.ufmg.br\">giz-contato@prograd.ufmg.br<\/a><\/p>\n<\/div>\n<\/article>\n<p><!-- \/wp:paragraph --><\/p>\n<p><!-- wp:paragraph --><\/p>\n<h3 class=\"entry-title \">\u00a0<\/h3>\n<div id=\"sp-ea-481\" class=\"sp-ea-one sp-easy-accordion\" data-ex-icon=\"fa-minus\" data-col-icon=\"fa-plus\"  data-ea-active=\"ea-click\"  data-ea-mode=\"vertical\" data-preloader=\"\"><div class=\"ea-card  sp-ea-single\"><h3 class=\"ea-header\"><a class=\"collapsed\" data-sptoggle=\"spcollapse\" data-sptarget=#collapse4810 href=\"javascript:void(0)\" aria-expanded=\"false\"><i class=\"ea-expand-icon fa fa-plus\"><\/i> EDITAIS ANTERIORES<\/a><\/h3><div class=\"sp-collapse spcollapse spcollapse\" id=\"collapse4810\" data-parent=#sp-ea-481><div class=\"ea-body\"><p><a href=\"https:\/\/www.ufmg.br\/giz\/editais-anteriores-2\/\">Editais anteriores (PIME - P\u00f3s-gradua\u00e7\u00e3o )<\/a><\/p>\n<\/div><\/div><\/div><\/div>","protected":false},"excerpt":{"rendered":"<p>\u00a0 EDITAL GIZ\/PROGRAD N\u00ba 001\/2026 SELE\u00c7\u00c3O DO PROGRAMA DE INOVA\u00c7\u00c3O [&hellip;]<\/p>\n","protected":false},"author":7,"featured_media":0,"parent":0,"menu_order":0,"comment_status":"closed","ping_status":"closed","template":"","meta":[],"acf":[],"_links":{"self":[{"href":"https:\/\/www.ufmg.br\/giz\/wp-json\/wp\/v2\/pages\/201"}],"collection":[{"href":"https:\/\/www.ufmg.br\/giz\/wp-json\/wp\/v2\/pages"}],"about":[{"href":"https:\/\/www.ufmg.br\/giz\/wp-json\/wp\/v2\/types\/page"}],"author":[{"embeddable":true,"href":"https:\/\/www.ufmg.br\/giz\/wp-json\/wp\/v2\/users\/7"}],"replies":[{"embeddable":true,"href":"https:\/\/www.ufmg.br\/giz\/wp-json\/wp\/v2\/comments?post=201"}],"version-history":[{"count":68,"href":"https:\/\/www.ufmg.br\/giz\/wp-json\/wp\/v2\/pages\/201\/revisions"}],"predecessor-version":[{"id":1991,"href":"https:\/\/www.ufmg.br\/giz\/wp-json\/wp\/v2\/pages\/201\/revisions\/1991"}],"wp:attachment":[{"href":"https:\/\/www.ufmg.br\/giz\/wp-json\/wp\/v2\/media?parent=201"}],"curies":[{"name":"wp","href":"https:\/\/api.w.org\/{rel}","templated":true}]}}