{"id":2066,"date":"2026-05-05T14:01:19","date_gmt":"2026-05-05T17:01:19","guid":{"rendered":"https:\/\/www.ufmg.br\/giz\/?page_id=2066"},"modified":"2026-05-05T14:08:27","modified_gmt":"2026-05-05T17:08:27","slug":"edital-giz-prograd-no-005-2025","status":"publish","type":"page","link":"https:\/\/www.ufmg.br\/giz\/edital-giz-prograd-no-005-2025\/","title":{"rendered":"Edital GIZ\/PROGRAD N\u00ba 005\/2025"},"content":{"rendered":"\n<h4><strong>SELE\u00c7\u00c3O DO PROGRAMA DE INOVA\u00c7\u00c3O E METODOLOGIA DE ENSINO \u2013 PIME GRADUA\u00c7\u00c3O BOLSAS E ATIVIDADE VOLUNT\u00c1RIA \u2013 PERFIL M\u00cdDIAS\/EDUCA\u00c7\u00c3O<\/strong>\u00a0<strong>MODALIDADES AMPLA CONCORR\u00caNCIA E A\u00c7\u00d5ES AFIRMATIVAS<\/strong><\/h4>\n\n\n\n<p>A Diretoria de Inova\u00e7\u00e3o e Metodologias de Ensino \u2013 GIZ, da Pr\u00f3-Reitoria de Gradua\u00e7\u00e3o da Universidade Federal de Minas Gerais \u2013 PROGRAD\/UFMG torna p\u00fablica a divulga\u00e7\u00e3o do resultado da primeira fase exame de sele\u00e7\u00e3o destinado ao preenchimento de vagas e \u00e0 forma\u00e7\u00e3o de cadastro reserva para o Programa de Bolsas da Gradua\u00e7\u00e3o da PROGRAD, nas modalidades ampla concorr\u00eancia, a\u00e7\u00f5es afirmativas e atividade volunt\u00e1ria, para atuar em a\u00e7\u00f5es desenvolvidas pelo GIZ\/PROGRAD\/UFMG conforme Edital&nbsp;<a href=\"https:\/\/www.ufmg.br\/giz\/wp-content\/uploads\/2025\/06\/Edital-005-PIME-2025-MIDIAS-EDUCACAO-BOLSA-GRADUACAO-E-ATIVIDADE-VOLUNTARIA-ACOES-AFIRMATIVAS.pdf\">005\/2025<\/a><\/p>\n\n\n\n<p><a href=\"https:\/\/www.ufmg.br\/giz\/wp-content\/uploads\/2025\/07\/EDITAL-GIZ-05-2025-etapa-1.pdf\">Resultado da primeira fase.<\/a><\/p>\n\n\n\n<p><a href=\"https:\/\/www.ufmg.br\/giz\/wp-content\/uploads\/2025\/07\/Edital-005-2025-PIME-Midias-Educacao-Resultado-Final.pdf\">Resultado Final\u00a0<\/a><br><\/p>\n","protected":false},"excerpt":{"rendered":"<p>SELE\u00c7\u00c3O DO PROGRAMA DE INOVA\u00c7\u00c3O E METODOLOGIA DE ENSINO \u2013 [&hellip;]<\/p>\n","protected":false},"author":8,"featured_media":0,"parent":0,"menu_order":0,"comment_status":"closed","ping_status":"closed","template":"","meta":[],"acf":[],"_links":{"self":[{"href":"https:\/\/www.ufmg.br\/giz\/wp-json\/wp\/v2\/pages\/2066"}],"collection":[{"href":"https:\/\/www.ufmg.br\/giz\/wp-json\/wp\/v2\/pages"}],"about":[{"href":"https:\/\/www.ufmg.br\/giz\/wp-json\/wp\/v2\/types\/page"}],"author":[{"embeddable":true,"href":"https:\/\/www.ufmg.br\/giz\/wp-json\/wp\/v2\/users\/8"}],"replies":[{"embeddable":true,"href":"https:\/\/www.ufmg.br\/giz\/wp-json\/wp\/v2\/comments?post=2066"}],"version-history":[{"count":2,"href":"https:\/\/www.ufmg.br\/giz\/wp-json\/wp\/v2\/pages\/2066\/revisions"}],"predecessor-version":[{"id":2073,"href":"https:\/\/www.ufmg.br\/giz\/wp-json\/wp\/v2\/pages\/2066\/revisions\/2073"}],"wp:attachment":[{"href":"https:\/\/www.ufmg.br\/giz\/wp-json\/wp\/v2\/media?parent=2066"}],"curies":[{"name":"wp","href":"https:\/\/api.w.org\/{rel}","templated":true}]}}