{"id":2076,"date":"2026-05-05T14:11:00","date_gmt":"2026-05-05T17:11:00","guid":{"rendered":"https:\/\/www.ufmg.br\/giz\/?page_id=2076"},"modified":"2026-05-05T14:13:09","modified_gmt":"2026-05-05T17:13:09","slug":"edital-giz-prograd-no-006-2025-2","status":"publish","type":"page","link":"https:\/\/www.ufmg.br\/giz\/edital-giz-prograd-no-006-2025-2\/","title":{"rendered":"Edital GIZ\/PROGRAD N\u00ba 006\/2025"},"content":{"rendered":"\n<p><strong>SELE\u00c7\u00c3O DO PROGRAMA DE INOVA\u00c7\u00c3O E METODOLOGIA DE ENSINO \u2013 PIME P\u00d3S-GRADUA\u00c7\u00c3O \u2013 BOLSAS E ATIVIDADE VOLUNT\u00c1RIA<\/strong><br>A Diretoria de Inova\u00e7\u00e3o e Metodologias de Ensino \u2013 GIZ, da Pr\u00f3-Reitoria de Gradua\u00e7\u00e3o da Universidade Federal de Minas Gerais \u2013 PROGRAD\/UFMG torna p\u00fablica a divulga\u00e7\u00e3o do resultado da primeira fase exame de sele\u00e7\u00e3o destinado \u00e0 forma\u00e7\u00e3o de cadastro reserva para o Programa de Bolsas da P\u00f3s-gradua\u00e7\u00e3o da, para atuar em a\u00e7\u00f5es desenvolvidas pelo GIZ\/PROGRAD\/UFMG, <a href=\"https:\/\/www.ufmg.br\/giz\/wp-content\/uploads\/2025\/10\/Edital-006-2025-PIME-Pos-Graduacao-Resultado-Primeira-Fase.pdf\">Edital 006\/2025<\/a><br>Resultado da primeira fase dispon\u00edvel, <a href=\"https:\/\/www.ufmg.br\/giz\/wp-content\/uploads\/2025\/10\/Edital-006-2025-PIME-Pos-Graduacao-Resultado-Primeira-Fase.pdf\">clique aqui<\/a><br><a href=\"https:\/\/www.ufmg.br\/giz\/wp-content\/uploads\/2025\/11\/Edital-006-2025-PIME-POS-GRADUACAO-Resultado-Final.pdf\">Resultado Final<\/a><\/p>\n","protected":false},"excerpt":{"rendered":"<p>SELE\u00c7\u00c3O DO PROGRAMA DE INOVA\u00c7\u00c3O E METODOLOGIA DE ENSINO \u2013 [&hellip;]<\/p>\n","protected":false},"author":8,"featured_media":0,"parent":0,"menu_order":0,"comment_status":"closed","ping_status":"closed","template":"","meta":[],"acf":[],"_links":{"self":[{"href":"https:\/\/www.ufmg.br\/giz\/wp-json\/wp\/v2\/pages\/2076"}],"collection":[{"href":"https:\/\/www.ufmg.br\/giz\/wp-json\/wp\/v2\/pages"}],"about":[{"href":"https:\/\/www.ufmg.br\/giz\/wp-json\/wp\/v2\/types\/page"}],"author":[{"embeddable":true,"href":"https:\/\/www.ufmg.br\/giz\/wp-json\/wp\/v2\/users\/8"}],"replies":[{"embeddable":true,"href":"https:\/\/www.ufmg.br\/giz\/wp-json\/wp\/v2\/comments?post=2076"}],"version-history":[{"count":2,"href":"https:\/\/www.ufmg.br\/giz\/wp-json\/wp\/v2\/pages\/2076\/revisions"}],"predecessor-version":[{"id":2079,"href":"https:\/\/www.ufmg.br\/giz\/wp-json\/wp\/v2\/pages\/2076\/revisions\/2079"}],"wp:attachment":[{"href":"https:\/\/www.ufmg.br\/giz\/wp-json\/wp\/v2\/media?parent=2076"}],"curies":[{"name":"wp","href":"https:\/\/api.w.org\/{rel}","templated":true}]}}