{"id":230,"date":"2022-09-26T14:06:54","date_gmt":"2022-09-26T17:06:54","guid":{"rendered":"https:\/\/www.ufmg.br\/giz?page_id=230"},"modified":"2026-02-20T12:29:40","modified_gmt":"2026-02-20T15:29:40","slug":"integracao-docente","status":"publish","type":"page","link":"https:\/\/www.ufmg.br\/giz\/integracao-docente\/","title":{"rendered":"Integra\u00e7\u00e3o Docente"},"content":{"rendered":"<p>Lan\u00e7ado oficialmente em junho de 2020, o Programa Integra\u00e7\u00e3o Docente passa a fazer parte da agenda da UFMG como espa\u00e7o para o fortalecimento e discuss\u00e3o sobre as pr\u00e1ticas de ensino, indo al\u00e9m do Ensino Remoto Emergencial.<\/p>\n<p>O objetivo \u00e9 que sejam institu\u00eddos, em cada per\u00edodo letivo, momentos para fortalecermos a cultura de autoavalia\u00e7\u00e3o, planejamento e trabalho coletivo no cotidiano das unidades, articulando professores,\u00a0 estudantes e t\u00e9cnico- administrativos em educa\u00e7\u00e3o nas estruturas j\u00e1 existentes (Departamento, Colegiado, N\u00facleo Docente Estruturante e outros setores) ou criando outras organiza\u00e7\u00f5es que sejam potenciais para o aprimoramento do ensino de gradua\u00e7\u00e3o.<\/p>\n<p>A expectativa \u00e9 que essa iniciativa permane\u00e7a nos calend\u00e1rios dos pr\u00f3ximos anos, constituindo-se em um espa\u00e7o\/tempo marcado para o ensino.\u00a0 Que essa agenda demarque uma for\u00e7a coletiva e simb\u00f3lica de valoriza\u00e7\u00e3o dos sujeitos e pr\u00e1ticas que se fazem presentes todos os dias nas rela\u00e7\u00f5es de ensino-aprendizagem da universidade e desenvolvem conhecimentos socialmente relevantes.<\/p>\n<p>Desde 2022 os semin\u00e1rios ocorrem duas vezes por ano, na primeira semana de cada per\u00edodo letivo.<\/p>\n<p><strong>Integra\u00e7\u00e3o Docente 2026<\/p>\n<p><img loading=\"lazy\" class=\"alignnone size-large wp-image-1949\" src=\"https:\/\/www.ufmg.br\/giz\/wp-content\/uploads\/2026\/02\/Integracao-Docente-2026_1-819x1024.jpeg\" alt=\"\" width=\"819\" height=\"1024\" srcset=\"https:\/\/www.ufmg.br\/giz\/wp-content\/uploads\/2026\/02\/Integracao-Docente-2026_1-819x1024.jpeg 819w, https:\/\/www.ufmg.br\/giz\/wp-content\/uploads\/2026\/02\/Integracao-Docente-2026_1-240x300.jpeg 240w, https:\/\/www.ufmg.br\/giz\/wp-content\/uploads\/2026\/02\/Integracao-Docente-2026_1-768x960.jpeg 768w, https:\/\/www.ufmg.br\/giz\/wp-content\/uploads\/2026\/02\/Integracao-Docente-2026_1.jpeg 1080w\" sizes=\"(max-width: 819px) 100vw, 819px\" \/><br \/>\n<\/strong><\/p>\n<p align=\"left\">Comunica\u00e7\u00e3o PROGRAD<\/p>\n<p align=\"left\">Acessibilidade e Inclus\u00e3o de alunos com defici\u00eancias e neurodiverg\u00eancias na educa\u00e7\u00e3o superior ser\u00e1 tema de evento do Giz<\/p>\n<p align=\"left\">No dia 04 de mar\u00e7o de 2026 acontecer\u00e1 o Integra\u00e7\u00e3o Docente com o tema \u201cAcessibilidade e Inclus\u00e3o de alunos com defici\u00eancias e neurodiverg\u00eancias na Educa\u00e7\u00e3o Superior\u201d.<\/p>\n<p align=\"left\">O evento &#8211; destinado aos docentes, estudantes, t\u00e9cnico-administrativos em educa\u00e7\u00e3o e comunidade acad\u00eamica em geral &#8211; ser\u00e1 on-line e acontecer\u00e1 das 14h \u00e0s 16h, com transmiss\u00e3o ao vivo pelo Youtube, no canal da Coordenadoria de Assuntos Comunit\u00e1rios (CAC\/UFMG). N\u00e3o ser\u00e1 necess\u00e1ria a inscri\u00e7\u00e3o pr\u00e9via.<\/p>\n<p align=\"left\">Promovido pela Diretoria de Inova\u00e7\u00e3o e Metodologias de Ensino da Pr\u00f3-Reitoria de Gradua\u00e7\u00e3o (Giz\/Prograd), o Integra\u00e7\u00e3o Docente deste primeiro semestre de 2026 contar\u00e1 com a presen\u00e7a da Professora Maria Teresa Egl\u00e9r Mantoan &#8211; Universidade Estadual de Campinas (UNICAMP) &#8211; e das representantes do N\u00facleo de Acessibilidade e Inclus\u00e3o (NAI-UFMG): Regina C\u00e9li Fonseca Ribeiro e Priscila Alves de Vasconcelos. O objetivo da programa\u00e7\u00e3o, em resposta a demandas reiteradas dos docentes da UFMG, \u00e9 promover reflex\u00f5es sobre os processos de acessibilidade e inclus\u00e3o de estudantes com defici\u00eancias e neurodiverg\u00eancias no Ensino Superior, com \u00eanfase nos aspectos did\u00e1tico-metodol\u00f3gicos da media\u00e7\u00e3o pedag\u00f3gica no contexto das salas de aula universit\u00e1rias.<\/p>\n<p align=\"left\">Os participantes on-line ser\u00e3o certificados mediante o preenchimento de formul\u00e1rio eletr\u00f4nico cujo link ser\u00e1 disponibilizado no chat no momento da transmiss\u00e3o via Youtube.<\/p>\n<p align=\"left\">Mais informa\u00e7\u00f5es podem ser obtidas via e-mail: <a href=\"mailto:giz@prograd.ufmg.br\"><span style=\"color: #1155cc;\"><u>giz@prograd.ufmg.br<\/u><\/span><\/a>, site do Giz: <a href=\"https:\/\/www.ufmg.br\/giz\/\"><span style=\"color: #1155cc;\"><u>https:\/\/www.ufmg.br\/giz\/<\/u><\/span><\/a> ou pelo telefone: (31) 3409-6451<\/p>\n<p>&nbsp;<\/p>\n<div id=\"sp-ea-1428\" class=\"sp-ea-one sp-easy-accordion\" data-ex-icon=\"fa-minus\" data-col-icon=\"fa-plus\"  data-ea-active=\"ea-click\"  data-ea-mode=\"vertical\" data-preloader=\"\"><div class=\"ea-card  sp-ea-single\"><h3 class=\"ea-header\"><a class=\"collapsed\" data-sptoggle=\"spcollapse\" data-sptarget=#collapse14280 href=\"javascript:void(0)\" aria-expanded=\"false\"><i class=\"ea-expand-icon fa fa-plus\"><\/i> Eventos anteriores <\/a><\/h3><div class=\"sp-collapse spcollapse spcollapse\" id=\"collapse14280\" data-parent=#sp-ea-1428><div class=\"ea-body\"><p><a href=\"https:\/\/www.ufmg.br\/giz\/?page_id=1950\">Integra\u00e7\u00e3o Docente - 2025<\/a><br \/>\n<a href=\"https:\/\/www.ufmg.br\/giz\/integracao-docente-2024\/\">Integra\u00e7\u00e3o Docente - 2024<\/a><\/p>\n<\/div><\/div><\/div><\/div>\n","protected":false},"excerpt":{"rendered":"<p>Lan\u00e7ado oficialmente em junho de 2020, o Programa Integra\u00e7\u00e3o Docente [&hellip;]<\/p>\n","protected":false},"author":7,"featured_media":0,"parent":0,"menu_order":0,"comment_status":"closed","ping_status":"closed","template":"","meta":[],"acf":[],"_links":{"self":[{"href":"https:\/\/www.ufmg.br\/giz\/wp-json\/wp\/v2\/pages\/230"}],"collection":[{"href":"https:\/\/www.ufmg.br\/giz\/wp-json\/wp\/v2\/pages"}],"about":[{"href":"https:\/\/www.ufmg.br\/giz\/wp-json\/wp\/v2\/types\/page"}],"author":[{"embeddable":true,"href":"https:\/\/www.ufmg.br\/giz\/wp-json\/wp\/v2\/users\/7"}],"replies":[{"embeddable":true,"href":"https:\/\/www.ufmg.br\/giz\/wp-json\/wp\/v2\/comments?post=230"}],"version-history":[{"count":14,"href":"https:\/\/www.ufmg.br\/giz\/wp-json\/wp\/v2\/pages\/230\/revisions"}],"predecessor-version":[{"id":1952,"href":"https:\/\/www.ufmg.br\/giz\/wp-json\/wp\/v2\/pages\/230\/revisions\/1952"}],"wp:attachment":[{"href":"https:\/\/www.ufmg.br\/giz\/wp-json\/wp\/v2\/media?parent=230"}],"curies":[{"name":"wp","href":"https:\/\/api.w.org\/{rel}","templated":true}]}}