{"id":232,"date":"2022-09-26T14:07:05","date_gmt":"2022-09-26T17:07:05","guid":{"rendered":"https:\/\/www.ufmg.br\/giz?page_id=232"},"modified":"2025-02-27T15:32:28","modified_gmt":"2025-02-27T18:32:28","slug":"sucessos-do-oficio","status":"publish","type":"page","link":"https:\/\/www.ufmg.br\/giz\/sucessos-do-oficio\/","title":{"rendered":"Doc\u00eancia: Sucessos do of\u00edcio"},"content":{"rendered":"<div>\n<p><i><img loading=\"lazy\" class=\"alignnone wp-image-1027 size-full\" src=\"https:\/\/www.ufmg.br\/giz\/wp-content\/uploads\/2024\/04\/SucessosDoOficio.jpg\" alt=\"\" width=\"1077\" height=\"417\" srcset=\"https:\/\/www.ufmg.br\/giz\/wp-content\/uploads\/2024\/04\/SucessosDoOficio.jpg 1077w, https:\/\/www.ufmg.br\/giz\/wp-content\/uploads\/2024\/04\/SucessosDoOficio-300x116.jpg 300w, https:\/\/www.ufmg.br\/giz\/wp-content\/uploads\/2024\/04\/SucessosDoOficio-1024x396.jpg 1024w, https:\/\/www.ufmg.br\/giz\/wp-content\/uploads\/2024\/04\/SucessosDoOficio-768x297.jpg 768w\" sizes=\"(max-width: 1077px) 100vw, 1077px\" \/><\/i><\/p>\n<p><i><br \/>\nDoc\u00eancia: Sucessos do of\u00edcio <\/i>foi a denomina\u00e7\u00e3o dada inicialmente aos eventos de abertura dos\u00a0<i>Percursos Formativos em Doc\u00eancia do Ensino Superior<\/i> oferecidos pela Diretoria de Inova\u00e7\u00e3o e Metodologias no Ensino \u2013 Giz, vinculada \u00e0 Pr\u00f3-Reitoria de Gradua\u00e7\u00e3o da Universidade Federal de Minas Gerais (UFMG), com palestras de professores que fazem ou fizeram parte da hist\u00f3ria da universidade e que foram convidados a discorrer sobre suas pr\u00e1ticas docentes. Com inicio em 2010, a a\u00e7\u00e3o j\u00e1 passou por v\u00e1rias atualiza\u00e7\u00f5es e desde 2019 conta com a participa\u00e7\u00e3o dos estudantes na escolha de professores que se destacam nas atividades de ensino.<\/p>\n<p>Atualmente para a sele\u00e7\u00e3o dos docentes s\u00e3o consideradas as seguintes dimens\u00f5es:<\/p>\n<p>Rela\u00e7\u00e3o docente-discente<br \/>\nFormas de ensinar promovendo a colabora\u00e7\u00e3o<br \/>\nIncentivo \u00e0 busca pelo conhecimento<br \/>\nFeedback em tempo oportuno<br \/>\nManejo do tempo das tarefas<br \/>\nConfian\u00e7a na efetividade da media\u00e7\u00e3o pedag\u00f3gica e na capacidade de aprendizagem e<br \/>\ndesenvolvimento dos estudantes<br \/>\nRespeito aos sujeitos e \u00e0s formas de aprendizagem<br \/>\nDisposi\u00e7\u00e3o para qualificar seus saberes e pr\u00e1ticas docentes<\/p>\n<p><strong>2025<\/strong><\/p>\n<p>Aguarde para novas informa\u00e7\u00f5es!<\/p>\n<div id=\"sp-ea-500\" class=\"sp-ea-one sp-easy-accordion\" data-ex-icon=\"fa-minus\" data-col-icon=\"fa-plus\"  data-ea-active=\"ea-click\"  data-ea-mode=\"vertical\" data-preloader=\"\"><div class=\"ea-card  sp-ea-single\"><h3 class=\"ea-header\"><a class=\"collapsed\" data-sptoggle=\"spcollapse\" data-sptarget=#collapse5000 href=\"javascript:void(0)\" aria-expanded=\"false\"><i class=\"ea-expand-icon fa fa-plus\"><\/i> Doc\u00eancia: Sucessos do Of\u00edcio (2024)<\/a><\/h3><div class=\"sp-collapse spcollapse spcollapse\" id=\"collapse5000\" data-parent=#sp-ea-500><div class=\"ea-body\"><p><img class=\"alignnone size-full wp-image-1417\" src=\"https:\/\/www.ufmg.br\/giz\/wp-content\/uploads\/2025\/02\/SUCESSOS-DO-OFICIO-02.png\" alt=\"\" width=\"4488\" height=\"4468\" \/><\/p>\n<p>A Pr\u00f3-reitoria de Gradua\u00e7\u00e3o da UFMG, por meio de sua Diretoria de Inova\u00e7\u00e3o e Metodologias de Ensino (Giz),\u00a0 realizar\u00e1 uma chamada para que grupos de estudantes, no m\u00ednimo tr\u00eas, de cursos de gradua\u00e7\u00e3o da institui\u00e7\u00e3o inscrevam relatos sobre docentes que marcaram sua trajet\u00f3ria acad\u00eamico-profissional e pessoal.<\/p>\n<p>A equipe do Giz receber\u00e1 os relatos dos\/as estudantes interessados\/as em participar por meio de formul\u00e1rio eletr\u00f4nico.\u00a0 Basta clicar\u00a0<a href=\"https:\/\/forms.gle\/d9mTLTSMDVcc2uz68\" target=\"_blank\" rel=\"external noopener\">AQUI<\/a>.<\/p>\n<p>O per\u00edodo de submiss\u00e3o dos relatos ser\u00e1 de 01 de abril a 31 de julho. Uma equipe composta por servidores e estudantes da UFMG far\u00e1 a sele\u00e7\u00e3o dos relatos. A previs\u00e3o de divulga\u00e7\u00e3o dos resultados desta etapa da chamada \u00e9 agosto de 2024. Neste per\u00edodo, a equipe respons\u00e1vel entrar\u00e1 em contato com os\/as participantes selecionados\/as a fim de organizar o evento a ser realizado durante a Semana do Conhecimento deste ano, ressaltando que o grupo respons\u00e1vel pelo relato precisar\u00e1 estar presente na cerim\u00f4nia de entrega da homenagem. Destaca-se, ainda, que ao menos\u00a0 um\/uma dos\/as autores\/as do relato deve ser estudante da gradua\u00e7\u00e3o.<\/p>\n<p><em>Orienta\u00e7\u00f5es<\/em><\/p>\n<p>\u00c9\u00a0\u00a0<b>imprescind\u00edvel<\/b>\u00a0que tal fato\/experi\u00eancia\/hist\u00f3ria apresente os seguintes elementos na\u00a0hist\u00f3ria\/fato\/relato\/experi\u00eancia deve ser apresentada\/o em, no m\u00ednimo, 1 lauda e, no m\u00e1ximo, at\u00e9 2 laudas;<\/p>\n<ul>\n<li>centrar-se em um momento que envolveu os processos de aprendizagem na gradua\u00e7\u00e3o dos\/as autores\/as do relato;<\/li>\n<li>caracterizar a forma de ensinar do\/a professor\/a;<\/li>\n<li>evidenciar os efeitos da a\u00e7\u00e3o docente na trajet\u00f3ria acad\u00eamica-profissional e pessoal do grupo;<\/li>\n<li>preservar o anonimato das pessoas envolvidas, inclusive informa\u00e7\u00f5es como nome de disciplinas;<\/li>\n<li>relato constru\u00eddo utilizando a primeira pessoa do plural<\/li>\n<\/ul>\n<p><img class=\"alignnone size-large wp-image-1418\" src=\"https:\/\/www.ufmg.br\/giz\/wp-content\/uploads\/2025\/02\/BannerMinhaUFMG-1024x125.png\" alt=\"\" width=\"1024\" height=\"125\" \/><\/p>\n<div id=\"attachment_1315\" style=\"width: 310px\" class=\"wp-caption alignnone\"><img aria-describedby=\"caption-attachment-1315\" class=\"size-medium wp-image-1315\" src=\"https:\/\/www.ufmg.br\/giz\/wp-content\/uploads\/2024\/11\/Captura-de-tela-2024-11-13-145845-300x202.png\" alt=\"\" width=\"300\" height=\"202\" \/><p id=\"caption-attachment-1315\" class=\"wp-caption-text\">Docentes homenageados e estudantes que fizeram os relatos com o pr\u00f3-reitor de Gradua\u00e7\u00e3o e a diretora do Giz.<br \/>Foto: Guilherme Moreira (Equipe de M\u00eddias)<\/p><\/div>\n<p>Trailer: <a href=\"https:\/\/www.youtube.com\/watch?v=-JkwqINoc4c\">https:\/\/www.youtube.com\/watch?v=-JkwqINoc4c<\/a><\/p>\n<p>Not\u00edcias:<\/p>\n<p><a href=\"https:\/\/www.ufmg.br\/giz\/noticia\/docencia-sucessos-do-oficio-2024\/\">https:\/\/www.ufmg.br\/giz\/noticia\/docencia-sucessos-do-oficio-2024\/<\/a><br \/>\n<a href=\"https:\/\/www.ufmg.br\/giz\/noticia\/acao-da-prograd-homenageia-trabalho-de-docentes\/\">https:\/\/www.ufmg.br\/giz\/noticia\/acao-da-prograd-homenageia-trabalho-de-docentes\/<\/a><\/p>\n<p>Galeria: <a href=\"https:\/\/www.ufmg.br\/giz\/galeria-sucessos-do-oficio-2024\/\">https:\/\/www.ufmg.br\/giz\/galeria-sucessos-do-oficio-2024\/<\/a><\/p>\n<\/div><\/div><\/div><div class=\"ea-card  sp-ea-single\"><h3 class=\"ea-header\"><a class=\"collapsed\" data-sptoggle=\"spcollapse\" data-sptarget=#collapse5001 href=\"javascript:void(0)\" aria-expanded=\"false\"><i class=\"ea-expand-icon fa fa-plus\"><\/i> Doc\u00eancia: Sucessos do Of\u00edcio (2023)<\/a><\/h3><div class=\"sp-collapse spcollapse spcollapse\" id=\"collapse5001\" data-parent=#sp-ea-500><div class=\"ea-body\"><p><img class=\"alignnone size-full wp-image-836\" src=\"https:\/\/www.ufmg.br\/giz\/wp-content\/uploads\/2023\/10\/Screenshot_20231020_191154_Samsung-Internet.jpg\" alt=\"\" width=\"719\" height=\"389\" \/><br \/>\nTextos, que dever\u00e3o ser enviados at\u00e9 25 de Agosto, ser\u00e3o tornados p\u00fablicos em outubro, durante a Semana do Conhecimento.<\/p>\n<p>\u201cConte-nos a hist\u00f3ria de um\/a docente inesquec\u00edvel que tenha contribu\u00eddo significativamente para sua forma\u00e7\u00e3o acad\u00eamico-profissional e pessoal na UFMG. Voc\u00ea deve se juntar a outros dois colegas que compartilhem sua percep\u00e7\u00e3o acerca do envolvimento do\/a professora\/a em seu sucesso acad\u00eamico. Destacamos que o trio de estudantes deve submeter apenas um relato, escrito em conjunto, indicando apenas um\/uma docente a ser homenageado\/a. N\u00e3o ser\u00e3o avaliados relatos enviados por um\/uma ou dois\/duas estudantes apenas.\u201d<\/p>\n<p>Estudantes de gradua\u00e7\u00e3o podem submeter, at\u00e9 25 de Agosto, relatos para o evento Doc\u00eancia: sucessos do of\u00edcio, organizado pela Diretoria de Inova\u00e7\u00e3o e Metodologias de Ensino (Giz) da Pr\u00f3-reitoria de Gradua\u00e7\u00e3o (Prograd). O objetivo \u00e9 valorizar as pr\u00e1ticas docentes exitosas no ensino de gradua\u00e7\u00e3o da UFMG. As submiss\u00f5es devem ser encaminhadas <a href=\"https:\/\/docs.google.com\/forms\/d\/1W-CAu4lcDYVFYUa_vm3UgwqNVO1-DR32l5NwZnu1nr4\/viewform?ts=646b7eb7&edit_requested=true&pli=1\">por meio de formul\u00e1rio eletr\u00f4nico<\/a>, que se inicia com o trecho acima. A divulga\u00e7\u00e3o dos relatos ocorrer\u00e1 no dia 24 de outubro, \u00e0s 14 horas, no \u00e2mbito da Semana do Conhecimento UFMG, em local a ser definido.<\/p>\n<p>\u201cO evento \u00e9 uma forma de dar visibilidade ao trabalho de professoras e professores que se dedicam ao ensino e apresentam pr\u00e1ticas inovadoras, acolhedoras e sens\u00edveis \u00e0 diversidade que se apresenta no contexto da Universidade. Esperamos que, ao fazer o relato da experi\u00eancia vivenciada com base nos elementos indicados, os estudantes contribuam para que outros docentes da Universidade se inspirem e aprimorem sua pr\u00e1tica pedag\u00f3gica no ensino de gradua\u00e7\u00e3o\", explica a professora Br\u00e9scia Nonato, diretora do GIZ.<\/p>\n<p>O relato deve ser um texto escrito sobre um professor que tenha contribu\u00eddo significativamente para a forma\u00e7\u00e3o acad\u00eamico-profissional e pessoal durante a gradua\u00e7\u00e3o na UFMG. Ele deve ser escrito por pelo menos tr\u00eas estudantes que compartilhem a mesma percep\u00e7\u00e3o sobre o envolvimento do docente em seu sucesso acad\u00eamico. Os estudantes devem submeter apenas um texto, no qual indicar\u00e3o um docente a ser homenageado. Comiss\u00e3o composta de servidores t\u00e9cnico-administrativos e estudantes da UFMG selecionar\u00e1 at\u00e9 oito hist\u00f3rias, com base nos elementos que constam no formul\u00e1rio de inscri\u00e7\u00e3o. Cada docente homenageado representar\u00e1 uma \u00e1rea do conhecimento.<\/p>\n<p>Valoriza\u00e7\u00e3o e protagonismo<br \/>\n\u201cO Sucessos do of\u00edcio \u00e9 uma a\u00e7\u00e3o que une dois eixos importantes do ensino de gradua\u00e7\u00e3o: a valoriza\u00e7\u00e3o da doc\u00eancia e o protagonismo estudantil. Assim, os estudantes de gradua\u00e7\u00e3o s\u00e3o convidados a compartilhar com a comunidade da UFMG relatos de experi\u00eancias marcantes durante seu processo formativo\u201d, demarca Bruno Ot\u00e1vio Soares Teixeira, pr\u00f3-reitor de Gradua\u00e7\u00e3o.<\/p>\n<p>Doc\u00eancia: Sucessos do of\u00edcio foi a denomina\u00e7\u00e3o dada inicialmente aos eventos de abertura dos Percursos formativos em doc\u00eancia do ensino superior do GIZ, com palestras de professores que fazem ou fizeram parte da hist\u00f3ria da Universidade e que foram convidados a discorrer sobre suas pr\u00e1ticas docentes. Com in\u00edcio em 2010, a a\u00e7\u00e3o j\u00e1 passou por v\u00e1rias atualiza\u00e7\u00f5es e, desde 2019, conta com a participa\u00e7\u00e3o dos estudantes na escolha de professores que se destacam nas atividades de ensino.<\/p>\n<p><img class=\"alignnone size-full wp-image-763\" src=\"https:\/\/www.ufmg.br\/giz\/wp-content\/uploads\/2023\/07\/cartaz-100Kb.jpg\" alt=\"\" width=\"1080\" height=\"1757\" \/><\/p>\n<div id=\"attachment_924\" style=\"width: 1406px\" class=\"wp-caption alignnone\"><img aria-describedby=\"caption-attachment-924\" class=\"size-full wp-image-924\" src=\"https:\/\/www.ufmg.br\/giz\/wp-content\/uploads\/2024\/03\/Captura-de-Tela-2024-03-05-as-19.18.49.png\" alt=\"\" width=\"1396\" height=\"924\" \/><p id=\"caption-attachment-924\" class=\"wp-caption-text\">Professores homenageados exibem os trof\u00e9us<br \/>Foto: Carol Carvalho | Prograd UFMG<\/p><\/div>\n<p>V\u00eddeo apoio CEDECOM: h<a href=\"https:\/\/www.youtube.com\/watch?v=No1zhk8UBr0\">ttps:\/\/www.youtube.com\/watch?v=No1zhk8UBr0<\/a><\/p>\n<p>Trailer: <a href=\"https:\/\/www.youtube.com\/watch?v=rhIrkgp5pUY&t=8s\">https:\/\/www.youtube.com\/watch?v=rhIrkgp5pUY&t=8s<\/a><\/p>\n<p>Not\u00edcias:<\/p>\n<p><a href=\"https:\/\/www.ufmg.br\/prograd\/noticia\/estudantes-sao-incentivados-a-homenagear-docentes-que-fazem-a-diferenca\/#:~:text=\u201cO%20Sucessos%20do%20Of\u00edcio%20\u00e9,marcantes%20durante%20seu%20processo%20formativo.\">Estudantes s\u00e3o incentivados a homenagear docentes que fazem a diferen\u00e7a<\/a><\/p>\n<p><a href=\"https:\/\/ufmg.br\/comunicacao\/noticias\/sucesso-do-oficio-ufmg-recebe-relatos-de-estudantes-sobre-praticas-inovadoras-e-acolhedoras-de-professores\">'Sucessos do of\u00edcio': UFMG recebe relatos de estudantes sobre pr\u00e1ticas inovadoras e acolhedoras de professores<\/a><\/p>\n<p><a href=\"https:\/\/ufmg.br\/comunicacao\/noticias\/professores-sao-homenageados-por-estudantes-na-semana-do-conhecimento\">Professores s\u00e3o homenageados por estudantes na Semana do Conhecimento<\/a><\/p>\n<p>Galeria: <a href=\"https:\/\/www.ufmg.br\/giz\/galeria-sucessos-do-oficio-2023\/\">https:\/\/www.ufmg.br\/giz\/galeria-sucessos-do-oficio-2023\/<\/a><\/p>\n<\/div><\/div><\/div><div class=\"ea-card  sp-ea-single\"><h3 class=\"ea-header\"><a class=\"collapsed\" data-sptoggle=\"spcollapse\" data-sptarget=#collapse5002 href=\"javascript:void(0)\" aria-expanded=\"false\"><i class=\"ea-expand-icon fa fa-plus\"><\/i> Doc\u00eancia: Sucessos do Of\u00edcio (2019)<\/a><\/h3><div class=\"sp-collapse spcollapse spcollapse\" id=\"collapse5002\" data-parent=#sp-ea-500><div class=\"ea-body\"><p>\u00c0s mestras, com carinho: tr\u00eas estudantes da UFMG homenageiam docentes que marcaram suas vidas.<\/p>\n<p>Link para mat\u00e9ria: https:\/\/ufmg.br\/comunicacao\/noticias\/as-mestras-com-carinho<\/p>\n<p><a href=\"https:\/\/www.youtube.com\/watch?v=UBoqRYVSrew\" target=\"_blank\" rel=\"external noopener\">https:\/\/www.youtube.com\/watch?v=RZNRAqjwCKQ<\/a><br \/>\n<a href=\"https:\/\/www.youtube.com\/watch?v=UBoqRYVSrew\" target=\"_blank\" rel=\"external noopener\">https:\/\/www.youtube.com\/watch?v=UBoqRYVSrew&t<\/a><br \/>\nwww.youtube.com\/watch?v=417CYopFfGs&t=3s<\/p>\n<\/div><\/div><\/div><div class=\"ea-card  sp-ea-single\"><h3 class=\"ea-header\"><a class=\"collapsed\" data-sptoggle=\"spcollapse\" data-sptarget=#collapse5003 href=\"javascript:void(0)\" aria-expanded=\"false\"><i class=\"ea-expand-icon fa fa-plus\"><\/i> Programas de r\u00e1dio<\/a><\/h3><div class=\"sp-collapse spcollapse spcollapse\" id=\"collapse5003\" data-parent=#sp-ea-500><div class=\"ea-body\"><p>Ou\u00e7a os programas:<\/p>\n<h3><a href=\"http:\/\/soundcloud.com\/gizufmgprograd\/sucessos-do-of-cio-35\" target=\"_blank\" rel=\"external noopener\">Sucessos do Of\u00edcio 35<\/a><\/h3>\n<p>Professora Lucia Helena Alvarez e professor\u00a0 Miguel Arroyo<\/p>\n<h3><a href=\"http:\/\/soundcloud.com\/gizufmgprograd\/sucessos-do-of-cio-34\" target=\"_blank\" rel=\"external noopener\">Sucessos do Of\u00edcio 34<\/a><\/h3>\n<p>Professora Leonardo Zenha Cordeiro e professora Juliane Corr\u00eaa<\/p>\n<h3><a href=\"http:\/\/soundcloud.com\/gizufmgprograd\/sucessos-do-of-cio-33\" target=\"_blank\" rel=\"external noopener\">Sucessos do Of\u00edcio 33<\/a><\/h3>\n<p>Professora Suzana Gomes e professora Ana L\u00facia Amaral<\/p>\n<h3><a href=\"http:\/\/soundcloud.com\/gizufmgprograd\/sucessos-do-of-cio-32\" target=\"_blank\" rel=\"external noopener\">Sucessos do Of\u00edcio 32<\/a><\/h3>\n<p>Doutoranda Yone Gonzaga e professora Ant\u00f4nia Vit\u00f3ria Aranha<\/p>\n<h3><a href=\"http:\/\/soundcloud.com\/gizufmgprograd\/sucessos-do-of-cio-31\" target=\"_blank\" rel=\"external noopener\">Sucessos do Of\u00edcio 31<\/a><\/h3>\n<p>Professora Regina Maria da Costa Smith Maia (UFBA) e professora Lidia Alvarenga<\/p>\n<h3><a href=\"http:\/\/soundcloud.com\/gizufmgprograd\/sucessos-do-of-cio-30\" target=\"_blank\" rel=\"external noopener\">Sucessos do Of\u00edcio 30<\/a><\/h3>\n<p>Professor Wagner Auarek e professora Maria Manuela Davi<\/p>\n<h3><a href=\"http:\/\/soundcloud.com\/gizufmgprograd\/sucessos-do-of-cio-29\" target=\"_blank\" rel=\"external noopener\">Sucessos do Of\u00edcio 29<\/a><\/h3>\n<p>Professor Juarez Melga\u00e7o Valadares e professor Marco Ant\u00f4nio Farias Scarassatti<\/p>\n<h3><a href=\"http:\/\/soundcloud.com\/gizufmgprograd\/sucessos-do-of-cio-28\" target=\"_blank\" rel=\"external noopener\">Sucessos do Of\u00edcio 28<\/a><\/h3>\n<p>Jo\u00e3o Valdir e Silvana e Silvana Nascimento<\/p>\n<h3><a title=\"Sucessos do Of\u00edcio 25\" href=\"https:\/\/soundcloud.com\/sucessosdoof-ciogiz\/sucessos-do-oficio-28\" target=\"_blank\" rel=\"external noopener\">Sucessos do Of\u00edcio 27<\/a><\/h3>\n<p>Doutorando Igor Assaf e Danielle Cireno Fernandes<\/p>\n<h3><a title=\"Sucessos do Of\u00edcio 25\" href=\"https:\/\/soundcloud.com\/sucessosdoof-ciogiz\/sucessos-do-oficio-26\" target=\"_blank\" rel=\"external noopener\">Sucessos do Of\u00edcio 26<\/a><\/h3>\n<p>Madalena Naves e Eduardo Wense<\/p>\n<h3><a href=\"http:\/\/soundcloud.com\/sucessosdoof-ciogiz\/sucessos-do-oficio-25\" target=\"_blank\" rel=\"external noopener\">Sucessos do Of\u00edcio 25<\/a><\/h3>\n<p>Karol Amorim e Professor Walter Ude<\/p>\n<h3><a href=\"https:\/\/soundcloud.com\/sucessos-do-of-cio-ufmg\/sucessos-do-oficio-24\" target=\"_blank\" rel=\"external noopener\">Sucessos do Of\u00edcio 24<\/a><\/h3>\n<p>Alexandra Clavijo e In\u00eas Teixeira<\/p>\n<h3><a href=\"https:\/\/soundcloud.com\/sucessos-do-of-cio-ufmg\/sucessos-do-oficio-23\" target=\"_blank\" rel=\"external noopener\">Sucessos do Of\u00edcio 23<\/a><\/h3>\n<p>M\u00e1rcio Melo e Paulo Ba\u00eata<\/p>\n<h3><a href=\"https:\/\/soundcloud.com\/sucessos-do-of-cio-ufmg\/sucessos-do-oficio-22\" target=\"_blank\" rel=\"external noopener\">Sucessos do Of\u00edcio 22<\/a><\/h3>\n<p>Rosana Cec\u00edlia Pereira e In\u00eas Teixeira<\/p>\n<h3><a href=\"https:\/\/soundcloud.com\/sucessos-do-of-cio-ufmg\/sucessos-do-oficio-21\" target=\"_blank\" rel=\"external noopener\">Sucessos Do Oficio\u00a021<\/a><\/h3>\n<p>Solange Aparecida Pereira Louren\u00e7o e Ana Maria Galv\u00e3o<\/p>\n<h3><a href=\"https:\/\/soundcloud.com\/sucessos-do-of-cio-ufmg\/sucessos-do-oficio-20\" target=\"_blank\" rel=\"external noopener\">Sucessos Do Oficio\u00a020<\/a><\/h3>\n<p>Juliane Corr\u00eaa e Neusa Auxiliadora Oliveira<\/p>\n<h3><a href=\"https:\/\/soundcloud.com\/sucessos-do-of-cio-ufmg\/sucessos-do-oficio-19\" target=\"_blank\" rel=\"external noopener\">Sucessos Do Oficio 19<\/a><\/h3>\n<p>\u00c2ngela Dalben e Maria Antonieta Cunha<\/p>\n<h3><a href=\"https:\/\/soundcloud.com\/sucessos-do-of-cio-ufmg\/sucessos-do-oficio-18\" target=\"_blank\" rel=\"external noopener\">Sucessos Do Oficio 18<\/a><\/h3>\n<p>Rodrigo Edinilson de Jesus e Nilma Lino Gomes<\/p>\n<h3><a href=\"https:\/\/soundcloud.com\/sucessos-do-of-cio-ufmg\/sucessos-do-oficio-17\" target=\"_blank\" rel=\"external noopener\">Sucessos Do Oficio 17<\/a><\/h3>\n<p>Beatriz Deoti e Alcino L\u00e1zaro da Silva<\/p>\n<h3><a href=\"https:\/\/soundcloud.com\/sucessos-do-of-cio-ufmg\/sucessos-do-oficio-16\" target=\"_blank\" rel=\"external noopener\">Sucessos Do Oficio 16<\/a><\/h3>\n<p>Thiago Roberto Lima Romero e\u00a0Igor Dimitri Gama Duarte<\/p>\n<h3><a href=\"https:\/\/soundcloud.com\/sucessos-do-of-cio-ufmg\/sucessos-do-of-cio-15\" target=\"_blank\" rel=\"external noopener\">Sucessos Do Oficio 15<\/a><\/h3>\n<p>Ma\u00edra Tomaino de Melo Dias e Maria de F\u00e1tima Cardoso Gomes<\/p>\n<h3><a href=\"https:\/\/soundcloud.com\/gizprograd\/programa-sucessos-do-oficio-14\" target=\"_blank\" rel=\"external noopener\">Sucessos do Of\u00edcio\u00a014<\/a><\/h3>\n<p>Raquel Menezes Pacheco e Luciano Mendes de Faria Filho<\/p>\n<h3><a href=\"https:\/\/soundcloud.com\/gizprograd\/programa-sucessos-do-oficio-13%20\" target=\"_blank\" rel=\"external noopener\">Sucessos Do Oficio 13<\/a><\/h3>\n<p>Rejane Magiag Loura e Eleonora Sad de Assis, do mesmo departamento, \u00e9 refer\u00eancia pra Rejane.<\/p>\n<h3><a href=\"https:\/\/soundcloud.com\/gizprograd\/programa-sucessos-do-oficio-12%20\" target=\"_blank\" rel=\"external noopener\">Sucessos Do Of\u00edcio 12<\/a><\/h3>\n<p>Maria da Lourdes Coelho e Ant\u00f4nio Mendes<\/p>\n<h3><a href=\"https:\/\/soundcloud.com\/gizprograd\/programa-sucessos-do-oficio-11%20\" target=\"_blank\" rel=\"external noopener\">Sucessos Do Oficio 11<\/a><\/h3>\n<p>Madalena Naves e Jeanette Marguerite Kremer<\/p>\n<h3><a href=\"https:\/\/soundcloud.com\/gizprograd\/programa-sucessos-do-oficio-10%20\" target=\"_blank\" rel=\"external noopener\">Sucessos Do Oficio 10<\/a><\/h3>\n<p>Leonor Guerra e Paulo Beir\u00e3o<\/p>\n<h3><a href=\"https:\/\/soundcloud.com\/gizprograd\/programa-sucessos-do-oficio-09%20\" target=\"_blank\" rel=\"external noopener\">Sucessos do Of\u00edcio 9<\/a><\/h3>\n<p>Tarc\u00edsio Mauro Vago e Eust\u00e1quia Salvadora de Sousa<\/p>\n<h3><a href=\"https:\/\/soundcloud.com\/giz-ufmg\/programa-sucessos-do-oficio-08%20\" target=\"_blank\" rel=\"external noopener\">Sucessos do Of\u00edcio 8<\/a><\/h3>\n<p>Nesta edi\u00e7\u00e3o do Programa Sucessos do Of\u00edcio, o professor Luciano Mendes de Faria Filho, homenageia a professora Maria Am\u00e9lia Gomes de Castro Giovanetti, ambos da Faculdade de Educa\u00e7\u00e3o da UFMG.<\/p>\n<h3><a href=\"https:\/\/soundcloud.com\/giz-ufmg\/programa-sucessos-do-oficio-07%20\" target=\"_blank\" rel=\"external noopener\">Sucessos do Of\u00edcio 7<\/a><\/h3>\n<p>Rog\u00e9rio Correia e Amar\u00edlis Coelho Coragem<\/p>\n<h3><a href=\"https:\/\/soundcloud.com\/giz-ufmg\/programa-sucessos-do-oficio-06%20\" target=\"_blank\" rel=\"external noopener\">Sucessos do Of\u00edcio 6<\/a><\/h3>\n<p>Shirlei Resende Salles e Marlucy Alves Para\u00edso<\/p>\n<h3><a href=\"https:\/\/soundcloud.com\/giz-ufmg\/programa-sucessos-do-oficio-05%20\" target=\"_blank\" rel=\"external noopener\">Sucessos do Of\u00edcio 5<\/a><\/h3>\n<p>Fernando Reis e Delina MArta<\/p>\n<h3><a href=\"https:\/\/soundcloud.com\/giz-ufmg\/programa-sucessos-do-oficio-04%20\" target=\"_blank\" rel=\"external noopener\">Sucessos do Of\u00edcio 4<\/a><\/h3>\n<p>Mar\u00edlia Paiva e Madalena Naves<\/p>\n<h3><a href=\"https:\/\/soundcloud.com\/giz-ufmg\/programa-sucessos-do-oficio-03%20\" target=\"_blank\" rel=\"external noopener\">Sucessos do Of\u00edcio 3\u00a0<\/a><\/h3>\n<p>Elidea Bernardino e Tha\u00eds Crist\u00f3faro<\/p>\n<h3><a href=\"https:\/\/soundcloud.com\/giz-ufmg\/programa-sucessos-do-of-cio-24%20\" target=\"_blank\" rel=\"external noopener\">Sucessos do Of\u00edcio 2<\/a><\/h3>\n<p>Carolina Cavalieri Gomes e Efig\u00eania Ferreira<\/p>\n<h3><a href=\"http:\/\/soundcloud.com\/sucessos-do-of-cio-ufmg\/sucessos-do-oficio-01\" target=\"_blank\" rel=\"external noopener\">Sucessos do Of\u00edcio\u00a01<\/a><\/h3>\n<p>Giordano Bruno Soares e Marcelo Galupo<\/p>\n<\/div><\/div><\/div><\/div>\n<\/div>\n","protected":false},"excerpt":{"rendered":"<p>Doc\u00eancia: Sucessos do of\u00edcio foi a denomina\u00e7\u00e3o dada inicialmente aos [&hellip;]<\/p>\n","protected":false},"author":7,"featured_media":0,"parent":0,"menu_order":0,"comment_status":"closed","ping_status":"closed","template":"","meta":[],"acf":[],"_links":{"self":[{"href":"https:\/\/www.ufmg.br\/giz\/wp-json\/wp\/v2\/pages\/232"}],"collection":[{"href":"https:\/\/www.ufmg.br\/giz\/wp-json\/wp\/v2\/pages"}],"about":[{"href":"https:\/\/www.ufmg.br\/giz\/wp-json\/wp\/v2\/types\/page"}],"author":[{"embeddable":true,"href":"https:\/\/www.ufmg.br\/giz\/wp-json\/wp\/v2\/users\/7"}],"replies":[{"embeddable":true,"href":"https:\/\/www.ufmg.br\/giz\/wp-json\/wp\/v2\/comments?post=232"}],"version-history":[{"count":19,"href":"https:\/\/www.ufmg.br\/giz\/wp-json\/wp\/v2\/pages\/232\/revisions"}],"predecessor-version":[{"id":1419,"href":"https:\/\/www.ufmg.br\/giz\/wp-json\/wp\/v2\/pages\/232\/revisions\/1419"}],"wp:attachment":[{"href":"https:\/\/www.ufmg.br\/giz\/wp-json\/wp\/v2\/media?parent=232"}],"curies":[{"name":"wp","href":"https:\/\/api.w.org\/{rel}","templated":true}]}}