{"id":272,"date":"2022-09-26T15:58:01","date_gmt":"2022-09-26T18:58:01","guid":{"rendered":"https:\/\/www.ufmg.br\/giz?page_id=272"},"modified":"2023-07-11T11:32:38","modified_gmt":"2023-07-11T14:32:38","slug":"sobre-o-giz","status":"publish","type":"page","link":"https:\/\/www.ufmg.br\/giz\/sobre-o-giz\/","title":{"rendered":"SOBRE O GIZ"},"content":{"rendered":"<p>A Diretoria de Inova\u00e7\u00e3o e Metodologias de Ensino da PROGRAD \u00e9 um espa\u00e7o de forma\u00e7\u00e3o pedag\u00f3gica da comunidade acad\u00eamica da UFMG. Conhecida como GIZ, a diretoria \u00e9 constitu\u00edda por uma equipe multidisciplinar de estudantes da gradua\u00e7\u00e3o e da p\u00f3s-gradua\u00e7\u00e3o, t\u00e9cnicos em assuntos educacionais, pedagogos e docentes.<\/p>\n<p>A equipe GIZ atua no desenvolvimento e na execu\u00e7\u00e3o de a\u00e7\u00f5es diversas voltadas \u00e0 comunidade universit\u00e1ria interna e, em momentos espec\u00edficos, \u00e0 comunidade externa.<\/p>\n<p><strong>A\u00e7\u00f5es estruturantes<\/strong><\/p>\n<p>Constituem-se nos n\u00facleos de organiza\u00e7\u00e3o das atividades realizadas no \u00e2mbito da diretoria: Laborat\u00f3rio de Forma\u00e7\u00e3o em Doc\u00eancias do Ensino Superior (LabDoc\u00eancias); Percurso Discente Universit\u00e1rio (PDU); Revista Doc\u00eancia no Ensino Superior (RDES); Assessorias Pedag\u00f3gicas; Programa Inova\u00e7\u00e3o e Metodologias de Ensino (PIME).<\/p>\n<p><strong>A\u00e7\u00f5es integrativas<\/strong><\/p>\n<p>S\u00e3o eventos semestrais ou anuais que visam ampliar a conex\u00e3o entre os docentes dos cursos de gradua\u00e7\u00e3o da universidade: Encontro com Professores Ingressantes; Integra\u00e7\u00e3o Docente; Doc\u00eancia \u2013 sucessos do of\u00edcio.<\/p>\n<p><strong>A\u00e7\u00f5es em rede<\/strong><\/p>\n<p>S\u00e3o atividades realizadas em conjunto com outros setores da pr\u00f3pria universidade e\/ou outras institui\u00e7\u00f5es: Reposit\u00f3rio de Recursos Educacionais; Congresso de Inova\u00e7\u00e3o e Metodologias no Ensino Superior e Tecnol\u00f3gico (CIM).<\/p>\n<div id=\"sp-ea-274\" class=\"sp-ea-one sp-easy-accordion\" data-ex-icon=\"fa-minus\" data-col-icon=\"fa-plus\"  data-ea-active=\"ea-click\"  data-ea-mode=\"vertical\" data-preloader=\"\"><div class=\"ea-card  sp-ea-single\"><h3 class=\"ea-header\"><a class=\"collapsed\" data-sptoggle=\"spcollapse\" data-sptarget=#collapse2740 href=\"javascript:void(0)\" aria-expanded=\"false\"><i class=\"ea-expand-icon fa fa-plus\"><\/i> MISS\u00c3O<\/a><\/h3><div class=\"sp-collapse spcollapse spcollapse\" id=\"collapse2740\" data-parent=#sp-ea-274><div class=\"ea-body\"><h3 class=\"block-title\"><\/h3>\n<p>Desenvolver, de forma inovadora, colaborativa e contextualizada, uma rede de pr\u00e1ticas educativas, flex\u00edveis e personalizadas de diferentes \u00e1reas do conhecimento, promovendo a forma\u00e7\u00e3o de sujeitos aut\u00f4nomos.<\/p>\n<\/div><\/div><\/div><div class=\"ea-card  sp-ea-single\"><h3 class=\"ea-header\"><a class=\"collapsed\" data-sptoggle=\"spcollapse\" data-sptarget=#collapse2741 href=\"javascript:void(0)\" aria-expanded=\"false\"><i class=\"ea-expand-icon fa fa-plus\"><\/i> VIS\u00c3O<\/a><\/h3><div class=\"sp-collapse spcollapse spcollapse\" id=\"collapse2741\" data-parent=#sp-ea-274><div class=\"ea-body\"><p>Ser reconhecido como refer\u00eancia nacional e internacional no desenvolvimento de processos formativos para o ensino superior, tendo em vista pr\u00e1ticas educacionais flex\u00edveis e personalizadas de diferentes \u00e1reas do conhecimento.<\/p>\n<\/div><\/div><\/div><div class=\"ea-card  sp-ea-single\"><h3 class=\"ea-header\"><a class=\"collapsed\" data-sptoggle=\"spcollapse\" data-sptarget=#collapse2742 href=\"javascript:void(0)\" aria-expanded=\"false\"><i class=\"ea-expand-icon fa fa-plus\"><\/i> VALORES<\/a><\/h3><div class=\"sp-collapse spcollapse spcollapse\" id=\"collapse2742\" data-parent=#sp-ea-274><div class=\"ea-body\"><h3 class=\"block-title\"><\/h3>\n<ul>\n<li>Inova\u00e7\u00e3o<\/li>\n<li>Colabora\u00e7\u00e3o<\/li>\n<li>Flexibilidade<\/li>\n<li>Contextualiza\u00e7\u00e3o<\/li>\n<li>Compartilhamento<\/li>\n<li>Valoriza\u00e7\u00e3o de pessoas<\/li>\n<li>Desenvolvimento aut\u00f4nomo<\/li>\n<\/ul>\n<\/div><\/div><\/div><div class=\"ea-card  sp-ea-single\"><h3 class=\"ea-header\"><a class=\"collapsed\" data-sptoggle=\"spcollapse\" data-sptarget=#collapse2743 href=\"javascript:void(0)\" aria-expanded=\"false\"><i class=\"ea-expand-icon fa fa-plus\"><\/i> HIST\u00d3RIA<\/a><\/h3><div class=\"sp-collapse spcollapse spcollapse\" id=\"collapse2743\" data-parent=#sp-ea-274><div class=\"ea-body\"><h3 class=\"block-title\"><\/h3>\n<p>A Diretoria de Inova\u00e7\u00e3o e Metodologias de Ensino foi criada em 2008 a partir do Programa REUNI com o objetivo de aprimorar as pr\u00e1ticas de ensino na gradua\u00e7\u00e3o. Como diretoria da Pr\u00f3-Reitoria de Gradua\u00e7\u00e3o da UFMG, foi gradualmente assumindo as demandas pedag\u00f3gicas espec\u00edficas dos demais cursos de gradua\u00e7\u00e3o, buscando articular processos formativos com docentes, estudantes de gradua\u00e7\u00e3o e p\u00f3s-gradua\u00e7\u00e3o, T\u00e9cnicos Administrativos em Educa\u00e7\u00e3o em prol de uma rede de pr\u00e1ticas educativas envolvendo diferentes sujeitos e \u00e1reas do conhecimento. Compreende-se que os saberes pedag\u00f3gicos nas diferentes \u00e1reas do conhecimento podem ser insuficientes ou estar ausentes na p\u00f3s-gradua\u00e7\u00e3o. Assim, no trabalho busca-se a contextualiza\u00e7\u00e3o dos saberes pedag\u00f3gicos nas diferentes \u00e1reas do conhecimento. No GIZ, permite-se criar e exercitar uma compet\u00eancia t\u00e9cnica-pedag\u00f3gica que, por muitas vezes, os professores podem n\u00e3o ter desenvolvido durante a sua trajet\u00f3ria formativa.<\/p>\n<\/div><\/div><\/div><div class=\"ea-card  sp-ea-single\"><h3 class=\"ea-header\"><a class=\"collapsed\" data-sptoggle=\"spcollapse\" data-sptarget=#collapse2744 href=\"javascript:void(0)\" aria-expanded=\"false\"><i class=\"ea-expand-icon fa fa-plus\"><\/i> EQUIPE<\/a><\/h3><div class=\"sp-collapse spcollapse spcollapse\" id=\"collapse2744\" data-parent=#sp-ea-274><div class=\"ea-body\"><div>\n<h3 class=\"block-title\"><strong><b>DOCENTES<\/b><\/strong><\/h3>\n<p>Br\u00e9scia Fran\u00e7a Nonato (Diretora)<br \/>\nPatricia Nascimento Silva (Colaboradora)<\/p>\n<p><strong><b>SECRET\u00c1RIA EXECUTIVA<br \/>\n<\/b><\/strong>S\u00f4nia M\u00f4nica da Silva<\/p>\n<p><strong><b>T\u00c9CNICOS ADMINISTRATIVOS EM EDUCA\u00c7\u00c3O<br \/>\n<\/b><\/strong>Isabela Cristina Passos e Possas<br \/>\nK\u00eania Aul\u00edzia Her\u00e9dia<br \/>\nMarcos Vin\u00edcius Tarqu\u00ednio<br \/>\nPatr\u00edcia Carla Oliveira Carneiro Silva<br \/>\nRafaela Esteves Godinho Leal<br \/>\nZulmira Medeiros Roque<\/p>\n<\/div>\n<\/div><\/div><\/div><\/div>\n","protected":false},"excerpt":{"rendered":"<p>A Diretoria de Inova\u00e7\u00e3o e Metodologias de Ensino da PROGRAD [&hellip;]<\/p>\n","protected":false},"author":3,"featured_media":0,"parent":0,"menu_order":0,"comment_status":"closed","ping_status":"closed","template":"","meta":[],"acf":[],"_links":{"self":[{"href":"https:\/\/www.ufmg.br\/giz\/wp-json\/wp\/v2\/pages\/272"}],"collection":[{"href":"https:\/\/www.ufmg.br\/giz\/wp-json\/wp\/v2\/pages"}],"about":[{"href":"https:\/\/www.ufmg.br\/giz\/wp-json\/wp\/v2\/types\/page"}],"author":[{"embeddable":true,"href":"https:\/\/www.ufmg.br\/giz\/wp-json\/wp\/v2\/users\/3"}],"replies":[{"embeddable":true,"href":"https:\/\/www.ufmg.br\/giz\/wp-json\/wp\/v2\/comments?post=272"}],"version-history":[{"count":6,"href":"https:\/\/www.ufmg.br\/giz\/wp-json\/wp\/v2\/pages\/272\/revisions"}],"predecessor-version":[{"id":687,"href":"https:\/\/www.ufmg.br\/giz\/wp-json\/wp\/v2\/pages\/272\/revisions\/687"}],"wp:attachment":[{"href":"https:\/\/www.ufmg.br\/giz\/wp-json\/wp\/v2\/media?parent=272"}],"curies":[{"name":"wp","href":"https:\/\/api.w.org\/{rel}","templated":true}]}}