{"id":507,"date":"2023-06-01T16:09:42","date_gmt":"2023-06-01T19:09:42","guid":{"rendered":"https:\/\/www.ufmg.br\/giz?page_id=507"},"modified":"2025-02-27T15:46:11","modified_gmt":"2025-02-27T18:46:11","slug":"mostra-sua-ufmg","status":"publish","type":"page","link":"https:\/\/www.ufmg.br\/giz\/mostra-sua-ufmg\/","title":{"rendered":"Mostra sua UFMG"},"content":{"rendered":"\n<p>A Mostra Sua UFMG \u00e9 organizada pela Pr\u00f3-reitoria de Gradua\u00e7\u00e3o (Prograd) com apoio<br>das demais pr\u00f3-reitorias, diretorias, coordenadorias e n\u00facleos que comp\u00f5em a administra\u00e7\u00e3o central da universidade, al\u00e9m dos colegiados de cursos de gradua\u00e7\u00e3o. A equipe do Giz atua no suporte \u00e0 organiza\u00e7\u00e3o geral do evento.<\/p>\n\n\n\n<p>Nessa atividade, a UFMG busca  proporcionar aos estudantes do Ensino M\u00e9dio uma imers\u00e3o que permita conhecer os cursos, experimentar oportunidades formativas universit\u00e1rias e despertar desejo de pertencimento \u00e0 UFMG. Trata-se de um dos maiores eventos da institui\u00e7\u00e3o, anualmente recebemos cerca de 25 mil visitantes.<\/p>\n\n\n\n<p><a href=\"https:\/\/www.ufmg.br\/mostra\/2022\/\">A Mostra 2022<\/a>&nbsp;\u2013 Conhe\u00e7a como foi a Mostra Virtual em 2022. Tivemos duas edi\u00e7\u00f5es.<\/p>\n\n\n\n<p><a href=\"https:\/\/www.ufmg.br\/mostra\/2021\/\">A Mostra 2021<\/a>&nbsp;\u2013 Conhe\u00e7a como foi a Mostra Virtual em 2021.<\/p>\n\n\n\n<p><a href=\"https:\/\/www.ufmg.br\/mostra\/2019\/\">A Mostra 2019<\/a>&nbsp;\u2013 Saiba mais sobre como foi a Mostra Sua UFMG que ocorreu de forma presencial, em 2019.<\/p>\n","protected":false},"excerpt":{"rendered":"<p>A Mostra Sua UFMG \u00e9 organizada pela Pr\u00f3-reitoria de Gradua\u00e7\u00e3o [&hellip;]<\/p>\n","protected":false},"author":3,"featured_media":0,"parent":0,"menu_order":0,"comment_status":"closed","ping_status":"closed","template":"","meta":[],"acf":[],"_links":{"self":[{"href":"https:\/\/www.ufmg.br\/giz\/wp-json\/wp\/v2\/pages\/507"}],"collection":[{"href":"https:\/\/www.ufmg.br\/giz\/wp-json\/wp\/v2\/pages"}],"about":[{"href":"https:\/\/www.ufmg.br\/giz\/wp-json\/wp\/v2\/types\/page"}],"author":[{"embeddable":true,"href":"https:\/\/www.ufmg.br\/giz\/wp-json\/wp\/v2\/users\/3"}],"replies":[{"embeddable":true,"href":"https:\/\/www.ufmg.br\/giz\/wp-json\/wp\/v2\/comments?post=507"}],"version-history":[{"count":9,"href":"https:\/\/www.ufmg.br\/giz\/wp-json\/wp\/v2\/pages\/507\/revisions"}],"predecessor-version":[{"id":1420,"href":"https:\/\/www.ufmg.br\/giz\/wp-json\/wp\/v2\/pages\/507\/revisions\/1420"}],"wp:attachment":[{"href":"https:\/\/www.ufmg.br\/giz\/wp-json\/wp\/v2\/media?parent=507"}],"curies":[{"name":"wp","href":"https:\/\/api.w.org\/{rel}","templated":true}]}}