{"id":526,"date":"2023-06-20T08:28:57","date_gmt":"2023-06-20T11:28:57","guid":{"rendered":"https:\/\/www.ufmg.br\/giz?page_id=526"},"modified":"2026-05-05T14:08:34","modified_gmt":"2026-05-05T17:08:34","slug":"editais-anteriores","status":"publish","type":"page","link":"https:\/\/www.ufmg.br\/giz\/editais-anteriores\/","title":{"rendered":"Editais anteriores (PIME \u2013 Gradua\u00e7\u00e3o)"},"content":{"rendered":"\n<p><a href=\"https:\/\/www.ufmg.br\/giz\/edital-giz-prograd-no-008-2025selecao-do-programa-de-inovacao-e-metodologia-de-ensino-pimegraduacao-bolsas-e-atividade-voluntaria-perfil-revisao-2\/\">Edital GIZ\/PROGRAD 008\/2025 &#8211; Perfil Revis\u00e3o<\/a><\/p>\n\n\n\n<p><a href=\"https:\/\/www.ufmg.br\/giz\/edital-giz-prograd-no-007-2025selecao-do-programa-de-inovacao-e-metodologia-de-ensino-pimegraduacao-bolsas-e-atividade-voluntaria-perfil-midias-educacao-modalidades\/\">Edital GIZ\/PROGRAD 007\/2025 &#8211; Perfil M\u00eddias\/Educa\u00e7\u00e3o<\/a><\/p>\n\n\n\n<p><a href=\"https:\/\/www.ufmg.br\/giz\/edital-giz-prograd-no-005-2025\/\">Edital GIZ\/PROGRAD 005\/2025 &#8211; Perfil M\u00eddias\/Educa\u00e7\u00e3o<\/a><\/p>\n\n\n\n<p><a href=\"https:\/\/www.ufmg.br\/giz\/?page_id=1842\">Edital GIZ\/PROGRAD 004\/2025 \u2013 Perfil M\u00eddias\/Educa\u00e7\u00e3o (Montes Claros)<\/a><\/p>\n\n\n\n<p><a href=\"https:\/\/www.ufmg.br\/giz\/?page_id=1847\">Edital GIZ\/PROGRAD 003\/2025 \u2013 Perfil M\u00eddias\/Educa\u00e7\u00e3o<\/a><br><br><a href=\"https:\/\/www.ufmg.br\/giz\/?page_id=1854\">Edital GIZ\/PROGRAD 002\/2025 \u2013 Perfil Revis\u00e3o<\/a><\/p>\n\n\n\n<p><a href=\"https:\/\/www.ufmg.br\/giz\/edital-005-2024\/\">Edital GIZ\/PROGRAD 005\/2024 \u2013 Perfil M\u00eddias\/Educa\u00e7\u00e3o<\/a><\/p>\n\n\n\n<p><br><a href=\"https:\/\/www.ufmg.br\/giz\/edital-de-selecao-004-2024-pime-e-atividade-voluntaria-modalidade-acoes-afirmativas\/\">Edital GIZ\/PROGRAD 004\/2024 \u2013 PIME e Atividade Volunt\u00e1ria<\/a><\/p>\n\n\n\n<p><br><a rel=\"noreferrer noopener\" href=\"https:\/\/www.ufmg.br\/giz\/edital-002-2024\/\" target=\"_blank\">Edital GIZ\/<\/a><a href=\"https:\/\/www.ufmg.br\/giz\/wp-content\/uploads\/2024\/03\/Edital-002-PIME-2024-ORGANIZACAO-E-TRATAMENTO-DA-INFORMACAO-1.pdf\">PROGRAD&nbsp;<\/a><a rel=\"noreferrer noopener\" href=\"https:\/\/www.ufmg.br\/giz\/edital-002-2024\/\" target=\"_blank\">N\u00ba 002\/2024 \u2013 ORGANIZA\u00c7\u00c3O E TRATAMENTO DA INFORMA\u00c7\u00c3O<\/a><\/p>\n\n\n\n<p><a href=\"https:\/\/www.ufmg.br\/giz\/%ef%bf%bc-edital-giz-prograd-no-001-2024\/\">Edital GIZ\/PROGRAD 001\/2024 PIME M\u00eddias\/Educa\u00e7\u00e3o<\/a><\/p>\n\n\n\n<p><a href=\"https:\/\/www.ufmg.br\/giz\/edital-007-2023-pime-revisao\/\"><br>Edital 007\/2023 \u2013 PIME Revis\u00e3o e Atividade Volunt\u00e1ria<\/a><\/p>\n\n\n\n<p><a href=\"https:\/\/www.ufmg.br\/giz\/edital-005-2023-pime-midias-educacao-e-atividade-voluntaria\/\">Edital 005\/2023 \u2013 PIME M\u00eddias\/Educa\u00e7\u00e3o e Atividade Volunt\u00e1ria<\/a><\/p>\n\n\n\n<p><a href=\"https:\/\/www.ufmg.br\/giz\/edital-giz-prograd-001-2023\/\">Edital GIZ\/PROGRAD 001\/2023 PIME M\u00eddias\/Educa\u00e7\u00e3o<\/a><\/p>\n\n\n\n<p><br><a href=\"https:\/\/www.ufmg.br\/giz\/edital-de-selecao-002-2023-pime-revisao-e-atividade-voluntaria\/\">Edital de Sele\u00e7\u00e3o 002\/2023 \u2013 PIME Revis\u00e3o e Atividade Volunt\u00e1ria<\/a><\/p>\n\n\n\n<p><br><a href=\"https:\/\/www.ufmg.br\/giz\/edital-001-2022-pime-midias-educacao\/\">Edital 001\/2022 \u2013 PIME M\u00eddias Educa\u00e7\u00e3o<\/a><\/p>\n\n\n\n<p><br><a href=\"https:\/\/www.ufmg.br\/giz\/edital-002-2022-pime-revisao\/\">Edital 002\/2022 \u2013 PIME Revis\u00e3o<\/a><\/p>\n\n\n\n<p><br><a href=\"https:\/\/www.ufmg.br\/giz\/edital-003-2022-pime-comfic\/\">Edital 003\/2022- PIME COMFIC<\/a><\/p>\n\n\n\n<p><br><a href=\"https:\/\/www.ufmg.br\/giz\/edital-de-selecao-002-2021-pime-e-atividade-voluntaria\/\">Edital de Sele\u00e7\u00e3o 002\/2021 \u2013 PIME e Atividade Volunt\u00e1ria<\/a><\/p>\n\n\n\n<p><br><a href=\"https:\/\/www.ufmg.br\/giz\/edital-de-selecao-001-2021-pime-e-atividade-voluntaria\/\">Edital de Sele\u00e7\u00e3o 001\/2021 \u2013 PIME e Atividade Volunt\u00e1ria<\/a><\/p>\n\n\n\n<p><br><a href=\"https:\/\/www.ufmg.br\/giz\/edital-de-selecao-001-2020-bolsa-de-graduacao-e-atividade-voluntaria\/\">Edital de Sele\u00e7\u00e3o 001\/2020 \u2013 Bolsa de Gradua\u00e7\u00e3o e Atividade Volunt\u00e1ria<\/a><\/p>\n\n\n\n<p><br><a href=\"https:\/\/www.ufmg.br\/giz\/edital-de-selecao-004-2019-bolsa-pmg-e-atividade-voluntaria\/\">Edital de Sele\u00e7\u00e3o 004\/2019 \u2013 Bolsa PMG e Atividade Volunt\u00e1ria<\/a><\/p>\n\n\n\n<p><br><a href=\"https:\/\/www.ufmg.br\/giz\/edital-de-selecao-003-2019-bolsa-pmg-e-atividade-voluntaria\/\">Edital de Sele\u00e7\u00e3o 003\/2019 \u2013 Bolsa PMG e Atividade Volunt\u00e1ria<\/a><\/p>\n\n\n\n<p><br><a href=\"https:\/\/www.ufmg.br\/giz\/edital-de-selecao-para-bolsistas-do-programa-de-monitoria-de-graduacao-pmg-001-2019\/\">Edital de sele\u00e7\u00e3o para bolsistas do Programa de Monitoria de Gradua\u00e7\u00e3o \u2013 PMG 001\/2019<\/a><\/p>\n\n\n\n<p><br><a href=\"https:\/\/www.ufmg.br\/giz\/processo-seletivo-para-bolsa-de-graduacao-pmg-giz-prograd-conforme-edital-002-2018-giz-prograd\/\">Processo Seletivo para Bolsa de Gradua\u00e7\u00e3o PMG GIZ PROGRAD, conforme Edital 002\/2018 \u2013 GIZ\/PROGRAD<\/a><\/p>\n\n\n\n<p><br><a href=\"https:\/\/www.ufmg.br\/giz\/edital-001-2018-programa-de-monitoria-de-graduacao-pmg-giz-prograd-prae-ufmg\/\">Edital 001\/2018 Programa de Monitoria de Gradua\u00e7\u00e3o \u2013 PMG \u2013 GIZ\/PROGRAD \u2013 PRAE \u2013 UFMG<\/a><\/p>\n\n\n\n<p><br><a href=\"https:\/\/www.ufmg.br\/giz\/edital-giz-prograd-no-005-2017-e-006-2017\/\">Edital GIZ\/PROGRAD n\u00ba 005\/2017 e 006\/2017<\/a><\/p>\n\n\n\n<p><br><a href=\"https:\/\/www.ufmg.br\/giz\/edital-giz-prograd-no-002-2017\/\">Edital GIZ\/PROGRAD No. 002\/2017<\/a><\/p>\n\n\n\n<p><\/p>\n\n\n\n<p><\/p>\n\n\n\n<p><\/p>\n\n\n\n<p><\/p>\n\n\n\n<p><\/p>\n\n\n\n<p><\/p>\n\n\n\n<p><\/p>\n\n\n\n<p><\/p>\n\n\n\n<p><\/p>\n\n\n\n<p><\/p>\n\n\n\n<p><\/p>\n\n\n\n<p><\/p>\n\n\n\n<p><\/p>\n\n\n\n<p><\/p>\n\n\n\n<p><\/p>\n\n\n\n<p><\/p>\n\n\n\n<p><\/p>\n\n\n\n<p><\/p>\n\n\n\n<p><\/p>\n\n\n\n<p><\/p>\n\n\n\n<p><\/p>\n\n\n\n<p><\/p>\n\n\n\n<p><\/p>\n\n\n\n<p><\/p>\n","protected":false},"excerpt":{"rendered":"<p>Edital GIZ\/PROGRAD 008\/2025 &#8211; Perfil Revis\u00e3o Edital GIZ\/PROGRAD 007\/2025 &#8211; [&hellip;]<\/p>\n","protected":false},"author":3,"featured_media":0,"parent":0,"menu_order":0,"comment_status":"closed","ping_status":"closed","template":"","meta":[],"acf":[],"_links":{"self":[{"href":"https:\/\/www.ufmg.br\/giz\/wp-json\/wp\/v2\/pages\/526"}],"collection":[{"href":"https:\/\/www.ufmg.br\/giz\/wp-json\/wp\/v2\/pages"}],"about":[{"href":"https:\/\/www.ufmg.br\/giz\/wp-json\/wp\/v2\/types\/page"}],"author":[{"embeddable":true,"href":"https:\/\/www.ufmg.br\/giz\/wp-json\/wp\/v2\/users\/3"}],"replies":[{"embeddable":true,"href":"https:\/\/www.ufmg.br\/giz\/wp-json\/wp\/v2\/comments?post=526"}],"version-history":[{"count":33,"href":"https:\/\/www.ufmg.br\/giz\/wp-json\/wp\/v2\/pages\/526\/revisions"}],"predecessor-version":[{"id":2074,"href":"https:\/\/www.ufmg.br\/giz\/wp-json\/wp\/v2\/pages\/526\/revisions\/2074"}],"wp:attachment":[{"href":"https:\/\/www.ufmg.br\/giz\/wp-json\/wp\/v2\/media?parent=526"}],"curies":[{"name":"wp","href":"https:\/\/api.w.org\/{rel}","templated":true}]}}