{"id":528,"date":"2023-06-20T08:30:38","date_gmt":"2023-06-20T11:30:38","guid":{"rendered":"https:\/\/www.ufmg.br\/giz?page_id=528"},"modified":"2023-08-08T10:52:10","modified_gmt":"2023-08-08T13:52:10","slug":"edital-giz-prograd-001-2023","status":"publish","type":"page","link":"https:\/\/www.ufmg.br\/giz\/edital-giz-prograd-001-2023\/","title":{"rendered":"\u00a0Edital GIZ\/PROGRAD 001\/2023"},"content":{"rendered":"\r\n<p>A Diretoria de Inova\u00e7\u00e3o e Metodologias de Ensino \u2013 GIZ, vinculada \u00e0 Pr\u00f3-Reitoria de Gradua\u00e7\u00e3o \u2013 PROGRAD\/UFMG, divulga o Resultado Final do Edital GIZ PROGRAD 001\/2023, do Programa de Inova\u00e7\u00e3o e Metodologias de Ensino \u2013 PIME M\u00eddias\/Educa\u00e7\u00e3o \u2013 para Bolsa de Gradua\u00e7\u00e3o e Atividade Volunt\u00e1ria.<\/p>\r\n\r\n\r\n\r\n<p><a href=\"https:\/\/drive.google.com\/file\/d\/106VibHfIq-tb5wIZUo2KTJVIv8u2U5OG\/view?usp=sharing\" target=\"_blank\" rel=\"noreferrer noopener\">Resultado Final Edital 001\/2023<\/a><br \/><a href=\"https:\/\/drive.google.com\/file\/d\/1r8PkyjaR4c46Rap7dfbEGiMKWkLGbc3B\/view?usp=sharing\" target=\"_blank\" rel=\"noreferrer noopener\">Resultado Edital 001\/2023 \u2013 primeira fase<\/a>.<\/p>\r\n\r\n\r\n\r\n<p>Consulte informa\u00e7\u00f5es no\u00a0<a href=\"https:\/\/drive.google.com\/file\/d\/1aU-B_wsjqFnbjexHIwMbE9IUR_IbiXg1\/view?usp=sharing\" target=\"_blank\" rel=\"noreferrer noopener\">Edital GIZ\/PROGRAD 001\/2023<\/a>.<\/p>\r\n\r\n\r\n\r\n<p>Em caso de d\u00favidas, envie um e-mail para giz@prograd.ufmg.br<\/p>\r\n","protected":false},"excerpt":{"rendered":"<p>A Diretoria de Inova\u00e7\u00e3o e Metodologias de Ensino \u2013 GIZ, [&hellip;]<\/p>\n","protected":false},"author":3,"featured_media":0,"parent":0,"menu_order":0,"comment_status":"closed","ping_status":"closed","template":"","meta":[],"acf":[],"_links":{"self":[{"href":"https:\/\/www.ufmg.br\/giz\/wp-json\/wp\/v2\/pages\/528"}],"collection":[{"href":"https:\/\/www.ufmg.br\/giz\/wp-json\/wp\/v2\/pages"}],"about":[{"href":"https:\/\/www.ufmg.br\/giz\/wp-json\/wp\/v2\/types\/page"}],"author":[{"embeddable":true,"href":"https:\/\/www.ufmg.br\/giz\/wp-json\/wp\/v2\/users\/3"}],"replies":[{"embeddable":true,"href":"https:\/\/www.ufmg.br\/giz\/wp-json\/wp\/v2\/comments?post=528"}],"version-history":[{"count":2,"href":"https:\/\/www.ufmg.br\/giz\/wp-json\/wp\/v2\/pages\/528\/revisions"}],"predecessor-version":[{"id":781,"href":"https:\/\/www.ufmg.br\/giz\/wp-json\/wp\/v2\/pages\/528\/revisions\/781"}],"wp:attachment":[{"href":"https:\/\/www.ufmg.br\/giz\/wp-json\/wp\/v2\/media?parent=528"}],"curies":[{"name":"wp","href":"https:\/\/api.w.org\/{rel}","templated":true}]}}