{"id":542,"date":"2023-06-20T08:42:49","date_gmt":"2023-06-20T11:42:49","guid":{"rendered":"https:\/\/www.ufmg.br\/giz?page_id=542"},"modified":"2023-06-20T08:44:59","modified_gmt":"2023-06-20T11:44:59","slug":"edital-003-2022-pime-comfic","status":"publish","type":"page","link":"https:\/\/www.ufmg.br\/giz\/edital-003-2022-pime-comfic\/","title":{"rendered":"Edital 003\/2022- PIME COMFIC"},"content":{"rendered":"\n<p>A Diretoria de Inova\u00e7\u00e3o e Metodologias de Ensino \u2013 GIZ, da Pr\u00f3-Reitoria de Gradua\u00e7\u00e3o da Universidade Federal de Minas Gerais \u2013 PROGRAD\/UFMG torna p\u00fablica a divulga\u00e7\u00e3o do resultado final do Edital de Sele\u00e7\u00e3o do Programa de Bolsas da Gradua\u00e7\u00e3o da PROGRAD e atividade volunt\u00e1ria para atuar em a\u00e7\u00f5es desenvolvidas pela Comiss\u00e3o para Discuss\u00e3o e Elabora\u00e7\u00e3o das Pol\u00edticas de Forma\u00e7\u00e3o Inicial e Continuada de Professores da Educa\u00e7\u00e3o B\u00e1sica da UFMG COMFIC\/GIZ\/PROGRAD\/UFMG.<\/p>\n\n\n\n<p><a href=\"https:\/\/drive.google.com\/file\/d\/1TosXlhHWLsYlE6E3_9jibhhuAkL6dkQj\/view?usp=sharing\" target=\"_blank\" rel=\"noreferrer noopener\">Resultado Final<\/a><\/p>\n\n\n\n<p><a href=\"https:\/\/drive.google.com\/file\/d\/1Luyc29jNuoHYoqfAuwlD058793b10yQi\/view?usp=sharing\" target=\"_blank\" rel=\"noreferrer noopener\">EDITAL GIZ\/PROGRAD N\u00ba 003 \/2022<\/a><\/p>\n\n\n\n<p>Em caso de d\u00favidas, envie um e-mail para giz@prograd.ufmg.br<\/p>\n","protected":false},"excerpt":{"rendered":"<p>A Diretoria de Inova\u00e7\u00e3o e Metodologias de Ensino \u2013 GIZ, [&hellip;]<\/p>\n","protected":false},"author":3,"featured_media":0,"parent":0,"menu_order":0,"comment_status":"closed","ping_status":"closed","template":"","meta":[],"acf":[],"_links":{"self":[{"href":"https:\/\/www.ufmg.br\/giz\/wp-json\/wp\/v2\/pages\/542"}],"collection":[{"href":"https:\/\/www.ufmg.br\/giz\/wp-json\/wp\/v2\/pages"}],"about":[{"href":"https:\/\/www.ufmg.br\/giz\/wp-json\/wp\/v2\/types\/page"}],"author":[{"embeddable":true,"href":"https:\/\/www.ufmg.br\/giz\/wp-json\/wp\/v2\/users\/3"}],"replies":[{"embeddable":true,"href":"https:\/\/www.ufmg.br\/giz\/wp-json\/wp\/v2\/comments?post=542"}],"version-history":[{"count":2,"href":"https:\/\/www.ufmg.br\/giz\/wp-json\/wp\/v2\/pages\/542\/revisions"}],"predecessor-version":[{"id":546,"href":"https:\/\/www.ufmg.br\/giz\/wp-json\/wp\/v2\/pages\/542\/revisions\/546"}],"wp:attachment":[{"href":"https:\/\/www.ufmg.br\/giz\/wp-json\/wp\/v2\/media?parent=542"}],"curies":[{"name":"wp","href":"https:\/\/api.w.org\/{rel}","templated":true}]}}