{"id":547,"date":"2023-06-20T08:46:23","date_gmt":"2023-06-20T11:46:23","guid":{"rendered":"https:\/\/www.ufmg.br\/giz?page_id=547"},"modified":"2023-06-20T08:46:24","modified_gmt":"2023-06-20T11:46:24","slug":"edital-de-selecao-002-2021-pime-e-atividade-voluntaria","status":"publish","type":"page","link":"https:\/\/www.ufmg.br\/giz\/edital-de-selecao-002-2021-pime-e-atividade-voluntaria\/","title":{"rendered":"Edital de Sele\u00e7\u00e3o 002\/2021 \u2013 PIME e Atividade Volunt\u00e1ria"},"content":{"rendered":"\n<p>A Diretoria de Inova\u00e7\u00e3o e Metodologias de Ensino \u2013 GIZ, vinculada \u00e0 Pr\u00f3-Reitoria de Gradua\u00e7\u00e3o \u2013 PROGRAD\/UFMG, divulga o resultado final referente ao Edital GIZ PROGRAD 002\/2021, do Programa de Inova\u00e7\u00e3o e Metodologias de Ensino \u2013 PIME \u2013 para Bolsa de Gradua\u00e7\u00e3o e Atividade Volunt\u00e1ria.<\/p>\n\n\n\n<p>Clique aqui para acessar&nbsp;o&nbsp;<a href=\"https:\/\/drive.google.com\/file\/d\/1Oo287z9O1Vc6c368rzm4pumUL7gzjxyg\/view?usp=sharing\" target=\"_blank\" rel=\"noreferrer noopener\">Resultado Final<\/a>.<\/p>\n\n\n\n<p><a href=\"https:\/\/drive.google.com\/file\/d\/1Bp1BVkv2CBGZdsR_6cmfNtK2XyyORvNA\/view?usp=sharing\" target=\"_blank\" rel=\"noreferrer noopener\">Resultado 1\u00aa fase do edital para Bolsa de Gradua\u00e7\u00e3o e Atividade Volunt\u00e1ria<\/a>.<\/p>\n\n\n\n<p>Consulte informa\u00e7\u00f5es no&nbsp;<a href=\"https:\/\/drive.google.com\/file\/d\/1S_XWD0glDqcs5aqG7jeQRH30POkRMTuN\/view?usp=sharing\" target=\"_blank\" rel=\"noreferrer noopener\">Edital 002\/2021<\/a>.<\/p>\n\n\n\n<p>Em caso de d\u00favidas, envie um e-mail para&nbsp;<a href=\"mailto:giz@prograd.ufmg.br\" target=\"_blank\" rel=\"noreferrer noopener\">giz@prograd.ufmg.br<\/a><\/p>\n","protected":false},"excerpt":{"rendered":"<p>A Diretoria de Inova\u00e7\u00e3o e Metodologias de Ensino \u2013 GIZ, [&hellip;]<\/p>\n","protected":false},"author":3,"featured_media":0,"parent":0,"menu_order":0,"comment_status":"closed","ping_status":"closed","template":"","meta":[],"acf":[],"_links":{"self":[{"href":"https:\/\/www.ufmg.br\/giz\/wp-json\/wp\/v2\/pages\/547"}],"collection":[{"href":"https:\/\/www.ufmg.br\/giz\/wp-json\/wp\/v2\/pages"}],"about":[{"href":"https:\/\/www.ufmg.br\/giz\/wp-json\/wp\/v2\/types\/page"}],"author":[{"embeddable":true,"href":"https:\/\/www.ufmg.br\/giz\/wp-json\/wp\/v2\/users\/3"}],"replies":[{"embeddable":true,"href":"https:\/\/www.ufmg.br\/giz\/wp-json\/wp\/v2\/comments?post=547"}],"version-history":[{"count":1,"href":"https:\/\/www.ufmg.br\/giz\/wp-json\/wp\/v2\/pages\/547\/revisions"}],"predecessor-version":[{"id":548,"href":"https:\/\/www.ufmg.br\/giz\/wp-json\/wp\/v2\/pages\/547\/revisions\/548"}],"wp:attachment":[{"href":"https:\/\/www.ufmg.br\/giz\/wp-json\/wp\/v2\/media?parent=547"}],"curies":[{"name":"wp","href":"https:\/\/api.w.org\/{rel}","templated":true}]}}