{"id":549,"date":"2023-06-20T08:48:19","date_gmt":"2023-06-20T11:48:19","guid":{"rendered":"https:\/\/www.ufmg.br\/giz?page_id=549"},"modified":"2023-06-20T08:48:20","modified_gmt":"2023-06-20T11:48:20","slug":"edital-de-selecao-001-2021-pime-e-atividade-voluntaria","status":"publish","type":"page","link":"https:\/\/www.ufmg.br\/giz\/edital-de-selecao-001-2021-pime-e-atividade-voluntaria\/","title":{"rendered":"Edital de Sele\u00e7\u00e3o 001\/2021 \u2013 PIME e Atividade Volunt\u00e1ria"},"content":{"rendered":"\n<p>A Diretoria de Inova\u00e7\u00e3o e Metodologias de Ensino \u2013 GIZ, vinculada \u00e0 Pr\u00f3-Reitoria de Gradua\u00e7\u00e3o \u2013 PROGRAD\/UFMG, divulga o resultado final referente ao Edital GIZ PROGRAD 001\/2021, do Programa de Inova\u00e7\u00e3o e Metodologias de Ensino \u2013 PIME \u2013 para Bolsa de Gradua\u00e7\u00e3o e Atividade Volunt\u00e1ria.<\/p>\n\n\n\n<p>Clique nos links abaixo para acessar as respectivas listas:<\/p>\n\n\n\n<p><a href=\"https:\/\/drive.google.com\/file\/d\/1Wtpkk6Hc03JaiO5lDBruvm8FsUx-zfPD\/view?usp=sharing\" target=\"_blank\" rel=\"noreferrer noopener\">APROVADOS para Atividade Volunt\u00e1ria.<\/a><\/p>\n\n\n\n<p><a href=\"http:\/\/www.ufmg.br\/giz\/wp-content\/uploads\/RESULTADO-FINAL-CLASSIFICADOS-BOLSA-PIME-EDITAL-GIZ-001_2021.pdf\">APROVADOS para Bolsa PIME.<\/a><\/p>\n\n\n\n<p><a href=\"https:\/\/drive.google.com\/file\/d\/1sVm6s-A_TzQzMlFsXKzey26kGgHf3BS0\/view?usp=sharing\" target=\"_blank\" rel=\"noreferrer noopener\">N\u00c3O APROVADOS para Atividade Volunt\u00e1ria.<\/a><\/p>\n\n\n\n<p><a href=\"https:\/\/drive.google.com\/file\/d\/1ilIHd3sA5Ktdg6-_Wrwb3QnkDXp-JtyM\/view?usp=sharing\" target=\"_blank\" rel=\"noreferrer noopener\">N\u00c3O APROVADOS para Bolsa PIME.<\/a><\/p>\n\n\n\n<p><a href=\"https:\/\/drive.google.com\/file\/d\/1sPShmJP-Jg6nskljEhQudtSIEubHJo3f\/view?usp=sharing\" target=\"_blank\" rel=\"noreferrer noopener\">Resultado 1a fase do edital para Bolsa Gradua\u00e7ao<\/a>&nbsp;e&nbsp;<a href=\"https:\/\/drive.google.com\/file\/d\/1reTiQKfJiJbAhokGiPmLymCqnN1X2D7A\/view?usp=sharing\" target=\"_blank\" rel=\"noreferrer noopener\">Atividade Volunt\u00e1ria.<\/a><\/p>\n\n\n\n<p>Consulte informa\u00e7\u00f5es no&nbsp;<a href=\"https:\/\/drive.google.com\/file\/d\/1NBDEaRWvAVS39K_xxG8WsNoDyHw6Pt4g\/view?usp=sharing\" target=\"_blank\" rel=\"noreferrer noopener\">Edital GIZ\/PROGRAD\/No 001\/2021<\/a>.<\/p>\n\n\n\n<p>Em caso de d\u00favidas, envie um e-mail para giz@prograd.ufmg.br<\/p>\n","protected":false},"excerpt":{"rendered":"<p>A Diretoria de Inova\u00e7\u00e3o e Metodologias de Ensino \u2013 GIZ, [&hellip;]<\/p>\n","protected":false},"author":3,"featured_media":0,"parent":0,"menu_order":0,"comment_status":"closed","ping_status":"closed","template":"","meta":[],"acf":[],"_links":{"self":[{"href":"https:\/\/www.ufmg.br\/giz\/wp-json\/wp\/v2\/pages\/549"}],"collection":[{"href":"https:\/\/www.ufmg.br\/giz\/wp-json\/wp\/v2\/pages"}],"about":[{"href":"https:\/\/www.ufmg.br\/giz\/wp-json\/wp\/v2\/types\/page"}],"author":[{"embeddable":true,"href":"https:\/\/www.ufmg.br\/giz\/wp-json\/wp\/v2\/users\/3"}],"replies":[{"embeddable":true,"href":"https:\/\/www.ufmg.br\/giz\/wp-json\/wp\/v2\/comments?post=549"}],"version-history":[{"count":1,"href":"https:\/\/www.ufmg.br\/giz\/wp-json\/wp\/v2\/pages\/549\/revisions"}],"predecessor-version":[{"id":550,"href":"https:\/\/www.ufmg.br\/giz\/wp-json\/wp\/v2\/pages\/549\/revisions\/550"}],"wp:attachment":[{"href":"https:\/\/www.ufmg.br\/giz\/wp-json\/wp\/v2\/media?parent=549"}],"curies":[{"name":"wp","href":"https:\/\/api.w.org\/{rel}","templated":true}]}}