{"id":555,"date":"2023-06-20T08:51:57","date_gmt":"2023-06-20T11:51:57","guid":{"rendered":"https:\/\/www.ufmg.br\/giz?page_id=555"},"modified":"2023-06-20T08:51:58","modified_gmt":"2023-06-20T11:51:58","slug":"edital-de-selecao-004-2019-bolsa-pmg-e-atividade-voluntaria","status":"publish","type":"page","link":"https:\/\/www.ufmg.br\/giz\/edital-de-selecao-004-2019-bolsa-pmg-e-atividade-voluntaria\/","title":{"rendered":"Edital de Sele\u00e7\u00e3o 004\/2019 \u2013 Bolsa PMG e Atividade Volunt\u00e1ria"},"content":{"rendered":"\n<p>A Diretoria de Inova\u00e7\u00e3o e Metodologias de Ensino \u2013 GIZ, vinculada \u00e0 Pr\u00f3-Reitoria de Gradua\u00e7\u00e3o \u2013 PROGRAD\/UFMG, divulga o&nbsp;<a href=\"https:\/\/drive.google.com\/file\/d\/1P767477c6Kx7pudl-6vZryQucm9QvqfD\/view?usp=sharing\" target=\"_blank\" rel=\"noreferrer noopener\">Resultado Final<\/a>&nbsp;do Edital&nbsp;004\/2019 de Sele\u00e7\u00e3o para Bolsa do Programa de Monitoria de Gradua\u00e7\u00e3o (PMG) e Atividade Volunt\u00e1ria.<\/p>\n\n\n\n<p><a href=\"https:\/\/drive.google.com\/file\/d\/1XmG37hozrgbqhrcQWUJvo3O_Cdl1MBaG\/view?usp=sharing\" target=\"_blank\" rel=\"noreferrer noopener\">Resultado da 1\u00aa Fase do Edital de Sele\u00e7\u00e3o para Bolsa do Programa de Monitoria de Gradua\u00e7\u00e3o (PMG) e Atividade Volunt\u00e1ria.<\/a><\/p>\n\n\n\n<p>Maiores informa\u00e7\u00f5es devem ser consultadas no&nbsp;<a href=\"https:\/\/drive.google.com\/file\/d\/1ZUNEeMyb6hCQQ8vhh4jFJjaf-6h64ygR\/view?usp=sharing\" target=\"_blank\" rel=\"noreferrer noopener\">Edital GIZ\/PROGRAD\/No. 004\/2019<\/a>&nbsp;ou pelo telefone 3409 6451.<\/p>\n","protected":false},"excerpt":{"rendered":"<p>A Diretoria de Inova\u00e7\u00e3o e Metodologias de Ensino \u2013 GIZ, [&hellip;]<\/p>\n","protected":false},"author":3,"featured_media":0,"parent":0,"menu_order":0,"comment_status":"closed","ping_status":"closed","template":"","meta":[],"acf":[],"_links":{"self":[{"href":"https:\/\/www.ufmg.br\/giz\/wp-json\/wp\/v2\/pages\/555"}],"collection":[{"href":"https:\/\/www.ufmg.br\/giz\/wp-json\/wp\/v2\/pages"}],"about":[{"href":"https:\/\/www.ufmg.br\/giz\/wp-json\/wp\/v2\/types\/page"}],"author":[{"embeddable":true,"href":"https:\/\/www.ufmg.br\/giz\/wp-json\/wp\/v2\/users\/3"}],"replies":[{"embeddable":true,"href":"https:\/\/www.ufmg.br\/giz\/wp-json\/wp\/v2\/comments?post=555"}],"version-history":[{"count":1,"href":"https:\/\/www.ufmg.br\/giz\/wp-json\/wp\/v2\/pages\/555\/revisions"}],"predecessor-version":[{"id":556,"href":"https:\/\/www.ufmg.br\/giz\/wp-json\/wp\/v2\/pages\/555\/revisions\/556"}],"wp:attachment":[{"href":"https:\/\/www.ufmg.br\/giz\/wp-json\/wp\/v2\/media?parent=555"}],"curies":[{"name":"wp","href":"https:\/\/api.w.org\/{rel}","templated":true}]}}