{"id":569,"date":"2023-06-20T09:04:03","date_gmt":"2023-06-20T12:04:03","guid":{"rendered":"https:\/\/www.ufmg.br\/giz?page_id=569"},"modified":"2023-06-20T09:04:04","modified_gmt":"2023-06-20T12:04:04","slug":"edital-giz-prograd-no-005-2017-e-006-2017","status":"publish","type":"page","link":"https:\/\/www.ufmg.br\/giz\/edital-giz-prograd-no-005-2017-e-006-2017\/","title":{"rendered":"Edital GIZ\/PROGRAD n\u00ba 005\/2017 e 006\/2017"},"content":{"rendered":"\n<p>Est\u00e3o abertas, de 12 a 19 de setembro, aos alunos de gradua\u00e7\u00e3o da UFMG, as inscri\u00e7\u00f5es para sele\u00e7\u00e3o de cadastro de reserva para bolsas do Programa de Monitoria de Gradua\u00e7\u00e3o \u2013 PMG e para atividades volunt\u00e1rias para alunos de gradua\u00e7\u00e3o&nbsp;em a\u00e7\u00f5es desenvolvidas pelo GIZ. Os interessados devem ler os editais e preencher os dados no formul\u00e1rio de inscri\u00e7\u00e3o de seu interesse.<\/p>\n\n\n\n<p>O Edital do PMG prev\u00ea a concess\u00e3o de bolsa e restringe a inscri\u00e7\u00e3o a alunos que estejam matriculados em determinados cursos\/per\u00edodos.&nbsp;<a href=\"https:\/\/drive.google.com\/file\/d\/1_JnNtB2_PZ6x6x9xkFJaCd3O2PWihUgW\/view?usp=sharing\" target=\"_blank\" rel=\"noreferrer noopener\">Clique aqui para ler o Edital GIZ PROGRAD No. 005\/2017 PMG<\/a>.<\/p>\n\n\n\n<p>O Edital para atividades volunt\u00e1rias n\u00e3o prev\u00ea a concess\u00e3o de bolsa ou qualquer outra forma de remunera\u00e7\u00e3o e est\u00e1 aberto a alunos matriculados em todos os cursos\/per\u00edodos da gradua\u00e7\u00e3o.&nbsp;<a href=\"https:\/\/drive.google.com\/file\/d\/1sbiqUWlN92vuwvxp_Eh_pq46k4Lsor_O\/view?usp=sharing\" target=\"_blank\" rel=\"noreferrer noopener\">Clique aqui para ler o Edital GIZ\/PROGRAD No. 006\/2017 para atividades volunt\u00e1rias<\/a>.<\/p>\n\n\n\n<p>Consulte&nbsp;<strong><a href=\"https:\/\/drive.google.com\/file\/d\/1WmXy_MILVA770jRZFdkf4th3JwyHey68\/view?usp=sharing\" target=\"_blank\" rel=\"noreferrer noopener\">aqui<\/a>&nbsp;<\/strong>a escala de entrevistas para sele\u00e7\u00e3o para bolsa do Programa de Monitoria de Gradua\u00e7\u00e3o PMG 2017 (Edital GIZ\/PROGRAD n\u00ba 005\/2017) e para atividades volunt\u00e1rias (Edital GIZ\/PROGRAD n\u00ba 006\/2017).<\/p>\n\n\n\n<p>No ato da entrevista, os(as) candidatos(as) dever\u00e3o apresentar os seguintes documentos: Curriculum Vitae, Carteira de Identidade, CPF, Comprovante de Matr\u00edcula (ou imprimir e\/ou salvar tela Minhas Matr\u00edculas no SIGA) e Hist\u00f3rico Escolar ou Extrato de Integraliza\u00e7\u00e3o Curricular recente \u2013 conforme item 8 do Edital GIZ\/PROGRAD n\u00ba 005\/2017 e item 11 do Edital GIZ\/PROGRAD n\u00ba 006\/2017.<\/p>\n\n\n\n<p>As entrevistas ser\u00e3o realizadas na Diretoria de Inova\u00e7\u00e3o e Metodologias de Ensino \u2013 GIZ, da Pr\u00f3-Reitoria de Gradua\u00e7\u00e3o da Universidade Federal de Minas Gerais \u2013 PROGRAD\/UFMG, Campus Pampulha, Belo Horizonte \u2013 MG, situada no Pr\u00e9dio da Biblioteca Central, 1\u00ba. Andar, entrada lateral externa em frente ao estacionamento.<\/p>\n\n\n\n<p>A Diretoria de Inova\u00e7\u00e3o e Metodologias de Ensino \u2013 GIZ, vinculada \u00e0 Pr\u00f3-Reitoria de Gradua\u00e7\u00e3o \u2013 PROGRAD\/UFMG, divulga abaixo os resultados finais da Sele\u00e7\u00e3o para&nbsp;<a href=\"https:\/\/drive.google.com\/file\/d\/1ftwhIU4sAzJImN13rijX73NN9XAgFx28\/view?usp=sharing\" target=\"_blank\" rel=\"noreferrer noopener\">bolsa PMG<\/a>&nbsp;(Edital GIZ\/PROGRAD\/005\/2017) e da Sele\u00e7\u00e3o para Atividade Volunt\u00e1ria&nbsp;<a href=\"https:\/\/drive.google.com\/file\/d\/1azaJaK4oMAci7iMubSXQCpeCqvSD10uL\/view?usp=sharing\" target=\"_blank\" rel=\"noreferrer noopener\">Atividade Volunt\u00e1ria<\/a>&nbsp;PMG (Edital GIZ\/PROGRAD\/006\/2017).<\/p>\n","protected":false},"excerpt":{"rendered":"<p>Est\u00e3o abertas, de 12 a 19 de setembro, aos alunos [&hellip;]<\/p>\n","protected":false},"author":3,"featured_media":0,"parent":0,"menu_order":0,"comment_status":"closed","ping_status":"closed","template":"","meta":[],"acf":[],"_links":{"self":[{"href":"https:\/\/www.ufmg.br\/giz\/wp-json\/wp\/v2\/pages\/569"}],"collection":[{"href":"https:\/\/www.ufmg.br\/giz\/wp-json\/wp\/v2\/pages"}],"about":[{"href":"https:\/\/www.ufmg.br\/giz\/wp-json\/wp\/v2\/types\/page"}],"author":[{"embeddable":true,"href":"https:\/\/www.ufmg.br\/giz\/wp-json\/wp\/v2\/users\/3"}],"replies":[{"embeddable":true,"href":"https:\/\/www.ufmg.br\/giz\/wp-json\/wp\/v2\/comments?post=569"}],"version-history":[{"count":1,"href":"https:\/\/www.ufmg.br\/giz\/wp-json\/wp\/v2\/pages\/569\/revisions"}],"predecessor-version":[{"id":570,"href":"https:\/\/www.ufmg.br\/giz\/wp-json\/wp\/v2\/pages\/569\/revisions\/570"}],"wp:attachment":[{"href":"https:\/\/www.ufmg.br\/giz\/wp-json\/wp\/v2\/media?parent=569"}],"curies":[{"name":"wp","href":"https:\/\/api.w.org\/{rel}","templated":true}]}}