{"id":573,"date":"2023-06-20T09:05:13","date_gmt":"2023-06-20T12:05:13","guid":{"rendered":"https:\/\/www.ufmg.br\/giz?page_id=573"},"modified":"2023-06-20T09:05:14","modified_gmt":"2023-06-20T12:05:14","slug":"edital-giz-prograd-no-002-2017","status":"publish","type":"page","link":"https:\/\/www.ufmg.br\/giz\/edital-giz-prograd-no-002-2017\/","title":{"rendered":"Edital GIZ\/PROGRAD No. 002\/2017"},"content":{"rendered":"\n<p>Est\u00e3o abertas, de 14&nbsp;a 21&nbsp;de mar\u00e7o, para alunos de gradua\u00e7\u00e3o da UFMG, as inscri\u00e7\u00f5es para bolsas&nbsp;do Programa de Monitoria de Gradua\u00e7\u00e3o \u2013 PMG. Os interessados&nbsp;dever\u00e3o ler o edital e preencher os&nbsp;dados no formul\u00e1rio de inscri\u00e7\u00e3o.<\/p>\n\n\n\n<p><a href=\"https:\/\/drive.google.com\/file\/d\/1tCf2ez3VgckqxOlzPIKL5RBVCMRySL2I\/view?usp=sharing\" target=\"_blank\" rel=\"noreferrer noopener\">Clique para ler o edital.<\/a><\/p>\n\n\n\n<p><a href=\"https:\/\/drive.google.com\/file\/d\/1Z0uGjrLzEEYydshVGlzLxLeGFcz2VXbO\/view?usp=sharing\" target=\"_blank\" rel=\"noreferrer noopener\">Consulte aqui&nbsp;o resultado da Primeira Fase da Sele\u00e7\u00e3o para Bolsa de Gradua\u00e7\u00e3o do Programa Monitoria de Gradua\u00e7\u00e3o \u2013 PMG.&nbsp;<\/a><\/p>\n\n\n\n<p>Consulte&nbsp;<a href=\"https:\/\/drive.google.com\/file\/d\/1gYADA147vPvPonyI0B9zcT78bU-FEAIR\/view?usp=sharing\" rel=\"noreferrer noopener\" target=\"_blank\">aqui<\/a>&nbsp;o resultado final da Sele\u00e7\u00e3o para Bolsa do Programa de Monitoria de Gradua\u00e7\u00e3o PMG 2017, conforme Edital GIZ\/PROGRAD No. 002\/2017.<\/p>\n","protected":false},"excerpt":{"rendered":"<p>Est\u00e3o abertas, de 14&nbsp;a 21&nbsp;de mar\u00e7o, para alunos de gradua\u00e7\u00e3o [&hellip;]<\/p>\n","protected":false},"author":3,"featured_media":0,"parent":0,"menu_order":0,"comment_status":"closed","ping_status":"closed","template":"","meta":[],"acf":[],"_links":{"self":[{"href":"https:\/\/www.ufmg.br\/giz\/wp-json\/wp\/v2\/pages\/573"}],"collection":[{"href":"https:\/\/www.ufmg.br\/giz\/wp-json\/wp\/v2\/pages"}],"about":[{"href":"https:\/\/www.ufmg.br\/giz\/wp-json\/wp\/v2\/types\/page"}],"author":[{"embeddable":true,"href":"https:\/\/www.ufmg.br\/giz\/wp-json\/wp\/v2\/users\/3"}],"replies":[{"embeddable":true,"href":"https:\/\/www.ufmg.br\/giz\/wp-json\/wp\/v2\/comments?post=573"}],"version-history":[{"count":1,"href":"https:\/\/www.ufmg.br\/giz\/wp-json\/wp\/v2\/pages\/573\/revisions"}],"predecessor-version":[{"id":574,"href":"https:\/\/www.ufmg.br\/giz\/wp-json\/wp\/v2\/pages\/573\/revisions\/574"}],"wp:attachment":[{"href":"https:\/\/www.ufmg.br\/giz\/wp-json\/wp\/v2\/media?parent=573"}],"curies":[{"name":"wp","href":"https:\/\/api.w.org\/{rel}","templated":true}]}}