{"id":581,"date":"2023-07-11T09:18:14","date_gmt":"2023-07-11T12:18:14","guid":{"rendered":"https:\/\/www.ufmg.br\/giz?page_id=581"},"modified":"2026-05-05T14:14:11","modified_gmt":"2026-05-05T17:14:11","slug":"editais-anteriores-2","status":"publish","type":"page","link":"https:\/\/www.ufmg.br\/giz\/editais-anteriores-2\/","title":{"rendered":"Editais anteriores (PIME &#8211; P\u00f3s-gradua\u00e7\u00e3o)"},"content":{"rendered":"\n<p><a href=\"https:\/\/www.ufmg.br\/giz\/edital-giz-prograd-no-006-2025-2\/\">Edital GIZ\/PROGRAD N\u00b0 006\/2025 PIME &#8211; P\u00f3s-gradua\u00e7\u00e3o<\/a><\/p>\n\n\n<p><a href=\"https:\/\/www.ufmg.br\/giz\/?page_id=1865\">Edital GIZ\/PROGRAD N\u00b0 001\/2025 PIME &#8211; P\u00f3s-gradua\u00e7\u00e3o<\/a><\/p>\n<p><a href=\"https:\/\/www.ufmg.br\/giz\/edital-giz-prograd-no-003-2024-pime-pos-graduacao\/\">Edital GIZ\/PROGRAD N\u00ba 003\/2024 PIME \u2013 P\u00f3s-gradua\u00e7\u00e3o<\/a><\/p>\n<p><a href=\"https:\/\/www.ufmg.br\/giz\/edital-de-selecao-giz-prograd-no-006-2023-selecao-para-programa-de-incentivo-a-formacao-docente-pifd-e-atividade-voluntaria-area-educacao\/\">Edital de Sele\u00e7\u00e3o 006 \/2023 \u2013 Sele\u00e7\u00e3o para Programa de Incentivo \u00e0 Forma\u00e7\u00e3o Docente PIFD e Atividade Volunt\u00e1ria \u2013 \u00c1rea Educa\u00e7\u00e3o <\/a><\/p>\n<p><a href=\"https:\/\/www.ufmg.br\/giz\/ato-de-retificacao-ao-edital-004-2023-pifd-doutorado-resultado-final\/\">Ato de Retifica\u00e7\u00e3o ao Edital 004\/2023 &#8211; PIFD &#8211; Doutorado &#8211; Resultado Final<\/a><\/p>\n<p><a href=\"https:\/\/www.ufmg.br\/giz\/ato-de-retificacao-ao-edital-003-2023-pifd-mestrado-resultado-final\/\">Ato de Retifica\u00e7\u00e3o ao Edital 003\/2023 \u2013 PIFD \u2013 Mestrado \u2013 Resultado Final<\/a><\/p>\n<p><a href=\"https:\/\/www.ufmg.br\/giz\/ato-de-retificacao-edital-005-2022-pifd-doutorado-resultado-final\/\">Ato de Retifica\u00e7\u00e3o \u2013 Edital 005\/2022 \u2013 PIFD Doutorado \u2013 Resultado Final<\/a><\/p>\n<p><a href=\"https:\/\/www.ufmg.br\/giz\/edital-004-2022-pifd-e-atividade-voluntaria-mestrado-resultado-final\/\">Edital 004\/2022 PIFD e Atividade Volunt\u00e1ria \u2013 Mestrado \u2013 Resultado Final<\/a><\/p>\n<p><a href=\"https:\/\/www.ufmg.br\/giz\/edital-de-selecao-003-2021-pifd-e-atividade-voluntaria\/\">Edital de Sele\u00e7\u00e3o 003\/2021 \u2013 PIFD e Atividade Volunt\u00e1ria <\/a><\/p>\n<p><a href=\"https:\/\/www.ufmg.br\/giz\/edital-de-selecao-002-2020-pifd-e-atividade-voluntaria\/\">Edital de Sele\u00e7\u00e3o 002\/2020 \u2013 PIFD e atividade volunt\u00e1ria<\/a><\/p>\n<p><a href=\"https:\/\/www.ufmg.br\/giz\/edital-de-selecao-002-2019-complementacao-de-bolsa-pifd-e-atividade-voluntaria\/\">Edital de Sele\u00e7\u00e3o 002\/2019 \u2013 Complementa\u00e7\u00e3o de Bolsa PIFD e Atividade Volunt\u00e1ria<\/a><\/p>\n<p><a href=\"https:\/\/www.ufmg.br\/giz\/edital-de-selecao-003-2018-processo-seletivo-para-complementacao-de-bolsa-pifd\/\">Edital de Sele\u00e7\u00e3o 003\/2018 &#8211; Processo Seletivo para Complementa\u00e7\u00e3o de Bolsa PIFD<\/a><\/p>\n<p><a href=\"https:\/\/www.ufmg.br\/giz\/edital-de-selecao-007-2017-selecao-de-formacao-de-cadastro-de-reserva-para-complementacao-de-bolsa-academica-pifd\/\">Edital de Sele\u00e7\u00e3o 007\/2017 &#8211; Sele\u00e7\u00e3o de Forma\u00e7\u00e3o de Cadastro de Reserva para Complementa\u00e7\u00e3o de Bolsa Acad\u00eamica \u2013 PIFD<\/a><\/p>\n<p><a href=\"https:\/\/www.ufmg.br\/giz\/edital-de-selecao-002-2017-selecao-de-bolsistas-pmg\/\">Edital de Sele\u00e7\u00e3o 002\/2017 &#8211; Sele\u00e7\u00e3o de bolsistas \u2013 PMG<\/a><\/p>\n<p><a href=\"https:\/\/www.ufmg.br\/giz\/edital-de-selecao-007-2017-selecao-de-complementacao-de-bolsa-pifd-2017\/\">Edital de Sele\u00e7\u00e3o 001\/2017 &#8211; Sele\u00e7\u00e3o de Complementa\u00e7\u00e3o de Bolsa PIFD 2017<\/a><\/p>","protected":false},"excerpt":{"rendered":"<p>Edital GIZ\/PROGRAD N\u00b0 006\/2025 PIME &#8211; P\u00f3s-gradua\u00e7\u00e3o Edital GIZ\/PROGRAD N\u00b0 [&hellip;]<\/p>\n","protected":false},"author":3,"featured_media":0,"parent":0,"menu_order":0,"comment_status":"closed","ping_status":"closed","template":"","meta":[],"acf":[],"_links":{"self":[{"href":"https:\/\/www.ufmg.br\/giz\/wp-json\/wp\/v2\/pages\/581"}],"collection":[{"href":"https:\/\/www.ufmg.br\/giz\/wp-json\/wp\/v2\/pages"}],"about":[{"href":"https:\/\/www.ufmg.br\/giz\/wp-json\/wp\/v2\/types\/page"}],"author":[{"embeddable":true,"href":"https:\/\/www.ufmg.br\/giz\/wp-json\/wp\/v2\/users\/3"}],"replies":[{"embeddable":true,"href":"https:\/\/www.ufmg.br\/giz\/wp-json\/wp\/v2\/comments?post=581"}],"version-history":[{"count":18,"href":"https:\/\/www.ufmg.br\/giz\/wp-json\/wp\/v2\/pages\/581\/revisions"}],"predecessor-version":[{"id":2081,"href":"https:\/\/www.ufmg.br\/giz\/wp-json\/wp\/v2\/pages\/581\/revisions\/2081"}],"wp:attachment":[{"href":"https:\/\/www.ufmg.br\/giz\/wp-json\/wp\/v2\/media?parent=581"}],"curies":[{"name":"wp","href":"https:\/\/api.w.org\/{rel}","templated":true}]}}