{"id":595,"date":"2023-07-11T09:28:50","date_gmt":"2023-07-11T12:28:50","guid":{"rendered":"https:\/\/www.ufmg.br\/giz?page_id=595"},"modified":"2023-07-11T09:32:38","modified_gmt":"2023-07-11T12:32:38","slug":"ato-de-retificacao-edital-005-2022-pifd-doutorado-resultado-final","status":"publish","type":"page","link":"https:\/\/www.ufmg.br\/giz\/ato-de-retificacao-edital-005-2022-pifd-doutorado-resultado-final\/","title":{"rendered":"Ato de Retifica\u00e7\u00e3o \u2013 Edital 005\/2022 \u2013 PIFD Doutorado \u2013 Resultado Final"},"content":{"rendered":"<p>A Diretoria de Inova\u00e7\u00e3o e Metodologias de Ensino \u2013 GIZ, da Pr\u00f3-Reitoria de Gradua\u00e7\u00e3o da Universidade Federal de Minas Gerais \u2013 PROGRAD\/UFMG faz saber que o Edital N\u00ba 005\/2022 passa a vigorar com altera\u00e7\u00e3o.<\/p>\n<p><a href=\"https:\/\/www.ufmg.br\/giz\/wp-content\/uploads\/2023\/07\/Ato-de-Retificacao-Edital-005-2022-PIFD-Doutorado-Resultado-Final.pdf\">Ato de Retifica\u00e7\u00e3o &#8211; Edital 005\/2022<\/a><\/p>\n<p><a href=\"https:\/\/www.ufmg.br\/giz\/wp-content\/uploads\/2023\/07\/Edital-005-2022-PIFD-Doutorado-Resultado-Primeira-Fase.pdf\">Edital 005\/2022 Resultado Primeira Fase<\/a><\/p>\n<p><a href=\"https:\/\/www.ufmg.br\/giz\/wp-content\/uploads\/2023\/07\/Edital-005-PIFD-SELECAO-BOLSA-POS-GRADUACAO-DOUTORADO.pdf\">Edital 005\/2022<\/a><\/p>\n<p>Em caso de d\u00favidas, envie um e-mail para giz-contato@prograd.ufmg.br<\/p>\n","protected":false},"excerpt":{"rendered":"<p>A Diretoria de Inova\u00e7\u00e3o e Metodologias de Ensino \u2013 GIZ, [&hellip;]<\/p>\n","protected":false},"author":3,"featured_media":0,"parent":0,"menu_order":0,"comment_status":"closed","ping_status":"closed","template":"","meta":[],"acf":[],"_links":{"self":[{"href":"https:\/\/www.ufmg.br\/giz\/wp-json\/wp\/v2\/pages\/595"}],"collection":[{"href":"https:\/\/www.ufmg.br\/giz\/wp-json\/wp\/v2\/pages"}],"about":[{"href":"https:\/\/www.ufmg.br\/giz\/wp-json\/wp\/v2\/types\/page"}],"author":[{"embeddable":true,"href":"https:\/\/www.ufmg.br\/giz\/wp-json\/wp\/v2\/users\/3"}],"replies":[{"embeddable":true,"href":"https:\/\/www.ufmg.br\/giz\/wp-json\/wp\/v2\/comments?post=595"}],"version-history":[{"count":4,"href":"https:\/\/www.ufmg.br\/giz\/wp-json\/wp\/v2\/pages\/595\/revisions"}],"predecessor-version":[{"id":1988,"href":"https:\/\/www.ufmg.br\/giz\/wp-json\/wp\/v2\/pages\/595\/revisions\/1988"}],"wp:attachment":[{"href":"https:\/\/www.ufmg.br\/giz\/wp-json\/wp\/v2\/media?parent=595"}],"curies":[{"name":"wp","href":"https:\/\/api.w.org\/{rel}","templated":true}]}}