{"id":612,"date":"2023-07-11T09:41:51","date_gmt":"2023-07-11T12:41:51","guid":{"rendered":"https:\/\/www.ufmg.br\/giz?page_id=612"},"modified":"2023-07-11T09:46:36","modified_gmt":"2023-07-11T12:46:36","slug":"edital-de-selecao-003-2021-pifd-e-atividade-voluntaria","status":"publish","type":"page","link":"https:\/\/www.ufmg.br\/giz\/edital-de-selecao-003-2021-pifd-e-atividade-voluntaria\/","title":{"rendered":"Edital de Sele\u00e7\u00e3o 003\/2021 \u2013 PIFD e Atividade Volunt\u00e1ria"},"content":{"rendered":"<p>A Diretoria de Inova\u00e7\u00e3o e Metodologias de Ensino \u2013 GIZ, vinculada \u00e0 Pr\u00f3-Reitoria de Gradua\u00e7\u00e3o \u2013 PROGRAD\/UFMG, divulga o resultado final referente ao Edital 003\/2021, do Programa de Incentivo \u00e0 Forma\u00e7\u00e3o Docente \u2013 PIFD e atividade volunt\u00e1ria.<\/p>\n<p>Clique aqui para acessar o <a href=\"https:\/\/www.ufmg.br\/giz\/wp-content\/uploads\/2023\/07\/Edital-003-2021-Selecao-Bolsa-Pos-Graduacao-Resultado-Final-30nov2021.pdf\">Resultado final.<\/a><\/p>\n<p><a href=\"https:\/\/www.ufmg.br\/giz\/wp-content\/uploads\/2023\/07\/Edital-003-2021-Selecao-Bolsa-Pos-Graduacao-Resultado-Primeira-Fase-12nov2021.pdf\">Edital 003\/2021 Resultado Primeira Fase<\/a><\/p>\n<p>Consulte informa\u00e7\u00f5es no Edital <a href=\"https:\/\/www.ufmg.br\/giz\/wp-content\/uploads\/2023\/07\/Edital-GIZ-PROGRAD-003-2021-SELECAO-BOLSA-POS-GRADUACAO-E-ATIVIDADE-VOLUNTARIA.pdf\">Edital GIZ-PROGRAD 003\/2021.<\/a><\/p>\n<p>Em caso de d\u00favidas, envie um e-mail para\u00a0<a href=\"mailto:giz@prograd.ufmg.br\">giz@prograd.ufmg.br<\/a><\/p>\n","protected":false},"excerpt":{"rendered":"<p>A Diretoria de Inova\u00e7\u00e3o e Metodologias de Ensino \u2013 GIZ, [&hellip;]<\/p>\n","protected":false},"author":3,"featured_media":0,"parent":0,"menu_order":0,"comment_status":"closed","ping_status":"closed","template":"","meta":[],"acf":[],"_links":{"self":[{"href":"https:\/\/www.ufmg.br\/giz\/wp-json\/wp\/v2\/pages\/612"}],"collection":[{"href":"https:\/\/www.ufmg.br\/giz\/wp-json\/wp\/v2\/pages"}],"about":[{"href":"https:\/\/www.ufmg.br\/giz\/wp-json\/wp\/v2\/types\/page"}],"author":[{"embeddable":true,"href":"https:\/\/www.ufmg.br\/giz\/wp-json\/wp\/v2\/users\/3"}],"replies":[{"embeddable":true,"href":"https:\/\/www.ufmg.br\/giz\/wp-json\/wp\/v2\/comments?post=612"}],"version-history":[{"count":4,"href":"https:\/\/www.ufmg.br\/giz\/wp-json\/wp\/v2\/pages\/612\/revisions"}],"predecessor-version":[{"id":620,"href":"https:\/\/www.ufmg.br\/giz\/wp-json\/wp\/v2\/pages\/612\/revisions\/620"}],"wp:attachment":[{"href":"https:\/\/www.ufmg.br\/giz\/wp-json\/wp\/v2\/media?parent=612"}],"curies":[{"name":"wp","href":"https:\/\/api.w.org\/{rel}","templated":true}]}}