{"id":621,"date":"2023-07-11T09:47:17","date_gmt":"2023-07-11T12:47:17","guid":{"rendered":"https:\/\/www.ufmg.br\/giz?page_id=621"},"modified":"2023-07-11T09:50:57","modified_gmt":"2023-07-11T12:50:57","slug":"edital-de-selecao-002-2020-pifd-e-atividade-voluntaria","status":"publish","type":"page","link":"https:\/\/www.ufmg.br\/giz\/edital-de-selecao-002-2020-pifd-e-atividade-voluntaria\/","title":{"rendered":"Edital de Sele\u00e7\u00e3o 002\/2020 \u2013 PIFD e atividade volunt\u00e1ria"},"content":{"rendered":"<p>A Diretoria de Inova\u00e7\u00e3o e Metodologias de Ensino \u2013 GIZ, vinculada \u00e0 Pr\u00f3-Reitoria de Gradua\u00e7\u00e3o \u2013 PROGRAD\/UFMG, divulga o resultado final referente ao Edital 002\/2020, do Programa de Incentivo \u00e0 Forma\u00e7\u00e3o Docente \u2013 PIFD e atividade volunt\u00e1ria.<\/p>\n<p>Clique aqui para acessar o <a href=\"https:\/\/www.ufmg.br\/giz\/wp-content\/uploads\/2023\/07\/resultados-MD-final.pdf\">Resultado final.<\/a><\/p>\n<p><a href=\"https:\/\/www.ufmg.br\/giz\/wp-content\/uploads\/2023\/07\/Resultado-fase-1-Edital002-2020.pdf\">Resultado primeira fase<\/a><\/p>\n<p>Consulte informa\u00e7\u00f5es no<a href=\"https:\/\/www.ufmg.br\/giz\/wp-content\/uploads\/2023\/07\/Edital-GIZ-PROGRAD-002-2020-SELECAO-BOLSA-POS-GRADUACAO-27nov2020.pdf\"> Edital GIZ PROGRAD 002\/2020<\/a><\/p>\n<p>Em caso de d\u00favidas, envie um e-mail para giz@prograd.ufmg.br ou ligue 3409-6451.<\/p>\n","protected":false},"excerpt":{"rendered":"<p>A Diretoria de Inova\u00e7\u00e3o e Metodologias de Ensino \u2013 GIZ, [&hellip;]<\/p>\n","protected":false},"author":3,"featured_media":0,"parent":0,"menu_order":0,"comment_status":"closed","ping_status":"closed","template":"","meta":[],"acf":[],"_links":{"self":[{"href":"https:\/\/www.ufmg.br\/giz\/wp-json\/wp\/v2\/pages\/621"}],"collection":[{"href":"https:\/\/www.ufmg.br\/giz\/wp-json\/wp\/v2\/pages"}],"about":[{"href":"https:\/\/www.ufmg.br\/giz\/wp-json\/wp\/v2\/types\/page"}],"author":[{"embeddable":true,"href":"https:\/\/www.ufmg.br\/giz\/wp-json\/wp\/v2\/users\/3"}],"replies":[{"embeddable":true,"href":"https:\/\/www.ufmg.br\/giz\/wp-json\/wp\/v2\/comments?post=621"}],"version-history":[{"count":4,"href":"https:\/\/www.ufmg.br\/giz\/wp-json\/wp\/v2\/pages\/621\/revisions"}],"predecessor-version":[{"id":628,"href":"https:\/\/www.ufmg.br\/giz\/wp-json\/wp\/v2\/pages\/621\/revisions\/628"}],"wp:attachment":[{"href":"https:\/\/www.ufmg.br\/giz\/wp-json\/wp\/v2\/media?parent=621"}],"curies":[{"name":"wp","href":"https:\/\/api.w.org\/{rel}","templated":true}]}}