{"id":630,"date":"2023-07-11T09:57:46","date_gmt":"2023-07-11T12:57:46","guid":{"rendered":"https:\/\/www.ufmg.br\/giz?page_id=630"},"modified":"2023-07-11T10:02:27","modified_gmt":"2023-07-11T13:02:27","slug":"edital-de-selecao-002-2019-complementacao-de-bolsa-pifd-e-atividade-voluntaria","status":"publish","type":"page","link":"https:\/\/www.ufmg.br\/giz\/edital-de-selecao-002-2019-complementacao-de-bolsa-pifd-e-atividade-voluntaria\/","title":{"rendered":"Edital de Sele\u00e7\u00e3o 002\/2019 \u2013 Complementa\u00e7\u00e3o de Bolsa PIFD e Atividade Volunt\u00e1ria"},"content":{"rendered":"\r\n<p>A Diretoria de Inova\u00e7\u00e3o e Metodologias de Ensino \u2013 GIZ, vinculada \u00e0 Pr\u00f3-Reitoria de Gradua\u00e7\u00e3o \u2013 PROGRAD\/UFMG, divulga o <a href=\"https:\/\/www.ufmg.br\/giz\/wp-content\/uploads\/2023\/07\/Resultado-Final-Edital-GIZ-PROGRAD-002-2019-Selec\u0327a\u0303o-Complementac\u0327a\u0303o-de-Bolsa-PIFD-e-Atividade-Volunta\u0301ria-1.pdf\">Resultado Final Edital-GIZ-PROGRAD 002\/2019.<\/a><br \/><br \/><\/p>\r\n\r\n\r\n\r\n<p>Maiores informa\u00e7\u00f5es devem ser consultadas no <a href=\"https:\/\/www.ufmg.br\/giz\/wp-content\/uploads\/2023\/07\/EDITAL-GIZ-PROGRAD-No-002-2019-Selec\u0327a\u0303o-PIFD-e-Voluntario-Mestrado-e-Doutorado.pdf\">EDITAL GIZ PROGRAD 002\/2019 <\/a>ou pelo telefone 3409 6451.<\/p>\r\n","protected":false},"excerpt":{"rendered":"<p>A Diretoria de Inova\u00e7\u00e3o e Metodologias de Ensino \u2013 GIZ, [&hellip;]<\/p>\n","protected":false},"author":3,"featured_media":0,"parent":0,"menu_order":0,"comment_status":"closed","ping_status":"closed","template":"","meta":[],"acf":[],"_links":{"self":[{"href":"https:\/\/www.ufmg.br\/giz\/wp-json\/wp\/v2\/pages\/630"}],"collection":[{"href":"https:\/\/www.ufmg.br\/giz\/wp-json\/wp\/v2\/pages"}],"about":[{"href":"https:\/\/www.ufmg.br\/giz\/wp-json\/wp\/v2\/types\/page"}],"author":[{"embeddable":true,"href":"https:\/\/www.ufmg.br\/giz\/wp-json\/wp\/v2\/users\/3"}],"replies":[{"embeddable":true,"href":"https:\/\/www.ufmg.br\/giz\/wp-json\/wp\/v2\/comments?post=630"}],"version-history":[{"count":3,"href":"https:\/\/www.ufmg.br\/giz\/wp-json\/wp\/v2\/pages\/630\/revisions"}],"predecessor-version":[{"id":635,"href":"https:\/\/www.ufmg.br\/giz\/wp-json\/wp\/v2\/pages\/630\/revisions\/635"}],"wp:attachment":[{"href":"https:\/\/www.ufmg.br\/giz\/wp-json\/wp\/v2\/media?parent=630"}],"curies":[{"name":"wp","href":"https:\/\/api.w.org\/{rel}","templated":true}]}}