{"id":658,"date":"2023-07-11T10:30:09","date_gmt":"2023-07-11T13:30:09","guid":{"rendered":"https:\/\/www.ufmg.br\/giz?page_id=658"},"modified":"2023-07-11T10:38:51","modified_gmt":"2023-07-11T13:38:51","slug":"edital-de-selecao-007-2017-selecao-de-complementacao-de-bolsa-pifd-2017","status":"publish","type":"page","link":"https:\/\/www.ufmg.br\/giz\/edital-de-selecao-007-2017-selecao-de-complementacao-de-bolsa-pifd-2017\/","title":{"rendered":"Edital de Sele\u00e7\u00e3o 001\/2017 &#8211; Sele\u00e7\u00e3o de Complementa\u00e7\u00e3o de Bolsa PIFD 2017"},"content":{"rendered":"\r\n<p>Consulte <a href=\"https:\/\/www.ufmg.br\/giz\/wp-content\/uploads\/2023\/07\/Resultado-Final-PIFD-Edital-GIZ-PROGRAD-001-2017.pdf\">aqui<\/a> o resultado final da Sele\u00e7\u00e3o para Complementa\u00e7\u00e3o de Bolsa (Mestrado e Doutorado) do Programa de Incentivo \u00e0 Forma\u00e7\u00e3o Docente PIFD 2017, conforme Edital GIZ\/PROGRAD No. 001\/2017.<br \/><br \/><a href=\"https:\/\/www.ufmg.br\/giz\/wp-content\/uploads\/2023\/07\/resultados-pifd-fase1.pdf\">Resultado primeira fase<\/a>.<\/p>\r\n","protected":false},"excerpt":{"rendered":"<p>Consulte aqui o resultado final da Sele\u00e7\u00e3o para Complementa\u00e7\u00e3o de [&hellip;]<\/p>\n","protected":false},"author":3,"featured_media":0,"parent":0,"menu_order":0,"comment_status":"closed","ping_status":"closed","template":"","meta":[],"acf":[],"_links":{"self":[{"href":"https:\/\/www.ufmg.br\/giz\/wp-json\/wp\/v2\/pages\/658"}],"collection":[{"href":"https:\/\/www.ufmg.br\/giz\/wp-json\/wp\/v2\/pages"}],"about":[{"href":"https:\/\/www.ufmg.br\/giz\/wp-json\/wp\/v2\/types\/page"}],"author":[{"embeddable":true,"href":"https:\/\/www.ufmg.br\/giz\/wp-json\/wp\/v2\/users\/3"}],"replies":[{"embeddable":true,"href":"https:\/\/www.ufmg.br\/giz\/wp-json\/wp\/v2\/comments?post=658"}],"version-history":[{"count":4,"href":"https:\/\/www.ufmg.br\/giz\/wp-json\/wp\/v2\/pages\/658\/revisions"}],"predecessor-version":[{"id":664,"href":"https:\/\/www.ufmg.br\/giz\/wp-json\/wp\/v2\/pages\/658\/revisions\/664"}],"wp:attachment":[{"href":"https:\/\/www.ufmg.br\/giz\/wp-json\/wp\/v2\/media?parent=658"}],"curies":[{"name":"wp","href":"https:\/\/api.w.org\/{rel}","templated":true}]}}