{"id":68,"date":"2020-06-10T13:30:02","date_gmt":"2020-06-10T16:30:02","guid":{"rendered":"https:\/\/www.ufmg.br\/giz\/?page_id=68"},"modified":"2025-05-08T16:59:56","modified_gmt":"2025-05-08T19:59:56","slug":"contato","status":"publish","type":"page","link":"https:\/\/www.ufmg.br\/giz\/contato\/","title":{"rendered":"Contato"},"content":{"rendered":"<p>E-mail: giz@prograd.ufmg.br<br \/>\nTelefone: +55 (31) 3409-6451<\/p>\n<p>Para instru\u00e7\u00f5es em rela\u00e7\u00e3o a como chegar no Giz, assista ao v\u00eddeo:<\/p>\n<p><iframe loading=\"lazy\" title=\"Como chegar ao Giz e \u00e0 sala Ocre\" width=\"500\" height=\"281\" src=\"https:\/\/www.youtube.com\/embed\/VO9r0eGRQYk?feature=oembed\" frameborder=\"0\" allow=\"accelerometer; autoplay; clipboard-write; encrypted-media; gyroscope; picture-in-picture; web-share\" referrerpolicy=\"strict-origin-when-cross-origin\" allowfullscreen><\/iframe><\/p>\n","protected":false},"excerpt":{"rendered":"<p>E-mail: giz@prograd.ufmg.br Telefone: +55 (31) 3409-6451 Para instru\u00e7\u00f5es em rela\u00e7\u00e3o [&hellip;]<\/p>\n","protected":false},"author":1,"featured_media":0,"parent":0,"menu_order":0,"comment_status":"closed","ping_status":"closed","template":"","meta":[],"acf":[],"_links":{"self":[{"href":"https:\/\/www.ufmg.br\/giz\/wp-json\/wp\/v2\/pages\/68"}],"collection":[{"href":"https:\/\/www.ufmg.br\/giz\/wp-json\/wp\/v2\/pages"}],"about":[{"href":"https:\/\/www.ufmg.br\/giz\/wp-json\/wp\/v2\/types\/page"}],"author":[{"embeddable":true,"href":"https:\/\/www.ufmg.br\/giz\/wp-json\/wp\/v2\/users\/1"}],"replies":[{"embeddable":true,"href":"https:\/\/www.ufmg.br\/giz\/wp-json\/wp\/v2\/comments?post=68"}],"version-history":[{"count":5,"href":"https:\/\/www.ufmg.br\/giz\/wp-json\/wp\/v2\/pages\/68\/revisions"}],"predecessor-version":[{"id":1602,"href":"https:\/\/www.ufmg.br\/giz\/wp-json\/wp\/v2\/pages\/68\/revisions\/1602"}],"wp:attachment":[{"href":"https:\/\/www.ufmg.br\/giz\/wp-json\/wp\/v2\/media?parent=68"}],"curies":[{"name":"wp","href":"https:\/\/api.w.org\/{rel}","templated":true}]}}