{"id":844,"date":"2023-11-29T20:35:49","date_gmt":"2023-11-29T22:35:49","guid":{"rendered":"https:\/\/www.ufmg.br\/giz\/?page_id=844"},"modified":"2023-12-19T10:30:56","modified_gmt":"2023-12-19T12:30:56","slug":"edital-007-2023-pime-revisao","status":"publish","type":"page","link":"https:\/\/www.ufmg.br\/giz\/edital-007-2023-pime-revisao\/","title":{"rendered":"Edital 007\/2023 &#8211; PIME Revis\u00e3o\u00a0e Atividade Volunt\u00e1ria"},"content":{"rendered":"\n<p>A Diretoria de Inova\u00e7\u00e3o e Metodologias de Ensino \u2013 GIZ, da Pr\u00f3-Reitoria de Gradua\u00e7\u00e3o da Universidade Federal de Minas Gerais \u2013 PROGRAD\/UFMG torna p\u00fablica a divulga\u00e7\u00e3o do resultado final do Edital de Sele\u00e7\u00e3o do Programa de Bolsas da Gradua\u00e7\u00e3o da PROGRAD e Atividade Volunt\u00e1ria \u2013 perfil Revis\u00e3o. <\/p>\n\n\n\n<p> O exame de sele\u00e7\u00e3o destinado ao preenchimento de vagas e \u00e0 forma\u00e7\u00e3o de cadastro de reserva para o Programa de Bolsas da Gradua\u00e7\u00e3o da PROGRAD e atividade volunt\u00e1ria, perfil revis\u00e3o, para atuar em a\u00e7\u00f5es desenvolvidas pelo GIZ\/PROGRAD\/UFMG conforme <a href=\"https:\/\/www.ufmg.br\/giz\/wp-content\/uploads\/2023\/11\/Edital-007-PIME-2023-REVISAO-BOLSAS-DE-GRADUACAO-E-ATIVIDADE-VOLUNTARIA.pdf\" data-type=\"URL\" data-id=\"https:\/\/www.ufmg.br\/giz\/wp-content\/uploads\/2023\/11\/Edital-007-PIME-2023-REVISAO-BOLSAS-DE-GRADUACAO-E-ATIVIDADE-VOLUNTARIA.pdf\">Edital 007\/2023.<\/a><\/p>\n\n\n\n<p><a href=\"https:\/\/www.ufmg.br\/giz\/wp-content\/uploads\/2023\/12\/Edital-007-2023-PIME-Revisao-Resultado-Primeira-Fase.pdf\">Resultado da primeira fase<\/a><\/p>\n\n\n\n<p><a href=\"https:\/\/www.ufmg.br\/giz\/wp-content\/uploads\/2023\/12\/Edital-007-2023-PIME-Revisao-Resultado-Primeira-Final.pdf\" data-type=\"URL\" data-id=\"https:\/\/www.ufmg.br\/giz\/wp-content\/uploads\/2023\/12\/Edital-007-2023-PIME-Revisao-Resultado-Primeira-Final.pdf\">Resultado final<\/a><\/p>\n\n\n\n<p>Em caso de d\u00favidas, envie um e-mail para giz-contato@prograd.ufmg.br<\/p>\n","protected":false},"excerpt":{"rendered":"<p>A Diretoria de Inova\u00e7\u00e3o e Metodologias de Ensino \u2013 GIZ, [&hellip;]<\/p>\n","protected":false},"author":3,"featured_media":0,"parent":0,"menu_order":0,"comment_status":"closed","ping_status":"closed","template":"","meta":[],"acf":[],"_links":{"self":[{"href":"https:\/\/www.ufmg.br\/giz\/wp-json\/wp\/v2\/pages\/844"}],"collection":[{"href":"https:\/\/www.ufmg.br\/giz\/wp-json\/wp\/v2\/pages"}],"about":[{"href":"https:\/\/www.ufmg.br\/giz\/wp-json\/wp\/v2\/types\/page"}],"author":[{"embeddable":true,"href":"https:\/\/www.ufmg.br\/giz\/wp-json\/wp\/v2\/users\/3"}],"replies":[{"embeddable":true,"href":"https:\/\/www.ufmg.br\/giz\/wp-json\/wp\/v2\/comments?post=844"}],"version-history":[{"count":6,"href":"https:\/\/www.ufmg.br\/giz\/wp-json\/wp\/v2\/pages\/844\/revisions"}],"predecessor-version":[{"id":875,"href":"https:\/\/www.ufmg.br\/giz\/wp-json\/wp\/v2\/pages\/844\/revisions\/875"}],"wp:attachment":[{"href":"https:\/\/www.ufmg.br\/giz\/wp-json\/wp\/v2\/media?parent=844"}],"curies":[{"name":"wp","href":"https:\/\/api.w.org\/{rel}","templated":true}]}}