{"id":883,"date":"2024-03-26T13:05:28","date_gmt":"2024-03-26T16:05:28","guid":{"rendered":"https:\/\/www.ufmg.br\/giz\/?page_id=883"},"modified":"2024-04-04T14:46:01","modified_gmt":"2024-04-04T17:46:01","slug":"%ef%bf%bc-edital-giz-prograd-no-001-2024","status":"publish","type":"page","link":"https:\/\/www.ufmg.br\/giz\/%ef%bf%bc-edital-giz-prograd-no-001-2024\/","title":{"rendered":"EDITAL GIZ\/PROGRAD N\u00ba 001\/2024\u00a0"},"content":{"rendered":"\r\n<p>\u00a0A Diretora da Diretoria de Inova\u00e7\u00e3o e Metodologias de Ensino \u2013 GIZ, da Pr\u00f3-Reitoria de Gradua\u00e7\u00e3o da Universidade Federal de Minas Gerais \u2013 PROGRAD\/UFMG, Professora Br\u00e9scia Fran\u00e7a Nonato, faz saber que, no per\u00edodo 04\/03\/2024 at\u00e9 as 23h59min do dia 11\/03\/2024, esta Diretoria receber\u00e1 inscri\u00e7\u00f5es de candidatos(as) para o exame de sele\u00e7\u00e3o destinado ao preenchimento de vagas e \u00e0 forma\u00e7\u00e3o de cadastro reserva para o Programa de Bolsas da Gradua\u00e7\u00e3o da PROGRAD e atividade volunt\u00e1ria para atuar em a\u00e7\u00f5es desenvolvidas pelo GIZ\/PROGRAD\/UFMG.\u00a0<\/p>\r\n\r\n\r\n\r\n<p><a href=\"https:\/\/www.ufmg.br\/giz\/wp-content\/uploads\/2024\/03\/Edital0012024PIMEResFinal.pdf\">Resultado Final<\/a><\/p>\r\n\r\n\r\n\r\n<p><a href=\"https:\/\/www.ufmg.br\/giz\/wp-content\/uploads\/2024\/03\/PIMEResPrimeiraFase.pdf\">Resultado<\/a> da primeira fase<\/p>\r\n\r\n\r\n\r\n<p>Confira o <a href=\"https:\/\/www.ufmg.br\/giz\/wp-content\/uploads\/2024\/02\/Edital-001-PIME-2024-MIDIAS-EDUCACAO-BOLSA-GRADUACAO-E-ATIVIDADE-VOLUNTARIA.pdf\">Edital GIZ\/PROGRAD N\u00ba 001\/2024<\/a><\/p>\r\n\r\n\r\n\r\n<p>Formul\u00e1rio de inscri\u00e7\u00e3o <a href=\"https:\/\/docs.google.com\/forms\/d\/1cIFO2XQ7gYfgofiBzSUs4nMvn1g-RWdU5zBdyT-0rrk\/edit\">aqui<\/a>:<br \/><br \/>Em caso de d\u00favidas, envie um e-mail para giz-contato@prograd.ufmg.br<\/p>\r\n\r\n\r\n\r\n<p>&nbsp;<\/p>\r\n\r\n\r\n\r\n<p>&nbsp;<\/p>\r\n\r\n\r\n\r\n<p>&nbsp;<\/p>\r\n","protected":false},"excerpt":{"rendered":"<p>\u00a0A Diretora da Diretoria de Inova\u00e7\u00e3o e Metodologias de Ensino [&hellip;]<\/p>\n","protected":false},"author":3,"featured_media":0,"parent":0,"menu_order":0,"comment_status":"closed","ping_status":"closed","template":"","meta":[],"acf":[],"_links":{"self":[{"href":"https:\/\/www.ufmg.br\/giz\/wp-json\/wp\/v2\/pages\/883"}],"collection":[{"href":"https:\/\/www.ufmg.br\/giz\/wp-json\/wp\/v2\/pages"}],"about":[{"href":"https:\/\/www.ufmg.br\/giz\/wp-json\/wp\/v2\/types\/page"}],"author":[{"embeddable":true,"href":"https:\/\/www.ufmg.br\/giz\/wp-json\/wp\/v2\/users\/3"}],"replies":[{"embeddable":true,"href":"https:\/\/www.ufmg.br\/giz\/wp-json\/wp\/v2\/comments?post=883"}],"version-history":[{"count":7,"href":"https:\/\/www.ufmg.br\/giz\/wp-json\/wp\/v2\/pages\/883\/revisions"}],"predecessor-version":[{"id":1013,"href":"https:\/\/www.ufmg.br\/giz\/wp-json\/wp\/v2\/pages\/883\/revisions\/1013"}],"wp:attachment":[{"href":"https:\/\/www.ufmg.br\/giz\/wp-json\/wp\/v2\/media?parent=883"}],"curies":[{"name":"wp","href":"https:\/\/api.w.org\/{rel}","templated":true}]}}