{"id":900,"date":"2024-03-05T10:27:05","date_gmt":"2024-03-05T13:27:05","guid":{"rendered":"https:\/\/www.ufmg.br\/giz\/?page_id=900"},"modified":"2024-04-04T14:52:19","modified_gmt":"2024-04-04T17:52:19","slug":"edital-002-2024","status":"publish","type":"page","link":"https:\/\/www.ufmg.br\/giz\/edital-002-2024\/","title":{"rendered":"Edital 002\/2024"},"content":{"rendered":"\r\n<h1><strong>Edital GIZ\/PROGRAD N\u00ba 002\/2024<\/strong><\/h1>\r\n\r\n\r\n\r\n<p>A Diretora da Diretoria de Inova\u00e7\u00e3o e Metodologias de Ensino \u2013 GIZ, da Pr\u00f3-Reitoria de Gradua\u00e7\u00e3o da Universidade Federal de Minas Gerais \u2013 PROGRAD\/UFMG, Professora Br\u00e9scia Fran\u00e7a Nonato, faz saber que, no per\u00edodo de 11\/03\/2024 at\u00e9 \u00e0s 23h59min do dia 20\/03\/2024, esta Diretoria receber\u00e1 inscri\u00e7\u00f5es de candidatos(as) para o exame de sele\u00e7\u00e3o destinado ao preenchimento de vagas e \u00e0 forma\u00e7\u00e3o de cadastro de reserva para o Programa de Bolsas da Gradua\u00e7\u00e3o da PROGRAD e atividade volunt\u00e1ria para atuar em a\u00e7\u00f5es desenvolvidas pelo GIZ\/PROGRAD\/UFMG.<\/p>\r\n\r\n\r\n\r\n<p>Confira o\u00a0 <a href=\"https:\/\/www.ufmg.br\/giz\/wp-content\/uploads\/2024\/03\/Edital-002-PIME-2024-ORGANIZACAO-E-TRATAMENTO-DA-INFORMACAO-1.pdf\" target=\"_blank\" rel=\"noreferrer noopener\" data-type=\"URL\">Edital GIZ\/<\/a><a href=\"https:\/\/www.ufmg.br\/giz\/wp-content\/uploads\/2024\/03\/Edital-002-PIME-2024-ORGANIZACAO-E-TRATAMENTO-DA-INFORMACAO-1.pdf\" data-type=\"URL\">PROGRAD <\/a><a href=\"https:\/\/www.ufmg.br\/giz\/wp-content\/uploads\/2024\/03\/Edital-002-PIME-2024-ORGANIZACAO-E-TRATAMENTO-DA-INFORMACAO-1.pdf\" target=\"_blank\" rel=\"noreferrer noopener\" data-type=\"URL\">N\u00ba 002\/2024<\/a>\u00a0 aqui<\/p>\r\n\r\n\r\n\r\n<p>Formul\u00e1rio de inscri\u00e7\u00e3o\u00a0<a href=\"https:\/\/docs.google.com\/forms\/d\/e\/1FAIpQLScQNtdM89NjrD4UjTwHW22hJS5KbWpilL3AxUUKqb45SY3mDw\/closedform\" data-type=\"URL\" data-id=\"https:\/\/docs.google.com\/forms\/d\/e\/1FAIpQLScQNtdM89NjrD4UjTwHW22hJS5KbWpilL3AxUUKqb45SY3mDw\/closedform\">aqui<\/a>:<\/p>\r\n<p><a href=\"https:\/\/www.ufmg.br\/giz\/wp-content\/uploads\/2024\/03\/Edital0022024PIMEResFinal.pdf\">Resultado Final<\/a><\/p>\r\n<p><a href=\"https:\/\/www.ufmg.br\/giz\/wp-content\/uploads\/2024\/03\/Edital0022024PIMEResPrimeiraFase.pdf\">Resultado<\/a> da primeira fase<\/p>\r\n\r\n\r\n\r\n<p>Em caso de d\u00favidas, envie um e-mail para giz-contato@prograd.ufmg.br<\/p>\r\n","protected":false},"excerpt":{"rendered":"<p>Edital GIZ\/PROGRAD N\u00ba 002\/2024 A Diretora da Diretoria de Inova\u00e7\u00e3o [&hellip;]<\/p>\n","protected":false},"author":3,"featured_media":0,"parent":0,"menu_order":0,"comment_status":"closed","ping_status":"closed","template":"","meta":[],"acf":[],"_links":{"self":[{"href":"https:\/\/www.ufmg.br\/giz\/wp-json\/wp\/v2\/pages\/900"}],"collection":[{"href":"https:\/\/www.ufmg.br\/giz\/wp-json\/wp\/v2\/pages"}],"about":[{"href":"https:\/\/www.ufmg.br\/giz\/wp-json\/wp\/v2\/types\/page"}],"author":[{"embeddable":true,"href":"https:\/\/www.ufmg.br\/giz\/wp-json\/wp\/v2\/users\/3"}],"replies":[{"embeddable":true,"href":"https:\/\/www.ufmg.br\/giz\/wp-json\/wp\/v2\/comments?post=900"}],"version-history":[{"count":8,"href":"https:\/\/www.ufmg.br\/giz\/wp-json\/wp\/v2\/pages\/900\/revisions"}],"predecessor-version":[{"id":1012,"href":"https:\/\/www.ufmg.br\/giz\/wp-json\/wp\/v2\/pages\/900\/revisions\/1012"}],"wp:attachment":[{"href":"https:\/\/www.ufmg.br\/giz\/wp-json\/wp\/v2\/media?parent=900"}],"curies":[{"name":"wp","href":"https:\/\/api.w.org\/{rel}","templated":true}]}}