{"id":17,"date":"2024-11-14T14:45:54","date_gmt":"2024-11-14T17:45:54","guid":{"rendered":"http:\/\/localhost\/samba\/?page_id=17"},"modified":"2025-08-05T14:06:23","modified_gmt":"2025-08-05T17:06:23","slug":"dossie","status":"publish","type":"page","link":"https:\/\/www.ufmg.br\/horizontesdosamba\/dossie\/","title":{"rendered":"Dossi\u00ea"},"content":{"rendered":"\t\t<div data-elementor-type=\"wp-page\" data-elementor-id=\"17\" class=\"elementor elementor-17\" data-elementor-post-type=\"page\">\n\t\t\t\t\t\t<section class=\"elementor-section elementor-top-section elementor-element elementor-element-2c186501 elementor-section-full_width elementor-section-stretched elementor-section-height-default elementor-section-height-default\" data-id=\"2c186501\" data-element_type=\"section\" data-settings=\"{&quot;background_background&quot;:&quot;classic&quot;,&quot;shape_divider_top&quot;:&quot;curve-asymmetrical&quot;,&quot;shape_divider_bottom&quot;:&quot;pyramids&quot;,&quot;stretch_section&quot;:&quot;section-stretched&quot;}\">\n\t\t\t\t\t\t\t<div class=\"elementor-background-overlay\"><\/div>\n\t\t\t\t\t\t<div class=\"elementor-shape elementor-shape-top\" aria-hidden=\"true\" data-negative=\"false\">\n\t\t\t<svg xmlns=\"http:\/\/www.w3.org\/2000\/svg\" viewBox=\"0 0 1000 100\" preserveAspectRatio=\"none\">\n\t<path class=\"elementor-shape-fill\" d=\"M0,0c0,0,0,6,0,6.7c0,18,240.2,93.6,615.2,92.6C989.8,98.5,1000,25,1000,6.7c0-0.7,0-6.7,0-6.7H0z\"\/>\n<\/svg>\t\t<\/div>\n\t\t\t\t<div class=\"elementor-shape elementor-shape-bottom\" aria-hidden=\"true\" data-negative=\"false\">\n\t\t\t<svg xmlns=\"http:\/\/www.w3.org\/2000\/svg\" viewBox=\"0 0 1000 100\" preserveAspectRatio=\"none\">\n\t<path class=\"elementor-shape-fill\" d=\"M761.9,44.1L643.1,27.2L333.8,98L0,3.8V0l1000,0v3.9\"\/>\n<\/svg>\t\t<\/div>\n\t\t\t\t\t<div class=\"elementor-container elementor-column-gap-no\">\n\t\t\t\t\t<div class=\"elementor-column elementor-col-100 elementor-top-column elementor-element elementor-element-5ddedde6\" data-id=\"5ddedde6\" data-element_type=\"column\">\n\t\t\t<div class=\"elementor-widget-wrap elementor-element-populated\">\n\t\t\t\t\t\t<div class=\"elementor-element elementor-element-2d774672 elementor-widget elementor-widget-image\" data-id=\"2d774672\" data-element_type=\"widget\" data-widget_type=\"image.default\">\n\t\t\t\t<div class=\"elementor-widget-container\">\n\t\t\t\t\t\t\t\t\t\t\t\t\t\t\t<img fetchpriority=\"high\" decoding=\"async\" width=\"1920\" height=\"631\" src=\"https:\/\/www.ufmg.br\/horizontesdosamba\/wp-content\/uploads\/2025\/01\/HdoS-02-dossie.jpg\" class=\"attachment-full size-full wp-image-607\" alt=\"\" srcset=\"https:\/\/www.ufmg.br\/horizontesdosamba\/wp-content\/uploads\/2025\/01\/HdoS-02-dossie.jpg 1920w, https:\/\/www.ufmg.br\/horizontesdosamba\/wp-content\/uploads\/2025\/01\/HdoS-02-dossie-300x99.jpg 300w, https:\/\/www.ufmg.br\/horizontesdosamba\/wp-content\/uploads\/2025\/01\/HdoS-02-dossie-1024x337.jpg 1024w, https:\/\/www.ufmg.br\/horizontesdosamba\/wp-content\/uploads\/2025\/01\/HdoS-02-dossie-768x252.jpg 768w, https:\/\/www.ufmg.br\/horizontesdosamba\/wp-content\/uploads\/2025\/01\/HdoS-02-dossie-1536x505.jpg 1536w\" sizes=\"(max-width: 1920px) 100vw, 1920px\" \/>\t\t\t\t\t\t\t\t\t\t\t\t\t\t\t<\/div>\n\t\t\t\t<\/div>\n\t\t\t\t\t<\/div>\n\t\t<\/div>\n\t\t\t\t\t<\/div>\n\t\t<\/section>\n\t\t<div class=\"elementor-element elementor-element-96866e4 e-flex e-con-boxed e-con e-parent\" data-id=\"96866e4\" data-element_type=\"container\" data-settings=\"{&quot;background_background&quot;:&quot;classic&quot;}\">\n\t\t\t\t\t<div class=\"e-con-inner\">\n\t\t<div class=\"elementor-element elementor-element-b855bba e-con-full e-flex e-con e-child\" data-id=\"b855bba\" data-element_type=\"container\">\n\t\t\t\t<div class=\"elementor-element elementor-element-ee947f1 elementor-widget elementor-widget-image\" data-id=\"ee947f1\" data-element_type=\"widget\" data-widget_type=\"image.default\">\n\t\t\t\t<div class=\"elementor-widget-container\">\n\t\t\t\t\t\t\t\t\t\t\t\t\t\t\t<img decoding=\"async\" src=\"https:\/\/www.ufmg.br\/horizontesdosamba\/wp-content\/uploads\/elementor\/thumbs\/01dossie-r9thp7qtq59lupjbiul2h8vb5g915tawhyupv8t5i8.png\" title=\"01dossie\" alt=\"01dossie\" loading=\"lazy\" \/>\t\t\t\t\t\t\t\t\t\t\t\t\t\t\t<\/div>\n\t\t\t\t<\/div>\n\t\t\t\t<div class=\"elementor-element elementor-element-95396ae elementor-widget elementor-widget-text-editor\" data-id=\"95396ae\" data-element_type=\"widget\" data-widget_type=\"text-editor.default\">\n\t\t\t\t<div class=\"elementor-widget-container\">\n\t\t\t\t\t\t\t\t\tA escrita do Dossi\u00ea foi fundamentada pelas informa\u00e7\u00f5es recolhidas nas fichas do Invent\u00e1rio. Seu texto \u00e9 um estudo cr\u00edtico, reflexivo e anal\u00edtico sobre os elementos que integram a din\u00e2mica dos movimentos do samba na cidade. O documento contextualiza e justifica o pedido do registro em meio ao debate contempor\u00e2neo acerca do patrim\u00f4nio cultural em Belo Horizonte e no Pa\u00eds; apresenta a metodologia embasada em conceitos te\u00f3ricos e di\u00e1logos transversais, reconstr\u00f3i trajet\u00f3rias hist\u00f3ricas por meio da pr\u00f3pria linguagem musical em conex\u00e3o com suas ancestralidades afro-atl\u00e2nticas; prop\u00f5e um plano de a\u00e7\u00f5es de salvaguarda relativas aos bens culturais analisados no processo.\t\t\t\t\t\t\t\t<\/div>\n\t\t\t\t<\/div>\n\t\t\t\t<div class=\"elementor-element elementor-element-37f9610 elementor-widget elementor-widget-image\" data-id=\"37f9610\" data-element_type=\"widget\" data-widget_type=\"image.default\">\n\t\t\t\t<div class=\"elementor-widget-container\">\n\t\t\t\t\t\t\t\t\t\t\t\t\t\t\t\t<a href=\"https:\/\/www.ufmg.br\/horizontesdosamba\/wp-content\/uploads\/2025\/08\/Horizontes-do-Samba-Dossie.pdf\" target=\"_blank\">\n\t\t\t\t\t\t\t<img decoding=\"async\" src=\"https:\/\/www.ufmg.br\/horizontesdosamba\/wp-content\/uploads\/elementor\/thumbs\/dossei-r9thpcg1yd5up4dywxctagbhidu7891xxog2ce4l7y.png\" title=\"dossei\" alt=\"dossei\" loading=\"lazy\" \/>\t\t\t\t\t\t\t\t<\/a>\n\t\t\t\t\t\t\t\t\t\t\t\t\t\t\t<\/div>\n\t\t\t\t<\/div>\n\t\t\t\t<\/div>\n\t\t<div class=\"elementor-element elementor-element-1520947 e-con-full e-flex e-con e-child\" data-id=\"1520947\" data-element_type=\"container\">\n\t\t\t\t<div class=\"elementor-element elementor-element-33a37b5 elementor-widget elementor-widget-image\" data-id=\"33a37b5\" data-element_type=\"widget\" data-widget_type=\"image.default\">\n\t\t\t\t<div class=\"elementor-widget-container\">\n\t\t\t\t\t\t\t\t\t\t\t\t\t\t\t<img decoding=\"async\" width=\"533\" height=\"503\" src=\"https:\/\/www.ufmg.br\/horizontesdosamba\/wp-content\/uploads\/2025\/08\/unnamed-1.png\" class=\"attachment-large size-large wp-image-1263\" alt=\"\" srcset=\"https:\/\/www.ufmg.br\/horizontesdosamba\/wp-content\/uploads\/2025\/08\/unnamed-1.png 533w, https:\/\/www.ufmg.br\/horizontesdosamba\/wp-content\/uploads\/2025\/08\/unnamed-1-300x283.png 300w\" sizes=\"(max-width: 533px) 100vw, 533px\" \/>\t\t\t\t\t\t\t\t\t\t\t\t\t\t\t<\/div>\n\t\t\t\t<\/div>\n\t\t\t\t<\/div>\n\t\t\t\t\t<\/div>\n\t\t\t\t<\/div>\n\t\t<div class=\"elementor-element elementor-element-d5bfb7d e-flex e-con-boxed e-con e-parent\" data-id=\"d5bfb7d\" data-element_type=\"container\" data-settings=\"{&quot;background_background&quot;:&quot;classic&quot;}\">\n\t\t\t\t\t<div class=\"e-con-inner\">\n\t\t<div class=\"elementor-element elementor-element-b88bf13 e-con-full e-flex e-con e-child\" data-id=\"b88bf13\" data-element_type=\"container\">\n\t\t\t\t<\/div>\n\t\t<div class=\"elementor-element elementor-element-7ee887f e-con-full e-flex e-con e-child\" data-id=\"7ee887f\" data-element_type=\"container\">\n\t\t\t\t<\/div>\n\t\t\t\t\t<\/div>\n\t\t\t\t<\/div>\n\t\t\t\t<\/div>\n\t\t","protected":false},"excerpt":{"rendered":"<p>A escrita do Dossi\u00ea foi fundamentada pelas informa\u00e7\u00f5es recolhidas nas fichas do Invent\u00e1rio. Seu texto \u00e9 um estudo cr\u00edtico, reflexivo e anal\u00edtico sobre os elementos que integram a din\u00e2mica dos movimentos do samba na cidade. O documento contextualiza e justifica o pedido do registro em meio ao debate contempor\u00e2neo acerca do patrim\u00f4nio cultural em Belo [&hellip;]<\/p>\n","protected":false},"author":1,"featured_media":0,"parent":0,"menu_order":0,"comment_status":"closed","ping_status":"closed","template":"","meta":{"footnotes":""},"class_list":["post-17","page","type-page","status-publish","hentry"],"_links":{"self":[{"href":"https:\/\/www.ufmg.br\/horizontesdosamba\/wp-json\/wp\/v2\/pages\/17","targetHints":{"allow":["GET"]}}],"collection":[{"href":"https:\/\/www.ufmg.br\/horizontesdosamba\/wp-json\/wp\/v2\/pages"}],"about":[{"href":"https:\/\/www.ufmg.br\/horizontesdosamba\/wp-json\/wp\/v2\/types\/page"}],"author":[{"embeddable":true,"href":"https:\/\/www.ufmg.br\/horizontesdosamba\/wp-json\/wp\/v2\/users\/1"}],"replies":[{"embeddable":true,"href":"https:\/\/www.ufmg.br\/horizontesdosamba\/wp-json\/wp\/v2\/comments?post=17"}],"version-history":[{"count":31,"href":"https:\/\/www.ufmg.br\/horizontesdosamba\/wp-json\/wp\/v2\/pages\/17\/revisions"}],"predecessor-version":[{"id":1277,"href":"https:\/\/www.ufmg.br\/horizontesdosamba\/wp-json\/wp\/v2\/pages\/17\/revisions\/1277"}],"wp:attachment":[{"href":"https:\/\/www.ufmg.br\/horizontesdosamba\/wp-json\/wp\/v2\/media?parent=17"}],"curies":[{"name":"wp","href":"https:\/\/api.w.org\/{rel}","templated":true}]}}