{"id":19,"date":"2024-11-14T14:46:18","date_gmt":"2024-11-14T17:46:18","guid":{"rendered":"http:\/\/localhost\/samba\/?page_id=19"},"modified":"2025-08-05T14:09:35","modified_gmt":"2025-08-05T17:09:35","slug":"inventario","status":"publish","type":"page","link":"https:\/\/www.ufmg.br\/horizontesdosamba\/inventario\/","title":{"rendered":"Invent\u00e1rio"},"content":{"rendered":"\t\t<div data-elementor-type=\"wp-page\" data-elementor-id=\"19\" class=\"elementor elementor-19\" data-elementor-post-type=\"page\">\n\t\t\t\t\t\t<section class=\"elementor-section elementor-top-section elementor-element elementor-element-9cb020f elementor-section-full_width elementor-section-stretched elementor-section-height-default elementor-section-height-default\" data-id=\"9cb020f\" data-element_type=\"section\" data-settings=\"{&quot;background_background&quot;:&quot;classic&quot;,&quot;shape_divider_top&quot;:&quot;curve-asymmetrical&quot;,&quot;shape_divider_bottom&quot;:&quot;pyramids&quot;,&quot;stretch_section&quot;:&quot;section-stretched&quot;}\">\n\t\t\t\t\t\t\t<div class=\"elementor-background-overlay\"><\/div>\n\t\t\t\t\t\t<div class=\"elementor-shape elementor-shape-top\" aria-hidden=\"true\" data-negative=\"false\">\n\t\t\t<svg xmlns=\"http:\/\/www.w3.org\/2000\/svg\" viewBox=\"0 0 1000 100\" preserveAspectRatio=\"none\">\n\t<path class=\"elementor-shape-fill\" d=\"M0,0c0,0,0,6,0,6.7c0,18,240.2,93.6,615.2,92.6C989.8,98.5,1000,25,1000,6.7c0-0.7,0-6.7,0-6.7H0z\"\/>\n<\/svg>\t\t<\/div>\n\t\t\t\t<div class=\"elementor-shape elementor-shape-bottom\" aria-hidden=\"true\" data-negative=\"false\">\n\t\t\t<svg xmlns=\"http:\/\/www.w3.org\/2000\/svg\" viewBox=\"0 0 1000 100\" preserveAspectRatio=\"none\">\n\t<path class=\"elementor-shape-fill\" d=\"M761.9,44.1L643.1,27.2L333.8,98L0,3.8V0l1000,0v3.9\"\/>\n<\/svg>\t\t<\/div>\n\t\t\t\t\t<div class=\"elementor-container elementor-column-gap-no\">\n\t\t\t\t\t<div class=\"elementor-column elementor-col-100 elementor-top-column elementor-element elementor-element-34b4be8b\" data-id=\"34b4be8b\" data-element_type=\"column\">\n\t\t\t<div class=\"elementor-widget-wrap elementor-element-populated\">\n\t\t\t\t\t\t<div class=\"elementor-element elementor-element-594b33e2 elementor-widget elementor-widget-image\" data-id=\"594b33e2\" data-element_type=\"widget\" data-widget_type=\"image.default\">\n\t\t\t\t<div class=\"elementor-widget-container\">\n\t\t\t\t\t\t\t\t\t\t\t\t\t\t\t<img fetchpriority=\"high\" decoding=\"async\" width=\"1827\" height=\"601\" src=\"https:\/\/www.ufmg.br\/horizontesdosamba\/wp-content\/uploads\/2025\/01\/inven.png\" class=\"attachment-full size-full wp-image-634\" alt=\"\" srcset=\"https:\/\/www.ufmg.br\/horizontesdosamba\/wp-content\/uploads\/2025\/01\/inven.png 1827w, https:\/\/www.ufmg.br\/horizontesdosamba\/wp-content\/uploads\/2025\/01\/inven-300x99.png 300w, https:\/\/www.ufmg.br\/horizontesdosamba\/wp-content\/uploads\/2025\/01\/inven-1024x337.png 1024w, https:\/\/www.ufmg.br\/horizontesdosamba\/wp-content\/uploads\/2025\/01\/inven-768x253.png 768w, https:\/\/www.ufmg.br\/horizontesdosamba\/wp-content\/uploads\/2025\/01\/inven-1536x505.png 1536w\" sizes=\"(max-width: 1827px) 100vw, 1827px\" \/>\t\t\t\t\t\t\t\t\t\t\t\t\t\t\t<\/div>\n\t\t\t\t<\/div>\n\t\t\t\t\t<\/div>\n\t\t<\/div>\n\t\t\t\t\t<\/div>\n\t\t<\/section>\n\t\t<div class=\"elementor-element elementor-element-8cfe54d e-flex e-con-boxed e-con e-parent\" data-id=\"8cfe54d\" data-element_type=\"container\" data-settings=\"{&quot;background_background&quot;:&quot;classic&quot;}\">\n\t\t\t\t\t<div class=\"e-con-inner\">\n\t\t<div class=\"elementor-element elementor-element-4937055 e-con-full e-flex e-con e-child\" data-id=\"4937055\" data-element_type=\"container\">\n\t\t\t\t<div class=\"elementor-element elementor-element-753e851 elementor-widget elementor-widget-image\" data-id=\"753e851\" data-element_type=\"widget\" data-widget_type=\"image.default\">\n\t\t\t\t<div class=\"elementor-widget-container\">\n\t\t\t\t\t\t\t\t\t\t\t\t\t\t\t<img decoding=\"async\" src=\"https:\/\/www.ufmg.br\/horizontesdosamba\/wp-content\/uploads\/elementor\/thumbs\/02inventario-r9thp8opiva8hs6f9woe6dszt1q7bnn0rv3vznzj1c.png\" title=\"02inventario\" alt=\"02inventario\" loading=\"lazy\" \/>\t\t\t\t\t\t\t\t\t\t\t\t\t\t\t<\/div>\n\t\t\t\t<\/div>\n\t\t\t\t<div class=\"elementor-element elementor-element-cafdeb3 elementor-widget elementor-widget-text-editor\" data-id=\"cafdeb3\" data-element_type=\"widget\" data-widget_type=\"text-editor.default\">\n\t\t\t\t<div class=\"elementor-widget-container\">\n\t\t\t\t\t\t\t\t\t<p><span style=\"font-weight: 400;\">O Invent\u00e1rio \u00e9 o documento constitu\u00eddo a partir da elabora\u00e7\u00e3o de fichas de pesquisa que organizam e sistematizam as informa\u00e7\u00f5es sobre os cinco diferentes movimentos do samba na cidade: Escolas de Samba; Blocos de Rua; Blocos Caricatos; Espa\u00e7os e lugares; Rodas de Samba. Cada ficha apresenta um relato detalhado sobre as origens dos movimentos, an\u00e1lises de suas estruturas instrumentais; transforma\u00e7\u00f5es pelas quais eles passaram ao longo dos anos, organiza\u00e7\u00e3o atual, rela\u00e7\u00f5es com as comunidades nas quais est\u00e3o inseridos, conex\u00f5es com outros manifesta\u00e7\u00f5es da cultura negra, amea\u00e7as \u00e0 continuidade e propostas de salvaguarda, al\u00e9m de registros fotogr\u00e1ficos e relatos orais de mestras e mestres detentores do saber dessa cultura ancestral de Belo Horizonte.<\/span><\/p>\t\t\t\t\t\t\t\t<\/div>\n\t\t\t\t<\/div>\n\t\t\t\t<div class=\"elementor-element elementor-element-e8a7c80 elementor-widget elementor-widget-image\" data-id=\"e8a7c80\" data-element_type=\"widget\" data-widget_type=\"image.default\">\n\t\t\t\t<div class=\"elementor-widget-container\">\n\t\t\t\t\t\t\t\t\t\t\t\t\t\t\t\t<a href=\"https:\/\/www.ufmg.br\/horizontesdosamba\/wp-content\/uploads\/2025\/08\/Horizontes-do-Samba-Inventario.pdf\" target=\"_blank\">\n\t\t\t\t\t\t\t<img decoding=\"async\" src=\"https:\/\/www.ufmg.br\/horizontesdosamba\/wp-content\/uploads\/elementor\/thumbs\/buton-r0fvaodqikbwhc7fixrt2f3shwrdvdzqfqezxrxtec.png\" title=\"buton\" alt=\"buton\" loading=\"lazy\" \/>\t\t\t\t\t\t\t\t<\/a>\n\t\t\t\t\t\t\t\t\t\t\t\t\t\t\t<\/div>\n\t\t\t\t<\/div>\n\t\t\t\t<div class=\"elementor-element elementor-element-4476bba elementor-widget elementor-widget-spacer\" data-id=\"4476bba\" data-element_type=\"widget\" data-widget_type=\"spacer.default\">\n\t\t\t\t<div class=\"elementor-widget-container\">\n\t\t\t\t\t\t\t<div class=\"elementor-spacer\">\n\t\t\t<div class=\"elementor-spacer-inner\"><\/div>\n\t\t<\/div>\n\t\t\t\t\t\t<\/div>\n\t\t\t\t<\/div>\n\t\t\t\t<\/div>\n\t\t<div class=\"elementor-element elementor-element-e1daaa4 e-con-full e-flex e-con e-child\" data-id=\"e1daaa4\" data-element_type=\"container\">\n\t\t\t\t<div class=\"elementor-element elementor-element-e7a2303 elementor-widget elementor-widget-image\" data-id=\"e7a2303\" data-element_type=\"widget\" data-widget_type=\"image.default\">\n\t\t\t\t<div class=\"elementor-widget-container\">\n\t\t\t\t\t\t\t\t\t\t\t\t\t\t\t<img decoding=\"async\" width=\"480\" height=\"473\" src=\"https:\/\/www.ufmg.br\/horizontesdosamba\/wp-content\/uploads\/2025\/04\/inventar-1.png\" class=\"attachment-large size-large wp-image-1089\" alt=\"\" srcset=\"https:\/\/www.ufmg.br\/horizontesdosamba\/wp-content\/uploads\/2025\/04\/inventar-1.png 480w, https:\/\/www.ufmg.br\/horizontesdosamba\/wp-content\/uploads\/2025\/04\/inventar-1-300x296.png 300w\" sizes=\"(max-width: 480px) 100vw, 480px\" \/>\t\t\t\t\t\t\t\t\t\t\t\t\t\t\t<\/div>\n\t\t\t\t<\/div>\n\t\t\t\t<\/div>\n\t\t\t\t\t<\/div>\n\t\t\t\t<\/div>\n\t\t\t\t<\/div>\n\t\t","protected":false},"excerpt":{"rendered":"<p>O Invent\u00e1rio \u00e9 o documento constitu\u00eddo a partir da elabora\u00e7\u00e3o de fichas de pesquisa que organizam e sistematizam as informa\u00e7\u00f5es sobre os cinco diferentes movimentos do samba na cidade: Escolas de Samba; Blocos de Rua; Blocos Caricatos; Espa\u00e7os e lugares; Rodas de Samba. Cada ficha apresenta um relato detalhado sobre as origens dos movimentos, an\u00e1lises [&hellip;]<\/p>\n","protected":false},"author":1,"featured_media":0,"parent":0,"menu_order":0,"comment_status":"closed","ping_status":"closed","template":"","meta":{"footnotes":""},"class_list":["post-19","page","type-page","status-publish","hentry"],"_links":{"self":[{"href":"https:\/\/www.ufmg.br\/horizontesdosamba\/wp-json\/wp\/v2\/pages\/19","targetHints":{"allow":["GET"]}}],"collection":[{"href":"https:\/\/www.ufmg.br\/horizontesdosamba\/wp-json\/wp\/v2\/pages"}],"about":[{"href":"https:\/\/www.ufmg.br\/horizontesdosamba\/wp-json\/wp\/v2\/types\/page"}],"author":[{"embeddable":true,"href":"https:\/\/www.ufmg.br\/horizontesdosamba\/wp-json\/wp\/v2\/users\/1"}],"replies":[{"embeddable":true,"href":"https:\/\/www.ufmg.br\/horizontesdosamba\/wp-json\/wp\/v2\/comments?post=19"}],"version-history":[{"count":28,"href":"https:\/\/www.ufmg.br\/horizontesdosamba\/wp-json\/wp\/v2\/pages\/19\/revisions"}],"predecessor-version":[{"id":1281,"href":"https:\/\/www.ufmg.br\/horizontesdosamba\/wp-json\/wp\/v2\/pages\/19\/revisions\/1281"}],"wp:attachment":[{"href":"https:\/\/www.ufmg.br\/horizontesdosamba\/wp-json\/wp\/v2\/media?parent=19"}],"curies":[{"name":"wp","href":"https:\/\/api.w.org\/{rel}","templated":true}]}}