{"id":23,"date":"2024-11-14T14:45:48","date_gmt":"2024-11-14T17:45:48","guid":{"rendered":"http:\/\/localhost\/samba\/?page_id=23"},"modified":"2025-04-07T16:22:09","modified_gmt":"2025-04-07T19:22:09","slug":"documentarios","status":"publish","type":"page","link":"https:\/\/www.ufmg.br\/horizontesdosamba\/documentarios\/","title":{"rendered":"Document\u00e1rios"},"content":{"rendered":"\t\t<div data-elementor-type=\"wp-page\" data-elementor-id=\"23\" class=\"elementor elementor-23\" data-elementor-post-type=\"page\">\n\t\t\t\t\t\t<section class=\"elementor-section elementor-top-section elementor-element elementor-element-5baa3860 elementor-section-full_width elementor-section-stretched elementor-section-height-default elementor-section-height-default\" data-id=\"5baa3860\" data-element_type=\"section\" data-settings=\"{&quot;background_background&quot;:&quot;classic&quot;,&quot;shape_divider_top&quot;:&quot;curve-asymmetrical&quot;,&quot;shape_divider_bottom&quot;:&quot;pyramids&quot;,&quot;stretch_section&quot;:&quot;section-stretched&quot;}\">\n\t\t\t\t\t\t\t<div class=\"elementor-background-overlay\"><\/div>\n\t\t\t\t\t\t<div class=\"elementor-shape elementor-shape-top\" aria-hidden=\"true\" data-negative=\"false\">\n\t\t\t<svg xmlns=\"http:\/\/www.w3.org\/2000\/svg\" viewBox=\"0 0 1000 100\" preserveAspectRatio=\"none\">\n\t<path class=\"elementor-shape-fill\" d=\"M0,0c0,0,0,6,0,6.7c0,18,240.2,93.6,615.2,92.6C989.8,98.5,1000,25,1000,6.7c0-0.7,0-6.7,0-6.7H0z\"\/>\n<\/svg>\t\t<\/div>\n\t\t\t\t<div class=\"elementor-shape elementor-shape-bottom\" aria-hidden=\"true\" data-negative=\"false\">\n\t\t\t<svg xmlns=\"http:\/\/www.w3.org\/2000\/svg\" viewBox=\"0 0 1000 100\" preserveAspectRatio=\"none\">\n\t<path class=\"elementor-shape-fill\" d=\"M761.9,44.1L643.1,27.2L333.8,98L0,3.8V0l1000,0v3.9\"\/>\n<\/svg>\t\t<\/div>\n\t\t\t\t\t<div class=\"elementor-container elementor-column-gap-no\">\n\t\t\t\t\t<div class=\"elementor-column elementor-col-100 elementor-top-column elementor-element elementor-element-6224db63\" data-id=\"6224db63\" data-element_type=\"column\">\n\t\t\t<div class=\"elementor-widget-wrap elementor-element-populated\">\n\t\t\t\t\t\t<div class=\"elementor-element elementor-element-7c020462 elementor-widget elementor-widget-image\" data-id=\"7c020462\" data-element_type=\"widget\" data-widget_type=\"image.default\">\n\t\t\t\t<div class=\"elementor-widget-container\">\n\t\t\t\t\t\t\t\t\t\t\t\t\t\t\t<img fetchpriority=\"high\" decoding=\"async\" width=\"1920\" height=\"631\" src=\"https:\/\/www.ufmg.br\/horizontesdosamba\/wp-content\/uploads\/2025\/01\/HdoS-04-documentarios-1.jpg\" class=\"attachment-full size-full wp-image-598\" alt=\"\" srcset=\"https:\/\/www.ufmg.br\/horizontesdosamba\/wp-content\/uploads\/2025\/01\/HdoS-04-documentarios-1.jpg 1920w, https:\/\/www.ufmg.br\/horizontesdosamba\/wp-content\/uploads\/2025\/01\/HdoS-04-documentarios-1-300x99.jpg 300w, https:\/\/www.ufmg.br\/horizontesdosamba\/wp-content\/uploads\/2025\/01\/HdoS-04-documentarios-1-1024x337.jpg 1024w, https:\/\/www.ufmg.br\/horizontesdosamba\/wp-content\/uploads\/2025\/01\/HdoS-04-documentarios-1-768x252.jpg 768w, https:\/\/www.ufmg.br\/horizontesdosamba\/wp-content\/uploads\/2025\/01\/HdoS-04-documentarios-1-1536x505.jpg 1536w\" sizes=\"(max-width: 1920px) 100vw, 1920px\" \/>\t\t\t\t\t\t\t\t\t\t\t\t\t\t\t<\/div>\n\t\t\t\t<\/div>\n\t\t\t\t\t<\/div>\n\t\t<\/div>\n\t\t\t\t\t<\/div>\n\t\t<\/section>\n\t\t<div class=\"elementor-element elementor-element-efcfac8 e-flex e-con-boxed e-con e-parent\" data-id=\"efcfac8\" data-element_type=\"container\" data-settings=\"{&quot;background_background&quot;:&quot;classic&quot;}\">\n\t\t\t\t\t<div class=\"e-con-inner\">\n\t\t<div class=\"elementor-element elementor-element-222cd09 e-con-full e-flex e-con e-child\" data-id=\"222cd09\" data-element_type=\"container\">\n\t\t\t\t<div class=\"elementor-element elementor-element-89e2f7f elementor-widget elementor-widget-image\" data-id=\"89e2f7f\" data-element_type=\"widget\" data-widget_type=\"image.default\">\n\t\t\t\t<div class=\"elementor-widget-container\">\n\t\t\t\t\t\t\t\t\t\t\t\t\t\t\t<img decoding=\"async\" src=\"https:\/\/www.ufmg.br\/horizontesdosamba\/wp-content\/uploads\/elementor\/thumbs\/03documentarios-r9thi8s02kvcpjee1059pg3fkgyiv1enx90cedzgww.png\" title=\"03documentarios\" alt=\"03documentarios\" loading=\"lazy\" \/>\t\t\t\t\t\t\t\t\t\t\t\t\t\t\t<\/div>\n\t\t\t\t<\/div>\n\t\t\t\t<div class=\"elementor-element elementor-element-5741edc elementor-widget elementor-widget-text-editor\" data-id=\"5741edc\" data-element_type=\"widget\" data-widget_type=\"text-editor.default\">\n\t\t\t\t<div class=\"elementor-widget-container\">\n\t\t\t\t\t\t\t\t\tO Minidocument\u00e1rio e o Teaser foram produzidos com o objetivo de oferecer uma perspectiva geral sobre o processo de trabalho realizado pela equipe de pesquisa respons\u00e1vel pelo registro do samba como patrim\u00f4nio cultural de Belo Horizonte, al\u00e9m de sua import\u00e2ncia social e relev\u00e2ncia art\u00edstica para a hist\u00f3ria da cidade. Esse material audiovisual foi realizado por meio do registro das entrevistas; trabalhos de campo; a\u00e7\u00f5es educativas; oficinas imersivas; reuni\u00f5es p\u00fablicas; consulta em arquivos p\u00fablicos e privados; levantamento de fontes documentais diversas reunidas no decurso de dois anos. Em seu desenvolvimento s\u00e3o apresentados os elementos b\u00e1sicos e os princ\u00edpios essenciais caracter\u00edsticos dos movimentos do samba na capital mineira. \n\t\t\t\t\t\t\t\t<\/div>\n\t\t\t\t<\/div>\n\t\t\t\t<\/div>\n\t\t<div class=\"elementor-element elementor-element-57e7e73 e-con-full e-flex e-con e-child\" data-id=\"57e7e73\" data-element_type=\"container\">\n\t\t\t\t<\/div>\n\t\t\t\t\t<\/div>\n\t\t\t\t<\/div>\n\t\t<div class=\"elementor-element elementor-element-3eebdac e-flex e-con-boxed e-con e-parent\" data-id=\"3eebdac\" data-element_type=\"container\" data-settings=\"{&quot;background_background&quot;:&quot;classic&quot;}\">\n\t\t\t\t\t<div class=\"e-con-inner\">\n\t\t<div class=\"elementor-element elementor-element-4284b89 e-con-full e-flex e-con e-child\" data-id=\"4284b89\" data-element_type=\"container\">\n\t\t\t\t<div class=\"elementor-element elementor-element-09c36e3 elementor-widget elementor-widget-heading\" data-id=\"09c36e3\" data-element_type=\"widget\" data-widget_type=\"heading.default\">\n\t\t\t\t<div class=\"elementor-widget-container\">\n\t\t\t\t\t<h2 class=\"elementor-heading-title elementor-size-default\">Teaser<\/h2>\t\t\t\t<\/div>\n\t\t\t\t<\/div>\n\t\t\t\t<div class=\"elementor-element elementor-element-a69de7d elementor-widget elementor-widget-video\" data-id=\"a69de7d\" data-element_type=\"widget\" data-settings=\"{&quot;youtube_url&quot;:&quot;https:\\\/\\\/www.youtube.com\\\/watch?v=yjlZVIQvWY8&quot;,&quot;video_type&quot;:&quot;youtube&quot;,&quot;controls&quot;:&quot;yes&quot;}\" data-widget_type=\"video.default\">\n\t\t\t\t<div class=\"elementor-widget-container\">\n\t\t\t\t\t\t\t<div class=\"elementor-wrapper elementor-open-inline\">\n\t\t\t<div class=\"elementor-video\"><\/div>\t\t<\/div>\n\t\t\t\t\t\t<\/div>\n\t\t\t\t<\/div>\n\t\t\t\t<\/div>\n\t\t<div class=\"elementor-element elementor-element-d699d15 e-con-full e-flex e-con e-child\" data-id=\"d699d15\" data-element_type=\"container\">\n\t\t\t\t<\/div>\n\t\t\t\t\t<\/div>\n\t\t\t\t<\/div>\n\t\t<div class=\"elementor-element elementor-element-d13721c e-flex e-con-boxed e-con e-parent\" data-id=\"d13721c\" data-element_type=\"container\" data-settings=\"{&quot;background_background&quot;:&quot;classic&quot;}\">\n\t\t\t\t\t<div class=\"e-con-inner\">\n\t\t<div class=\"elementor-element elementor-element-ba1575b e-con-full e-flex e-con e-child\" data-id=\"ba1575b\" data-element_type=\"container\">\n\t\t\t\t<div class=\"elementor-element elementor-element-5cd3522 elementor-widget elementor-widget-heading\" data-id=\"5cd3522\" data-element_type=\"widget\" data-widget_type=\"heading.default\">\n\t\t\t\t<div class=\"elementor-widget-container\">\n\t\t\t\t\t<h2 class=\"elementor-heading-title elementor-size-default\">Document\u00e1rio<\/h2>\t\t\t\t<\/div>\n\t\t\t\t<\/div>\n\t\t\t\t<div class=\"elementor-element elementor-element-f0a3573 elementor-widget elementor-widget-video\" data-id=\"f0a3573\" data-element_type=\"widget\" data-settings=\"{&quot;youtube_url&quot;:&quot;https:\\\/\\\/www.youtube.com\\\/watch?v=i2DgFULOzgk&amp;t=1s&quot;,&quot;video_type&quot;:&quot;youtube&quot;,&quot;controls&quot;:&quot;yes&quot;}\" data-widget_type=\"video.default\">\n\t\t\t\t<div class=\"elementor-widget-container\">\n\t\t\t\t\t\t\t<div class=\"elementor-wrapper elementor-open-inline\">\n\t\t\t<div class=\"elementor-video\"><\/div>\t\t<\/div>\n\t\t\t\t\t\t<\/div>\n\t\t\t\t<\/div>\n\t\t\t\t<\/div>\n\t\t<div class=\"elementor-element elementor-element-1043577 e-con-full e-flex e-con e-child\" data-id=\"1043577\" data-element_type=\"container\">\n\t\t\t\t<\/div>\n\t\t\t\t\t<\/div>\n\t\t\t\t<\/div>\n\t\t<div class=\"elementor-element elementor-element-65e19e5 e-flex e-con-boxed e-con e-parent\" data-id=\"65e19e5\" data-element_type=\"container\" data-settings=\"{&quot;background_background&quot;:&quot;classic&quot;}\">\n\t\t\t\t\t<div class=\"e-con-inner\">\n\t\t\t\t<div class=\"elementor-element elementor-element-7307230 elementor-widget elementor-widget-spacer\" data-id=\"7307230\" data-element_type=\"widget\" data-widget_type=\"spacer.default\">\n\t\t\t\t<div class=\"elementor-widget-container\">\n\t\t\t\t\t\t\t<div class=\"elementor-spacer\">\n\t\t\t<div class=\"elementor-spacer-inner\"><\/div>\n\t\t<\/div>\n\t\t\t\t\t\t<\/div>\n\t\t\t\t<\/div>\n\t\t\t\t\t<\/div>\n\t\t\t\t<\/div>\n\t\t\t\t<\/div>\n\t\t","protected":false},"excerpt":{"rendered":"<p>O Minidocument\u00e1rio e o Teaser foram produzidos com o objetivo de oferecer uma perspectiva geral sobre o processo de trabalho realizado pela equipe de pesquisa respons\u00e1vel pelo registro do samba como patrim\u00f4nio cultural de Belo Horizonte, al\u00e9m de sua import\u00e2ncia social e relev\u00e2ncia art\u00edstica para a hist\u00f3ria da cidade. Esse material audiovisual foi realizado por [&hellip;]<\/p>\n","protected":false},"author":1,"featured_media":0,"parent":0,"menu_order":0,"comment_status":"closed","ping_status":"closed","template":"","meta":{"footnotes":""},"class_list":["post-23","page","type-page","status-publish","hentry"],"_links":{"self":[{"href":"https:\/\/www.ufmg.br\/horizontesdosamba\/wp-json\/wp\/v2\/pages\/23","targetHints":{"allow":["GET"]}}],"collection":[{"href":"https:\/\/www.ufmg.br\/horizontesdosamba\/wp-json\/wp\/v2\/pages"}],"about":[{"href":"https:\/\/www.ufmg.br\/horizontesdosamba\/wp-json\/wp\/v2\/types\/page"}],"author":[{"embeddable":true,"href":"https:\/\/www.ufmg.br\/horizontesdosamba\/wp-json\/wp\/v2\/users\/1"}],"replies":[{"embeddable":true,"href":"https:\/\/www.ufmg.br\/horizontesdosamba\/wp-json\/wp\/v2\/comments?post=23"}],"version-history":[{"count":25,"href":"https:\/\/www.ufmg.br\/horizontesdosamba\/wp-json\/wp\/v2\/pages\/23\/revisions"}],"predecessor-version":[{"id":1072,"href":"https:\/\/www.ufmg.br\/horizontesdosamba\/wp-json\/wp\/v2\/pages\/23\/revisions\/1072"}],"wp:attachment":[{"href":"https:\/\/www.ufmg.br\/horizontesdosamba\/wp-json\/wp\/v2\/media?parent=23"}],"curies":[{"name":"wp","href":"https:\/\/api.w.org\/{rel}","templated":true}]}}